{"id":9799,"date":"2022-02-12T10:49:50","date_gmt":"2022-02-12T10:49:50","guid":{"rendered":"https:\/\/minimalist.ee\/?post_type=product&#038;p=9799"},"modified":"2024-11-29T11:00:46","modified_gmt":"2024-11-29T11:00:46","slug":"topi-natural-repel","status":"publish","type":"product","link":"https:\/\/minimalist.ee\/en\/product\/topi-natural-repel\/","title":{"rendered":"Topi Natural Repel"},"content":{"rendered":"<p><strong>TOPI NATURAL REPEL<\/strong> &#8211;\u00a0looduslik vett ja mustust h\u00fclgav pihus riietele ja jalan\u00f5udele.<\/p>\n<p>\u00b7\u00a0T\u00f5rjub t\u00f5husalt vett ja mustust, materjal j\u00e4\u00e4b hingav<\/p>\n<p>\u00b7\u00a0Riided, jalan\u00f5ud, TEX\u00ae materjalid<\/p>\n<p>\u00b7\u00a0Looduslik, biolagunev, PFC-vaba (fluorcarbon)<\/p>\n<p>\u00b7\u00a0Taaskasutatud alumiiniumist pudel<\/p>\n<p>\u00b7\u00a0Eesti k\u00e4sit\u00f6\u00f6<\/p>\n<p>V\u00e4li- ja vabaajariided ning jalan\u00f5ud. Sobib kasutamiseks nii v\u00e4li- kui sisetingimustes. Annab kaetavale materjalile vett ja mustust t\u00f5rjuvad omadused. Taastab membraaniga kangaste vett h\u00fclgavuse. Materjal s\u00e4ilitab hingavuse.<\/p>\n<p><strong>PROPERTIES<\/strong><\/p>\n<p>Natural Repel loob vastupidava, hingava t\u00f5kke mis t\u00f5rjub t\u00f5husalt vett ja mustust. Muudab puhastamise lihtsamaks. Mustuse saab pinnalt eemaldada niiske lapiga. Sobilik TEX\u00ae materjalidele. Veep\u00f5hine, ohutu kasutamiseks k\u00f5ikidel materjalidel. UV-stabiilne ja mittes\u00fcttiv. L\u00f5hnatu, materjali kasutusomadused ja v\u00e4ljan\u00e4gemine ei muutu.<\/p>\n<p><strong>USE<\/strong><\/p>\n<p>Vett ja mustust h\u00fclgav sprei sobib ideaalselt enamikule materjalidest: tekstiil, nailon, kunstmaterjalid, nahk,\u00a0seemisnahk,\u00a0nubuk. Puhastage pind tolmust ja mustusest. Loksutage toodet ja pihustage 20 cm kauguselt \u00fchtlaselt kogu pinnale kuni pind on m\u00e4rg. Enne l\u00f5pplikku kuivamist p\u00fchkige pehme lapiga vajadusel \u00fcleliigne. Laske t\u00e4ielikult kuivada. T\u00e4iesti ohutu keskkonnale, inimestele ja loomadele.<\/p>\n<p><strong>N\u00f5uanne: <\/strong>Pikemaajaliseks kaitseks kandke 2 kihti.<\/p>\n<p><strong>COMPOSITION<\/strong><\/p>\n<p>Eksklusiivne retsept, mida ei ole klassifitseeritud kahjulikuks, tuleohtlikuks ega ohtlikuks. Vesiemulsioon, sisaldab ainult looduslikke komponente.<\/p>\n<p><strong>SAFETY<\/strong><\/p>\n<p>Hoida laste k\u00e4tte sattumast! Silma sattudes loputage ohtra veega. Vajadusel p\u00f6\u00f6rduge arsti poole.<\/p>\n<p><strong>STORAGE<\/strong><\/p>\n<p>Store in the original packaging at a temperature above +5 \u00b0C. Shelf life two years from the date of manufacture.<\/p>\n<p><strong>PACKAGING<\/strong><\/p>\n<p>160ml. mikro-pihustiga\u00a0alumiiniumpudel, kasutusvalmis.<\/p>\n<p><strong>THE ENVIRONMENT<\/strong><\/p>\n<p>100% biodegradable product. Free of PFCs and toxins. The packaging is made of recycled aluminum. Cleaned packaging is recyclable.<\/p>","protected":false},"excerpt":{"rendered":"<p>TOPI NATURAL REPEL &#8211;\u00a0looduslik vett ja mustust h\u00fclgav pihus riietele ja jalan\u00f5udele. \u00b7\u00a0T\u00f5rjub t\u00f5husalt vett ja mustust, materjal j\u00e4\u00e4b hingav \u00b7\u00a0Riided, jalan\u00f5ud, TEX\u00ae materjalid \u00b7\u00a0Looduslik, biolagunev, PFC-vaba (fluorcarbon) \u00b7\u00a0Taaskasutatud alumiiniumist pudel \u00b7\u00a0Eesti k\u00e4sit\u00f6\u00f6 V\u00e4li- ja vabaajariided ning jalan\u00f5ud. Sobib kasutamiseks nii v\u00e4li- kui sisetingimustes. Annab kaetavale materjalile vett ja mustust t\u00f5rjuvad omadused. Taastab membraaniga kangaste&hellip;&nbsp;<a href=\"https:\/\/minimalist.ee\/en\/product\/topi-natural-repel\/\" class=\"\" rel=\"bookmark\">Read More &raquo;<span class=\"screen-reader-text\">Topi Natural Repel<\/span><\/a><\/p>","protected":false},"featured_media":9800,"comment_status":"open","ping_status":"closed","template":"","meta":{"_monsterinsights_skip_tracking":false,"_monsterinsights_sitenote_active":false,"_monsterinsights_sitenote_note":"","_monsterinsights_sitenote_category":0,"neve_meta_sidebar":"","neve_meta_container":"","neve_meta_enable_content_width":"off","neve_meta_content_width":70,"neve_meta_title_alignment":"","neve_meta_author_avatar":"","neve_post_elements_order":"","neve_meta_disable_header":"","neve_meta_disable_footer":"","neve_meta_disable_title":""},"product_cat":[254],"product_tag":[],"yoast_head":"<!-- This site is optimized with the Yoast SEO plugin v22.4 - https:\/\/yoast.com\/wordpress\/plugins\/seo\/ -->\n<title>Topi Natural Repel - Minimalist.ee<\/title>\n<meta name=\"description\" content=\"Paljajalujaltsid, barefoot jalatsid, jalatsid lastele, jalatsid t\u00e4iskasvanutele, kogu pere barefoot jalatsite pood\" \/>\n<meta name=\"robots\" content=\"index, follow, max-snippet:-1, max-image-preview:large, max-video-preview:-1\" \/>\n<link rel=\"canonical\" href=\"https:\/\/minimalist.ee\/en\/product\/topi-natural-repel\/\" \/>\n<meta property=\"og:locale\" content=\"en_US\" \/>\n<meta property=\"og:type\" content=\"article\" \/>\n<meta property=\"og:title\" content=\"Topi Natural Repel - Minimalist.ee\" \/>\n<meta property=\"og:description\" content=\"Paljajalujaltsid, barefoot jalatsid, jalatsid lastele, jalatsid t\u00e4iskasvanutele, kogu pere barefoot jalatsite pood\" \/>\n<meta property=\"og:url\" content=\"https:\/\/minimalist.ee\/en\/product\/topi-natural-repel\/\" \/>\n<meta property=\"og:site_name\" content=\"Minimalist.ee\" \/>\n<meta property=\"article:publisher\" content=\"https:\/\/www.facebook.com\/www.minimalist.ee\" \/>\n<meta property=\"article:modified_time\" content=\"2024-11-29T11:00:46+00:00\" \/>\n<meta property=\"og:image\" content=\"https:\/\/minimalist.ee\/wp-content\/uploads\/2022\/02\/topi-natural-repel-698x698_1024x1024@2x.jpg\" \/>\n\t<meta property=\"og:image:width\" content=\"698\" \/>\n\t<meta property=\"og:image:height\" content=\"698\" \/>\n\t<meta property=\"og:image:type\" content=\"image\/jpeg\" \/>\n<meta name=\"twitter:card\" content=\"summary_large_image\" \/>\n<meta name=\"twitter:label1\" content=\"Est. reading time\" \/>\n\t<meta name=\"twitter:data1\" content=\"2 minutes\" \/>\n<script type=\"application\/ld+json\" class=\"yoast-schema-graph\">{\"@context\":\"https:\/\/schema.org\",\"@graph\":[{\"@type\":\"WebPage\",\"@id\":\"https:\/\/minimalist.ee\/toode\/topi-natural-repel\/\",\"url\":\"https:\/\/minimalist.ee\/toode\/topi-natural-repel\/\",\"name\":\"Topi Natural Repel - Minimalist.ee\",\"isPartOf\":{\"@id\":\"https:\/\/minimalist.ee\/#website\"},\"primaryImageOfPage\":{\"@id\":\"https:\/\/minimalist.ee\/toode\/topi-natural-repel\/#primaryimage\"},\"image\":{\"@id\":\"https:\/\/minimalist.ee\/toode\/topi-natural-repel\/#primaryimage\"},\"thumbnailUrl\":\"https:\/\/minimalist.ee\/wp-content\/uploads\/2022\/02\/topi-natural-repel-698x698_1024x1024@2x.jpg\",\"datePublished\":\"2022-02-12T10:49:50+00:00\",\"dateModified\":\"2024-11-29T11:00:46+00:00\",\"description\":\"Paljajalujaltsid, barefoot jalatsid, jalatsid lastele, jalatsid t\u00e4iskasvanutele, kogu pere barefoot jalatsite pood\",\"breadcrumb\":{\"@id\":\"https:\/\/minimalist.ee\/toode\/topi-natural-repel\/#breadcrumb\"},\"inLanguage\":\"en-US\",\"potentialAction\":[{\"@type\":\"ReadAction\",\"target\":[\"https:\/\/minimalist.ee\/toode\/topi-natural-repel\/\"]}]},{\"@type\":\"ImageObject\",\"inLanguage\":\"en-US\",\"@id\":\"https:\/\/minimalist.ee\/toode\/topi-natural-repel\/#primaryimage\",\"url\":\"https:\/\/minimalist.ee\/wp-content\/uploads\/2022\/02\/topi-natural-repel-698x698_1024x1024@2x.jpg\",\"contentUrl\":\"https:\/\/minimalist.ee\/wp-content\/uploads\/2022\/02\/topi-natural-repel-698x698_1024x1024@2x.jpg\",\"width\":698,\"height\":698},{\"@type\":\"BreadcrumbList\",\"@id\":\"https:\/\/minimalist.ee\/toode\/topi-natural-repel\/#breadcrumb\",\"itemListElement\":[{\"@type\":\"ListItem\",\"position\":1,\"name\":\"Home\",\"item\":\"https:\/\/minimalist.ee\/\"},{\"@type\":\"ListItem\",\"position\":2,\"name\":\"Pood\",\"item\":\"https:\/\/minimalist.ee\/pood\/\"},{\"@type\":\"ListItem\",\"position\":3,\"name\":\"Topi Natural Repel\"}]},{\"@type\":\"WebSite\",\"@id\":\"https:\/\/minimalist.ee\/#website\",\"url\":\"https:\/\/minimalist.ee\/\",\"name\":\"Minimalist.ee\",\"description\":\"Barefoot jalatsid\",\"publisher\":{\"@id\":\"https:\/\/minimalist.ee\/#organization\"},\"potentialAction\":[{\"@type\":\"SearchAction\",\"target\":{\"@type\":\"EntryPoint\",\"urlTemplate\":\"https:\/\/minimalist.ee\/?s={search_term_string}\"},\"query-input\":\"required name=search_term_string\"}],\"inLanguage\":\"en-US\"},{\"@type\":\"Organization\",\"@id\":\"https:\/\/minimalist.ee\/#organization\",\"name\":\"Minimalist Shoes O\u00dc\",\"url\":\"https:\/\/minimalist.ee\/\",\"logo\":{\"@type\":\"ImageObject\",\"inLanguage\":\"en-US\",\"@id\":\"https:\/\/minimalist.ee\/#\/schema\/logo\/image\/\",\"url\":\"https:\/\/minimalist.ee\/wp-content\/uploads\/2020\/10\/Original.png\",\"contentUrl\":\"https:\/\/minimalist.ee\/wp-content\/uploads\/2020\/10\/Original.png\",\"width\":2048,\"height\":2000,\"caption\":\"Minimalist Shoes O\u00dc\"},\"image\":{\"@id\":\"https:\/\/minimalist.ee\/#\/schema\/logo\/image\/\"},\"sameAs\":[\"https:\/\/www.facebook.com\/www.minimalist.ee\",\"https:\/\/www.instagram.com\/minimalistshoesest\/\"]}]}<\/script>\n<!-- \/ Yoast SEO plugin. -->","yoast_head_json":{"title":"Topi Natural Repel - Minimalist.ee","description":"Paljajalujaltsid, barefoot jalatsid, jalatsid lastele, jalatsid t\u00e4iskasvanutele, kogu pere barefoot jalatsite pood","robots":{"index":"index","follow":"follow","max-snippet":"max-snippet:-1","max-image-preview":"max-image-preview:large","max-video-preview":"max-video-preview:-1"},"canonical":"https:\/\/minimalist.ee\/en\/product\/topi-natural-repel\/","og_locale":"en_US","og_type":"article","og_title":"Topi Natural Repel - Minimalist.ee","og_description":"Paljajalujaltsid, barefoot jalatsid, jalatsid lastele, jalatsid t\u00e4iskasvanutele, kogu pere barefoot jalatsite pood","og_url":"https:\/\/minimalist.ee\/en\/product\/topi-natural-repel\/","og_site_name":"Minimalist.ee","article_publisher":"https:\/\/www.facebook.com\/www.minimalist.ee","article_modified_time":"2024-11-29T11:00:46+00:00","og_image":[{"width":698,"height":698,"url":"https:\/\/minimalist.ee\/wp-content\/uploads\/2022\/02\/topi-natural-repel-698x698_1024x1024@2x.jpg","type":"image\/jpeg"}],"twitter_card":"summary_large_image","twitter_misc":{"Est. reading time":"2 minutes"},"schema":{"@context":"https:\/\/schema.org","@graph":[{"@type":"WebPage","@id":"https:\/\/minimalist.ee\/toode\/topi-natural-repel\/","url":"https:\/\/minimalist.ee\/toode\/topi-natural-repel\/","name":"Topi Natural Repel - Minimalist.ee","isPartOf":{"@id":"https:\/\/minimalist.ee\/#website"},"primaryImageOfPage":{"@id":"https:\/\/minimalist.ee\/toode\/topi-natural-repel\/#primaryimage"},"image":{"@id":"https:\/\/minimalist.ee\/toode\/topi-natural-repel\/#primaryimage"},"thumbnailUrl":"https:\/\/minimalist.ee\/wp-content\/uploads\/2022\/02\/topi-natural-repel-698x698_1024x1024@2x.jpg","datePublished":"2022-02-12T10:49:50+00:00","dateModified":"2024-11-29T11:00:46+00:00","description":"Paljajalujaltsid, barefoot jalatsid, jalatsid lastele, jalatsid t\u00e4iskasvanutele, kogu pere barefoot jalatsite pood","breadcrumb":{"@id":"https:\/\/minimalist.ee\/toode\/topi-natural-repel\/#breadcrumb"},"inLanguage":"en-US","potentialAction":[{"@type":"ReadAction","target":["https:\/\/minimalist.ee\/toode\/topi-natural-repel\/"]}]},{"@type":"ImageObject","inLanguage":"en-US","@id":"https:\/\/minimalist.ee\/toode\/topi-natural-repel\/#primaryimage","url":"https:\/\/minimalist.ee\/wp-content\/uploads\/2022\/02\/topi-natural-repel-698x698_1024x1024@2x.jpg","contentUrl":"https:\/\/minimalist.ee\/wp-content\/uploads\/2022\/02\/topi-natural-repel-698x698_1024x1024@2x.jpg","width":698,"height":698},{"@type":"BreadcrumbList","@id":"https:\/\/minimalist.ee\/toode\/topi-natural-repel\/#breadcrumb","itemListElement":[{"@type":"ListItem","position":1,"name":"Home","item":"https:\/\/minimalist.ee\/"},{"@type":"ListItem","position":2,"name":"Pood","item":"https:\/\/minimalist.ee\/pood\/"},{"@type":"ListItem","position":3,"name":"Topi Natural Repel"}]},{"@type":"WebSite","@id":"https:\/\/minimalist.ee\/#website","url":"https:\/\/minimalist.ee\/","name":"Minimalist.ee","description":"Barefoot jalatsid","publisher":{"@id":"https:\/\/minimalist.ee\/#organization"},"potentialAction":[{"@type":"SearchAction","target":{"@type":"EntryPoint","urlTemplate":"https:\/\/minimalist.ee\/?s={search_term_string}"},"query-input":"required name=search_term_string"}],"inLanguage":"en-US"},{"@type":"Organization","@id":"https:\/\/minimalist.ee\/#organization","name":"Minimalist Shoes O\u00dc","url":"https:\/\/minimalist.ee\/","logo":{"@type":"ImageObject","inLanguage":"en-US","@id":"https:\/\/minimalist.ee\/#\/schema\/logo\/image\/","url":"https:\/\/minimalist.ee\/wp-content\/uploads\/2020\/10\/Original.png","contentUrl":"https:\/\/minimalist.ee\/wp-content\/uploads\/2020\/10\/Original.png","width":2048,"height":2000,"caption":"Minimalist Shoes O\u00dc"},"image":{"@id":"https:\/\/minimalist.ee\/#\/schema\/logo\/image\/"},"sameAs":["https:\/\/www.facebook.com\/www.minimalist.ee","https:\/\/www.instagram.com\/minimalistshoesest\/"]}]}},"jetpack_sharing_enabled":true,"_links":{"self":[{"href":"https:\/\/minimalist.ee\/en\/wp-json\/wp\/v2\/product\/9799"}],"collection":[{"href":"https:\/\/minimalist.ee\/en\/wp-json\/wp\/v2\/product"}],"about":[{"href":"https:\/\/minimalist.ee\/en\/wp-json\/wp\/v2\/types\/product"}],"replies":[{"embeddable":true,"href":"https:\/\/minimalist.ee\/en\/wp-json\/wp\/v2\/comments?post=9799"}],"wp:featuredmedia":[{"embeddable":true,"href":"https:\/\/minimalist.ee\/en\/wp-json\/wp\/v2\/media\/9800"}],"wp:attachment":[{"href":"https:\/\/minimalist.ee\/en\/wp-json\/wp\/v2\/media?parent=9799"}],"wp:term":[{"taxonomy":"product_cat","embeddable":true,"href":"https:\/\/minimalist.ee\/en\/wp-json\/wp\/v2\/product_cat?post=9799"},{"taxonomy":"product_tag","embeddable":true,"href":"https:\/\/minimalist.ee\/en\/wp-json\/wp\/v2\/product_tag?post=9799"}],"curies":[{"name":"wp","href":"https:\/\/api.w.org\/{rel}","templated":true}]}}