{"id":5612,"date":"2021-03-26T15:52:02","date_gmt":"2021-03-26T15:52:02","guid":{"rendered":"https:\/\/minimalist.ee\/?post_type=product&#038;p=5612"},"modified":"2025-03-07T11:43:41","modified_gmt":"2025-03-07T11:43:41","slug":"blifestyle-urbanstyle-nahast","status":"publish","type":"product","link":"https:\/\/minimalist.ee\/en\/product\/blifestyle-urbanstyle-nahast\/","title":{"rendered":"bLIFESTYLE urbanSTYLE leather"},"content":{"rendered":"<p>bLIFESTYLE UrbanStyle tennised on valmistatud pehmest nappa nahast. Jalatsitel on \u00fcli\u00f5huke ja painduv kummitald ning taimpargitud nahast sisetald. Sobivad kitsale ja keskmise laiusega jalale.<\/p>\n<p>Pealismaterjal: nappa nahk<\/p>\n<p>Vooder: bio nahk<\/p>\n<p>Sisetald: pehme taimpargitud nahk<\/p>\n<p>Sole: 100% synthetic rubber<\/p>\n<p>Made in Portugal<\/p>\n<p>Minimalisti m\u00f5\u00f5dud urbanSTYLE mudelile<\/p>\n<table dir=\"ltr\" border=\"1\" cellspacing=\"0\" cellpadding=\"0\" data-sheets-root=\"1\" data-sheets-baot=\"1\">\n<colgroup>\n<col width=\"62\" \/>\n<col width=\"57\" \/>\n<col width=\"63\" \/><\/colgroup>\n<tbody>\n<tr>\n<td style=\"text-align: center;\"><strong>Size<\/strong><\/td>\n<td style=\"text-align: center;\"><strong>Inside length<\/strong><\/td>\n<td style=\"text-align: center;\"><strong>Width<\/strong><\/td>\n<\/tr>\n<tr>\n<td style=\"text-align: center;\"><strong>37<\/strong><\/td>\n<td style=\"text-align: center;\">25<\/td>\n<td style=\"text-align: center;\">8.7<\/td>\n<\/tr>\n<tr>\n<td style=\"text-align: center;\"><strong>38<\/strong><\/td>\n<td style=\"text-align: center;\">25.6<\/td>\n<td style=\"text-align: center;\">9.4<\/td>\n<\/tr>\n<tr>\n<td style=\"text-align: center;\"><strong>39<\/strong><\/td>\n<td style=\"text-align: center;\">26.4<\/td>\n<td style=\"text-align: center;\">9,5<\/td>\n<\/tr>\n<tr>\n<td style=\"text-align: center;\"><strong>40<\/strong><\/td>\n<td style=\"text-align: center;\">27<\/td>\n<td style=\"text-align: center;\">9.5<\/td>\n<\/tr>\n<tr>\n<td style=\"text-align: center;\"><strong>41<\/strong><\/td>\n<td style=\"text-align: center;\">27,5<\/td>\n<td style=\"text-align: center;\">9.6<\/td>\n<\/tr>\n<tr>\n<td style=\"text-align: center;\"><strong>42<\/strong><\/td>\n<td style=\"text-align: center;\">28.1<\/td>\n<td style=\"text-align: center;\">9.7<\/td>\n<\/tr>\n<tr>\n<td style=\"text-align: center;\"><strong>43<\/strong><\/td>\n<td style=\"text-align: center;\">28.8<\/td>\n<td style=\"text-align: center;\">9.8<\/td>\n<\/tr>\n<tr>\n<td style=\"text-align: center;\"><strong>44<\/strong><\/td>\n<td style=\"text-align: center;\">29.6<\/td>\n<td style=\"text-align: center;\">10<\/td>\n<\/tr>\n<tr>\n<td style=\"text-align: center;\"><strong>45<\/strong><\/td>\n<td style=\"text-align: center;\">30.1<\/td>\n<td style=\"text-align: center;\">10.1<\/td>\n<\/tr>\n<\/tbody>\n<\/table>","protected":false},"excerpt":{"rendered":"<p>K\u00f5rgema s\u00e4\u00e4rega nahast tennised.<\/p>","protected":false},"featured_media":5614,"comment_status":"open","ping_status":"closed","template":"","meta":{"_monsterinsights_skip_tracking":false,"_monsterinsights_sitenote_active":false,"_monsterinsights_sitenote_note":"","_monsterinsights_sitenote_category":0,"neve_meta_sidebar":"","neve_meta_container":"","neve_meta_enable_content_width":"off","neve_meta_content_width":70,"neve_meta_title_alignment":"","neve_meta_author_avatar":"","neve_post_elements_order":"","neve_meta_disable_header":"","neve_meta_disable_footer":"","neve_meta_disable_title":""},"product_cat":[30,19,23,18],"product_tag":[],"yoast_head":"<!-- This site is optimized with the Yoast SEO plugin v22.4 - https:\/\/yoast.com\/wordpress\/plugins\/seo\/ -->\n<title>bLIFESTYLE urbanSTYLE nahast - Minimalist.ee<\/title>\n<meta name=\"description\" content=\"Paljajalujaltsid, barefoot jalatsid, jalatsid lastele, jalatsid t\u00e4iskasvanutele, kogu pere barefoot jalatsite pood\" \/>\n<meta name=\"robots\" content=\"index, follow, max-snippet:-1, max-image-preview:large, max-video-preview:-1\" \/>\n<link rel=\"canonical\" href=\"https:\/\/minimalist.ee\/en\/product\/blifestyle-urbanstyle-nahast\/\" \/>\n<meta property=\"og:locale\" content=\"en_US\" \/>\n<meta property=\"og:type\" content=\"article\" \/>\n<meta property=\"og:title\" content=\"bLIFESTYLE urbanSTYLE nahast - Minimalist.ee\" \/>\n<meta property=\"og:description\" content=\"Paljajalujaltsid, barefoot jalatsid, jalatsid lastele, jalatsid t\u00e4iskasvanutele, kogu pere barefoot jalatsite pood\" \/>\n<meta property=\"og:url\" content=\"https:\/\/minimalist.ee\/en\/product\/blifestyle-urbanstyle-nahast\/\" \/>\n<meta property=\"og:site_name\" content=\"Minimalist.ee\" \/>\n<meta property=\"article:publisher\" content=\"https:\/\/www.facebook.com\/www.minimalist.ee\" \/>\n<meta property=\"article:modified_time\" content=\"2025-03-07T11:43:41+00:00\" \/>\n<meta property=\"og:image\" content=\"https:\/\/minimalist.ee\/wp-content\/uploads\/2021\/03\/g_bl_schwarz_2.jpg\" \/>\n\t<meta property=\"og:image:width\" content=\"1000\" \/>\n\t<meta property=\"og:image:height\" content=\"1000\" \/>\n\t<meta property=\"og:image:type\" content=\"image\/jpeg\" \/>\n<meta name=\"twitter:card\" content=\"summary_large_image\" \/>\n<meta name=\"twitter:label1\" content=\"Est. reading time\" \/>\n\t<meta name=\"twitter:data1\" content=\"1 minute\" \/>\n<script type=\"application\/ld+json\" class=\"yoast-schema-graph\">{\"@context\":\"https:\/\/schema.org\",\"@graph\":[{\"@type\":\"WebPage\",\"@id\":\"https:\/\/minimalist.ee\/toode\/blifestyle-urbanstyle-nahast\/\",\"url\":\"https:\/\/minimalist.ee\/toode\/blifestyle-urbanstyle-nahast\/\",\"name\":\"bLIFESTYLE urbanSTYLE nahast - Minimalist.ee\",\"isPartOf\":{\"@id\":\"https:\/\/minimalist.ee\/#website\"},\"primaryImageOfPage\":{\"@id\":\"https:\/\/minimalist.ee\/toode\/blifestyle-urbanstyle-nahast\/#primaryimage\"},\"image\":{\"@id\":\"https:\/\/minimalist.ee\/toode\/blifestyle-urbanstyle-nahast\/#primaryimage\"},\"thumbnailUrl\":\"https:\/\/minimalist.ee\/wp-content\/uploads\/2021\/03\/g_bl_schwarz_2.jpg\",\"datePublished\":\"2021-03-26T15:52:02+00:00\",\"dateModified\":\"2025-03-07T11:43:41+00:00\",\"description\":\"Paljajalujaltsid, barefoot jalatsid, jalatsid lastele, jalatsid t\u00e4iskasvanutele, kogu pere barefoot jalatsite pood\",\"breadcrumb\":{\"@id\":\"https:\/\/minimalist.ee\/toode\/blifestyle-urbanstyle-nahast\/#breadcrumb\"},\"inLanguage\":\"en-US\",\"potentialAction\":[{\"@type\":\"ReadAction\",\"target\":[\"https:\/\/minimalist.ee\/toode\/blifestyle-urbanstyle-nahast\/\"]}]},{\"@type\":\"ImageObject\",\"inLanguage\":\"en-US\",\"@id\":\"https:\/\/minimalist.ee\/toode\/blifestyle-urbanstyle-nahast\/#primaryimage\",\"url\":\"https:\/\/minimalist.ee\/wp-content\/uploads\/2021\/03\/g_bl_schwarz_2.jpg\",\"contentUrl\":\"https:\/\/minimalist.ee\/wp-content\/uploads\/2021\/03\/g_bl_schwarz_2.jpg\",\"width\":1000,\"height\":1000,\"caption\":\"minimalist.ee\"},{\"@type\":\"BreadcrumbList\",\"@id\":\"https:\/\/minimalist.ee\/toode\/blifestyle-urbanstyle-nahast\/#breadcrumb\",\"itemListElement\":[{\"@type\":\"ListItem\",\"position\":1,\"name\":\"Home\",\"item\":\"https:\/\/minimalist.ee\/\"},{\"@type\":\"ListItem\",\"position\":2,\"name\":\"Pood\",\"item\":\"https:\/\/minimalist.ee\/pood\/\"},{\"@type\":\"ListItem\",\"position\":3,\"name\":\"bLIFESTYLE urbanSTYLE nahast\"}]},{\"@type\":\"WebSite\",\"@id\":\"https:\/\/minimalist.ee\/#website\",\"url\":\"https:\/\/minimalist.ee\/\",\"name\":\"Minimalist.ee\",\"description\":\"Barefoot jalatsid\",\"publisher\":{\"@id\":\"https:\/\/minimalist.ee\/#organization\"},\"potentialAction\":[{\"@type\":\"SearchAction\",\"target\":{\"@type\":\"EntryPoint\",\"urlTemplate\":\"https:\/\/minimalist.ee\/?s={search_term_string}\"},\"query-input\":\"required name=search_term_string\"}],\"inLanguage\":\"en-US\"},{\"@type\":\"Organization\",\"@id\":\"https:\/\/minimalist.ee\/#organization\",\"name\":\"Minimalist Shoes O\u00dc\",\"url\":\"https:\/\/minimalist.ee\/\",\"logo\":{\"@type\":\"ImageObject\",\"inLanguage\":\"en-US\",\"@id\":\"https:\/\/minimalist.ee\/#\/schema\/logo\/image\/\",\"url\":\"https:\/\/minimalist.ee\/wp-content\/uploads\/2020\/10\/Original.png\",\"contentUrl\":\"https:\/\/minimalist.ee\/wp-content\/uploads\/2020\/10\/Original.png\",\"width\":2048,\"height\":2000,\"caption\":\"Minimalist Shoes O\u00dc\"},\"image\":{\"@id\":\"https:\/\/minimalist.ee\/#\/schema\/logo\/image\/\"},\"sameAs\":[\"https:\/\/www.facebook.com\/www.minimalist.ee\",\"https:\/\/www.instagram.com\/minimalistshoesest\/\"]}]}<\/script>\n<!-- \/ Yoast SEO plugin. -->","yoast_head_json":{"title":"bLIFESTYLE urbanSTYLE nahast - Minimalist.ee","description":"Paljajalujaltsid, barefoot jalatsid, jalatsid lastele, jalatsid t\u00e4iskasvanutele, kogu pere barefoot jalatsite pood","robots":{"index":"index","follow":"follow","max-snippet":"max-snippet:-1","max-image-preview":"max-image-preview:large","max-video-preview":"max-video-preview:-1"},"canonical":"https:\/\/minimalist.ee\/en\/product\/blifestyle-urbanstyle-nahast\/","og_locale":"en_US","og_type":"article","og_title":"bLIFESTYLE urbanSTYLE nahast - Minimalist.ee","og_description":"Paljajalujaltsid, barefoot jalatsid, jalatsid lastele, jalatsid t\u00e4iskasvanutele, kogu pere barefoot jalatsite pood","og_url":"https:\/\/minimalist.ee\/en\/product\/blifestyle-urbanstyle-nahast\/","og_site_name":"Minimalist.ee","article_publisher":"https:\/\/www.facebook.com\/www.minimalist.ee","article_modified_time":"2025-03-07T11:43:41+00:00","og_image":[{"width":1000,"height":1000,"url":"https:\/\/minimalist.ee\/wp-content\/uploads\/2021\/03\/g_bl_schwarz_2.jpg","type":"image\/jpeg"}],"twitter_card":"summary_large_image","twitter_misc":{"Est. reading time":"1 minute"},"schema":{"@context":"https:\/\/schema.org","@graph":[{"@type":"WebPage","@id":"https:\/\/minimalist.ee\/toode\/blifestyle-urbanstyle-nahast\/","url":"https:\/\/minimalist.ee\/toode\/blifestyle-urbanstyle-nahast\/","name":"bLIFESTYLE urbanSTYLE nahast - Minimalist.ee","isPartOf":{"@id":"https:\/\/minimalist.ee\/#website"},"primaryImageOfPage":{"@id":"https:\/\/minimalist.ee\/toode\/blifestyle-urbanstyle-nahast\/#primaryimage"},"image":{"@id":"https:\/\/minimalist.ee\/toode\/blifestyle-urbanstyle-nahast\/#primaryimage"},"thumbnailUrl":"https:\/\/minimalist.ee\/wp-content\/uploads\/2021\/03\/g_bl_schwarz_2.jpg","datePublished":"2021-03-26T15:52:02+00:00","dateModified":"2025-03-07T11:43:41+00:00","description":"Paljajalujaltsid, barefoot jalatsid, jalatsid lastele, jalatsid t\u00e4iskasvanutele, kogu pere barefoot jalatsite pood","breadcrumb":{"@id":"https:\/\/minimalist.ee\/toode\/blifestyle-urbanstyle-nahast\/#breadcrumb"},"inLanguage":"en-US","potentialAction":[{"@type":"ReadAction","target":["https:\/\/minimalist.ee\/toode\/blifestyle-urbanstyle-nahast\/"]}]},{"@type":"ImageObject","inLanguage":"en-US","@id":"https:\/\/minimalist.ee\/toode\/blifestyle-urbanstyle-nahast\/#primaryimage","url":"https:\/\/minimalist.ee\/wp-content\/uploads\/2021\/03\/g_bl_schwarz_2.jpg","contentUrl":"https:\/\/minimalist.ee\/wp-content\/uploads\/2021\/03\/g_bl_schwarz_2.jpg","width":1000,"height":1000,"caption":"minimalist.ee"},{"@type":"BreadcrumbList","@id":"https:\/\/minimalist.ee\/toode\/blifestyle-urbanstyle-nahast\/#breadcrumb","itemListElement":[{"@type":"ListItem","position":1,"name":"Home","item":"https:\/\/minimalist.ee\/"},{"@type":"ListItem","position":2,"name":"Pood","item":"https:\/\/minimalist.ee\/pood\/"},{"@type":"ListItem","position":3,"name":"bLIFESTYLE urbanSTYLE nahast"}]},{"@type":"WebSite","@id":"https:\/\/minimalist.ee\/#website","url":"https:\/\/minimalist.ee\/","name":"Minimalist.ee","description":"Barefoot jalatsid","publisher":{"@id":"https:\/\/minimalist.ee\/#organization"},"potentialAction":[{"@type":"SearchAction","target":{"@type":"EntryPoint","urlTemplate":"https:\/\/minimalist.ee\/?s={search_term_string}"},"query-input":"required name=search_term_string"}],"inLanguage":"en-US"},{"@type":"Organization","@id":"https:\/\/minimalist.ee\/#organization","name":"Minimalist Shoes O\u00dc","url":"https:\/\/minimalist.ee\/","logo":{"@type":"ImageObject","inLanguage":"en-US","@id":"https:\/\/minimalist.ee\/#\/schema\/logo\/image\/","url":"https:\/\/minimalist.ee\/wp-content\/uploads\/2020\/10\/Original.png","contentUrl":"https:\/\/minimalist.ee\/wp-content\/uploads\/2020\/10\/Original.png","width":2048,"height":2000,"caption":"Minimalist Shoes O\u00dc"},"image":{"@id":"https:\/\/minimalist.ee\/#\/schema\/logo\/image\/"},"sameAs":["https:\/\/www.facebook.com\/www.minimalist.ee","https:\/\/www.instagram.com\/minimalistshoesest\/"]}]}},"jetpack_sharing_enabled":true,"_links":{"self":[{"href":"https:\/\/minimalist.ee\/en\/wp-json\/wp\/v2\/product\/5612"}],"collection":[{"href":"https:\/\/minimalist.ee\/en\/wp-json\/wp\/v2\/product"}],"about":[{"href":"https:\/\/minimalist.ee\/en\/wp-json\/wp\/v2\/types\/product"}],"replies":[{"embeddable":true,"href":"https:\/\/minimalist.ee\/en\/wp-json\/wp\/v2\/comments?post=5612"}],"wp:featuredmedia":[{"embeddable":true,"href":"https:\/\/minimalist.ee\/en\/wp-json\/wp\/v2\/media\/5614"}],"wp:attachment":[{"href":"https:\/\/minimalist.ee\/en\/wp-json\/wp\/v2\/media?parent=5612"}],"wp:term":[{"taxonomy":"product_cat","embeddable":true,"href":"https:\/\/minimalist.ee\/en\/wp-json\/wp\/v2\/product_cat?post=5612"},{"taxonomy":"product_tag","embeddable":true,"href":"https:\/\/minimalist.ee\/en\/wp-json\/wp\/v2\/product_tag?post=5612"}],"curies":[{"name":"wp","href":"https:\/\/api.w.org\/{rel}","templated":true}]}}