{"id":4466,"date":"2021-02-15T13:22:55","date_gmt":"2021-02-15T13:22:55","guid":{"rendered":"https:\/\/minimalist.ee\/?post_type=product&#038;p=4466"},"modified":"2024-10-29T13:39:23","modified_gmt":"2024-10-29T13:39:23","slug":"shapen-kaekotid","status":"publish","type":"product","link":"https:\/\/minimalist.ee\/en\/product\/shapen-kaekotid\/","title":{"rendered":"Shapen handbags"},"content":{"rendered":"<p><strong>Shaping Grace<\/strong> &#8211; praktiline v\u00e4ike k\u00e4ekott, mida saab kanda lausa viiel erineval viisil. Shapen Grace nahast k\u00e4ekott on praktiline ja trendikas, seda saab kanda nii \u00fcle\u00f5lakotina, v\u00f6\u00f6kotina kui \u00fcldse ilma rihmata. Kott on valmistatud pehmest nahast, kuid hoiab tugevduste abil h\u00e4sti vormi. T\u00e4nu paljudele kandmisv\u00f5imalustele sobib Audrey kotti kanda nii igap\u00e4evaselt kui pidulikumal s\u00fcndmusel, ja mis peamine &#8211; see sobib ideaalselt kokku Shapen jalan\u00f5udega.<\/p>\n<p><strong>Shaping Audrey<\/strong> &#8211; reguleeritava rihmaga klassikaline nahast k\u00e4ekott. Audrey mudelil on kaks sisetaskut, \u00fcks lahtine ja teine lukuga. Kott on valmistatud pehmest nahast, kuid hoiab tugevduste abil h\u00e4sti vormi. T\u00e4nu minimalistlikule disainile sobib Audrey kotti kanda nii igap\u00e4evaselt kui pidulikumal s\u00fcndmusel, ja mis peamine &#8211; see sobib ideaalselt kokku Shapen jalan\u00f5udega.<\/p>","protected":false},"excerpt":{"rendered":"<p>Shapen Grace ja Shapen Audrey nahast k\u00e4ekotid<\/p>","protected":false},"featured_media":4467,"comment_status":"open","ping_status":"closed","template":"","meta":{"_monsterinsights_skip_tracking":false,"_monsterinsights_sitenote_active":false,"_monsterinsights_sitenote_note":"","_monsterinsights_sitenote_category":0,"neve_meta_sidebar":"","neve_meta_container":"","neve_meta_enable_content_width":"off","neve_meta_content_width":70,"neve_meta_title_alignment":"","neve_meta_author_avatar":"","neve_post_elements_order":"","neve_meta_disable_header":"","neve_meta_disable_footer":"","neve_meta_disable_title":""},"product_cat":[29],"product_tag":[],"yoast_head":"<!-- This site is optimized with the Yoast SEO plugin v22.4 - https:\/\/yoast.com\/wordpress\/plugins\/seo\/ -->\n<title>Shapen k\u00e4ekotid - Minimalist.ee<\/title>\n<meta name=\"description\" content=\"Paljajalujaltsid, barefoot jalatsid, jalatsid lastele, jalatsid t\u00e4iskasvanutele, kogu pere barefoot jalatsite pood\" \/>\n<meta name=\"robots\" content=\"index, follow, max-snippet:-1, max-image-preview:large, max-video-preview:-1\" \/>\n<link rel=\"canonical\" href=\"https:\/\/minimalist.ee\/en\/product\/shapen-kaekotid\/\" \/>\n<meta property=\"og:locale\" content=\"en_US\" \/>\n<meta property=\"og:type\" content=\"article\" \/>\n<meta property=\"og:title\" content=\"Shapen k\u00e4ekotid - Minimalist.ee\" \/>\n<meta property=\"og:description\" content=\"Paljajalujaltsid, barefoot jalatsid, jalatsid lastele, jalatsid t\u00e4iskasvanutele, kogu pere barefoot jalatsite pood\" \/>\n<meta property=\"og:url\" content=\"https:\/\/minimalist.ee\/en\/product\/shapen-kaekotid\/\" \/>\n<meta property=\"og:site_name\" content=\"Minimalist.ee\" \/>\n<meta property=\"article:publisher\" content=\"https:\/\/www.facebook.com\/www.minimalist.ee\" \/>\n<meta property=\"article:modified_time\" content=\"2024-10-29T13:39:23+00:00\" \/>\n<meta property=\"og:image\" content=\"https:\/\/minimalist.ee\/wp-content\/uploads\/2021\/02\/Shapen_Kabelka_Beltbag_nude_front_01.jpg\" \/>\n\t<meta property=\"og:image:width\" content=\"1500\" \/>\n\t<meta property=\"og:image:height\" content=\"1500\" \/>\n\t<meta property=\"og:image:type\" content=\"image\/jpeg\" \/>\n<meta name=\"twitter:card\" content=\"summary_large_image\" \/>\n<meta name=\"twitter:label1\" content=\"Est. reading time\" \/>\n\t<meta name=\"twitter:data1\" content=\"1 minute\" \/>\n<script type=\"application\/ld+json\" class=\"yoast-schema-graph\">{\"@context\":\"https:\/\/schema.org\",\"@graph\":[{\"@type\":\"WebPage\",\"@id\":\"https:\/\/minimalist.ee\/toode\/shapen-kaekotid\/\",\"url\":\"https:\/\/minimalist.ee\/toode\/shapen-kaekotid\/\",\"name\":\"Shapen k\u00e4ekotid - Minimalist.ee\",\"isPartOf\":{\"@id\":\"https:\/\/minimalist.ee\/#website\"},\"primaryImageOfPage\":{\"@id\":\"https:\/\/minimalist.ee\/toode\/shapen-kaekotid\/#primaryimage\"},\"image\":{\"@id\":\"https:\/\/minimalist.ee\/toode\/shapen-kaekotid\/#primaryimage\"},\"thumbnailUrl\":\"https:\/\/minimalist.ee\/wp-content\/uploads\/2021\/02\/Shapen_Kabelka_Beltbag_nude_front_01.jpg\",\"datePublished\":\"2021-02-15T13:22:55+00:00\",\"dateModified\":\"2024-10-29T13:39:23+00:00\",\"description\":\"Paljajalujaltsid, barefoot jalatsid, jalatsid lastele, jalatsid t\u00e4iskasvanutele, kogu pere barefoot jalatsite pood\",\"breadcrumb\":{\"@id\":\"https:\/\/minimalist.ee\/toode\/shapen-kaekotid\/#breadcrumb\"},\"inLanguage\":\"en-US\",\"potentialAction\":[{\"@type\":\"ReadAction\",\"target\":[\"https:\/\/minimalist.ee\/toode\/shapen-kaekotid\/\"]}]},{\"@type\":\"ImageObject\",\"inLanguage\":\"en-US\",\"@id\":\"https:\/\/minimalist.ee\/toode\/shapen-kaekotid\/#primaryimage\",\"url\":\"https:\/\/minimalist.ee\/wp-content\/uploads\/2021\/02\/Shapen_Kabelka_Beltbag_nude_front_01.jpg\",\"contentUrl\":\"https:\/\/minimalist.ee\/wp-content\/uploads\/2021\/02\/Shapen_Kabelka_Beltbag_nude_front_01.jpg\",\"width\":1500,\"height\":1500,\"caption\":\"Grace\"},{\"@type\":\"BreadcrumbList\",\"@id\":\"https:\/\/minimalist.ee\/toode\/shapen-kaekotid\/#breadcrumb\",\"itemListElement\":[{\"@type\":\"ListItem\",\"position\":1,\"name\":\"Home\",\"item\":\"https:\/\/minimalist.ee\/\"},{\"@type\":\"ListItem\",\"position\":2,\"name\":\"Pood\",\"item\":\"https:\/\/minimalist.ee\/pood\/\"},{\"@type\":\"ListItem\",\"position\":3,\"name\":\"Shapen k\u00e4ekotid\"}]},{\"@type\":\"WebSite\",\"@id\":\"https:\/\/minimalist.ee\/#website\",\"url\":\"https:\/\/minimalist.ee\/\",\"name\":\"Minimalist.ee\",\"description\":\"Barefoot jalatsid\",\"publisher\":{\"@id\":\"https:\/\/minimalist.ee\/#organization\"},\"potentialAction\":[{\"@type\":\"SearchAction\",\"target\":{\"@type\":\"EntryPoint\",\"urlTemplate\":\"https:\/\/minimalist.ee\/?s={search_term_string}\"},\"query-input\":\"required name=search_term_string\"}],\"inLanguage\":\"en-US\"},{\"@type\":\"Organization\",\"@id\":\"https:\/\/minimalist.ee\/#organization\",\"name\":\"Minimalist Shoes O\u00dc\",\"url\":\"https:\/\/minimalist.ee\/\",\"logo\":{\"@type\":\"ImageObject\",\"inLanguage\":\"en-US\",\"@id\":\"https:\/\/minimalist.ee\/#\/schema\/logo\/image\/\",\"url\":\"https:\/\/minimalist.ee\/wp-content\/uploads\/2020\/10\/Original.png\",\"contentUrl\":\"https:\/\/minimalist.ee\/wp-content\/uploads\/2020\/10\/Original.png\",\"width\":2048,\"height\":2000,\"caption\":\"Minimalist Shoes O\u00dc\"},\"image\":{\"@id\":\"https:\/\/minimalist.ee\/#\/schema\/logo\/image\/\"},\"sameAs\":[\"https:\/\/www.facebook.com\/www.minimalist.ee\",\"https:\/\/www.instagram.com\/minimalistshoesest\/\"]}]}<\/script>\n<!-- \/ Yoast SEO plugin. -->","yoast_head_json":{"title":"Shapen k\u00e4ekotid - Minimalist.ee","description":"Paljajalujaltsid, barefoot jalatsid, jalatsid lastele, jalatsid t\u00e4iskasvanutele, kogu pere barefoot jalatsite pood","robots":{"index":"index","follow":"follow","max-snippet":"max-snippet:-1","max-image-preview":"max-image-preview:large","max-video-preview":"max-video-preview:-1"},"canonical":"https:\/\/minimalist.ee\/en\/product\/shapen-kaekotid\/","og_locale":"en_US","og_type":"article","og_title":"Shapen k\u00e4ekotid - Minimalist.ee","og_description":"Paljajalujaltsid, barefoot jalatsid, jalatsid lastele, jalatsid t\u00e4iskasvanutele, kogu pere barefoot jalatsite pood","og_url":"https:\/\/minimalist.ee\/en\/product\/shapen-kaekotid\/","og_site_name":"Minimalist.ee","article_publisher":"https:\/\/www.facebook.com\/www.minimalist.ee","article_modified_time":"2024-10-29T13:39:23+00:00","og_image":[{"width":1500,"height":1500,"url":"https:\/\/minimalist.ee\/wp-content\/uploads\/2021\/02\/Shapen_Kabelka_Beltbag_nude_front_01.jpg","type":"image\/jpeg"}],"twitter_card":"summary_large_image","twitter_misc":{"Est. reading time":"1 minute"},"schema":{"@context":"https:\/\/schema.org","@graph":[{"@type":"WebPage","@id":"https:\/\/minimalist.ee\/toode\/shapen-kaekotid\/","url":"https:\/\/minimalist.ee\/toode\/shapen-kaekotid\/","name":"Shapen k\u00e4ekotid - Minimalist.ee","isPartOf":{"@id":"https:\/\/minimalist.ee\/#website"},"primaryImageOfPage":{"@id":"https:\/\/minimalist.ee\/toode\/shapen-kaekotid\/#primaryimage"},"image":{"@id":"https:\/\/minimalist.ee\/toode\/shapen-kaekotid\/#primaryimage"},"thumbnailUrl":"https:\/\/minimalist.ee\/wp-content\/uploads\/2021\/02\/Shapen_Kabelka_Beltbag_nude_front_01.jpg","datePublished":"2021-02-15T13:22:55+00:00","dateModified":"2024-10-29T13:39:23+00:00","description":"Paljajalujaltsid, barefoot jalatsid, jalatsid lastele, jalatsid t\u00e4iskasvanutele, kogu pere barefoot jalatsite pood","breadcrumb":{"@id":"https:\/\/minimalist.ee\/toode\/shapen-kaekotid\/#breadcrumb"},"inLanguage":"en-US","potentialAction":[{"@type":"ReadAction","target":["https:\/\/minimalist.ee\/toode\/shapen-kaekotid\/"]}]},{"@type":"ImageObject","inLanguage":"en-US","@id":"https:\/\/minimalist.ee\/toode\/shapen-kaekotid\/#primaryimage","url":"https:\/\/minimalist.ee\/wp-content\/uploads\/2021\/02\/Shapen_Kabelka_Beltbag_nude_front_01.jpg","contentUrl":"https:\/\/minimalist.ee\/wp-content\/uploads\/2021\/02\/Shapen_Kabelka_Beltbag_nude_front_01.jpg","width":1500,"height":1500,"caption":"Grace"},{"@type":"BreadcrumbList","@id":"https:\/\/minimalist.ee\/toode\/shapen-kaekotid\/#breadcrumb","itemListElement":[{"@type":"ListItem","position":1,"name":"Home","item":"https:\/\/minimalist.ee\/"},{"@type":"ListItem","position":2,"name":"Pood","item":"https:\/\/minimalist.ee\/pood\/"},{"@type":"ListItem","position":3,"name":"Shapen k\u00e4ekotid"}]},{"@type":"WebSite","@id":"https:\/\/minimalist.ee\/#website","url":"https:\/\/minimalist.ee\/","name":"Minimalist.ee","description":"Barefoot jalatsid","publisher":{"@id":"https:\/\/minimalist.ee\/#organization"},"potentialAction":[{"@type":"SearchAction","target":{"@type":"EntryPoint","urlTemplate":"https:\/\/minimalist.ee\/?s={search_term_string}"},"query-input":"required name=search_term_string"}],"inLanguage":"en-US"},{"@type":"Organization","@id":"https:\/\/minimalist.ee\/#organization","name":"Minimalist Shoes O\u00dc","url":"https:\/\/minimalist.ee\/","logo":{"@type":"ImageObject","inLanguage":"en-US","@id":"https:\/\/minimalist.ee\/#\/schema\/logo\/image\/","url":"https:\/\/minimalist.ee\/wp-content\/uploads\/2020\/10\/Original.png","contentUrl":"https:\/\/minimalist.ee\/wp-content\/uploads\/2020\/10\/Original.png","width":2048,"height":2000,"caption":"Minimalist Shoes O\u00dc"},"image":{"@id":"https:\/\/minimalist.ee\/#\/schema\/logo\/image\/"},"sameAs":["https:\/\/www.facebook.com\/www.minimalist.ee","https:\/\/www.instagram.com\/minimalistshoesest\/"]}]}},"jetpack_sharing_enabled":true,"_links":{"self":[{"href":"https:\/\/minimalist.ee\/en\/wp-json\/wp\/v2\/product\/4466"}],"collection":[{"href":"https:\/\/minimalist.ee\/en\/wp-json\/wp\/v2\/product"}],"about":[{"href":"https:\/\/minimalist.ee\/en\/wp-json\/wp\/v2\/types\/product"}],"replies":[{"embeddable":true,"href":"https:\/\/minimalist.ee\/en\/wp-json\/wp\/v2\/comments?post=4466"}],"wp:featuredmedia":[{"embeddable":true,"href":"https:\/\/minimalist.ee\/en\/wp-json\/wp\/v2\/media\/4467"}],"wp:attachment":[{"href":"https:\/\/minimalist.ee\/en\/wp-json\/wp\/v2\/media?parent=4466"}],"wp:term":[{"taxonomy":"product_cat","embeddable":true,"href":"https:\/\/minimalist.ee\/en\/wp-json\/wp\/v2\/product_cat?post=4466"},{"taxonomy":"product_tag","embeddable":true,"href":"https:\/\/minimalist.ee\/en\/wp-json\/wp\/v2\/product_tag?post=4466"}],"curies":[{"name":"wp","href":"https:\/\/api.w.org\/{rel}","templated":true}]}}