{"id":4125,"date":"2021-01-22T10:21:47","date_gmt":"2021-01-22T10:21:47","guid":{"rendered":"https:\/\/minimalist.ee\/?post_type=product&#038;p=4125"},"modified":"2024-11-11T02:25:32","modified_gmt":"2024-11-11T02:25:32","slug":"zeazoo-yeti-talvesaapad","status":"publish","type":"product","link":"https:\/\/minimalist.ee\/en\/product\/zeazoo-yeti-talvesaapad\/","title":{"rendered":"Zeazoo Yeti winter boots"},"content":{"rendered":"<p><span data-sheets-value=\"{&quot;1&quot;:2,&quot;2&quot;:&quot;Zeazoo Yeti talvesaapad on k\u00e4sitsi valmistatud, pealmine osa on veekindlast nahast, vooder 100% lambanahast. Naturaalsest lambanahast vooder hoiab h\u00e4sti soojust ja imab niiskuse endasse. Yetidel on palju suuruse valikuid, on olemas laiem ja kitsam mudel, paksem ja \u00f5hem tald. 6mm tald on Vibram\u00ae Superflex kummist, h\u00e4sti pehme ja painduv, ideaalne algajale k\u00f5ndijale v\u00f5i aktiivsemale lapsele. 9mm tallal on lisaks Vibram\u00ae Superflex kummile veel 3mm mikrotsellulaarne kummikiht, mis annab lisasoojust, kuid on veidi v\u00e4hem painduv. Kitsama ja laiema mudeli talla laius on sama, laiemal mudelil on p\u00e4kaosa \u00fcmberm\u00f5\u00f5t 1cm v\u00f5rra suurem. Yetid ei ole 100% veekindlad, v\u00e4ga m\u00e4rgades oludes v\u00f5ivad \u00f5mblused niiskust l\u00e4bi lasta, kuid k\u00fclma ja lumisesse talve sobivad Yetid v\u00e4ga h\u00e4sti.&quot;}\" data-sheets-userformat=\"{&quot;2&quot;:513,&quot;3&quot;:{&quot;1&quot;:0},&quot;12&quot;:0}\"><strong>Zeazoo Yeti<\/strong> talvesaapad on k\u00e4sitsi valmistatud, pealmine osa on veekindlast nahast, voodriks on lambanahahk. Naturaalsest lambanahast vooder hoiab h\u00e4sti soojust ja imab niiskuse endasse. <\/span><\/p>\n<p><span data-sheets-value=\"{&quot;1&quot;:2,&quot;2&quot;:&quot;Zeazoo Yeti talvesaapad on k\u00e4sitsi valmistatud, pealmine osa on veekindlast nahast, vooder 100% lambanahast. Naturaalsest lambanahast vooder hoiab h\u00e4sti soojust ja imab niiskuse endasse. Yetidel on palju suuruse valikuid, on olemas laiem ja kitsam mudel, paksem ja \u00f5hem tald. 6mm tald on Vibram\u00ae Superflex kummist, h\u00e4sti pehme ja painduv, ideaalne algajale k\u00f5ndijale v\u00f5i aktiivsemale lapsele. 9mm tallal on lisaks Vibram\u00ae Superflex kummile veel 3mm mikrotsellulaarne kummikiht, mis annab lisasoojust, kuid on veidi v\u00e4hem painduv. Kitsama ja laiema mudeli talla laius on sama, laiemal mudelil on p\u00e4kaosa \u00fcmberm\u00f5\u00f5t 1cm v\u00f5rra suurem. Yetid ei ole 100% veekindlad, v\u00e4ga m\u00e4rgades oludes v\u00f5ivad \u00f5mblused niiskust l\u00e4bi lasta, kuid k\u00fclma ja lumisesse talve sobivad Yetid v\u00e4ga h\u00e4sti.&quot;}\" data-sheets-userformat=\"{&quot;2&quot;:513,&quot;3&quot;:{&quot;1&quot;:0},&quot;12&quot;:0}\">Yetidel on palju suuruse valikuid, on olemas laiem ja kitsam mudel, paksem ja \u00f5hem tald. <\/span><\/p>\n<p><span data-sheets-value=\"{&quot;1&quot;:2,&quot;2&quot;:&quot;Zeazoo Yeti talvesaapad on k\u00e4sitsi valmistatud, pealmine osa on veekindlast nahast, vooder 100% lambanahast. Naturaalsest lambanahast vooder hoiab h\u00e4sti soojust ja imab niiskuse endasse. Yetidel on palju suuruse valikuid, on olemas laiem ja kitsam mudel, paksem ja \u00f5hem tald. 6mm tald on Vibram\u00ae Superflex kummist, h\u00e4sti pehme ja painduv, ideaalne algajale k\u00f5ndijale v\u00f5i aktiivsemale lapsele. 9mm tallal on lisaks Vibram\u00ae Superflex kummile veel 3mm mikrotsellulaarne kummikiht, mis annab lisasoojust, kuid on veidi v\u00e4hem painduv. Kitsama ja laiema mudeli talla laius on sama, laiemal mudelil on p\u00e4kaosa \u00fcmberm\u00f5\u00f5t 1cm v\u00f5rra suurem. Yetid ei ole 100% veekindlad, v\u00e4ga m\u00e4rgades oludes v\u00f5ivad \u00f5mblused niiskust l\u00e4bi lasta, kuid k\u00fclma ja lumisesse talve sobivad Yetid v\u00e4ga h\u00e4sti.&quot;}\" data-sheets-userformat=\"{&quot;2&quot;:513,&quot;3&quot;:{&quot;1&quot;:0},&quot;12&quot;:0}\">6mm tald on Vibram\u00ae Superflex kummist, h\u00e4sti pehme ja painduv, ideaalne algajale k\u00f5ndijale v\u00f5i aktiivsemale lapsele. <\/span><\/p>\n<p><span data-sheets-value=\"{&quot;1&quot;:2,&quot;2&quot;:&quot;Zeazoo Yeti talvesaapad on k\u00e4sitsi valmistatud, pealmine osa on veekindlast nahast, vooder 100% lambanahast. Naturaalsest lambanahast vooder hoiab h\u00e4sti soojust ja imab niiskuse endasse. Yetidel on palju suuruse valikuid, on olemas laiem ja kitsam mudel, paksem ja \u00f5hem tald. 6mm tald on Vibram\u00ae Superflex kummist, h\u00e4sti pehme ja painduv, ideaalne algajale k\u00f5ndijale v\u00f5i aktiivsemale lapsele. 9mm tallal on lisaks Vibram\u00ae Superflex kummile veel 3mm mikrotsellulaarne kummikiht, mis annab lisasoojust, kuid on veidi v\u00e4hem painduv. Kitsama ja laiema mudeli talla laius on sama, laiemal mudelil on p\u00e4kaosa \u00fcmberm\u00f5\u00f5t 1cm v\u00f5rra suurem. Yetid ei ole 100% veekindlad, v\u00e4ga m\u00e4rgades oludes v\u00f5ivad \u00f5mblused niiskust l\u00e4bi lasta, kuid k\u00fclma ja lumisesse talve sobivad Yetid v\u00e4ga h\u00e4sti.&quot;}\" data-sheets-userformat=\"{&quot;2&quot;:513,&quot;3&quot;:{&quot;1&quot;:0},&quot;12&quot;:0}\">9mm tallal on lisaks Vibram\u00ae Superflex kummile veel 3mm mikrotsellulaarne kummikiht, mis annab lisasoojust, kuid on veidi v\u00e4hem painduv.<\/span><\/p>\n<p><span data-sheets-value=\"{&quot;1&quot;:2,&quot;2&quot;:&quot;Zeazoo Yeti talvesaapad on k\u00e4sitsi valmistatud, pealmine osa on veekindlast nahast, vooder 100% lambanahast. Naturaalsest lambanahast vooder hoiab h\u00e4sti soojust ja imab niiskuse endasse. Yetidel on palju suuruse valikuid, on olemas laiem ja kitsam mudel, paksem ja \u00f5hem tald. 6mm tald on Vibram\u00ae Superflex kummist, h\u00e4sti pehme ja painduv, ideaalne algajale k\u00f5ndijale v\u00f5i aktiivsemale lapsele. 9mm tallal on lisaks Vibram\u00ae Superflex kummile veel 3mm mikrotsellulaarne kummikiht, mis annab lisasoojust, kuid on veidi v\u00e4hem painduv. Kitsama ja laiema mudeli talla laius on sama, laiemal mudelil on p\u00e4kaosa \u00fcmberm\u00f5\u00f5t 1cm v\u00f5rra suurem. Yetid ei ole 100% veekindlad, v\u00e4ga m\u00e4rgades oludes v\u00f5ivad \u00f5mblused niiskust l\u00e4bi lasta, kuid k\u00fclma ja lumisesse talve sobivad Yetid v\u00e4ga h\u00e4sti.&quot;}\" data-sheets-userformat=\"{&quot;2&quot;:513,&quot;3&quot;:{&quot;1&quot;:0},&quot;12&quot;:0}\"> Kitsama ja laiema mudeli talla laius on sama, kuid laiemal mudelil on p\u00e4kaosa \u00fcmberm\u00f5\u00f5t 1cm v\u00f5rra suurem. <\/span><\/p>\n<p><span data-sheets-value=\"{&quot;1&quot;:2,&quot;2&quot;:&quot;Zeazoo Yeti talvesaapad on k\u00e4sitsi valmistatud, pealmine osa on veekindlast nahast, vooder 100% lambanahast. Naturaalsest lambanahast vooder hoiab h\u00e4sti soojust ja imab niiskuse endasse. Yetidel on palju suuruse valikuid, on olemas laiem ja kitsam mudel, paksem ja \u00f5hem tald. 6mm tald on Vibram\u00ae Superflex kummist, h\u00e4sti pehme ja painduv, ideaalne algajale k\u00f5ndijale v\u00f5i aktiivsemale lapsele. 9mm tallal on lisaks Vibram\u00ae Superflex kummile veel 3mm mikrotsellulaarne kummikiht, mis annab lisasoojust, kuid on veidi v\u00e4hem painduv. Kitsama ja laiema mudeli talla laius on sama, laiemal mudelil on p\u00e4kaosa \u00fcmberm\u00f5\u00f5t 1cm v\u00f5rra suurem. Yetid ei ole 100% veekindlad, v\u00e4ga m\u00e4rgades oludes v\u00f5ivad \u00f5mblused niiskust l\u00e4bi lasta, kuid k\u00fclma ja lumisesse talve sobivad Yetid v\u00e4ga h\u00e4sti.&quot;}\" data-sheets-userformat=\"{&quot;2&quot;:513,&quot;3&quot;:{&quot;1&quot;:0},&quot;12&quot;:0}\">Yetid ei ole 100% veekindlad<\/span><span data-sheets-value=\"{&quot;1&quot;:2,&quot;2&quot;:&quot;Zeazoo Yeti talvesaapad on k\u00e4sitsi valmistatud, pealmine osa on veekindlast nahast, vooder 100% lambanahast. Naturaalsest lambanahast vooder hoiab h\u00e4sti soojust ja imab niiskuse endasse. Yetidel on palju suuruse valikuid, on olemas laiem ja kitsam mudel, paksem ja \u00f5hem tald. 6mm tald on Vibram\u00ae Superflex kummist, h\u00e4sti pehme ja painduv, ideaalne algajale k\u00f5ndijale v\u00f5i aktiivsemale lapsele. 9mm tallal on lisaks Vibram\u00ae Superflex kummile veel 3mm mikrotsellulaarne kummikiht, mis annab lisasoojust, kuid on veidi v\u00e4hem painduv. Kitsama ja laiema mudeli talla laius on sama, laiemal mudelil on p\u00e4kaosa \u00fcmberm\u00f5\u00f5t 1cm v\u00f5rra suurem. Yetid ei ole 100% veekindlad, v\u00e4ga m\u00e4rgades oludes v\u00f5ivad \u00f5mblused niiskust l\u00e4bi lasta, kuid k\u00fclma ja lumisesse talve sobivad Yetid v\u00e4ga h\u00e4sti.&quot;}\" data-sheets-userformat=\"{&quot;2&quot;:513,&quot;3&quot;:{&quot;1&quot;:0},&quot;12&quot;:0}\">, v\u00e4ga m\u00e4rgades oludes v\u00f5ivad \u00f5mblused niiskust l\u00e4bi lasta, kuid k\u00fclma ja lumisesse talve sobivad need saapad v\u00e4ga h\u00e4sti.<\/span><\/p>\n<p>&nbsp;<\/p>\n<p>Minimalisti m\u00f5\u00f5dud Yetidele<\/p>\n<table dir=\"ltr\" border=\"1\" cellspacing=\"0\" cellpadding=\"0\">\n<colgroup>\n<col width=\"82\" \/>\n<col width=\"59\" \/>\n<col width=\"56\" \/>\n<col width=\"61\" \/><\/colgroup>\n<tbody>\n<tr>\n<td style=\"text-align: center;\" data-sheets-value=\"{&quot;1&quot;:2,&quot;2&quot;:&quot;Suurus&quot;}\"><strong>Size<\/strong><\/td>\n<td style=\"text-align: center;\" data-sheets-value=\"{&quot;1&quot;:2,&quot;2&quot;:&quot;Stm&quot;}\"><strong>Inside length<\/strong><\/td>\n<td style=\"text-align: center;\" data-sheets-value=\"{&quot;1&quot;:2,&quot;2&quot;:&quot;Laius R&quot;}\"><strong>Laius R<\/strong><\/td>\n<td style=\"text-align: center;\" data-sheets-value=\"{&quot;1&quot;:2,&quot;2&quot;:&quot;Laius W&quot;}\"><strong>Laius W<\/strong><\/td>\n<\/tr>\n<tr>\n<td style=\"text-align: center;\" data-sheets-value=\"{&quot;1&quot;:2,&quot;2&quot;:&quot;21\/22&quot;}\"><strong>21\/22<\/strong><\/td>\n<td style=\"text-align: center;\" data-sheets-value=\"{&quot;1&quot;:3,&quot;3&quot;:13}\">13<\/td>\n<td style=\"text-align: center;\" data-sheets-value=\"{&quot;1&quot;:2,&quot;2&quot;:&quot;5,8&quot;}\">5,8<\/td>\n<td style=\"text-align: center;\" data-sheets-value=\"{&quot;1&quot;:2,&quot;2&quot;:&quot;6,2&quot;}\">6,2<\/td>\n<\/tr>\n<tr>\n<td style=\"text-align: center;\" data-sheets-value=\"{&quot;1&quot;:3,&quot;3&quot;:23}\"><strong>23<\/strong><\/td>\n<td style=\"text-align: center;\" data-sheets-value=\"{&quot;1&quot;:2,&quot;2&quot;:&quot;14,4&quot;}\">14,4<\/td>\n<td style=\"text-align: center;\" data-sheets-value=\"{&quot;1&quot;:2,&quot;2&quot;:&quot;6,2&quot;}\">6,2<\/td>\n<td style=\"text-align: center;\" data-sheets-value=\"{&quot;1&quot;:2,&quot;2&quot;:&quot;6,4&quot;}\">6,4<\/td>\n<\/tr>\n<tr>\n<td style=\"text-align: center;\" data-sheets-value=\"{&quot;1&quot;:2,&quot;2&quot;:&quot;24\/25&quot;}\"><strong>24\/25<\/strong><\/td>\n<td style=\"text-align: center;\" data-sheets-value=\"{&quot;1&quot;:2,&quot;2&quot;:&quot;15,2&quot;}\">15,2<\/td>\n<td style=\"text-align: center;\" data-sheets-value=\"{&quot;1&quot;:2,&quot;2&quot;:&quot;6,5&quot;}\">6,5<\/td>\n<td style=\"text-align: center;\" data-sheets-value=\"{&quot;1&quot;:2,&quot;2&quot;:&quot;6,8&quot;}\">6,8<\/td>\n<\/tr>\n<tr>\n<td style=\"text-align: center;\" data-sheets-value=\"{&quot;1&quot;:3,&quot;3&quot;:26}\"><strong>26<\/strong><\/td>\n<td style=\"text-align: center;\" data-sheets-value=\"{&quot;1&quot;:2,&quot;2&quot;:&quot;16,7&quot;}\">16,7<\/td>\n<td style=\"text-align: center;\" data-sheets-value=\"{&quot;1&quot;:2,&quot;2&quot;:&quot;6,6&quot;}\">6,6<\/td>\n<td style=\"text-align: center;\" data-sheets-value=\"{&quot;1&quot;:2,&quot;2&quot;:&quot;6,9&quot;}\">6,9<\/td>\n<\/tr>\n<tr>\n<td style=\"text-align: center;\" data-sheets-value=\"{&quot;1&quot;:2,&quot;2&quot;:&quot;27\/28&quot;}\"><strong>27\/28<\/strong><\/td>\n<td style=\"text-align: center;\" data-sheets-value=\"{&quot;1&quot;:2,&quot;2&quot;:&quot;17,4&quot;}\">17,4<\/td>\n<td style=\"text-align: center;\" data-sheets-value=\"{&quot;1&quot;:2,&quot;2&quot;:&quot;6,9&quot;}\">6,9<\/td>\n<td style=\"text-align: center;\" data-sheets-value=\"{&quot;1&quot;:2,&quot;2&quot;:&quot;7,1&quot;}\">7,1<\/td>\n<\/tr>\n<tr>\n<td style=\"text-align: center;\" data-sheets-value=\"{&quot;1&quot;:3,&quot;3&quot;:29}\"><strong>29<\/strong><\/td>\n<td style=\"text-align: center;\" data-sheets-value=\"{&quot;1&quot;:2,&quot;2&quot;:&quot;19,0&quot;}\">19,0<\/td>\n<td style=\"text-align: center;\" data-sheets-value=\"{&quot;1&quot;:2,&quot;2&quot;:&quot;7,1&quot;}\">7,1<\/td>\n<td style=\"text-align: center;\" data-sheets-value=\"{&quot;1&quot;:2,&quot;2&quot;:&quot;7,3&quot;}\">7,3<\/td>\n<\/tr>\n<\/tbody>\n<\/table>","protected":false},"excerpt":{"rendered":"<p>Zeazoo Yeti warm sheepskin lined winter boots<\/p>","protected":false},"featured_media":1335,"comment_status":"open","ping_status":"closed","template":"","meta":{"_monsterinsights_skip_tracking":false,"_monsterinsights_sitenote_active":false,"_monsterinsights_sitenote_note":"","_monsterinsights_sitenote_category":0,"neve_meta_sidebar":"","neve_meta_container":"","neve_meta_enable_content_width":"off","neve_meta_content_width":70,"neve_meta_title_alignment":"","neve_meta_author_avatar":"","neve_post_elements_order":"","neve_meta_disable_header":"","neve_meta_disable_footer":"","neve_meta_disable_title":""},"product_cat":[20,22],"product_tag":[],"yoast_head":"<!-- This site is optimized with the Yoast SEO plugin v22.4 - https:\/\/yoast.com\/wordpress\/plugins\/seo\/ -->\n<title>Zeazoo Yeti talvesaapad - Minimalist.ee<\/title>\n<meta name=\"description\" content=\"Paljajalujaltsid, barefoot jalatsid, jalatsid lastele, jalatsid t\u00e4iskasvanutele, kogu pere barefoot jalatsite pood\" \/>\n<meta name=\"robots\" content=\"index, follow, max-snippet:-1, max-image-preview:large, max-video-preview:-1\" \/>\n<link rel=\"canonical\" href=\"https:\/\/minimalist.ee\/en\/product\/zeazoo-yeti-talvesaapad\/\" \/>\n<meta property=\"og:locale\" content=\"en_US\" \/>\n<meta property=\"og:type\" content=\"article\" \/>\n<meta property=\"og:title\" content=\"Zeazoo Yeti talvesaapad - Minimalist.ee\" \/>\n<meta property=\"og:description\" content=\"Paljajalujaltsid, barefoot jalatsid, jalatsid lastele, jalatsid t\u00e4iskasvanutele, kogu pere barefoot jalatsite pood\" \/>\n<meta property=\"og:url\" content=\"https:\/\/minimalist.ee\/en\/product\/zeazoo-yeti-talvesaapad\/\" \/>\n<meta property=\"og:site_name\" content=\"Minimalist.ee\" \/>\n<meta property=\"article:publisher\" content=\"https:\/\/www.facebook.com\/www.minimalist.ee\" \/>\n<meta property=\"article:modified_time\" content=\"2024-11-11T02:25:32+00:00\" \/>\n<meta property=\"og:image\" content=\"https:\/\/minimalist.ee\/wp-content\/uploads\/2020\/08\/501-12-93-x10.jpg\" \/>\n\t<meta property=\"og:image:width\" content=\"264\" \/>\n\t<meta property=\"og:image:height\" content=\"264\" \/>\n\t<meta property=\"og:image:type\" content=\"image\/jpeg\" \/>\n<meta name=\"twitter:card\" content=\"summary_large_image\" \/>\n<meta name=\"twitter:label1\" content=\"Est. reading time\" \/>\n\t<meta name=\"twitter:data1\" content=\"1 minute\" \/>\n<script type=\"application\/ld+json\" class=\"yoast-schema-graph\">{\"@context\":\"https:\/\/schema.org\",\"@graph\":[{\"@type\":\"WebPage\",\"@id\":\"https:\/\/minimalist.ee\/toode\/zeazoo-yeti-talvesaapad\/\",\"url\":\"https:\/\/minimalist.ee\/toode\/zeazoo-yeti-talvesaapad\/\",\"name\":\"Zeazoo Yeti talvesaapad - Minimalist.ee\",\"isPartOf\":{\"@id\":\"https:\/\/minimalist.ee\/#website\"},\"primaryImageOfPage\":{\"@id\":\"https:\/\/minimalist.ee\/toode\/zeazoo-yeti-talvesaapad\/#primaryimage\"},\"image\":{\"@id\":\"https:\/\/minimalist.ee\/toode\/zeazoo-yeti-talvesaapad\/#primaryimage\"},\"thumbnailUrl\":\"https:\/\/minimalist.ee\/wp-content\/uploads\/2020\/08\/501-12-93-x10.jpg\",\"datePublished\":\"2021-01-22T10:21:47+00:00\",\"dateModified\":\"2024-11-11T02:25:32+00:00\",\"description\":\"Paljajalujaltsid, barefoot jalatsid, jalatsid lastele, jalatsid t\u00e4iskasvanutele, kogu pere barefoot jalatsite pood\",\"breadcrumb\":{\"@id\":\"https:\/\/minimalist.ee\/toode\/zeazoo-yeti-talvesaapad\/#breadcrumb\"},\"inLanguage\":\"en-US\",\"potentialAction\":[{\"@type\":\"ReadAction\",\"target\":[\"https:\/\/minimalist.ee\/toode\/zeazoo-yeti-talvesaapad\/\"]}]},{\"@type\":\"ImageObject\",\"inLanguage\":\"en-US\",\"@id\":\"https:\/\/minimalist.ee\/toode\/zeazoo-yeti-talvesaapad\/#primaryimage\",\"url\":\"https:\/\/minimalist.ee\/wp-content\/uploads\/2020\/08\/501-12-93-x10.jpg\",\"contentUrl\":\"https:\/\/minimalist.ee\/wp-content\/uploads\/2020\/08\/501-12-93-x10.jpg\",\"width\":264,\"height\":264,\"caption\":\"minimalist.ee\"},{\"@type\":\"BreadcrumbList\",\"@id\":\"https:\/\/minimalist.ee\/toode\/zeazoo-yeti-talvesaapad\/#breadcrumb\",\"itemListElement\":[{\"@type\":\"ListItem\",\"position\":1,\"name\":\"Home\",\"item\":\"https:\/\/minimalist.ee\/\"},{\"@type\":\"ListItem\",\"position\":2,\"name\":\"Pood\",\"item\":\"https:\/\/minimalist.ee\/pood\/\"},{\"@type\":\"ListItem\",\"position\":3,\"name\":\"Zeazoo Yeti talvesaapad\"}]},{\"@type\":\"WebSite\",\"@id\":\"https:\/\/minimalist.ee\/#website\",\"url\":\"https:\/\/minimalist.ee\/\",\"name\":\"Minimalist.ee\",\"description\":\"Barefoot jalatsid\",\"publisher\":{\"@id\":\"https:\/\/minimalist.ee\/#organization\"},\"potentialAction\":[{\"@type\":\"SearchAction\",\"target\":{\"@type\":\"EntryPoint\",\"urlTemplate\":\"https:\/\/minimalist.ee\/?s={search_term_string}\"},\"query-input\":\"required name=search_term_string\"}],\"inLanguage\":\"en-US\"},{\"@type\":\"Organization\",\"@id\":\"https:\/\/minimalist.ee\/#organization\",\"name\":\"Minimalist Shoes O\u00dc\",\"url\":\"https:\/\/minimalist.ee\/\",\"logo\":{\"@type\":\"ImageObject\",\"inLanguage\":\"en-US\",\"@id\":\"https:\/\/minimalist.ee\/#\/schema\/logo\/image\/\",\"url\":\"https:\/\/minimalist.ee\/wp-content\/uploads\/2020\/10\/Original.png\",\"contentUrl\":\"https:\/\/minimalist.ee\/wp-content\/uploads\/2020\/10\/Original.png\",\"width\":2048,\"height\":2000,\"caption\":\"Minimalist Shoes O\u00dc\"},\"image\":{\"@id\":\"https:\/\/minimalist.ee\/#\/schema\/logo\/image\/\"},\"sameAs\":[\"https:\/\/www.facebook.com\/www.minimalist.ee\",\"https:\/\/www.instagram.com\/minimalistshoesest\/\"]}]}<\/script>\n<!-- \/ Yoast SEO plugin. -->","yoast_head_json":{"title":"Zeazoo Yeti talvesaapad - Minimalist.ee","description":"Paljajalujaltsid, barefoot jalatsid, jalatsid lastele, jalatsid t\u00e4iskasvanutele, kogu pere barefoot jalatsite pood","robots":{"index":"index","follow":"follow","max-snippet":"max-snippet:-1","max-image-preview":"max-image-preview:large","max-video-preview":"max-video-preview:-1"},"canonical":"https:\/\/minimalist.ee\/en\/product\/zeazoo-yeti-talvesaapad\/","og_locale":"en_US","og_type":"article","og_title":"Zeazoo Yeti talvesaapad - Minimalist.ee","og_description":"Paljajalujaltsid, barefoot jalatsid, jalatsid lastele, jalatsid t\u00e4iskasvanutele, kogu pere barefoot jalatsite pood","og_url":"https:\/\/minimalist.ee\/en\/product\/zeazoo-yeti-talvesaapad\/","og_site_name":"Minimalist.ee","article_publisher":"https:\/\/www.facebook.com\/www.minimalist.ee","article_modified_time":"2024-11-11T02:25:32+00:00","og_image":[{"width":264,"height":264,"url":"https:\/\/minimalist.ee\/wp-content\/uploads\/2020\/08\/501-12-93-x10.jpg","type":"image\/jpeg"}],"twitter_card":"summary_large_image","twitter_misc":{"Est. reading time":"1 minute"},"schema":{"@context":"https:\/\/schema.org","@graph":[{"@type":"WebPage","@id":"https:\/\/minimalist.ee\/toode\/zeazoo-yeti-talvesaapad\/","url":"https:\/\/minimalist.ee\/toode\/zeazoo-yeti-talvesaapad\/","name":"Zeazoo Yeti talvesaapad - Minimalist.ee","isPartOf":{"@id":"https:\/\/minimalist.ee\/#website"},"primaryImageOfPage":{"@id":"https:\/\/minimalist.ee\/toode\/zeazoo-yeti-talvesaapad\/#primaryimage"},"image":{"@id":"https:\/\/minimalist.ee\/toode\/zeazoo-yeti-talvesaapad\/#primaryimage"},"thumbnailUrl":"https:\/\/minimalist.ee\/wp-content\/uploads\/2020\/08\/501-12-93-x10.jpg","datePublished":"2021-01-22T10:21:47+00:00","dateModified":"2024-11-11T02:25:32+00:00","description":"Paljajalujaltsid, barefoot jalatsid, jalatsid lastele, jalatsid t\u00e4iskasvanutele, kogu pere barefoot jalatsite pood","breadcrumb":{"@id":"https:\/\/minimalist.ee\/toode\/zeazoo-yeti-talvesaapad\/#breadcrumb"},"inLanguage":"en-US","potentialAction":[{"@type":"ReadAction","target":["https:\/\/minimalist.ee\/toode\/zeazoo-yeti-talvesaapad\/"]}]},{"@type":"ImageObject","inLanguage":"en-US","@id":"https:\/\/minimalist.ee\/toode\/zeazoo-yeti-talvesaapad\/#primaryimage","url":"https:\/\/minimalist.ee\/wp-content\/uploads\/2020\/08\/501-12-93-x10.jpg","contentUrl":"https:\/\/minimalist.ee\/wp-content\/uploads\/2020\/08\/501-12-93-x10.jpg","width":264,"height":264,"caption":"minimalist.ee"},{"@type":"BreadcrumbList","@id":"https:\/\/minimalist.ee\/toode\/zeazoo-yeti-talvesaapad\/#breadcrumb","itemListElement":[{"@type":"ListItem","position":1,"name":"Home","item":"https:\/\/minimalist.ee\/"},{"@type":"ListItem","position":2,"name":"Pood","item":"https:\/\/minimalist.ee\/pood\/"},{"@type":"ListItem","position":3,"name":"Zeazoo Yeti talvesaapad"}]},{"@type":"WebSite","@id":"https:\/\/minimalist.ee\/#website","url":"https:\/\/minimalist.ee\/","name":"Minimalist.ee","description":"Barefoot jalatsid","publisher":{"@id":"https:\/\/minimalist.ee\/#organization"},"potentialAction":[{"@type":"SearchAction","target":{"@type":"EntryPoint","urlTemplate":"https:\/\/minimalist.ee\/?s={search_term_string}"},"query-input":"required name=search_term_string"}],"inLanguage":"en-US"},{"@type":"Organization","@id":"https:\/\/minimalist.ee\/#organization","name":"Minimalist Shoes O\u00dc","url":"https:\/\/minimalist.ee\/","logo":{"@type":"ImageObject","inLanguage":"en-US","@id":"https:\/\/minimalist.ee\/#\/schema\/logo\/image\/","url":"https:\/\/minimalist.ee\/wp-content\/uploads\/2020\/10\/Original.png","contentUrl":"https:\/\/minimalist.ee\/wp-content\/uploads\/2020\/10\/Original.png","width":2048,"height":2000,"caption":"Minimalist Shoes O\u00dc"},"image":{"@id":"https:\/\/minimalist.ee\/#\/schema\/logo\/image\/"},"sameAs":["https:\/\/www.facebook.com\/www.minimalist.ee","https:\/\/www.instagram.com\/minimalistshoesest\/"]}]}},"jetpack_sharing_enabled":true,"_links":{"self":[{"href":"https:\/\/minimalist.ee\/en\/wp-json\/wp\/v2\/product\/4125"}],"collection":[{"href":"https:\/\/minimalist.ee\/en\/wp-json\/wp\/v2\/product"}],"about":[{"href":"https:\/\/minimalist.ee\/en\/wp-json\/wp\/v2\/types\/product"}],"replies":[{"embeddable":true,"href":"https:\/\/minimalist.ee\/en\/wp-json\/wp\/v2\/comments?post=4125"}],"wp:featuredmedia":[{"embeddable":true,"href":"https:\/\/minimalist.ee\/en\/wp-json\/wp\/v2\/media\/1335"}],"wp:attachment":[{"href":"https:\/\/minimalist.ee\/en\/wp-json\/wp\/v2\/media?parent=4125"}],"wp:term":[{"taxonomy":"product_cat","embeddable":true,"href":"https:\/\/minimalist.ee\/en\/wp-json\/wp\/v2\/product_cat?post=4125"},{"taxonomy":"product_tag","embeddable":true,"href":"https:\/\/minimalist.ee\/en\/wp-json\/wp\/v2\/product_tag?post=4125"}],"curies":[{"name":"wp","href":"https:\/\/api.w.org\/{rel}","templated":true}]}}