{"id":3985,"date":"2021-01-22T11:11:55","date_gmt":"2021-01-22T11:11:55","guid":{"rendered":"https:\/\/minimalist.ee\/?post_type=product&#038;p=3985"},"modified":"2025-04-04T09:02:06","modified_gmt":"2025-04-04T09:02:06","slug":"goldenmix-halva-lohna-eemaldaja","status":"publish","type":"product","link":"https:\/\/minimalist.ee\/en\/product\/goldenmix-halva-lohna-eemaldaja\/","title":{"rendered":"Goldenmix bad odor remover"},"content":{"rendered":"<p><span data-sheets-value=\"{&quot;1&quot;:2,&quot;2&quot;:&quot;T\u00e4iesti uut t\u00fc\u00fcpi halva l\u00f5han eemaldaja. Toode l\u00f5hustab halba l\u00f5hna tekitava gaasi keemiliselt. T\u00f5hus vahend orgaanilise ja keemilise l\u00f5hna eemaldamiseks. Sobib igat t\u00fc\u00fcpi materjalile jalatsitele, riietele, spordivarustusele. Elimineerib t\u00f5huslat higi, tubaka, hallituse, lemmikloomade p\u00f5hjustatud halba l\u00f5hna. Toode ei sisalda kemikaale.\\n\\nKasutamine: piserda ainet probleemsele kohale ja lase m\u00f5ni minut m\u00f5juda.&quot;}\" data-sheets-userformat=\"{&quot;2&quot;:513,&quot;3&quot;:{&quot;1&quot;:0},&quot;12&quot;:0}\">T\u00e4iesti uut t\u00fc\u00fcpi halva l\u00f5hna eemaldaja 120ml. Toode l\u00f5hustab halba l\u00f5hna tekitava gaasi keemiliselt. T\u00f5hus vahend orgaanilise ja keemilise l\u00f5hna eemaldamiseks. Sobib igat t\u00fc\u00fcpi materjalile jalatsitele, riietele, spordivarustusele. Elimineerib t\u00f5husalt higi, tubaka, hallituse, lemmikloomade p\u00f5hjustatud halba l\u00f5hna. Toode ei sisalda kemikaale.<\/span><\/p>\n<p>Use: spray the substance on the problem area and let it work for a few minutes.<\/p>","protected":false},"excerpt":{"rendered":"<p><span data-sheets-value=\"{&quot;1&quot;:2,&quot;2&quot;:&quot;T\u00e4iesti uut t\u00fc\u00fcpi halva l\u00f5han eemaldaja. Toode l\u00f5hustab halba l\u00f5hna tekitava gaasi keemiliselt. T\u00f5hus vahend orgaanilise ja keemilise l\u00f5hna eemaldamiseks. Sobib igat t\u00fc\u00fcpi materjalile jalatsitele, riietele, spordivarustusele. Elimineerib t\u00f5huslat higi, tubaka, hallituse, lemmikloomade p\u00f5hjustatud halba l\u00f5hna. Toode ei sisalda kemikaale.\\n\\nKasutamine: piserda ainet probleemsele kohale ja lase m\u00f5ni minut m\u00f5juda.&quot;}\" data-sheets-userformat=\"{&quot;2&quot;:513,&quot;3&quot;:{&quot;1&quot;:0},&quot;12&quot;:0}\">T\u00e4iesti uut t\u00fc\u00fcpi halva l\u00f5hna eemaldaja.\u00a0<\/span><\/p>","protected":false},"featured_media":4256,"comment_status":"open","ping_status":"closed","template":"","meta":{"_monsterinsights_skip_tracking":false,"_monsterinsights_sitenote_active":false,"_monsterinsights_sitenote_note":"","_monsterinsights_sitenote_category":0,"neve_meta_sidebar":"","neve_meta_container":"","neve_meta_enable_content_width":"off","neve_meta_content_width":70,"neve_meta_title_alignment":"","neve_meta_author_avatar":"","neve_post_elements_order":"","neve_meta_disable_header":"","neve_meta_disable_footer":"","neve_meta_disable_title":""},"product_cat":[254],"product_tag":[202,235,204,203,205],"yoast_head":"<!-- This site is optimized with the Yoast SEO plugin v22.4 - https:\/\/yoast.com\/wordpress\/plugins\/seo\/ -->\n<title>Goldenmix halva l\u00f5hna eemaldaja - Minimalist.ee<\/title>\n<meta name=\"description\" content=\"Paljajalujalatsid, barefoot jalatsid, jalatsid lastele, jalatsid t\u00e4iskasvanutele, kogu pere barefoot jalatsite pood\" \/>\n<meta name=\"robots\" content=\"index, follow, max-snippet:-1, max-image-preview:large, max-video-preview:-1\" \/>\n<link rel=\"canonical\" href=\"https:\/\/minimalist.ee\/en\/product\/goldenmix-halva-lohna-eemaldaja\/\" \/>\n<meta property=\"og:locale\" content=\"en_US\" \/>\n<meta property=\"og:type\" content=\"article\" \/>\n<meta property=\"og:title\" content=\"Goldenmix halva l\u00f5hna eemaldaja - Minimalist.ee\" \/>\n<meta property=\"og:description\" content=\"Paljajalujalatsid, barefoot jalatsid, jalatsid lastele, jalatsid t\u00e4iskasvanutele, kogu pere barefoot jalatsite pood\" \/>\n<meta property=\"og:url\" content=\"https:\/\/minimalist.ee\/en\/product\/goldenmix-halva-lohna-eemaldaja\/\" \/>\n<meta property=\"og:site_name\" content=\"Minimalist.ee\" \/>\n<meta property=\"article:publisher\" content=\"https:\/\/www.facebook.com\/www.minimalist.ee\" \/>\n<meta property=\"article:modified_time\" content=\"2025-04-04T09:02:06+00:00\" \/>\n<meta property=\"og:image\" content=\"https:\/\/minimalist.ee\/wp-content\/uploads\/2021\/01\/IMG_4697-scaled.jpg\" \/>\n\t<meta property=\"og:image:width\" content=\"1920\" \/>\n\t<meta property=\"og:image:height\" content=\"2560\" \/>\n\t<meta property=\"og:image:type\" content=\"image\/jpeg\" \/>\n<meta name=\"twitter:card\" content=\"summary_large_image\" \/>\n<meta name=\"twitter:label1\" content=\"Est. reading time\" \/>\n\t<meta name=\"twitter:data1\" content=\"1 minute\" \/>\n<script type=\"application\/ld+json\" class=\"yoast-schema-graph\">{\"@context\":\"https:\/\/schema.org\",\"@graph\":[{\"@type\":\"WebPage\",\"@id\":\"https:\/\/minimalist.ee\/toode\/goldenmix-halva-lohna-eemaldaja\/\",\"url\":\"https:\/\/minimalist.ee\/toode\/goldenmix-halva-lohna-eemaldaja\/\",\"name\":\"Goldenmix halva l\u00f5hna eemaldaja - Minimalist.ee\",\"isPartOf\":{\"@id\":\"https:\/\/minimalist.ee\/#website\"},\"primaryImageOfPage\":{\"@id\":\"https:\/\/minimalist.ee\/toode\/goldenmix-halva-lohna-eemaldaja\/#primaryimage\"},\"image\":{\"@id\":\"https:\/\/minimalist.ee\/toode\/goldenmix-halva-lohna-eemaldaja\/#primaryimage\"},\"thumbnailUrl\":\"https:\/\/minimalist.ee\/wp-content\/uploads\/2021\/01\/IMG_4697-scaled.jpg\",\"datePublished\":\"2021-01-22T11:11:55+00:00\",\"dateModified\":\"2025-04-04T09:02:06+00:00\",\"description\":\"Paljajalujalatsid, barefoot jalatsid, jalatsid lastele, jalatsid t\u00e4iskasvanutele, kogu pere barefoot jalatsite pood\",\"breadcrumb\":{\"@id\":\"https:\/\/minimalist.ee\/toode\/goldenmix-halva-lohna-eemaldaja\/#breadcrumb\"},\"inLanguage\":\"en-US\",\"potentialAction\":[{\"@type\":\"ReadAction\",\"target\":[\"https:\/\/minimalist.ee\/toode\/goldenmix-halva-lohna-eemaldaja\/\"]}]},{\"@type\":\"ImageObject\",\"inLanguage\":\"en-US\",\"@id\":\"https:\/\/minimalist.ee\/toode\/goldenmix-halva-lohna-eemaldaja\/#primaryimage\",\"url\":\"https:\/\/minimalist.ee\/wp-content\/uploads\/2021\/01\/IMG_4697-scaled.jpg\",\"contentUrl\":\"https:\/\/minimalist.ee\/wp-content\/uploads\/2021\/01\/IMG_4697-scaled.jpg\",\"width\":1920,\"height\":2560,\"caption\":\"minimalist.ee\"},{\"@type\":\"BreadcrumbList\",\"@id\":\"https:\/\/minimalist.ee\/toode\/goldenmix-halva-lohna-eemaldaja\/#breadcrumb\",\"itemListElement\":[{\"@type\":\"ListItem\",\"position\":1,\"name\":\"Home\",\"item\":\"https:\/\/minimalist.ee\/\"},{\"@type\":\"ListItem\",\"position\":2,\"name\":\"Pood\",\"item\":\"https:\/\/minimalist.ee\/pood\/\"},{\"@type\":\"ListItem\",\"position\":3,\"name\":\"Goldenmix halva l\u00f5hna eemaldaja\"}]},{\"@type\":\"WebSite\",\"@id\":\"https:\/\/minimalist.ee\/#website\",\"url\":\"https:\/\/minimalist.ee\/\",\"name\":\"Minimalist.ee\",\"description\":\"Barefoot jalatsid\",\"publisher\":{\"@id\":\"https:\/\/minimalist.ee\/#organization\"},\"potentialAction\":[{\"@type\":\"SearchAction\",\"target\":{\"@type\":\"EntryPoint\",\"urlTemplate\":\"https:\/\/minimalist.ee\/?s={search_term_string}\"},\"query-input\":\"required name=search_term_string\"}],\"inLanguage\":\"en-US\"},{\"@type\":\"Organization\",\"@id\":\"https:\/\/minimalist.ee\/#organization\",\"name\":\"Minimalist Shoes O\u00dc\",\"url\":\"https:\/\/minimalist.ee\/\",\"logo\":{\"@type\":\"ImageObject\",\"inLanguage\":\"en-US\",\"@id\":\"https:\/\/minimalist.ee\/#\/schema\/logo\/image\/\",\"url\":\"https:\/\/minimalist.ee\/wp-content\/uploads\/2020\/10\/Original.png\",\"contentUrl\":\"https:\/\/minimalist.ee\/wp-content\/uploads\/2020\/10\/Original.png\",\"width\":2048,\"height\":2000,\"caption\":\"Minimalist Shoes O\u00dc\"},\"image\":{\"@id\":\"https:\/\/minimalist.ee\/#\/schema\/logo\/image\/\"},\"sameAs\":[\"https:\/\/www.facebook.com\/www.minimalist.ee\",\"https:\/\/www.instagram.com\/minimalistshoesest\/\"]}]}<\/script>\n<!-- \/ Yoast SEO plugin. -->","yoast_head_json":{"title":"Goldenmix halva l\u00f5hna eemaldaja - Minimalist.ee","description":"Paljajalujalatsid, barefoot jalatsid, jalatsid lastele, jalatsid t\u00e4iskasvanutele, kogu pere barefoot jalatsite pood","robots":{"index":"index","follow":"follow","max-snippet":"max-snippet:-1","max-image-preview":"max-image-preview:large","max-video-preview":"max-video-preview:-1"},"canonical":"https:\/\/minimalist.ee\/en\/product\/goldenmix-halva-lohna-eemaldaja\/","og_locale":"en_US","og_type":"article","og_title":"Goldenmix halva l\u00f5hna eemaldaja - Minimalist.ee","og_description":"Paljajalujalatsid, barefoot jalatsid, jalatsid lastele, jalatsid t\u00e4iskasvanutele, kogu pere barefoot jalatsite pood","og_url":"https:\/\/minimalist.ee\/en\/product\/goldenmix-halva-lohna-eemaldaja\/","og_site_name":"Minimalist.ee","article_publisher":"https:\/\/www.facebook.com\/www.minimalist.ee","article_modified_time":"2025-04-04T09:02:06+00:00","og_image":[{"width":1920,"height":2560,"url":"https:\/\/minimalist.ee\/wp-content\/uploads\/2021\/01\/IMG_4697-scaled.jpg","type":"image\/jpeg"}],"twitter_card":"summary_large_image","twitter_misc":{"Est. reading time":"1 minute"},"schema":{"@context":"https:\/\/schema.org","@graph":[{"@type":"WebPage","@id":"https:\/\/minimalist.ee\/toode\/goldenmix-halva-lohna-eemaldaja\/","url":"https:\/\/minimalist.ee\/toode\/goldenmix-halva-lohna-eemaldaja\/","name":"Goldenmix halva l\u00f5hna eemaldaja - Minimalist.ee","isPartOf":{"@id":"https:\/\/minimalist.ee\/#website"},"primaryImageOfPage":{"@id":"https:\/\/minimalist.ee\/toode\/goldenmix-halva-lohna-eemaldaja\/#primaryimage"},"image":{"@id":"https:\/\/minimalist.ee\/toode\/goldenmix-halva-lohna-eemaldaja\/#primaryimage"},"thumbnailUrl":"https:\/\/minimalist.ee\/wp-content\/uploads\/2021\/01\/IMG_4697-scaled.jpg","datePublished":"2021-01-22T11:11:55+00:00","dateModified":"2025-04-04T09:02:06+00:00","description":"Paljajalujalatsid, barefoot jalatsid, jalatsid lastele, jalatsid t\u00e4iskasvanutele, kogu pere barefoot jalatsite pood","breadcrumb":{"@id":"https:\/\/minimalist.ee\/toode\/goldenmix-halva-lohna-eemaldaja\/#breadcrumb"},"inLanguage":"en-US","potentialAction":[{"@type":"ReadAction","target":["https:\/\/minimalist.ee\/toode\/goldenmix-halva-lohna-eemaldaja\/"]}]},{"@type":"ImageObject","inLanguage":"en-US","@id":"https:\/\/minimalist.ee\/toode\/goldenmix-halva-lohna-eemaldaja\/#primaryimage","url":"https:\/\/minimalist.ee\/wp-content\/uploads\/2021\/01\/IMG_4697-scaled.jpg","contentUrl":"https:\/\/minimalist.ee\/wp-content\/uploads\/2021\/01\/IMG_4697-scaled.jpg","width":1920,"height":2560,"caption":"minimalist.ee"},{"@type":"BreadcrumbList","@id":"https:\/\/minimalist.ee\/toode\/goldenmix-halva-lohna-eemaldaja\/#breadcrumb","itemListElement":[{"@type":"ListItem","position":1,"name":"Home","item":"https:\/\/minimalist.ee\/"},{"@type":"ListItem","position":2,"name":"Pood","item":"https:\/\/minimalist.ee\/pood\/"},{"@type":"ListItem","position":3,"name":"Goldenmix halva l\u00f5hna eemaldaja"}]},{"@type":"WebSite","@id":"https:\/\/minimalist.ee\/#website","url":"https:\/\/minimalist.ee\/","name":"Minimalist.ee","description":"Barefoot jalatsid","publisher":{"@id":"https:\/\/minimalist.ee\/#organization"},"potentialAction":[{"@type":"SearchAction","target":{"@type":"EntryPoint","urlTemplate":"https:\/\/minimalist.ee\/?s={search_term_string}"},"query-input":"required name=search_term_string"}],"inLanguage":"en-US"},{"@type":"Organization","@id":"https:\/\/minimalist.ee\/#organization","name":"Minimalist Shoes O\u00dc","url":"https:\/\/minimalist.ee\/","logo":{"@type":"ImageObject","inLanguage":"en-US","@id":"https:\/\/minimalist.ee\/#\/schema\/logo\/image\/","url":"https:\/\/minimalist.ee\/wp-content\/uploads\/2020\/10\/Original.png","contentUrl":"https:\/\/minimalist.ee\/wp-content\/uploads\/2020\/10\/Original.png","width":2048,"height":2000,"caption":"Minimalist Shoes O\u00dc"},"image":{"@id":"https:\/\/minimalist.ee\/#\/schema\/logo\/image\/"},"sameAs":["https:\/\/www.facebook.com\/www.minimalist.ee","https:\/\/www.instagram.com\/minimalistshoesest\/"]}]}},"jetpack_sharing_enabled":true,"_links":{"self":[{"href":"https:\/\/minimalist.ee\/en\/wp-json\/wp\/v2\/product\/3985"}],"collection":[{"href":"https:\/\/minimalist.ee\/en\/wp-json\/wp\/v2\/product"}],"about":[{"href":"https:\/\/minimalist.ee\/en\/wp-json\/wp\/v2\/types\/product"}],"replies":[{"embeddable":true,"href":"https:\/\/minimalist.ee\/en\/wp-json\/wp\/v2\/comments?post=3985"}],"wp:featuredmedia":[{"embeddable":true,"href":"https:\/\/minimalist.ee\/en\/wp-json\/wp\/v2\/media\/4256"}],"wp:attachment":[{"href":"https:\/\/minimalist.ee\/en\/wp-json\/wp\/v2\/media?parent=3985"}],"wp:term":[{"taxonomy":"product_cat","embeddable":true,"href":"https:\/\/minimalist.ee\/en\/wp-json\/wp\/v2\/product_cat?post=3985"},{"taxonomy":"product_tag","embeddable":true,"href":"https:\/\/minimalist.ee\/en\/wp-json\/wp\/v2\/product_tag?post=3985"}],"curies":[{"name":"wp","href":"https:\/\/api.w.org\/{rel}","templated":true}]}}