{"id":3984,"date":"2021-01-22T11:05:56","date_gmt":"2021-01-22T11:05:56","guid":{"rendered":"https:\/\/minimalist.ee\/?post_type=product&#038;p=3984"},"modified":"2025-04-04T04:12:54","modified_gmt":"2025-04-04T04:12:54","slug":"goldenmix-jalatsikaitse","status":"publish","type":"product","link":"https:\/\/minimalist.ee\/en\/product\/goldenmix-jalatsikaitse\/","title":{"rendered":"Goldenmix Shoe protection"},"content":{"rendered":"<p><span data-sheets-value=\"{&quot;1&quot;:2,&quot;2&quot;:&quot;Goldenmix Jalatsikaitse kaitseb teie jalatseid t\u00f5husalt niiskuse ja mustuse eest. Toode sobib ideaalselt seemis- ja nubuknahale ning erinevatele tekstiilist pindadele. Peale pinna t\u00f6\u00f6tlemist Goldenmix Jalatsikaitsega muutub pind h\u00fcdrofoobseks ning k\u00f5ik vedelikud jooksevad lihtsalt maha, j\u00e4tmata \u00fchtegi j\u00e4lge t\u00f6\u00f6deldud pinnale.\\nKaitse kestab v\u00e4hemalt 6 kuud. Jalatsid s\u00e4ilitavad vetth\u00fclgava omaduse ka p\u00e4rast masinpesu.&quot;}\" data-sheets-userformat=\"{&quot;2&quot;:513,&quot;3&quot;:{&quot;1&quot;:0},&quot;12&quot;:0}\">Goldenmix Shoe protection effectively protects your shoes from moisture and dirt. The product is ideal for suede and nubuck leather and various textile surfaces. After treating the surface with Goldenmix Shoe Protection, the surface becomes hydrophobic and all liquids simply run off without leaving any traces on the treated surface.<\/span><\/p>\n<p><span data-sheets-value=\"{&quot;1&quot;:2,&quot;2&quot;:&quot;Goldenmix Jalatsikaitse kaitseb teie jalatseid t\u00f5husalt niiskuse ja mustuse eest. Toode sobib ideaalselt seemis- ja nubuknahale ning erinevatele tekstiilist pindadele. Peale pinna t\u00f6\u00f6tlemist Goldenmix Jalatsikaitsega muutub pind h\u00fcdrofoobseks ning k\u00f5ik vedelikud jooksevad lihtsalt maha, j\u00e4tmata \u00fchtegi j\u00e4lge t\u00f6\u00f6deldud pinnale.\\nKaitse kestab v\u00e4hemalt 6 kuud. Jalatsid s\u00e4ilitavad vetth\u00fclgava omaduse ka p\u00e4rast masinpesu.&quot;}\" data-sheets-userformat=\"{&quot;2&quot;:513,&quot;3&quot;:{&quot;1&quot;:0},&quot;12&quot;:0}\"><br \/>\nProtection lasts at least 6 months. The shoes retain their water-repellent properties even after machine washing.<\/span><\/p>","protected":false},"excerpt":{"rendered":"<p><span data-sheets-value=\"{&quot;1&quot;:2,&quot;2&quot;:&quot;Goldenmix Jalatsikaitse kaitseb teie jalatseid t\u00f5husalt niiskuse ja mustuse eest. Toode sobib ideaalselt seemis- ja nubuknahale ning erinevatele tekstiilist pindadele. Peale pinna t\u00f6\u00f6tlemist Goldenmix Jalatsikaitsega muutub pind h\u00fcdrofoobseks ning k\u00f5ik vedelikud jooksevad lihtsalt maha, j\u00e4tmata \u00fchtegi j\u00e4lge t\u00f6\u00f6deldud pinnale.\\nKaitse kestab v\u00e4hemalt 6 kuud. Jalatsid s\u00e4ilitavad vetth\u00fclgava omaduse ka p\u00e4rast masinpesu.&quot;}\" data-sheets-userformat=\"{&quot;2&quot;:513,&quot;3&quot;:{&quot;1&quot;:0},&quot;12&quot;:0}\">Goldenmix Shoe protection effectively protects your shoes from moisture and dirt.<\/span><\/p>","protected":false},"featured_media":4255,"comment_status":"open","ping_status":"closed","template":"","meta":{"_monsterinsights_skip_tracking":false,"_monsterinsights_sitenote_active":false,"_monsterinsights_sitenote_note":"","_monsterinsights_sitenote_category":0,"neve_meta_sidebar":"","neve_meta_container":"","neve_meta_enable_content_width":"off","neve_meta_content_width":70,"neve_meta_title_alignment":"","neve_meta_author_avatar":"","neve_post_elements_order":"","neve_meta_disable_header":"","neve_meta_disable_footer":"","neve_meta_disable_title":""},"product_cat":[254],"product_tag":[],"yoast_head":"<!-- This site is optimized with the Yoast SEO plugin v22.4 - https:\/\/yoast.com\/wordpress\/plugins\/seo\/ -->\n<title>Goldenmix Jalatsikaitse - Minimalist.ee<\/title>\n<meta name=\"description\" content=\"Paljajalujaltsid, barefoot jalatsid, jalatsid lastele, jalatsid t\u00e4iskasvanutele, kogu pere barefoot jalatsite pood\" \/>\n<meta name=\"robots\" content=\"index, follow, max-snippet:-1, max-image-preview:large, max-video-preview:-1\" \/>\n<link rel=\"canonical\" href=\"https:\/\/minimalist.ee\/en\/product\/goldenmix-jalatsikaitse\/\" \/>\n<meta property=\"og:locale\" content=\"en_US\" \/>\n<meta property=\"og:type\" content=\"article\" \/>\n<meta property=\"og:title\" content=\"Goldenmix Jalatsikaitse - Minimalist.ee\" \/>\n<meta property=\"og:description\" content=\"Paljajalujaltsid, barefoot jalatsid, jalatsid lastele, jalatsid t\u00e4iskasvanutele, kogu pere barefoot jalatsite pood\" \/>\n<meta property=\"og:url\" content=\"https:\/\/minimalist.ee\/en\/product\/goldenmix-jalatsikaitse\/\" \/>\n<meta property=\"og:site_name\" content=\"Minimalist.ee\" \/>\n<meta property=\"article:publisher\" content=\"https:\/\/www.facebook.com\/www.minimalist.ee\" \/>\n<meta property=\"article:modified_time\" content=\"2025-04-04T04:12:54+00:00\" \/>\n<meta property=\"og:image\" content=\"https:\/\/minimalist.ee\/wp-content\/uploads\/2021\/01\/IMG_4693-scaled.jpg\" \/>\n\t<meta property=\"og:image:width\" content=\"1920\" \/>\n\t<meta property=\"og:image:height\" content=\"2560\" \/>\n\t<meta property=\"og:image:type\" content=\"image\/jpeg\" \/>\n<meta name=\"twitter:card\" content=\"summary_large_image\" \/>\n<meta name=\"twitter:label1\" content=\"Est. reading time\" \/>\n\t<meta name=\"twitter:data1\" content=\"1 minute\" \/>\n<script type=\"application\/ld+json\" class=\"yoast-schema-graph\">{\"@context\":\"https:\/\/schema.org\",\"@graph\":[{\"@type\":\"WebPage\",\"@id\":\"https:\/\/minimalist.ee\/toode\/goldenmix-jalatsikaitse\/\",\"url\":\"https:\/\/minimalist.ee\/toode\/goldenmix-jalatsikaitse\/\",\"name\":\"Goldenmix Jalatsikaitse - Minimalist.ee\",\"isPartOf\":{\"@id\":\"https:\/\/minimalist.ee\/#website\"},\"primaryImageOfPage\":{\"@id\":\"https:\/\/minimalist.ee\/toode\/goldenmix-jalatsikaitse\/#primaryimage\"},\"image\":{\"@id\":\"https:\/\/minimalist.ee\/toode\/goldenmix-jalatsikaitse\/#primaryimage\"},\"thumbnailUrl\":\"https:\/\/minimalist.ee\/wp-content\/uploads\/2021\/01\/IMG_4693-scaled.jpg\",\"datePublished\":\"2021-01-22T11:05:56+00:00\",\"dateModified\":\"2025-04-04T04:12:54+00:00\",\"description\":\"Paljajalujaltsid, barefoot jalatsid, jalatsid lastele, jalatsid t\u00e4iskasvanutele, kogu pere barefoot jalatsite pood\",\"breadcrumb\":{\"@id\":\"https:\/\/minimalist.ee\/toode\/goldenmix-jalatsikaitse\/#breadcrumb\"},\"inLanguage\":\"en-US\",\"potentialAction\":[{\"@type\":\"ReadAction\",\"target\":[\"https:\/\/minimalist.ee\/toode\/goldenmix-jalatsikaitse\/\"]}]},{\"@type\":\"ImageObject\",\"inLanguage\":\"en-US\",\"@id\":\"https:\/\/minimalist.ee\/toode\/goldenmix-jalatsikaitse\/#primaryimage\",\"url\":\"https:\/\/minimalist.ee\/wp-content\/uploads\/2021\/01\/IMG_4693-scaled.jpg\",\"contentUrl\":\"https:\/\/minimalist.ee\/wp-content\/uploads\/2021\/01\/IMG_4693-scaled.jpg\",\"width\":1920,\"height\":2560,\"caption\":\"minimalist.ee\"},{\"@type\":\"BreadcrumbList\",\"@id\":\"https:\/\/minimalist.ee\/toode\/goldenmix-jalatsikaitse\/#breadcrumb\",\"itemListElement\":[{\"@type\":\"ListItem\",\"position\":1,\"name\":\"Home\",\"item\":\"https:\/\/minimalist.ee\/\"},{\"@type\":\"ListItem\",\"position\":2,\"name\":\"Pood\",\"item\":\"https:\/\/minimalist.ee\/pood\/\"},{\"@type\":\"ListItem\",\"position\":3,\"name\":\"Goldenmix Jalatsikaitse\"}]},{\"@type\":\"WebSite\",\"@id\":\"https:\/\/minimalist.ee\/#website\",\"url\":\"https:\/\/minimalist.ee\/\",\"name\":\"Minimalist.ee\",\"description\":\"Barefoot jalatsid\",\"publisher\":{\"@id\":\"https:\/\/minimalist.ee\/#organization\"},\"potentialAction\":[{\"@type\":\"SearchAction\",\"target\":{\"@type\":\"EntryPoint\",\"urlTemplate\":\"https:\/\/minimalist.ee\/?s={search_term_string}\"},\"query-input\":\"required name=search_term_string\"}],\"inLanguage\":\"en-US\"},{\"@type\":\"Organization\",\"@id\":\"https:\/\/minimalist.ee\/#organization\",\"name\":\"Minimalist Shoes O\u00dc\",\"url\":\"https:\/\/minimalist.ee\/\",\"logo\":{\"@type\":\"ImageObject\",\"inLanguage\":\"en-US\",\"@id\":\"https:\/\/minimalist.ee\/#\/schema\/logo\/image\/\",\"url\":\"https:\/\/minimalist.ee\/wp-content\/uploads\/2020\/10\/Original.png\",\"contentUrl\":\"https:\/\/minimalist.ee\/wp-content\/uploads\/2020\/10\/Original.png\",\"width\":2048,\"height\":2000,\"caption\":\"Minimalist Shoes O\u00dc\"},\"image\":{\"@id\":\"https:\/\/minimalist.ee\/#\/schema\/logo\/image\/\"},\"sameAs\":[\"https:\/\/www.facebook.com\/www.minimalist.ee\",\"https:\/\/www.instagram.com\/minimalistshoesest\/\"]}]}<\/script>\n<!-- \/ Yoast SEO plugin. -->","yoast_head_json":{"title":"Goldenmix Jalatsikaitse - Minimalist.ee","description":"Paljajalujaltsid, barefoot jalatsid, jalatsid lastele, jalatsid t\u00e4iskasvanutele, kogu pere barefoot jalatsite pood","robots":{"index":"index","follow":"follow","max-snippet":"max-snippet:-1","max-image-preview":"max-image-preview:large","max-video-preview":"max-video-preview:-1"},"canonical":"https:\/\/minimalist.ee\/en\/product\/goldenmix-jalatsikaitse\/","og_locale":"en_US","og_type":"article","og_title":"Goldenmix Jalatsikaitse - Minimalist.ee","og_description":"Paljajalujaltsid, barefoot jalatsid, jalatsid lastele, jalatsid t\u00e4iskasvanutele, kogu pere barefoot jalatsite pood","og_url":"https:\/\/minimalist.ee\/en\/product\/goldenmix-jalatsikaitse\/","og_site_name":"Minimalist.ee","article_publisher":"https:\/\/www.facebook.com\/www.minimalist.ee","article_modified_time":"2025-04-04T04:12:54+00:00","og_image":[{"width":1920,"height":2560,"url":"https:\/\/minimalist.ee\/wp-content\/uploads\/2021\/01\/IMG_4693-scaled.jpg","type":"image\/jpeg"}],"twitter_card":"summary_large_image","twitter_misc":{"Est. reading time":"1 minute"},"schema":{"@context":"https:\/\/schema.org","@graph":[{"@type":"WebPage","@id":"https:\/\/minimalist.ee\/toode\/goldenmix-jalatsikaitse\/","url":"https:\/\/minimalist.ee\/toode\/goldenmix-jalatsikaitse\/","name":"Goldenmix Jalatsikaitse - Minimalist.ee","isPartOf":{"@id":"https:\/\/minimalist.ee\/#website"},"primaryImageOfPage":{"@id":"https:\/\/minimalist.ee\/toode\/goldenmix-jalatsikaitse\/#primaryimage"},"image":{"@id":"https:\/\/minimalist.ee\/toode\/goldenmix-jalatsikaitse\/#primaryimage"},"thumbnailUrl":"https:\/\/minimalist.ee\/wp-content\/uploads\/2021\/01\/IMG_4693-scaled.jpg","datePublished":"2021-01-22T11:05:56+00:00","dateModified":"2025-04-04T04:12:54+00:00","description":"Paljajalujaltsid, barefoot jalatsid, jalatsid lastele, jalatsid t\u00e4iskasvanutele, kogu pere barefoot jalatsite pood","breadcrumb":{"@id":"https:\/\/minimalist.ee\/toode\/goldenmix-jalatsikaitse\/#breadcrumb"},"inLanguage":"en-US","potentialAction":[{"@type":"ReadAction","target":["https:\/\/minimalist.ee\/toode\/goldenmix-jalatsikaitse\/"]}]},{"@type":"ImageObject","inLanguage":"en-US","@id":"https:\/\/minimalist.ee\/toode\/goldenmix-jalatsikaitse\/#primaryimage","url":"https:\/\/minimalist.ee\/wp-content\/uploads\/2021\/01\/IMG_4693-scaled.jpg","contentUrl":"https:\/\/minimalist.ee\/wp-content\/uploads\/2021\/01\/IMG_4693-scaled.jpg","width":1920,"height":2560,"caption":"minimalist.ee"},{"@type":"BreadcrumbList","@id":"https:\/\/minimalist.ee\/toode\/goldenmix-jalatsikaitse\/#breadcrumb","itemListElement":[{"@type":"ListItem","position":1,"name":"Home","item":"https:\/\/minimalist.ee\/"},{"@type":"ListItem","position":2,"name":"Pood","item":"https:\/\/minimalist.ee\/pood\/"},{"@type":"ListItem","position":3,"name":"Goldenmix Jalatsikaitse"}]},{"@type":"WebSite","@id":"https:\/\/minimalist.ee\/#website","url":"https:\/\/minimalist.ee\/","name":"Minimalist.ee","description":"Barefoot jalatsid","publisher":{"@id":"https:\/\/minimalist.ee\/#organization"},"potentialAction":[{"@type":"SearchAction","target":{"@type":"EntryPoint","urlTemplate":"https:\/\/minimalist.ee\/?s={search_term_string}"},"query-input":"required name=search_term_string"}],"inLanguage":"en-US"},{"@type":"Organization","@id":"https:\/\/minimalist.ee\/#organization","name":"Minimalist Shoes O\u00dc","url":"https:\/\/minimalist.ee\/","logo":{"@type":"ImageObject","inLanguage":"en-US","@id":"https:\/\/minimalist.ee\/#\/schema\/logo\/image\/","url":"https:\/\/minimalist.ee\/wp-content\/uploads\/2020\/10\/Original.png","contentUrl":"https:\/\/minimalist.ee\/wp-content\/uploads\/2020\/10\/Original.png","width":2048,"height":2000,"caption":"Minimalist Shoes O\u00dc"},"image":{"@id":"https:\/\/minimalist.ee\/#\/schema\/logo\/image\/"},"sameAs":["https:\/\/www.facebook.com\/www.minimalist.ee","https:\/\/www.instagram.com\/minimalistshoesest\/"]}]}},"jetpack_sharing_enabled":true,"_links":{"self":[{"href":"https:\/\/minimalist.ee\/en\/wp-json\/wp\/v2\/product\/3984"}],"collection":[{"href":"https:\/\/minimalist.ee\/en\/wp-json\/wp\/v2\/product"}],"about":[{"href":"https:\/\/minimalist.ee\/en\/wp-json\/wp\/v2\/types\/product"}],"replies":[{"embeddable":true,"href":"https:\/\/minimalist.ee\/en\/wp-json\/wp\/v2\/comments?post=3984"}],"wp:featuredmedia":[{"embeddable":true,"href":"https:\/\/minimalist.ee\/en\/wp-json\/wp\/v2\/media\/4255"}],"wp:attachment":[{"href":"https:\/\/minimalist.ee\/en\/wp-json\/wp\/v2\/media?parent=3984"}],"wp:term":[{"taxonomy":"product_cat","embeddable":true,"href":"https:\/\/minimalist.ee\/en\/wp-json\/wp\/v2\/product_cat?post=3984"},{"taxonomy":"product_tag","embeddable":true,"href":"https:\/\/minimalist.ee\/en\/wp-json\/wp\/v2\/product_tag?post=3984"}],"curies":[{"name":"wp","href":"https:\/\/api.w.org\/{rel}","templated":true}]}}