{"id":3921,"date":"2021-01-04T10:40:05","date_gmt":"2021-01-04T10:40:05","guid":{"rendered":"https:\/\/minimalist.ee\/?post_type=product&#038;p=3921"},"modified":"2026-03-14T09:55:26","modified_gmt":"2026-03-14T09:55:26","slug":"oma-king-barefoot-sisetallad","status":"publish","type":"product","link":"https:\/\/minimalist.ee\/en\/product\/oma-king-barefoot-sisetallad\/","title":{"rendered":"OmaKing barefoot insoles"},"content":{"rendered":"<p><strong>Fresh sisetallad<\/strong><\/p>\n<p>Pehmed aktiivs\u00f6ega higil\u00f5hna v\u00e4hendavad sisetallad barefoot jalan\u00f5udesse.<\/p>\n<p>Aktiivs\u00fctt sisaldavad sisetallad aitavad \u00e4ra hoida higil\u00f5hna. Pehmed ja mugavad sinu jalale t\u00e4nu \u00f5hulisele naturaalsele lateksile. Imavad h\u00e4sti jalatsis tekkiva niiskuse ja kuivavad kiiresti. Tald k\u00e4ib jalan\u00f5u sisse kangaga pool \u00fcleval. Soovitame \u00f5htul tallad jalan\u00f5ust eemaldada ja asetada kuivama (mitte otse k\u00fcttekehale).<\/p>\n<p>Kasutades jalatsites sisetaldu, loote meeldiva tunde igaks p\u00e4evaks ning tunnete kauem r\u00f5\u00f5mu oma jalatsitest!<\/p>\n<p><strong>Thermo sisetallad<\/strong><\/p>\n<p>Soojad fooliumkihiga termotallad barefoot jalan\u00f5udesse.<\/p>\n<p>Kolmekihilised sisetallad talveks. Villane pealispind on jala vastas soe ja mugav, vahematerjal hoiab jala loomuliku soojuse jalatsi sees ja alumiiniumfooliumist kiht kaitseb t\u00f5husalt altpoolt tuleva k\u00fclma ja niiskuse eest.<\/p>\n<p>Hoia jalad soojas! Kasutades jalatsites sisetaldu, loote meeldiva tunde igaks p\u00e4evaks ning tunnete kauem r\u00f5\u00f5mu oma jalatsitest!<\/p>\n<p><strong>REused leather sisetallad<\/strong><\/p>\n<p>Taaskasutatud nahast sisetallad barefoot jalan\u00f5udesse.<\/p>\n<p>Sisetalla pealispind on nahk-kiud materjalist, mis on saadud nahaj\u00e4\u00e4kide \u00fcmbert\u00f6\u00f6tlemisel. Alumine p\u00f5hi on kaetud pehme lateksiga, mis ei lase sisetallal jalatsis libiseda. Imavad h\u00e4sti niiskuse ja kuivavad kiiresti. Ei soovita kasutada heledate sokkidega, sest tallad v\u00f5ivad alguses m\u00e4\u00e4rida. Soovitame \u00f5htul tallad jalan\u00f5ust eemaldada ja asetada kuivama (mitte otse k\u00fcttekehale).<\/p>\n<p>Kasutades jalatsites sisetaldu, loote meeldiva tunde igaks p\u00e4evaks ning tunnete kauem r\u00f5\u00f5mu oma jalatsitest!<\/p>\n<p><strong>Felt sisetallad<\/strong><\/p>\n<p>Naturaalsest vildist soojad sisetallad barefoot jalan\u00f5udesse.<\/p>\n<p>Naturaalne vilt hoiab jala loomuliku soojuse jalatsis ning pakub mugavust ja soojust. Soovitame \u00f5htul tallad jalan\u00f5ust eemaldada ja asetada kuivama (mitte otse k\u00fcttekehale).<\/p>\n<p>Hoia jalad soojas! Kasutades jalatsites sisetaldu, loote meeldiva tunde igaks p\u00e4evaks ning tunnete kauem r\u00f5\u00f5mu oma jalatsitest!<\/p>\n<p><strong>Coco textile<\/strong><\/p>\n<p><span data-sheets-value=\"{&quot;1&quot;:2,&quot;2&quot;:&quot;Naturaalsed frotee pealispinna ja kookoskiust alusp\u00f5hjaga sisetallad barefoot jalan\u00f5udesse.\\n\\nNaturaalsed ja kerged frotee pealispinna ja kookoskiust alusp\u00f5hjaga sisetallad. Puuvillane frotee on jala vastas pehme ja mugav ning m\u00f5nus ka palja jalaga kandmiseks. \u00d5huline kookoskiust alusp\u00f5hi loob jalale h\u00e4sti hingava keskkonna kogu p\u00e4evaks. Loo maksimaalselt naturaalne keskkond oma jalatsis ja naudi suvist kergust ja v\u00e4rskust aasta ringi!\\nTootja Ritico O\u00dc&quot;}\" data-sheets-userformat=\"{&quot;2&quot;:513,&quot;3&quot;:{&quot;1&quot;:0},&quot;12&quot;:0}\">Naturaalsed frotee pealispinna ja kookoskiust alusp\u00f5hjaga sisetallad barefoot jalan\u00f5udesse.<\/span><\/p>\n<p>Naturaalsed ja kerged frotee pealispinna ja kookoskiust alusp\u00f5hjaga sisetallad. Puuvillane frotee on jala vastas pehme ja mugav ning m\u00f5nus ka palja jalaga kandmiseks. \u00d5huline kookoskiust alusp\u00f5hi loob jalale h\u00e4sti hingava keskkonna kogu p\u00e4evaks. Loo maksimaalselt naturaalne keskkond oma jalatsis ja naudi suvist kergust ja v\u00e4rskust aasta ringi!<\/p>\n<p><strong>Lux leather fresh<\/strong><\/p>\n<p><span data-sheets-value=\"{&quot;1&quot;:2,&quot;2&quot;:&quot;Naturaalsest nahast ja aktiivs\u00fctt sisaldava pehmendusega sisetallad barefoot jalan\u00f5udesse.\\n\\nNaturaalsest nahast ja aktiivs\u00fctt sisaldava pehmendusega sisetallad pakuvad t\u00f5elist mugavust sinu jalale. Taimpark-nahk loob jalatsis meeldiva mikrokliima ja aktiivs\u00fctt sisaldav pehmendus aitab \u00e4ra hoida higil\u00f5hna. Tallad imavad h\u00e4sti niiskuse ja kuivavad kiiresti. Soovitame \u00f5htul tallad jalan\u00f5ust eemaldada ja asetada kuivama (mitte otse k\u00fcttekehale). Kasutades jalatsites sisetaldu, loote meeldiva tunde igaks p\u00e4evaks ning tunnete kauem r\u00f5\u00f5mu oma jalatsitest!\\nTootja Ritico O\u00dc&quot;}\" data-sheets-userformat=\"{&quot;2&quot;:513,&quot;3&quot;:{&quot;1&quot;:0},&quot;12&quot;:0}\">Naturaalsest nahast ja aktiivs\u00fctt sisaldava pehmendusega sisetallad barefoot jalan\u00f5udesse.<\/span><\/p>\n<p>Naturaalsest nahast ja aktiivs\u00fctt sisaldava pehmendusega sisetallad pakuvad t\u00f5elist mugavust sinu jalale. Taimpark-nahk loob jalatsis meeldiva mikrokliima ja aktiivs\u00fctt sisaldav pehmendus aitab \u00e4ra hoida higil\u00f5hna. Tallad imavad h\u00e4sti niiskuse ja kuivavad kiiresti. Soovitame \u00f5htul tallad jalan\u00f5ust eemaldada ja asetada kuivama (mitte otse k\u00fcttekehale). Kasutades jalatsites sisetaldu, loote meeldiva tunde igaks p\u00e4evaks ning tunnete kauem r\u00f5\u00f5mu oma jalatsitest!<\/p>\n<p><strong>Air soft<\/strong><\/p>\n<p>H\u00e4sti hingavad ja kerged sisetallad barefoot jalan\u00f5udesse.<\/p>\n<p>H\u00e4sti hingavad kerged sisetallad. K\u00f5rgekvaliteediline poorne pealispind tagab maksimaalse \u00f5hu liikumise jalatsis. Mugavuse ja p\u00f5rutuse eest hoolitseb pehmest lateksist p\u00f5hi. Materjalide spetsiaalne t\u00f6\u00f6tlus annab jalale meeldiva keskkonna kogu p\u00e4evaks. Soovitame \u00f5htul tallad jalan\u00f5ust eemaldada ja asetada kuivama (mitte otse k\u00fcttekehale). Kasutades jalatsites sisetaldu, loote meeldiva tunde igaks p\u00e4evaks ning tunnete kauem r\u00f5\u00f5mu oma jalatsitest!<\/p>\n<p>Tootja Ritico O\u00dc<\/p>\n<p>&nbsp;<\/p>\n<p>Minimalisti m\u00f5\u00f5dud sisetaldadele<\/p>\n<table dir=\"ltr\" style=\"height: 114px;\" border=\"1\" width=\"269\" cellspacing=\"0\" cellpadding=\"0\">\n<colgroup>\n<col width=\"84\" \/>\n<col width=\"84\" \/>\n<col width=\"84\" \/><\/colgroup>\n<tbody>\n<tr>\n<td style=\"text-align: center;\" data-sheets-value=\"{&quot;1&quot;:2,&quot;2&quot;:&quot;Suurus&quot;}\"><strong>Size<\/strong><\/td>\n<td data-sheets-value=\"{&quot;1&quot;:2,&quot;2&quot;:&quot;Pikkus (cm)&quot;}\"><strong>Pikkus(cm)<\/strong><\/td>\n<td data-sheets-value=\"{&quot;1&quot;:2,&quot;2&quot;:&quot;Laius (cm)&quot;}\"><strong>Laius(cm)<\/strong><\/td>\n<\/tr>\n<tr>\n<td style=\"text-align: center;\" data-sheets-value=\"{&quot;1&quot;:2,&quot;2&quot;:&quot;25-34&quot;}\"><strong>25-34<\/strong><\/td>\n<td style=\"text-align: center;\" data-sheets-value=\"{&quot;1&quot;:3,&quot;3&quot;:22}\">22<\/td>\n<td style=\"text-align: center;\" data-sheets-value=\"{&quot;1&quot;:3,&quot;3&quot;:9}\">9<\/td>\n<\/tr>\n<tr>\n<td style=\"text-align: center;\" data-sheets-value=\"{&quot;1&quot;:2,&quot;2&quot;:&quot;35-41&quot;}\"><strong>35-41<\/strong><\/td>\n<td style=\"text-align: center;\" data-sheets-value=\"{&quot;1&quot;:2,&quot;2&quot;:&quot;26,5&quot;}\">26.5<\/td>\n<td style=\"text-align: center;\" data-sheets-value=\"{&quot;1&quot;:3,&quot;3&quot;:10}\">10<\/td>\n<\/tr>\n<tr>\n<td style=\"text-align: center;\" data-sheets-value=\"{&quot;1&quot;:2,&quot;2&quot;:&quot;42-47&quot;}\"><strong>42-47<\/strong><\/td>\n<td style=\"text-align: center;\" data-sheets-value=\"{&quot;1&quot;:2,&quot;2&quot;:&quot;30,5&quot;}\">30.5<\/td>\n<td style=\"text-align: center;\" data-sheets-value=\"{&quot;1&quot;:3,&quot;3&quot;:11}\">11<\/td>\n<\/tr>\n<\/tbody>\n<\/table>\n<p>&nbsp;<\/p>","protected":false},"excerpt":{"rendered":"<p>OmaKinga l\u00f5igatavad sisetallad sobivad v\u00e4ga h\u00e4sti barefoot jalatsitele.<\/p>","protected":false},"featured_media":4396,"comment_status":"open","ping_status":"closed","template":"","meta":{"_monsterinsights_skip_tracking":false,"_monsterinsights_sitenote_active":false,"_monsterinsights_sitenote_note":"","_monsterinsights_sitenote_category":0,"neve_meta_sidebar":"","neve_meta_container":"","neve_meta_enable_content_width":"off","neve_meta_content_width":70,"neve_meta_title_alignment":"","neve_meta_author_avatar":"","neve_post_elements_order":"","neve_meta_disable_header":"","neve_meta_disable_footer":"","neve_meta_disable_title":""},"product_cat":[254],"product_tag":[],"yoast_head":"<!-- This site is optimized with the Yoast SEO plugin v22.4 - https:\/\/yoast.com\/wordpress\/plugins\/seo\/ -->\n<title>OmaKing barefoot sisetallad - Minimalist.ee<\/title>\n<meta name=\"description\" content=\"Paljajalujaltsid, barefoot jalatsid, jalatsid lastele, jalatsid t\u00e4iskasvanutele, kogu pere barefoot jalatsite pood\" \/>\n<meta name=\"robots\" content=\"index, follow, max-snippet:-1, max-image-preview:large, max-video-preview:-1\" \/>\n<link rel=\"canonical\" href=\"https:\/\/minimalist.ee\/en\/product\/oma-king-barefoot-sisetallad\/\" \/>\n<meta property=\"og:locale\" content=\"en_US\" \/>\n<meta property=\"og:type\" content=\"article\" \/>\n<meta property=\"og:title\" content=\"OmaKing barefoot sisetallad - Minimalist.ee\" \/>\n<meta property=\"og:description\" content=\"Paljajalujaltsid, barefoot jalatsid, jalatsid lastele, jalatsid t\u00e4iskasvanutele, kogu pere barefoot jalatsite pood\" \/>\n<meta property=\"og:url\" content=\"https:\/\/minimalist.ee\/en\/product\/oma-king-barefoot-sisetallad\/\" \/>\n<meta property=\"og:site_name\" content=\"Minimalist.ee\" \/>\n<meta property=\"article:publisher\" content=\"https:\/\/www.facebook.com\/www.minimalist.ee\" \/>\n<meta property=\"article:modified_time\" content=\"2026-03-14T09:55:26+00:00\" \/>\n<meta property=\"og:image\" content=\"https:\/\/minimalist.ee\/wp-content\/uploads\/2021\/01\/TB200-thermo-warm-barefoot-sisetallad.jpg\" \/>\n\t<meta property=\"og:image:width\" content=\"2000\" \/>\n\t<meta property=\"og:image:height\" content=\"2000\" \/>\n\t<meta property=\"og:image:type\" content=\"image\/jpeg\" \/>\n<meta name=\"twitter:card\" content=\"summary_large_image\" \/>\n<meta name=\"twitter:label1\" content=\"Est. reading time\" \/>\n\t<meta name=\"twitter:data1\" content=\"3 minutes\" \/>\n<script type=\"application\/ld+json\" class=\"yoast-schema-graph\">{\"@context\":\"https:\/\/schema.org\",\"@graph\":[{\"@type\":\"WebPage\",\"@id\":\"https:\/\/minimalist.ee\/toode\/oma-king-barefoot-sisetallad\/\",\"url\":\"https:\/\/minimalist.ee\/toode\/oma-king-barefoot-sisetallad\/\",\"name\":\"OmaKing barefoot sisetallad - Minimalist.ee\",\"isPartOf\":{\"@id\":\"https:\/\/minimalist.ee\/#website\"},\"primaryImageOfPage\":{\"@id\":\"https:\/\/minimalist.ee\/toode\/oma-king-barefoot-sisetallad\/#primaryimage\"},\"image\":{\"@id\":\"https:\/\/minimalist.ee\/toode\/oma-king-barefoot-sisetallad\/#primaryimage\"},\"thumbnailUrl\":\"https:\/\/minimalist.ee\/wp-content\/uploads\/2021\/01\/TB200-thermo-warm-barefoot-sisetallad.jpg\",\"datePublished\":\"2021-01-04T10:40:05+00:00\",\"dateModified\":\"2026-03-14T09:55:26+00:00\",\"description\":\"Paljajalujaltsid, barefoot jalatsid, jalatsid lastele, jalatsid t\u00e4iskasvanutele, kogu pere barefoot jalatsite pood\",\"breadcrumb\":{\"@id\":\"https:\/\/minimalist.ee\/toode\/oma-king-barefoot-sisetallad\/#breadcrumb\"},\"inLanguage\":\"en-US\",\"potentialAction\":[{\"@type\":\"ReadAction\",\"target\":[\"https:\/\/minimalist.ee\/toode\/oma-king-barefoot-sisetallad\/\"]}]},{\"@type\":\"ImageObject\",\"inLanguage\":\"en-US\",\"@id\":\"https:\/\/minimalist.ee\/toode\/oma-king-barefoot-sisetallad\/#primaryimage\",\"url\":\"https:\/\/minimalist.ee\/wp-content\/uploads\/2021\/01\/TB200-thermo-warm-barefoot-sisetallad.jpg\",\"contentUrl\":\"https:\/\/minimalist.ee\/wp-content\/uploads\/2021\/01\/TB200-thermo-warm-barefoot-sisetallad.jpg\",\"width\":2000,\"height\":2000,\"caption\":\"minimalist.ee\"},{\"@type\":\"BreadcrumbList\",\"@id\":\"https:\/\/minimalist.ee\/toode\/oma-king-barefoot-sisetallad\/#breadcrumb\",\"itemListElement\":[{\"@type\":\"ListItem\",\"position\":1,\"name\":\"Home\",\"item\":\"https:\/\/minimalist.ee\/\"},{\"@type\":\"ListItem\",\"position\":2,\"name\":\"Pood\",\"item\":\"https:\/\/minimalist.ee\/pood\/\"},{\"@type\":\"ListItem\",\"position\":3,\"name\":\"OmaKing barefoot sisetallad\"}]},{\"@type\":\"WebSite\",\"@id\":\"https:\/\/minimalist.ee\/#website\",\"url\":\"https:\/\/minimalist.ee\/\",\"name\":\"Minimalist.ee\",\"description\":\"Barefoot jalatsid\",\"publisher\":{\"@id\":\"https:\/\/minimalist.ee\/#organization\"},\"potentialAction\":[{\"@type\":\"SearchAction\",\"target\":{\"@type\":\"EntryPoint\",\"urlTemplate\":\"https:\/\/minimalist.ee\/?s={search_term_string}\"},\"query-input\":\"required name=search_term_string\"}],\"inLanguage\":\"en-US\"},{\"@type\":\"Organization\",\"@id\":\"https:\/\/minimalist.ee\/#organization\",\"name\":\"Minimalist Shoes O\u00dc\",\"url\":\"https:\/\/minimalist.ee\/\",\"logo\":{\"@type\":\"ImageObject\",\"inLanguage\":\"en-US\",\"@id\":\"https:\/\/minimalist.ee\/#\/schema\/logo\/image\/\",\"url\":\"https:\/\/minimalist.ee\/wp-content\/uploads\/2020\/10\/Original.png\",\"contentUrl\":\"https:\/\/minimalist.ee\/wp-content\/uploads\/2020\/10\/Original.png\",\"width\":2048,\"height\":2000,\"caption\":\"Minimalist Shoes O\u00dc\"},\"image\":{\"@id\":\"https:\/\/minimalist.ee\/#\/schema\/logo\/image\/\"},\"sameAs\":[\"https:\/\/www.facebook.com\/www.minimalist.ee\",\"https:\/\/www.instagram.com\/minimalistshoesest\/\"]}]}<\/script>\n<!-- \/ Yoast SEO plugin. -->","yoast_head_json":{"title":"OmaKing barefoot sisetallad - Minimalist.ee","description":"Paljajalujaltsid, barefoot jalatsid, jalatsid lastele, jalatsid t\u00e4iskasvanutele, kogu pere barefoot jalatsite pood","robots":{"index":"index","follow":"follow","max-snippet":"max-snippet:-1","max-image-preview":"max-image-preview:large","max-video-preview":"max-video-preview:-1"},"canonical":"https:\/\/minimalist.ee\/en\/product\/oma-king-barefoot-sisetallad\/","og_locale":"en_US","og_type":"article","og_title":"OmaKing barefoot sisetallad - Minimalist.ee","og_description":"Paljajalujaltsid, barefoot jalatsid, jalatsid lastele, jalatsid t\u00e4iskasvanutele, kogu pere barefoot jalatsite pood","og_url":"https:\/\/minimalist.ee\/en\/product\/oma-king-barefoot-sisetallad\/","og_site_name":"Minimalist.ee","article_publisher":"https:\/\/www.facebook.com\/www.minimalist.ee","article_modified_time":"2026-03-14T09:55:26+00:00","og_image":[{"width":2000,"height":2000,"url":"https:\/\/minimalist.ee\/wp-content\/uploads\/2021\/01\/TB200-thermo-warm-barefoot-sisetallad.jpg","type":"image\/jpeg"}],"twitter_card":"summary_large_image","twitter_misc":{"Est. reading time":"3 minutes"},"schema":{"@context":"https:\/\/schema.org","@graph":[{"@type":"WebPage","@id":"https:\/\/minimalist.ee\/toode\/oma-king-barefoot-sisetallad\/","url":"https:\/\/minimalist.ee\/toode\/oma-king-barefoot-sisetallad\/","name":"OmaKing barefoot sisetallad - Minimalist.ee","isPartOf":{"@id":"https:\/\/minimalist.ee\/#website"},"primaryImageOfPage":{"@id":"https:\/\/minimalist.ee\/toode\/oma-king-barefoot-sisetallad\/#primaryimage"},"image":{"@id":"https:\/\/minimalist.ee\/toode\/oma-king-barefoot-sisetallad\/#primaryimage"},"thumbnailUrl":"https:\/\/minimalist.ee\/wp-content\/uploads\/2021\/01\/TB200-thermo-warm-barefoot-sisetallad.jpg","datePublished":"2021-01-04T10:40:05+00:00","dateModified":"2026-03-14T09:55:26+00:00","description":"Paljajalujaltsid, barefoot jalatsid, jalatsid lastele, jalatsid t\u00e4iskasvanutele, kogu pere barefoot jalatsite pood","breadcrumb":{"@id":"https:\/\/minimalist.ee\/toode\/oma-king-barefoot-sisetallad\/#breadcrumb"},"inLanguage":"en-US","potentialAction":[{"@type":"ReadAction","target":["https:\/\/minimalist.ee\/toode\/oma-king-barefoot-sisetallad\/"]}]},{"@type":"ImageObject","inLanguage":"en-US","@id":"https:\/\/minimalist.ee\/toode\/oma-king-barefoot-sisetallad\/#primaryimage","url":"https:\/\/minimalist.ee\/wp-content\/uploads\/2021\/01\/TB200-thermo-warm-barefoot-sisetallad.jpg","contentUrl":"https:\/\/minimalist.ee\/wp-content\/uploads\/2021\/01\/TB200-thermo-warm-barefoot-sisetallad.jpg","width":2000,"height":2000,"caption":"minimalist.ee"},{"@type":"BreadcrumbList","@id":"https:\/\/minimalist.ee\/toode\/oma-king-barefoot-sisetallad\/#breadcrumb","itemListElement":[{"@type":"ListItem","position":1,"name":"Home","item":"https:\/\/minimalist.ee\/"},{"@type":"ListItem","position":2,"name":"Pood","item":"https:\/\/minimalist.ee\/pood\/"},{"@type":"ListItem","position":3,"name":"OmaKing barefoot sisetallad"}]},{"@type":"WebSite","@id":"https:\/\/minimalist.ee\/#website","url":"https:\/\/minimalist.ee\/","name":"Minimalist.ee","description":"Barefoot jalatsid","publisher":{"@id":"https:\/\/minimalist.ee\/#organization"},"potentialAction":[{"@type":"SearchAction","target":{"@type":"EntryPoint","urlTemplate":"https:\/\/minimalist.ee\/?s={search_term_string}"},"query-input":"required name=search_term_string"}],"inLanguage":"en-US"},{"@type":"Organization","@id":"https:\/\/minimalist.ee\/#organization","name":"Minimalist Shoes O\u00dc","url":"https:\/\/minimalist.ee\/","logo":{"@type":"ImageObject","inLanguage":"en-US","@id":"https:\/\/minimalist.ee\/#\/schema\/logo\/image\/","url":"https:\/\/minimalist.ee\/wp-content\/uploads\/2020\/10\/Original.png","contentUrl":"https:\/\/minimalist.ee\/wp-content\/uploads\/2020\/10\/Original.png","width":2048,"height":2000,"caption":"Minimalist Shoes O\u00dc"},"image":{"@id":"https:\/\/minimalist.ee\/#\/schema\/logo\/image\/"},"sameAs":["https:\/\/www.facebook.com\/www.minimalist.ee","https:\/\/www.instagram.com\/minimalistshoesest\/"]}]}},"jetpack_sharing_enabled":true,"_links":{"self":[{"href":"https:\/\/minimalist.ee\/en\/wp-json\/wp\/v2\/product\/3921"}],"collection":[{"href":"https:\/\/minimalist.ee\/en\/wp-json\/wp\/v2\/product"}],"about":[{"href":"https:\/\/minimalist.ee\/en\/wp-json\/wp\/v2\/types\/product"}],"replies":[{"embeddable":true,"href":"https:\/\/minimalist.ee\/en\/wp-json\/wp\/v2\/comments?post=3921"}],"wp:featuredmedia":[{"embeddable":true,"href":"https:\/\/minimalist.ee\/en\/wp-json\/wp\/v2\/media\/4396"}],"wp:attachment":[{"href":"https:\/\/minimalist.ee\/en\/wp-json\/wp\/v2\/media?parent=3921"}],"wp:term":[{"taxonomy":"product_cat","embeddable":true,"href":"https:\/\/minimalist.ee\/en\/wp-json\/wp\/v2\/product_cat?post=3921"},{"taxonomy":"product_tag","embeddable":true,"href":"https:\/\/minimalist.ee\/en\/wp-json\/wp\/v2\/product_tag?post=3921"}],"curies":[{"name":"wp","href":"https:\/\/api.w.org\/{rel}","templated":true}]}}