{"id":2282,"date":"2020-09-21T12:44:51","date_gmt":"2020-09-21T12:44:51","guid":{"rendered":"https:\/\/minimalist.ee\/?post_type=product&#038;p=2282"},"modified":"2023-09-19T07:41:30","modified_gmt":"2023-09-19T07:41:30","slug":"stonz-beebikindad","status":"publish","type":"product","link":"https:\/\/minimalist.ee\/en\/product\/stonz-beebikindad\/","title":{"rendered":"Stonz baby gloves"},"content":{"rendered":"<p>Stonz beebikindaid on v\u00e4ga mugav lapsele k\u00e4tte panna, kuna puudub eraldi p\u00f6idlaosa. Need on veekindlad ja sooja voodriga. T\u00e4nu reguleeritavatele kummidele p\u00fcsivad h\u00e4sti k\u00e4es.<\/p>\n<p>INSULATED WITH 150G 3M\u2122 THINSULATE\u2122<\/p>\n<p>Suuruse 0-12 kuud kinda t\u00e4ispikkus on 17.5 cm, laius 9.5cm, laba pikkus 10.5cm.<\/p>\n<p>Suuruse 12-24 kuud kinda t\u00e4ispikkus on 20.3 cm, laius 10.8cm, laba pikkus 11.5cm.<\/p>","protected":false},"excerpt":{"rendered":"<p>Stonz sooja voodriga beebikindad.<\/p>","protected":false},"featured_media":4265,"comment_status":"open","ping_status":"closed","template":"","meta":{"_monsterinsights_skip_tracking":false,"_monsterinsights_sitenote_active":false,"_monsterinsights_sitenote_note":"","_monsterinsights_sitenote_category":0,"neve_meta_sidebar":"","neve_meta_container":"","neve_meta_enable_content_width":"off","neve_meta_content_width":70,"neve_meta_title_alignment":"","neve_meta_author_avatar":"","neve_post_elements_order":"","neve_meta_disable_header":"","neve_meta_disable_footer":"","neve_meta_disable_title":""},"product_cat":[20,27],"product_tag":[140,144,139],"yoast_head":"<!-- This site is optimized with the Yoast SEO plugin v22.4 - https:\/\/yoast.com\/wordpress\/plugins\/seo\/ -->\n<title>Stonz beebikindad - Minimalist.ee<\/title>\n<meta name=\"description\" content=\"Paljajalujaltsid, barefoot jalatsid, jalatsid lastele, jalatsid t\u00e4iskasvanutele, kogu pere barefoot jalatsite pood\" \/>\n<meta name=\"robots\" content=\"index, follow, max-snippet:-1, max-image-preview:large, max-video-preview:-1\" \/>\n<link rel=\"canonical\" href=\"https:\/\/minimalist.ee\/en\/product\/stonz-beebikindad\/\" \/>\n<meta property=\"og:locale\" content=\"en_US\" \/>\n<meta property=\"og:type\" content=\"article\" \/>\n<meta property=\"og:title\" content=\"Stonz beebikindad - Minimalist.ee\" \/>\n<meta property=\"og:description\" content=\"Paljajalujaltsid, barefoot jalatsid, jalatsid lastele, jalatsid t\u00e4iskasvanutele, kogu pere barefoot jalatsite pood\" \/>\n<meta property=\"og:url\" content=\"https:\/\/minimalist.ee\/en\/product\/stonz-beebikindad\/\" \/>\n<meta property=\"og:site_name\" content=\"Minimalist.ee\" \/>\n<meta property=\"article:publisher\" content=\"https:\/\/www.facebook.com\/www.minimalist.ee\" \/>\n<meta property=\"article:modified_time\" content=\"2023-09-19T07:41:30+00:00\" \/>\n<meta property=\"og:image\" content=\"https:\/\/minimalist.ee\/wp-content\/uploads\/2020\/09\/Stonz_baby-mitts_vauvan-rukkaset_grey-1.jpg\" \/>\n\t<meta property=\"og:image:width\" content=\"2048\" \/>\n\t<meta property=\"og:image:height\" content=\"2048\" \/>\n\t<meta property=\"og:image:type\" content=\"image\/jpeg\" \/>\n<meta name=\"twitter:card\" content=\"summary_large_image\" \/>\n<script type=\"application\/ld+json\" class=\"yoast-schema-graph\">{\"@context\":\"https:\/\/schema.org\",\"@graph\":[{\"@type\":\"WebPage\",\"@id\":\"https:\/\/minimalist.ee\/toode\/stonz-beebikindad\/\",\"url\":\"https:\/\/minimalist.ee\/toode\/stonz-beebikindad\/\",\"name\":\"Stonz beebikindad - Minimalist.ee\",\"isPartOf\":{\"@id\":\"https:\/\/minimalist.ee\/#website\"},\"primaryImageOfPage\":{\"@id\":\"https:\/\/minimalist.ee\/toode\/stonz-beebikindad\/#primaryimage\"},\"image\":{\"@id\":\"https:\/\/minimalist.ee\/toode\/stonz-beebikindad\/#primaryimage\"},\"thumbnailUrl\":\"https:\/\/minimalist.ee\/wp-content\/uploads\/2020\/09\/Stonz_baby-mitts_vauvan-rukkaset_grey-1.jpg\",\"datePublished\":\"2020-09-21T12:44:51+00:00\",\"dateModified\":\"2023-09-19T07:41:30+00:00\",\"description\":\"Paljajalujaltsid, barefoot jalatsid, jalatsid lastele, jalatsid t\u00e4iskasvanutele, kogu pere barefoot jalatsite pood\",\"breadcrumb\":{\"@id\":\"https:\/\/minimalist.ee\/toode\/stonz-beebikindad\/#breadcrumb\"},\"inLanguage\":\"en-US\",\"potentialAction\":[{\"@type\":\"ReadAction\",\"target\":[\"https:\/\/minimalist.ee\/toode\/stonz-beebikindad\/\"]}]},{\"@type\":\"ImageObject\",\"inLanguage\":\"en-US\",\"@id\":\"https:\/\/minimalist.ee\/toode\/stonz-beebikindad\/#primaryimage\",\"url\":\"https:\/\/minimalist.ee\/wp-content\/uploads\/2020\/09\/Stonz_baby-mitts_vauvan-rukkaset_grey-1.jpg\",\"contentUrl\":\"https:\/\/minimalist.ee\/wp-content\/uploads\/2020\/09\/Stonz_baby-mitts_vauvan-rukkaset_grey-1.jpg\",\"width\":2048,\"height\":2048,\"caption\":\"minimalist.ee\"},{\"@type\":\"BreadcrumbList\",\"@id\":\"https:\/\/minimalist.ee\/toode\/stonz-beebikindad\/#breadcrumb\",\"itemListElement\":[{\"@type\":\"ListItem\",\"position\":1,\"name\":\"Home\",\"item\":\"https:\/\/minimalist.ee\/\"},{\"@type\":\"ListItem\",\"position\":2,\"name\":\"Pood\",\"item\":\"https:\/\/minimalist.ee\/pood\/\"},{\"@type\":\"ListItem\",\"position\":3,\"name\":\"Stonz beebikindad\"}]},{\"@type\":\"WebSite\",\"@id\":\"https:\/\/minimalist.ee\/#website\",\"url\":\"https:\/\/minimalist.ee\/\",\"name\":\"Minimalist.ee\",\"description\":\"Barefoot jalatsid\",\"publisher\":{\"@id\":\"https:\/\/minimalist.ee\/#organization\"},\"potentialAction\":[{\"@type\":\"SearchAction\",\"target\":{\"@type\":\"EntryPoint\",\"urlTemplate\":\"https:\/\/minimalist.ee\/?s={search_term_string}\"},\"query-input\":\"required name=search_term_string\"}],\"inLanguage\":\"en-US\"},{\"@type\":\"Organization\",\"@id\":\"https:\/\/minimalist.ee\/#organization\",\"name\":\"Minimalist Shoes O\u00dc\",\"url\":\"https:\/\/minimalist.ee\/\",\"logo\":{\"@type\":\"ImageObject\",\"inLanguage\":\"en-US\",\"@id\":\"https:\/\/minimalist.ee\/#\/schema\/logo\/image\/\",\"url\":\"https:\/\/minimalist.ee\/wp-content\/uploads\/2020\/10\/Original.png\",\"contentUrl\":\"https:\/\/minimalist.ee\/wp-content\/uploads\/2020\/10\/Original.png\",\"width\":2048,\"height\":2000,\"caption\":\"Minimalist Shoes O\u00dc\"},\"image\":{\"@id\":\"https:\/\/minimalist.ee\/#\/schema\/logo\/image\/\"},\"sameAs\":[\"https:\/\/www.facebook.com\/www.minimalist.ee\",\"https:\/\/www.instagram.com\/minimalistshoesest\/\"]}]}<\/script>\n<!-- \/ Yoast SEO plugin. -->","yoast_head_json":{"title":"Stonz beebikindad - Minimalist.ee","description":"Paljajalujaltsid, barefoot jalatsid, jalatsid lastele, jalatsid t\u00e4iskasvanutele, kogu pere barefoot jalatsite pood","robots":{"index":"index","follow":"follow","max-snippet":"max-snippet:-1","max-image-preview":"max-image-preview:large","max-video-preview":"max-video-preview:-1"},"canonical":"https:\/\/minimalist.ee\/en\/product\/stonz-beebikindad\/","og_locale":"en_US","og_type":"article","og_title":"Stonz beebikindad - Minimalist.ee","og_description":"Paljajalujaltsid, barefoot jalatsid, jalatsid lastele, jalatsid t\u00e4iskasvanutele, kogu pere barefoot jalatsite pood","og_url":"https:\/\/minimalist.ee\/en\/product\/stonz-beebikindad\/","og_site_name":"Minimalist.ee","article_publisher":"https:\/\/www.facebook.com\/www.minimalist.ee","article_modified_time":"2023-09-19T07:41:30+00:00","og_image":[{"width":2048,"height":2048,"url":"https:\/\/minimalist.ee\/wp-content\/uploads\/2020\/09\/Stonz_baby-mitts_vauvan-rukkaset_grey-1.jpg","type":"image\/jpeg"}],"twitter_card":"summary_large_image","schema":{"@context":"https:\/\/schema.org","@graph":[{"@type":"WebPage","@id":"https:\/\/minimalist.ee\/toode\/stonz-beebikindad\/","url":"https:\/\/minimalist.ee\/toode\/stonz-beebikindad\/","name":"Stonz beebikindad - Minimalist.ee","isPartOf":{"@id":"https:\/\/minimalist.ee\/#website"},"primaryImageOfPage":{"@id":"https:\/\/minimalist.ee\/toode\/stonz-beebikindad\/#primaryimage"},"image":{"@id":"https:\/\/minimalist.ee\/toode\/stonz-beebikindad\/#primaryimage"},"thumbnailUrl":"https:\/\/minimalist.ee\/wp-content\/uploads\/2020\/09\/Stonz_baby-mitts_vauvan-rukkaset_grey-1.jpg","datePublished":"2020-09-21T12:44:51+00:00","dateModified":"2023-09-19T07:41:30+00:00","description":"Paljajalujaltsid, barefoot jalatsid, jalatsid lastele, jalatsid t\u00e4iskasvanutele, kogu pere barefoot jalatsite pood","breadcrumb":{"@id":"https:\/\/minimalist.ee\/toode\/stonz-beebikindad\/#breadcrumb"},"inLanguage":"en-US","potentialAction":[{"@type":"ReadAction","target":["https:\/\/minimalist.ee\/toode\/stonz-beebikindad\/"]}]},{"@type":"ImageObject","inLanguage":"en-US","@id":"https:\/\/minimalist.ee\/toode\/stonz-beebikindad\/#primaryimage","url":"https:\/\/minimalist.ee\/wp-content\/uploads\/2020\/09\/Stonz_baby-mitts_vauvan-rukkaset_grey-1.jpg","contentUrl":"https:\/\/minimalist.ee\/wp-content\/uploads\/2020\/09\/Stonz_baby-mitts_vauvan-rukkaset_grey-1.jpg","width":2048,"height":2048,"caption":"minimalist.ee"},{"@type":"BreadcrumbList","@id":"https:\/\/minimalist.ee\/toode\/stonz-beebikindad\/#breadcrumb","itemListElement":[{"@type":"ListItem","position":1,"name":"Home","item":"https:\/\/minimalist.ee\/"},{"@type":"ListItem","position":2,"name":"Pood","item":"https:\/\/minimalist.ee\/pood\/"},{"@type":"ListItem","position":3,"name":"Stonz beebikindad"}]},{"@type":"WebSite","@id":"https:\/\/minimalist.ee\/#website","url":"https:\/\/minimalist.ee\/","name":"Minimalist.ee","description":"Barefoot jalatsid","publisher":{"@id":"https:\/\/minimalist.ee\/#organization"},"potentialAction":[{"@type":"SearchAction","target":{"@type":"EntryPoint","urlTemplate":"https:\/\/minimalist.ee\/?s={search_term_string}"},"query-input":"required name=search_term_string"}],"inLanguage":"en-US"},{"@type":"Organization","@id":"https:\/\/minimalist.ee\/#organization","name":"Minimalist Shoes O\u00dc","url":"https:\/\/minimalist.ee\/","logo":{"@type":"ImageObject","inLanguage":"en-US","@id":"https:\/\/minimalist.ee\/#\/schema\/logo\/image\/","url":"https:\/\/minimalist.ee\/wp-content\/uploads\/2020\/10\/Original.png","contentUrl":"https:\/\/minimalist.ee\/wp-content\/uploads\/2020\/10\/Original.png","width":2048,"height":2000,"caption":"Minimalist Shoes O\u00dc"},"image":{"@id":"https:\/\/minimalist.ee\/#\/schema\/logo\/image\/"},"sameAs":["https:\/\/www.facebook.com\/www.minimalist.ee","https:\/\/www.instagram.com\/minimalistshoesest\/"]}]}},"jetpack_sharing_enabled":true,"_links":{"self":[{"href":"https:\/\/minimalist.ee\/en\/wp-json\/wp\/v2\/product\/2282"}],"collection":[{"href":"https:\/\/minimalist.ee\/en\/wp-json\/wp\/v2\/product"}],"about":[{"href":"https:\/\/minimalist.ee\/en\/wp-json\/wp\/v2\/types\/product"}],"replies":[{"embeddable":true,"href":"https:\/\/minimalist.ee\/en\/wp-json\/wp\/v2\/comments?post=2282"}],"wp:featuredmedia":[{"embeddable":true,"href":"https:\/\/minimalist.ee\/en\/wp-json\/wp\/v2\/media\/4265"}],"wp:attachment":[{"href":"https:\/\/minimalist.ee\/en\/wp-json\/wp\/v2\/media?parent=2282"}],"wp:term":[{"taxonomy":"product_cat","embeddable":true,"href":"https:\/\/minimalist.ee\/en\/wp-json\/wp\/v2\/product_cat?post=2282"},{"taxonomy":"product_tag","embeddable":true,"href":"https:\/\/minimalist.ee\/en\/wp-json\/wp\/v2\/product_tag?post=2282"}],"curies":[{"name":"wp","href":"https:\/\/api.w.org\/{rel}","templated":true}]}}