{"id":18446,"date":"2025-10-23T16:16:20","date_gmt":"2025-10-23T16:16:20","guid":{"rendered":"https:\/\/minimalist.ee\/?post_type=product&#038;p=18446"},"modified":"2026-02-09T18:26:13","modified_gmt":"2026-02-09T18:26:13","slug":"groundies-mona-stretch","status":"publish","type":"product","link":"https:\/\/minimalist.ee\/en\/product\/groundies-mona-stretch\/","title":{"rendered":"Groundies Mona Stretch"},"content":{"rendered":"<p data-start=\"153\" data-end=\"392\">Mona Stretch \u00fchendab klassikalise k\u00f5rge s\u00e4\u00e4rega saapa elegantsi ja paljajalu liikumise vabaduse. Elastne s\u00e4\u00e4reosa kohandub ideaalselt jalale, tagades mugava istuvuse. Metallist logoga t\u00f5mbluku ripats lisab luksusliku disainielemendi.<\/p>\n<p data-start=\"394\" data-end=\"716\">TrueSense\u00ae GO1 tald pakub paindlikku ja maapinnal\u00e4hedast tunnetust. Sileda naha ja elastse PU-nahast siset\u00fcki kooslus tagab mugavuse ja stabiilsuse, samas kui onSteam\u00ae mikrokiust vooder hoiab jalad kuivad ja meeldivalt temperatuuritasakaalus.<\/p>\n<p data-start=\"718\" data-end=\"850\">Disainitud Saksamaal. Valmistatud Portugalis.<\/p>\n<p data-start=\"718\" data-end=\"850\">Fastening: lock<br \/>\nUpper: Leather<br \/>\nSisetald: &#8211;<br \/>\nTald:TrueSense\u00ae GO1<\/p>\n<p>Minimalisti m\u00f5\u00f5dud Groundies Mona Stretch<\/p>\n<table dir=\"ltr\" border=\"1\" cellspacing=\"0\" cellpadding=\"0\" data-sheets-root=\"1\" data-sheets-baot=\"1\">\n<colgroup>\n<col width=\"86\" \/>\n<col width=\"79\" \/>\n<col width=\"69\" \/><\/colgroup>\n<tbody>\n<tr>\n<td style=\"text-align: center;\"><strong>Size<\/strong><\/td>\n<td style=\"text-align: center;\"><strong>\u00a0Inside length\u00a0<\/strong><\/td>\n<td style=\"text-align: center;\"><strong>Width<\/strong><\/td>\n<\/tr>\n<tr>\n<td style=\"text-align: center;\"><strong>38<\/strong><\/td>\n<td style=\"text-align: center;\">&#8211;<\/td>\n<td style=\"text-align: center;\">9.2<\/td>\n<\/tr>\n<tr>\n<td style=\"text-align: center;\"><strong>39<\/strong><\/td>\n<td style=\"text-align: center;\">25.5<\/td>\n<td style=\"text-align: center;\">9.4<\/td>\n<\/tr>\n<tr>\n<td style=\"text-align: center;\"><strong>40<\/strong><\/td>\n<td style=\"text-align: center;\">26.2<\/td>\n<td style=\"text-align: center;\">9.5<\/td>\n<\/tr>\n<tr>\n<td style=\"text-align: center;\"><strong>41<\/strong><\/td>\n<td style=\"text-align: center;\">26.9<\/td>\n<td style=\"text-align: center;\">9.7<\/td>\n<\/tr>\n<tr>\n<td style=\"text-align: center;\"><strong>42<\/strong><\/td>\n<td style=\"text-align: center;\">27.6<\/td>\n<td style=\"text-align: center;\">9.9<\/td>\n<\/tr>\n<\/tbody>\n<\/table>","protected":false},"excerpt":{"rendered":"<p>Nahast k\u00f5rge s\u00e4\u00e4rega saapad naistele.<\/p>","protected":false},"featured_media":18458,"comment_status":"open","ping_status":"closed","template":"","meta":{"_monsterinsights_skip_tracking":false,"_monsterinsights_sitenote_active":false,"_monsterinsights_sitenote_note":"","_monsterinsights_sitenote_category":0,"neve_meta_sidebar":"","neve_meta_container":"","neve_meta_enable_content_width":"off","neve_meta_content_width":70,"neve_meta_title_alignment":"","neve_meta_author_avatar":"","neve_post_elements_order":"","neve_meta_disable_header":"","neve_meta_disable_footer":"","neve_meta_disable_title":""},"product_cat":[30,18],"product_tag":[],"yoast_head":"<!-- This site is optimized with the Yoast SEO plugin v22.4 - https:\/\/yoast.com\/wordpress\/plugins\/seo\/ -->\n<title>Groundies Mona Stretch - Minimalist.ee<\/title>\n<meta name=\"description\" content=\"Paljajalujaltsid, barefoot jalatsid, jalatsid lastele, jalatsid t\u00e4iskasvanutele, kogu pere barefoot jalatsite pood\" \/>\n<meta name=\"robots\" content=\"index, follow, max-snippet:-1, max-image-preview:large, max-video-preview:-1\" \/>\n<link rel=\"canonical\" href=\"https:\/\/minimalist.ee\/en\/product\/groundies-mona-stretch\/\" \/>\n<meta property=\"og:locale\" content=\"en_US\" \/>\n<meta property=\"og:type\" content=\"article\" \/>\n<meta property=\"og:title\" content=\"Groundies Mona Stretch - Minimalist.ee\" \/>\n<meta property=\"og:description\" content=\"Paljajalujaltsid, barefoot jalatsid, jalatsid lastele, jalatsid t\u00e4iskasvanutele, kogu pere barefoot jalatsite pood\" \/>\n<meta property=\"og:url\" content=\"https:\/\/minimalist.ee\/en\/product\/groundies-mona-stretch\/\" \/>\n<meta property=\"og:site_name\" content=\"Minimalist.ee\" \/>\n<meta property=\"article:publisher\" content=\"https:\/\/www.facebook.com\/www.minimalist.ee\" \/>\n<meta property=\"article:modified_time\" content=\"2026-02-09T18:26:13+00:00\" \/>\n<meta property=\"og:image\" content=\"https:\/\/minimalist.ee\/wp-content\/uploads\/2020\/10\/Original.png\" \/>\n\t<meta property=\"og:image:width\" content=\"2048\" \/>\n\t<meta property=\"og:image:height\" content=\"2000\" \/>\n\t<meta property=\"og:image:type\" content=\"image\/png\" \/>\n<meta name=\"twitter:card\" content=\"summary_large_image\" \/>\n<meta name=\"twitter:label1\" content=\"Est. reading time\" \/>\n\t<meta name=\"twitter:data1\" content=\"1 minute\" \/>\n<script type=\"application\/ld+json\" class=\"yoast-schema-graph\">{\"@context\":\"https:\/\/schema.org\",\"@graph\":[{\"@type\":\"WebPage\",\"@id\":\"https:\/\/minimalist.ee\/toode\/groundies-mona-stretch\/\",\"url\":\"https:\/\/minimalist.ee\/toode\/groundies-mona-stretch\/\",\"name\":\"Groundies Mona Stretch - Minimalist.ee\",\"isPartOf\":{\"@id\":\"https:\/\/minimalist.ee\/#website\"},\"primaryImageOfPage\":{\"@id\":\"https:\/\/minimalist.ee\/toode\/groundies-mona-stretch\/#primaryimage\"},\"image\":{\"@id\":\"https:\/\/minimalist.ee\/toode\/groundies-mona-stretch\/#primaryimage\"},\"thumbnailUrl\":\"https:\/\/minimalist.ee\/wp-content\/uploads\/2025\/10\/gnd-120287-01-h_pic5.jpg.avif\",\"datePublished\":\"2025-10-23T16:16:20+00:00\",\"dateModified\":\"2026-02-09T18:26:13+00:00\",\"description\":\"Paljajalujaltsid, barefoot jalatsid, jalatsid lastele, jalatsid t\u00e4iskasvanutele, kogu pere barefoot jalatsite pood\",\"breadcrumb\":{\"@id\":\"https:\/\/minimalist.ee\/toode\/groundies-mona-stretch\/#breadcrumb\"},\"inLanguage\":\"en-US\",\"potentialAction\":[{\"@type\":\"ReadAction\",\"target\":[\"https:\/\/minimalist.ee\/toode\/groundies-mona-stretch\/\"]}]},{\"@type\":\"ImageObject\",\"inLanguage\":\"en-US\",\"@id\":\"https:\/\/minimalist.ee\/toode\/groundies-mona-stretch\/#primaryimage\",\"url\":\"https:\/\/minimalist.ee\/wp-content\/uploads\/2025\/10\/gnd-120287-01-h_pic5.jpg.avif\",\"contentUrl\":\"https:\/\/minimalist.ee\/wp-content\/uploads\/2025\/10\/gnd-120287-01-h_pic5.jpg.avif\",\"width\":1000,\"height\":1000},{\"@type\":\"BreadcrumbList\",\"@id\":\"https:\/\/minimalist.ee\/toode\/groundies-mona-stretch\/#breadcrumb\",\"itemListElement\":[{\"@type\":\"ListItem\",\"position\":1,\"name\":\"Home\",\"item\":\"https:\/\/minimalist.ee\/\"},{\"@type\":\"ListItem\",\"position\":2,\"name\":\"Pood\",\"item\":\"https:\/\/minimalist.ee\/pood\/\"},{\"@type\":\"ListItem\",\"position\":3,\"name\":\"Groundies Mona Stretch\"}]},{\"@type\":\"WebSite\",\"@id\":\"https:\/\/minimalist.ee\/#website\",\"url\":\"https:\/\/minimalist.ee\/\",\"name\":\"Minimalist.ee\",\"description\":\"Barefoot jalatsid\",\"publisher\":{\"@id\":\"https:\/\/minimalist.ee\/#organization\"},\"potentialAction\":[{\"@type\":\"SearchAction\",\"target\":{\"@type\":\"EntryPoint\",\"urlTemplate\":\"https:\/\/minimalist.ee\/?s={search_term_string}\"},\"query-input\":\"required name=search_term_string\"}],\"inLanguage\":\"en-US\"},{\"@type\":\"Organization\",\"@id\":\"https:\/\/minimalist.ee\/#organization\",\"name\":\"Minimalist Shoes O\u00dc\",\"url\":\"https:\/\/minimalist.ee\/\",\"logo\":{\"@type\":\"ImageObject\",\"inLanguage\":\"en-US\",\"@id\":\"https:\/\/minimalist.ee\/#\/schema\/logo\/image\/\",\"url\":\"https:\/\/minimalist.ee\/wp-content\/uploads\/2020\/10\/Original.png\",\"contentUrl\":\"https:\/\/minimalist.ee\/wp-content\/uploads\/2020\/10\/Original.png\",\"width\":2048,\"height\":2000,\"caption\":\"Minimalist Shoes O\u00dc\"},\"image\":{\"@id\":\"https:\/\/minimalist.ee\/#\/schema\/logo\/image\/\"},\"sameAs\":[\"https:\/\/www.facebook.com\/www.minimalist.ee\",\"https:\/\/www.instagram.com\/minimalistshoesest\/\"]}]}<\/script>\n<!-- \/ Yoast SEO plugin. -->","yoast_head_json":{"title":"Groundies Mona Stretch - Minimalist.ee","description":"Paljajalujaltsid, barefoot jalatsid, jalatsid lastele, jalatsid t\u00e4iskasvanutele, kogu pere barefoot jalatsite pood","robots":{"index":"index","follow":"follow","max-snippet":"max-snippet:-1","max-image-preview":"max-image-preview:large","max-video-preview":"max-video-preview:-1"},"canonical":"https:\/\/minimalist.ee\/en\/product\/groundies-mona-stretch\/","og_locale":"en_US","og_type":"article","og_title":"Groundies Mona Stretch - Minimalist.ee","og_description":"Paljajalujaltsid, barefoot jalatsid, jalatsid lastele, jalatsid t\u00e4iskasvanutele, kogu pere barefoot jalatsite pood","og_url":"https:\/\/minimalist.ee\/en\/product\/groundies-mona-stretch\/","og_site_name":"Minimalist.ee","article_publisher":"https:\/\/www.facebook.com\/www.minimalist.ee","article_modified_time":"2026-02-09T18:26:13+00:00","og_image":[{"width":2048,"height":2000,"url":"https:\/\/minimalist.ee\/wp-content\/uploads\/2020\/10\/Original.png","type":"image\/png"}],"twitter_card":"summary_large_image","twitter_misc":{"Est. reading time":"1 minute"},"schema":{"@context":"https:\/\/schema.org","@graph":[{"@type":"WebPage","@id":"https:\/\/minimalist.ee\/toode\/groundies-mona-stretch\/","url":"https:\/\/minimalist.ee\/toode\/groundies-mona-stretch\/","name":"Groundies Mona Stretch - Minimalist.ee","isPartOf":{"@id":"https:\/\/minimalist.ee\/#website"},"primaryImageOfPage":{"@id":"https:\/\/minimalist.ee\/toode\/groundies-mona-stretch\/#primaryimage"},"image":{"@id":"https:\/\/minimalist.ee\/toode\/groundies-mona-stretch\/#primaryimage"},"thumbnailUrl":"https:\/\/minimalist.ee\/wp-content\/uploads\/2025\/10\/gnd-120287-01-h_pic5.jpg.avif","datePublished":"2025-10-23T16:16:20+00:00","dateModified":"2026-02-09T18:26:13+00:00","description":"Paljajalujaltsid, barefoot jalatsid, jalatsid lastele, jalatsid t\u00e4iskasvanutele, kogu pere barefoot jalatsite pood","breadcrumb":{"@id":"https:\/\/minimalist.ee\/toode\/groundies-mona-stretch\/#breadcrumb"},"inLanguage":"en-US","potentialAction":[{"@type":"ReadAction","target":["https:\/\/minimalist.ee\/toode\/groundies-mona-stretch\/"]}]},{"@type":"ImageObject","inLanguage":"en-US","@id":"https:\/\/minimalist.ee\/toode\/groundies-mona-stretch\/#primaryimage","url":"https:\/\/minimalist.ee\/wp-content\/uploads\/2025\/10\/gnd-120287-01-h_pic5.jpg.avif","contentUrl":"https:\/\/minimalist.ee\/wp-content\/uploads\/2025\/10\/gnd-120287-01-h_pic5.jpg.avif","width":1000,"height":1000},{"@type":"BreadcrumbList","@id":"https:\/\/minimalist.ee\/toode\/groundies-mona-stretch\/#breadcrumb","itemListElement":[{"@type":"ListItem","position":1,"name":"Home","item":"https:\/\/minimalist.ee\/"},{"@type":"ListItem","position":2,"name":"Pood","item":"https:\/\/minimalist.ee\/pood\/"},{"@type":"ListItem","position":3,"name":"Groundies Mona Stretch"}]},{"@type":"WebSite","@id":"https:\/\/minimalist.ee\/#website","url":"https:\/\/minimalist.ee\/","name":"Minimalist.ee","description":"Barefoot jalatsid","publisher":{"@id":"https:\/\/minimalist.ee\/#organization"},"potentialAction":[{"@type":"SearchAction","target":{"@type":"EntryPoint","urlTemplate":"https:\/\/minimalist.ee\/?s={search_term_string}"},"query-input":"required name=search_term_string"}],"inLanguage":"en-US"},{"@type":"Organization","@id":"https:\/\/minimalist.ee\/#organization","name":"Minimalist Shoes O\u00dc","url":"https:\/\/minimalist.ee\/","logo":{"@type":"ImageObject","inLanguage":"en-US","@id":"https:\/\/minimalist.ee\/#\/schema\/logo\/image\/","url":"https:\/\/minimalist.ee\/wp-content\/uploads\/2020\/10\/Original.png","contentUrl":"https:\/\/minimalist.ee\/wp-content\/uploads\/2020\/10\/Original.png","width":2048,"height":2000,"caption":"Minimalist Shoes O\u00dc"},"image":{"@id":"https:\/\/minimalist.ee\/#\/schema\/logo\/image\/"},"sameAs":["https:\/\/www.facebook.com\/www.minimalist.ee","https:\/\/www.instagram.com\/minimalistshoesest\/"]}]}},"jetpack_sharing_enabled":true,"_links":{"self":[{"href":"https:\/\/minimalist.ee\/en\/wp-json\/wp\/v2\/product\/18446"}],"collection":[{"href":"https:\/\/minimalist.ee\/en\/wp-json\/wp\/v2\/product"}],"about":[{"href":"https:\/\/minimalist.ee\/en\/wp-json\/wp\/v2\/types\/product"}],"replies":[{"embeddable":true,"href":"https:\/\/minimalist.ee\/en\/wp-json\/wp\/v2\/comments?post=18446"}],"wp:featuredmedia":[{"embeddable":true,"href":"https:\/\/minimalist.ee\/en\/wp-json\/wp\/v2\/media\/18458"}],"wp:attachment":[{"href":"https:\/\/minimalist.ee\/en\/wp-json\/wp\/v2\/media?parent=18446"}],"wp:term":[{"taxonomy":"product_cat","embeddable":true,"href":"https:\/\/minimalist.ee\/en\/wp-json\/wp\/v2\/product_cat?post=18446"},{"taxonomy":"product_tag","embeddable":true,"href":"https:\/\/minimalist.ee\/en\/wp-json\/wp\/v2\/product_tag?post=18446"}],"curies":[{"name":"wp","href":"https:\/\/api.w.org\/{rel}","templated":true}]}}