{"id":18409,"date":"2025-10-08T13:52:03","date_gmt":"2025-10-08T13:52:03","guid":{"rendered":"https:\/\/minimalist.ee\/?post_type=product&#038;p=18409"},"modified":"2026-02-22T21:31:38","modified_gmt":"2026-02-22T21:31:38","slug":"groundies-camden","status":"publish","type":"product","link":"https:\/\/minimalist.ee\/en\/product\/groundies-camden\/","title":{"rendered":"Groundies Camden"},"content":{"rendered":"<p>Mugavad Groundies Camden Chelsea saapad on t\u00f5eline garderoobi <em>must-have<\/em>. Valmistatud kvaliteetsest nahast, kerge kulutatud alatooniga. Saapad on kerge \u00f5hukese voodriga, mis hoiab jalad soojas ka k\u00fclmematel s\u00fcgisp\u00e4evadel. obivad keskmise k\u00f5rgusega ja keskmise v\u00f5i kitsa laiusega jalale. Madalale jalale soovitame lisada <a href=\"https:\/\/minimalist.ee\/en\/product\/oma-king-barefoot-sisetallad\/\">sisetalla<\/a>.<\/p>\n<p>Kinnitus: jalga t\u00f5mmatavad, m\u00f5lemal k\u00fcljel kummid<br \/>\nUpper: Leather<br \/>\nSisetald: &#8211;<br \/>\nTald: Original TrueSense\u00ae GO1 3 mm + 3.3 mm muster<\/p>\n<p>Minimalisti m\u00f5\u00f5dud Groundies Camdon mudelile<\/p>\n<table dir=\"ltr\" border=\"1\" cellspacing=\"0\" cellpadding=\"0\" data-sheets-root=\"1\" data-sheets-baot=\"1\">\n<colgroup>\n<col width=\"77\" \/>\n<col width=\"85\" \/>\n<col width=\"89\" \/><\/colgroup>\n<tbody>\n<tr>\n<td style=\"text-align: center;\"><strong>Size<\/strong><\/td>\n<td style=\"text-align: center;\"><strong>Inside length<\/strong><\/td>\n<td style=\"text-align: center;\"><strong>Width<\/strong><\/td>\n<\/tr>\n<tr>\n<td style=\"text-align: center;\"><strong>38<\/strong><\/td>\n<td style=\"text-align: center;\">24.8<\/td>\n<td style=\"text-align: center;\">9.2<\/td>\n<\/tr>\n<tr>\n<td style=\"text-align: center;\"><strong>39<\/strong><\/td>\n<td style=\"text-align: center;\">25.5<\/td>\n<td style=\"text-align: center;\">9.4<\/td>\n<\/tr>\n<tr>\n<td style=\"text-align: center;\"><strong>40<\/strong><\/td>\n<td style=\"text-align: center;\">26.1<\/td>\n<td style=\"text-align: center;\">9.5<\/td>\n<\/tr>\n<tr>\n<td style=\"text-align: center;\"><strong>41<\/strong><\/td>\n<td style=\"text-align: center;\">27<\/td>\n<td style=\"text-align: center;\">9.7<\/td>\n<\/tr>\n<tr>\n<td style=\"text-align: center;\"><strong>42<\/strong><\/td>\n<td style=\"text-align: center;\">27.6<\/td>\n<td style=\"text-align: center;\">9.9<\/td>\n<\/tr>\n<\/tbody>\n<\/table>","protected":false},"excerpt":{"rendered":"<p>S\u00fcgissaapad naistele<\/p>","protected":false},"featured_media":18418,"comment_status":"open","ping_status":"closed","template":"","meta":{"_monsterinsights_skip_tracking":false,"_monsterinsights_sitenote_active":false,"_monsterinsights_sitenote_note":"","_monsterinsights_sitenote_category":0,"neve_meta_sidebar":"","neve_meta_container":"","neve_meta_enable_content_width":"off","neve_meta_content_width":70,"neve_meta_title_alignment":"","neve_meta_author_avatar":"","neve_post_elements_order":"","neve_meta_disable_header":"","neve_meta_disable_footer":"","neve_meta_disable_title":""},"product_cat":[30,18],"product_tag":[],"yoast_head":"<!-- This site is optimized with the Yoast SEO plugin v22.4 - https:\/\/yoast.com\/wordpress\/plugins\/seo\/ -->\n<title>Groundies Camden - Minimalist.ee<\/title>\n<meta name=\"description\" content=\"Paljajalujaltsid, barefoot jalatsid, jalatsid lastele, jalatsid t\u00e4iskasvanutele, kogu pere barefoot jalatsite pood\" \/>\n<meta name=\"robots\" content=\"index, follow, max-snippet:-1, max-image-preview:large, max-video-preview:-1\" \/>\n<link rel=\"canonical\" href=\"https:\/\/minimalist.ee\/en\/product\/groundies-camden\/\" \/>\n<meta property=\"og:locale\" content=\"en_US\" \/>\n<meta property=\"og:type\" content=\"article\" \/>\n<meta property=\"og:title\" content=\"Groundies Camden - Minimalist.ee\" \/>\n<meta property=\"og:description\" content=\"Paljajalujaltsid, barefoot jalatsid, jalatsid lastele, jalatsid t\u00e4iskasvanutele, kogu pere barefoot jalatsite pood\" \/>\n<meta property=\"og:url\" content=\"https:\/\/minimalist.ee\/en\/product\/groundies-camden\/\" \/>\n<meta property=\"og:site_name\" content=\"Minimalist.ee\" \/>\n<meta property=\"article:publisher\" content=\"https:\/\/www.facebook.com\/www.minimalist.ee\" \/>\n<meta property=\"article:modified_time\" content=\"2026-02-22T21:31:38+00:00\" \/>\n<meta property=\"og:image\" content=\"https:\/\/minimalist.ee\/wp-content\/uploads\/2025\/10\/25830.webp\" \/>\n\t<meta property=\"og:image:width\" content=\"2048\" \/>\n\t<meta property=\"og:image:height\" content=\"2048\" \/>\n\t<meta property=\"og:image:type\" content=\"image\/webp\" \/>\n<meta name=\"twitter:card\" content=\"summary_large_image\" \/>\n<meta name=\"twitter:label1\" content=\"Est. reading time\" \/>\n\t<meta name=\"twitter:data1\" content=\"1 minute\" \/>\n<script type=\"application\/ld+json\" class=\"yoast-schema-graph\">{\"@context\":\"https:\/\/schema.org\",\"@graph\":[{\"@type\":\"WebPage\",\"@id\":\"https:\/\/minimalist.ee\/toode\/groundies-camden\/\",\"url\":\"https:\/\/minimalist.ee\/toode\/groundies-camden\/\",\"name\":\"Groundies Camden - Minimalist.ee\",\"isPartOf\":{\"@id\":\"https:\/\/minimalist.ee\/#website\"},\"primaryImageOfPage\":{\"@id\":\"https:\/\/minimalist.ee\/toode\/groundies-camden\/#primaryimage\"},\"image\":{\"@id\":\"https:\/\/minimalist.ee\/toode\/groundies-camden\/#primaryimage\"},\"thumbnailUrl\":\"https:\/\/minimalist.ee\/wp-content\/uploads\/2025\/10\/25830.webp\",\"datePublished\":\"2025-10-08T13:52:03+00:00\",\"dateModified\":\"2026-02-22T21:31:38+00:00\",\"description\":\"Paljajalujaltsid, barefoot jalatsid, jalatsid lastele, jalatsid t\u00e4iskasvanutele, kogu pere barefoot jalatsite pood\",\"breadcrumb\":{\"@id\":\"https:\/\/minimalist.ee\/toode\/groundies-camden\/#breadcrumb\"},\"inLanguage\":\"en-US\",\"potentialAction\":[{\"@type\":\"ReadAction\",\"target\":[\"https:\/\/minimalist.ee\/toode\/groundies-camden\/\"]}]},{\"@type\":\"ImageObject\",\"inLanguage\":\"en-US\",\"@id\":\"https:\/\/minimalist.ee\/toode\/groundies-camden\/#primaryimage\",\"url\":\"https:\/\/minimalist.ee\/wp-content\/uploads\/2025\/10\/25830.webp\",\"contentUrl\":\"https:\/\/minimalist.ee\/wp-content\/uploads\/2025\/10\/25830.webp\",\"width\":2048,\"height\":2048},{\"@type\":\"BreadcrumbList\",\"@id\":\"https:\/\/minimalist.ee\/toode\/groundies-camden\/#breadcrumb\",\"itemListElement\":[{\"@type\":\"ListItem\",\"position\":1,\"name\":\"Home\",\"item\":\"https:\/\/minimalist.ee\/\"},{\"@type\":\"ListItem\",\"position\":2,\"name\":\"Pood\",\"item\":\"https:\/\/minimalist.ee\/pood\/\"},{\"@type\":\"ListItem\",\"position\":3,\"name\":\"Groundies Camden\"}]},{\"@type\":\"WebSite\",\"@id\":\"https:\/\/minimalist.ee\/#website\",\"url\":\"https:\/\/minimalist.ee\/\",\"name\":\"Minimalist.ee\",\"description\":\"Barefoot jalatsid\",\"publisher\":{\"@id\":\"https:\/\/minimalist.ee\/#organization\"},\"potentialAction\":[{\"@type\":\"SearchAction\",\"target\":{\"@type\":\"EntryPoint\",\"urlTemplate\":\"https:\/\/minimalist.ee\/?s={search_term_string}\"},\"query-input\":\"required name=search_term_string\"}],\"inLanguage\":\"en-US\"},{\"@type\":\"Organization\",\"@id\":\"https:\/\/minimalist.ee\/#organization\",\"name\":\"Minimalist Shoes O\u00dc\",\"url\":\"https:\/\/minimalist.ee\/\",\"logo\":{\"@type\":\"ImageObject\",\"inLanguage\":\"en-US\",\"@id\":\"https:\/\/minimalist.ee\/#\/schema\/logo\/image\/\",\"url\":\"https:\/\/minimalist.ee\/wp-content\/uploads\/2020\/10\/Original.png\",\"contentUrl\":\"https:\/\/minimalist.ee\/wp-content\/uploads\/2020\/10\/Original.png\",\"width\":2048,\"height\":2000,\"caption\":\"Minimalist Shoes O\u00dc\"},\"image\":{\"@id\":\"https:\/\/minimalist.ee\/#\/schema\/logo\/image\/\"},\"sameAs\":[\"https:\/\/www.facebook.com\/www.minimalist.ee\",\"https:\/\/www.instagram.com\/minimalistshoesest\/\"]}]}<\/script>\n<!-- \/ Yoast SEO plugin. -->","yoast_head_json":{"title":"Groundies Camden - Minimalist.ee","description":"Paljajalujaltsid, barefoot jalatsid, jalatsid lastele, jalatsid t\u00e4iskasvanutele, kogu pere barefoot jalatsite pood","robots":{"index":"index","follow":"follow","max-snippet":"max-snippet:-1","max-image-preview":"max-image-preview:large","max-video-preview":"max-video-preview:-1"},"canonical":"https:\/\/minimalist.ee\/en\/product\/groundies-camden\/","og_locale":"en_US","og_type":"article","og_title":"Groundies Camden - Minimalist.ee","og_description":"Paljajalujaltsid, barefoot jalatsid, jalatsid lastele, jalatsid t\u00e4iskasvanutele, kogu pere barefoot jalatsite pood","og_url":"https:\/\/minimalist.ee\/en\/product\/groundies-camden\/","og_site_name":"Minimalist.ee","article_publisher":"https:\/\/www.facebook.com\/www.minimalist.ee","article_modified_time":"2026-02-22T21:31:38+00:00","og_image":[{"width":2048,"height":2048,"url":"https:\/\/minimalist.ee\/wp-content\/uploads\/2025\/10\/25830.webp","type":"image\/webp"}],"twitter_card":"summary_large_image","twitter_misc":{"Est. reading time":"1 minute"},"schema":{"@context":"https:\/\/schema.org","@graph":[{"@type":"WebPage","@id":"https:\/\/minimalist.ee\/toode\/groundies-camden\/","url":"https:\/\/minimalist.ee\/toode\/groundies-camden\/","name":"Groundies Camden - Minimalist.ee","isPartOf":{"@id":"https:\/\/minimalist.ee\/#website"},"primaryImageOfPage":{"@id":"https:\/\/minimalist.ee\/toode\/groundies-camden\/#primaryimage"},"image":{"@id":"https:\/\/minimalist.ee\/toode\/groundies-camden\/#primaryimage"},"thumbnailUrl":"https:\/\/minimalist.ee\/wp-content\/uploads\/2025\/10\/25830.webp","datePublished":"2025-10-08T13:52:03+00:00","dateModified":"2026-02-22T21:31:38+00:00","description":"Paljajalujaltsid, barefoot jalatsid, jalatsid lastele, jalatsid t\u00e4iskasvanutele, kogu pere barefoot jalatsite pood","breadcrumb":{"@id":"https:\/\/minimalist.ee\/toode\/groundies-camden\/#breadcrumb"},"inLanguage":"en-US","potentialAction":[{"@type":"ReadAction","target":["https:\/\/minimalist.ee\/toode\/groundies-camden\/"]}]},{"@type":"ImageObject","inLanguage":"en-US","@id":"https:\/\/minimalist.ee\/toode\/groundies-camden\/#primaryimage","url":"https:\/\/minimalist.ee\/wp-content\/uploads\/2025\/10\/25830.webp","contentUrl":"https:\/\/minimalist.ee\/wp-content\/uploads\/2025\/10\/25830.webp","width":2048,"height":2048},{"@type":"BreadcrumbList","@id":"https:\/\/minimalist.ee\/toode\/groundies-camden\/#breadcrumb","itemListElement":[{"@type":"ListItem","position":1,"name":"Home","item":"https:\/\/minimalist.ee\/"},{"@type":"ListItem","position":2,"name":"Pood","item":"https:\/\/minimalist.ee\/pood\/"},{"@type":"ListItem","position":3,"name":"Groundies Camden"}]},{"@type":"WebSite","@id":"https:\/\/minimalist.ee\/#website","url":"https:\/\/minimalist.ee\/","name":"Minimalist.ee","description":"Barefoot jalatsid","publisher":{"@id":"https:\/\/minimalist.ee\/#organization"},"potentialAction":[{"@type":"SearchAction","target":{"@type":"EntryPoint","urlTemplate":"https:\/\/minimalist.ee\/?s={search_term_string}"},"query-input":"required name=search_term_string"}],"inLanguage":"en-US"},{"@type":"Organization","@id":"https:\/\/minimalist.ee\/#organization","name":"Minimalist Shoes O\u00dc","url":"https:\/\/minimalist.ee\/","logo":{"@type":"ImageObject","inLanguage":"en-US","@id":"https:\/\/minimalist.ee\/#\/schema\/logo\/image\/","url":"https:\/\/minimalist.ee\/wp-content\/uploads\/2020\/10\/Original.png","contentUrl":"https:\/\/minimalist.ee\/wp-content\/uploads\/2020\/10\/Original.png","width":2048,"height":2000,"caption":"Minimalist Shoes O\u00dc"},"image":{"@id":"https:\/\/minimalist.ee\/#\/schema\/logo\/image\/"},"sameAs":["https:\/\/www.facebook.com\/www.minimalist.ee","https:\/\/www.instagram.com\/minimalistshoesest\/"]}]}},"jetpack_sharing_enabled":true,"_links":{"self":[{"href":"https:\/\/minimalist.ee\/en\/wp-json\/wp\/v2\/product\/18409"}],"collection":[{"href":"https:\/\/minimalist.ee\/en\/wp-json\/wp\/v2\/product"}],"about":[{"href":"https:\/\/minimalist.ee\/en\/wp-json\/wp\/v2\/types\/product"}],"replies":[{"embeddable":true,"href":"https:\/\/minimalist.ee\/en\/wp-json\/wp\/v2\/comments?post=18409"}],"wp:featuredmedia":[{"embeddable":true,"href":"https:\/\/minimalist.ee\/en\/wp-json\/wp\/v2\/media\/18418"}],"wp:attachment":[{"href":"https:\/\/minimalist.ee\/en\/wp-json\/wp\/v2\/media?parent=18409"}],"wp:term":[{"taxonomy":"product_cat","embeddable":true,"href":"https:\/\/minimalist.ee\/en\/wp-json\/wp\/v2\/product_cat?post=18409"},{"taxonomy":"product_tag","embeddable":true,"href":"https:\/\/minimalist.ee\/en\/wp-json\/wp\/v2\/product_tag?post=18409"}],"curies":[{"name":"wp","href":"https:\/\/api.w.org\/{rel}","templated":true}]}}