{"id":18146,"date":"2025-07-26T17:22:17","date_gmt":"2025-07-26T17:22:17","guid":{"rendered":"https:\/\/minimalist.ee\/?post_type=product&#038;p=18146"},"modified":"2025-07-26T17:22:17","modified_gmt":"2025-07-26T17:22:17","slug":"hopfrog-smart-walker","status":"publish","type":"product","link":"https:\/\/minimalist.ee\/en\/product\/hopfrog-smart-walker\/","title":{"rendered":"Hopfr\u00f6g Smart Walker"},"content":{"rendered":"<p><span data-sheets-root=\"1\">Hopfr\u00f6g Smart Walker Recycled Canvas laste tennised on loodud v\u00e4ikeste jalgade loomulikku arengut silmas pidades. Valmistatud taaskasutatud kanvasest \u2013 vastupidavast ja hingavast materjalist, mis sobib aktiivseks igap\u00e4evaseks kandmiseks. Painduv tald ja kerge konstruktsioon v\u00f5imaldavad lapse jalal vabalt liikuda, toetades tugevat ja tervet jalav\u00f5lvi arengut. Kerge ja jalas\u00f5bralik disain, mis sobib ideaalselt m\u00e4nguv\u00e4ljakule, lasteaeda v\u00f5i jalutusk\u00e4igule<\/span><\/p>\n<p>Fixation: crisps<br \/>\nPealmine osa: taaskasutatud kanvas<br \/>\nSisetald: tekstiil, eemaldatav<br \/>\nLining: textile<br \/>\nOutsole: rubber<\/p>\n<p>Valmistatud T\u00fcrgis<\/p>\n<p>Minimalisti m\u00f5\u00f5dud Hopfr\u00f6g Smart Walker tennistele<\/p>\n<table dir=\"ltr\" style=\"height: 260px;\" border=\"1\" width=\"253\" cellspacing=\"0\" cellpadding=\"0\" data-sheets-root=\"1\" data-sheets-baot=\"1\">\n<colgroup>\n<col width=\"100\" \/>\n<col width=\"100\" \/>\n<col width=\"100\" \/><\/colgroup>\n<tbody>\n<tr>\n<td style=\"text-align: center;\"><strong>Size<\/strong><\/td>\n<td style=\"text-align: center;\"><strong>Inside length<\/strong><\/td>\n<td style=\"text-align: center;\"><strong>Width*<\/strong><\/td>\n<\/tr>\n<tr>\n<td style=\"text-align: center;\"><strong>24<\/strong><\/td>\n<td style=\"text-align: center;\">15.4<\/td>\n<td style=\"text-align: center;\">6.3<\/td>\n<\/tr>\n<tr>\n<td style=\"text-align: center;\"><strong>25<\/strong><\/td>\n<td style=\"text-align: center;\">16<\/td>\n<td style=\"text-align: center;\">6.4<\/td>\n<\/tr>\n<tr>\n<td style=\"text-align: center;\"><strong>26<\/strong><\/td>\n<td style=\"text-align: center;\">16.8<\/td>\n<td style=\"text-align: center;\">6.6<\/td>\n<\/tr>\n<tr>\n<td style=\"text-align: center;\"><strong>27<\/strong><\/td>\n<td style=\"text-align: center;\">17.3<\/td>\n<td style=\"text-align: center;\">6.7<\/td>\n<\/tr>\n<tr>\n<td style=\"text-align: center;\"><strong>28<\/strong><\/td>\n<td style=\"text-align: center;\">18.1<\/td>\n<td style=\"text-align: center;\">6.8<\/td>\n<\/tr>\n<tr>\n<td style=\"text-align: center;\"><strong>29<\/strong><\/td>\n<td style=\"text-align: center;\">18.8<\/td>\n<td style=\"text-align: center;\">7<\/td>\n<\/tr>\n<tr>\n<td style=\"text-align: center;\"><strong>30<\/strong><\/td>\n<td style=\"text-align: center;\">19.5<\/td>\n<td style=\"text-align: center;\">7.1<\/td>\n<\/tr>\n<tr>\n<td style=\"text-align: center;\"><strong>31<\/strong><\/td>\n<td style=\"text-align: center;\">20.1<\/td>\n<td style=\"text-align: center;\">7.3<\/td>\n<\/tr>\n<tr>\n<td style=\"text-align: center;\"><strong>32<\/strong><\/td>\n<td style=\"text-align: center;\">21<\/td>\n<td style=\"text-align: center;\">7.5<\/td>\n<\/tr>\n<\/tbody>\n<\/table>\n<p>*Width measured from the insole<\/p>","protected":false},"excerpt":{"rendered":"<p>Tekstiilist tennised lastele.<\/p>","protected":false},"featured_media":18147,"comment_status":"open","ping_status":"closed","template":"","meta":{"_monsterinsights_skip_tracking":false,"_monsterinsights_sitenote_active":false,"_monsterinsights_sitenote_note":"","_monsterinsights_sitenote_category":0,"neve_meta_sidebar":"","neve_meta_container":"","neve_meta_enable_content_width":"off","neve_meta_content_width":70,"neve_meta_title_alignment":"","neve_meta_author_avatar":"","neve_post_elements_order":"","neve_meta_disable_header":"","neve_meta_disable_footer":"","neve_meta_disable_title":""},"product_cat":[70,20,21],"product_tag":[],"yoast_head":"<!-- This site is optimized with the Yoast SEO plugin v22.4 - https:\/\/yoast.com\/wordpress\/plugins\/seo\/ -->\n<title>Hopfr\u00f6g Smart Walker - Minimalist.ee<\/title>\n<meta name=\"description\" content=\"Paljajalujaltsid, barefoot jalatsid, jalatsid lastele, jalatsid t\u00e4iskasvanutele, kogu pere barefoot jalatsite pood\" \/>\n<meta name=\"robots\" content=\"index, follow, max-snippet:-1, max-image-preview:large, max-video-preview:-1\" \/>\n<link rel=\"canonical\" href=\"https:\/\/minimalist.ee\/en\/product\/hopfrog-smart-walker\/\" \/>\n<meta property=\"og:locale\" content=\"en_US\" \/>\n<meta property=\"og:type\" content=\"article\" \/>\n<meta property=\"og:title\" content=\"Hopfr\u00f6g Smart Walker - Minimalist.ee\" \/>\n<meta property=\"og:description\" content=\"Paljajalujaltsid, barefoot jalatsid, jalatsid lastele, jalatsid t\u00e4iskasvanutele, kogu pere barefoot jalatsite pood\" \/>\n<meta property=\"og:url\" content=\"https:\/\/minimalist.ee\/en\/product\/hopfrog-smart-walker\/\" \/>\n<meta property=\"og:site_name\" content=\"Minimalist.ee\" \/>\n<meta property=\"article:publisher\" content=\"https:\/\/www.facebook.com\/www.minimalist.ee\" \/>\n<meta property=\"og:image\" content=\"https:\/\/minimalist.ee\/wp-content\/uploads\/2025\/07\/IMG_7709.png\" \/>\n\t<meta property=\"og:image:width\" content=\"1920\" \/>\n\t<meta property=\"og:image:height\" content=\"1920\" \/>\n\t<meta property=\"og:image:type\" content=\"image\/png\" \/>\n<meta name=\"twitter:card\" content=\"summary_large_image\" \/>\n<meta name=\"twitter:label1\" content=\"Est. reading time\" \/>\n\t<meta name=\"twitter:data1\" content=\"1 minute\" \/>\n<script type=\"application\/ld+json\" class=\"yoast-schema-graph\">{\"@context\":\"https:\/\/schema.org\",\"@graph\":[{\"@type\":\"WebPage\",\"@id\":\"https:\/\/minimalist.ee\/toode\/hopfrog-smart-walker\/\",\"url\":\"https:\/\/minimalist.ee\/toode\/hopfrog-smart-walker\/\",\"name\":\"Hopfr\u00f6g Smart Walker - Minimalist.ee\",\"isPartOf\":{\"@id\":\"https:\/\/minimalist.ee\/#website\"},\"primaryImageOfPage\":{\"@id\":\"https:\/\/minimalist.ee\/toode\/hopfrog-smart-walker\/#primaryimage\"},\"image\":{\"@id\":\"https:\/\/minimalist.ee\/toode\/hopfrog-smart-walker\/#primaryimage\"},\"thumbnailUrl\":\"https:\/\/minimalist.ee\/wp-content\/uploads\/2025\/07\/IMG_7709.png\",\"datePublished\":\"2025-07-26T17:22:17+00:00\",\"dateModified\":\"2025-07-26T17:22:17+00:00\",\"description\":\"Paljajalujaltsid, barefoot jalatsid, jalatsid lastele, jalatsid t\u00e4iskasvanutele, kogu pere barefoot jalatsite pood\",\"breadcrumb\":{\"@id\":\"https:\/\/minimalist.ee\/toode\/hopfrog-smart-walker\/#breadcrumb\"},\"inLanguage\":\"en-US\",\"potentialAction\":[{\"@type\":\"ReadAction\",\"target\":[\"https:\/\/minimalist.ee\/toode\/hopfrog-smart-walker\/\"]}]},{\"@type\":\"ImageObject\",\"inLanguage\":\"en-US\",\"@id\":\"https:\/\/minimalist.ee\/toode\/hopfrog-smart-walker\/#primaryimage\",\"url\":\"https:\/\/minimalist.ee\/wp-content\/uploads\/2025\/07\/IMG_7709.png\",\"contentUrl\":\"https:\/\/minimalist.ee\/wp-content\/uploads\/2025\/07\/IMG_7709.png\",\"width\":1920,\"height\":1920},{\"@type\":\"BreadcrumbList\",\"@id\":\"https:\/\/minimalist.ee\/toode\/hopfrog-smart-walker\/#breadcrumb\",\"itemListElement\":[{\"@type\":\"ListItem\",\"position\":1,\"name\":\"Home\",\"item\":\"https:\/\/minimalist.ee\/\"},{\"@type\":\"ListItem\",\"position\":2,\"name\":\"Pood\",\"item\":\"https:\/\/minimalist.ee\/pood\/\"},{\"@type\":\"ListItem\",\"position\":3,\"name\":\"Hopfr\u00f6g Smart Walker\"}]},{\"@type\":\"WebSite\",\"@id\":\"https:\/\/minimalist.ee\/#website\",\"url\":\"https:\/\/minimalist.ee\/\",\"name\":\"Minimalist.ee\",\"description\":\"Barefoot jalatsid\",\"publisher\":{\"@id\":\"https:\/\/minimalist.ee\/#organization\"},\"potentialAction\":[{\"@type\":\"SearchAction\",\"target\":{\"@type\":\"EntryPoint\",\"urlTemplate\":\"https:\/\/minimalist.ee\/?s={search_term_string}\"},\"query-input\":\"required name=search_term_string\"}],\"inLanguage\":\"en-US\"},{\"@type\":\"Organization\",\"@id\":\"https:\/\/minimalist.ee\/#organization\",\"name\":\"Minimalist Shoes O\u00dc\",\"url\":\"https:\/\/minimalist.ee\/\",\"logo\":{\"@type\":\"ImageObject\",\"inLanguage\":\"en-US\",\"@id\":\"https:\/\/minimalist.ee\/#\/schema\/logo\/image\/\",\"url\":\"https:\/\/minimalist.ee\/wp-content\/uploads\/2020\/10\/Original.png\",\"contentUrl\":\"https:\/\/minimalist.ee\/wp-content\/uploads\/2020\/10\/Original.png\",\"width\":2048,\"height\":2000,\"caption\":\"Minimalist Shoes O\u00dc\"},\"image\":{\"@id\":\"https:\/\/minimalist.ee\/#\/schema\/logo\/image\/\"},\"sameAs\":[\"https:\/\/www.facebook.com\/www.minimalist.ee\",\"https:\/\/www.instagram.com\/minimalistshoesest\/\"]}]}<\/script>\n<!-- \/ Yoast SEO plugin. -->","yoast_head_json":{"title":"Hopfr\u00f6g Smart Walker - Minimalist.ee","description":"Paljajalujaltsid, barefoot jalatsid, jalatsid lastele, jalatsid t\u00e4iskasvanutele, kogu pere barefoot jalatsite pood","robots":{"index":"index","follow":"follow","max-snippet":"max-snippet:-1","max-image-preview":"max-image-preview:large","max-video-preview":"max-video-preview:-1"},"canonical":"https:\/\/minimalist.ee\/en\/product\/hopfrog-smart-walker\/","og_locale":"en_US","og_type":"article","og_title":"Hopfr\u00f6g Smart Walker - Minimalist.ee","og_description":"Paljajalujaltsid, barefoot jalatsid, jalatsid lastele, jalatsid t\u00e4iskasvanutele, kogu pere barefoot jalatsite pood","og_url":"https:\/\/minimalist.ee\/en\/product\/hopfrog-smart-walker\/","og_site_name":"Minimalist.ee","article_publisher":"https:\/\/www.facebook.com\/www.minimalist.ee","og_image":[{"width":1920,"height":1920,"url":"https:\/\/minimalist.ee\/wp-content\/uploads\/2025\/07\/IMG_7709.png","type":"image\/png"}],"twitter_card":"summary_large_image","twitter_misc":{"Est. reading time":"1 minute"},"schema":{"@context":"https:\/\/schema.org","@graph":[{"@type":"WebPage","@id":"https:\/\/minimalist.ee\/toode\/hopfrog-smart-walker\/","url":"https:\/\/minimalist.ee\/toode\/hopfrog-smart-walker\/","name":"Hopfr\u00f6g Smart Walker - Minimalist.ee","isPartOf":{"@id":"https:\/\/minimalist.ee\/#website"},"primaryImageOfPage":{"@id":"https:\/\/minimalist.ee\/toode\/hopfrog-smart-walker\/#primaryimage"},"image":{"@id":"https:\/\/minimalist.ee\/toode\/hopfrog-smart-walker\/#primaryimage"},"thumbnailUrl":"https:\/\/minimalist.ee\/wp-content\/uploads\/2025\/07\/IMG_7709.png","datePublished":"2025-07-26T17:22:17+00:00","dateModified":"2025-07-26T17:22:17+00:00","description":"Paljajalujaltsid, barefoot jalatsid, jalatsid lastele, jalatsid t\u00e4iskasvanutele, kogu pere barefoot jalatsite pood","breadcrumb":{"@id":"https:\/\/minimalist.ee\/toode\/hopfrog-smart-walker\/#breadcrumb"},"inLanguage":"en-US","potentialAction":[{"@type":"ReadAction","target":["https:\/\/minimalist.ee\/toode\/hopfrog-smart-walker\/"]}]},{"@type":"ImageObject","inLanguage":"en-US","@id":"https:\/\/minimalist.ee\/toode\/hopfrog-smart-walker\/#primaryimage","url":"https:\/\/minimalist.ee\/wp-content\/uploads\/2025\/07\/IMG_7709.png","contentUrl":"https:\/\/minimalist.ee\/wp-content\/uploads\/2025\/07\/IMG_7709.png","width":1920,"height":1920},{"@type":"BreadcrumbList","@id":"https:\/\/minimalist.ee\/toode\/hopfrog-smart-walker\/#breadcrumb","itemListElement":[{"@type":"ListItem","position":1,"name":"Home","item":"https:\/\/minimalist.ee\/"},{"@type":"ListItem","position":2,"name":"Pood","item":"https:\/\/minimalist.ee\/pood\/"},{"@type":"ListItem","position":3,"name":"Hopfr\u00f6g Smart Walker"}]},{"@type":"WebSite","@id":"https:\/\/minimalist.ee\/#website","url":"https:\/\/minimalist.ee\/","name":"Minimalist.ee","description":"Barefoot jalatsid","publisher":{"@id":"https:\/\/minimalist.ee\/#organization"},"potentialAction":[{"@type":"SearchAction","target":{"@type":"EntryPoint","urlTemplate":"https:\/\/minimalist.ee\/?s={search_term_string}"},"query-input":"required name=search_term_string"}],"inLanguage":"en-US"},{"@type":"Organization","@id":"https:\/\/minimalist.ee\/#organization","name":"Minimalist Shoes O\u00dc","url":"https:\/\/minimalist.ee\/","logo":{"@type":"ImageObject","inLanguage":"en-US","@id":"https:\/\/minimalist.ee\/#\/schema\/logo\/image\/","url":"https:\/\/minimalist.ee\/wp-content\/uploads\/2020\/10\/Original.png","contentUrl":"https:\/\/minimalist.ee\/wp-content\/uploads\/2020\/10\/Original.png","width":2048,"height":2000,"caption":"Minimalist Shoes O\u00dc"},"image":{"@id":"https:\/\/minimalist.ee\/#\/schema\/logo\/image\/"},"sameAs":["https:\/\/www.facebook.com\/www.minimalist.ee","https:\/\/www.instagram.com\/minimalistshoesest\/"]}]}},"jetpack_sharing_enabled":true,"_links":{"self":[{"href":"https:\/\/minimalist.ee\/en\/wp-json\/wp\/v2\/product\/18146"}],"collection":[{"href":"https:\/\/minimalist.ee\/en\/wp-json\/wp\/v2\/product"}],"about":[{"href":"https:\/\/minimalist.ee\/en\/wp-json\/wp\/v2\/types\/product"}],"replies":[{"embeddable":true,"href":"https:\/\/minimalist.ee\/en\/wp-json\/wp\/v2\/comments?post=18146"}],"wp:featuredmedia":[{"embeddable":true,"href":"https:\/\/minimalist.ee\/en\/wp-json\/wp\/v2\/media\/18147"}],"wp:attachment":[{"href":"https:\/\/minimalist.ee\/en\/wp-json\/wp\/v2\/media?parent=18146"}],"wp:term":[{"taxonomy":"product_cat","embeddable":true,"href":"https:\/\/minimalist.ee\/en\/wp-json\/wp\/v2\/product_cat?post=18146"},{"taxonomy":"product_tag","embeddable":true,"href":"https:\/\/minimalist.ee\/en\/wp-json\/wp\/v2\/product_tag?post=18146"}],"curies":[{"name":"wp","href":"https:\/\/api.w.org\/{rel}","templated":true}]}}