{"id":17914,"date":"2025-05-08T09:33:11","date_gmt":"2025-05-08T09:33:11","guid":{"rendered":"https:\/\/minimalist.ee\/?post_type=product&#038;p=17914"},"modified":"2026-03-14T10:54:13","modified_gmt":"2026-03-14T10:54:13","slug":"camper-twins","status":"publish","type":"product","link":"https:\/\/minimalist.ee\/en\/product\/camper-twins\/","title":{"rendered":"Camper Twins"},"content":{"rendered":"<p><span data-sheets-root=\"1\">Barefoot tennised Camper Twins. T\u00e4nu elastik paeltele on tenniseid v\u00e4ga mugav jalga panna. H\u00e4sti pehme ja painduva kummitallaga. Tald on jalatsi k\u00fclge \u00f5mmeldud, sees on tekstiilist eemaldatav sisetald.<br \/>\n<\/span><\/p>\n<p><span data-sheets-root=\"1\">Kinnitus: elastsed paelad<br \/>\nUpper: Leather<br \/>\nVooder: taaskasutatud pol\u00fcester, nahk, seemisnahk<br \/>\nSisetald: eemaldatav EVA sisetald<br \/>\nSole: Rubber (20% Recycled)<br \/>\n<\/span><\/p>\n<p>CAMPER TWINS &#8211; S\u00fcndinud aastal 1988, klassikaline TWINS kontseptsioon \u2013 vastandlik, kuid t\u00e4iendab teineteist \u2013 kahtluse alla on seatud arusaama, et jalan\u00f5ud peavad olema identsed. See elab edasi nendes eriilmelistes lastejalan\u00f5udes, moodustades t\u00f5eliselt ainulaadse paari.<\/p>\n<p>Dimensions of the minimalist:<\/p>\n<table dir=\"ltr\" border=\"1\" cellspacing=\"0\" cellpadding=\"0\" data-sheets-root=\"1\" data-sheets-baot=\"1\">\n<colgroup>\n<col width=\"100\" \/>\n<col width=\"78\" \/>\n<col width=\"87\" \/><\/colgroup>\n<tbody>\n<tr>\n<td style=\"text-align: center;\"><strong>Size<\/strong><\/td>\n<td style=\"text-align: center;\"><strong>Inside length<\/strong><\/td>\n<td style=\"text-align: center;\"><strong>Width<\/strong><\/td>\n<\/tr>\n<tr>\n<td style=\"text-align: center;\"><strong>30<\/strong><\/td>\n<td style=\"text-align: center;\">18.7<\/td>\n<td style=\"text-align: center;\">7.8<\/td>\n<\/tr>\n<tr>\n<td style=\"text-align: center;\"><strong>31<\/strong><\/td>\n<td style=\"text-align: center;\">19.4<\/td>\n<td style=\"text-align: center;\">7.8<\/td>\n<\/tr>\n<tr>\n<td style=\"text-align: center;\"><strong>32<\/strong><\/td>\n<td style=\"text-align: center;\">20.4<\/td>\n<td style=\"text-align: center;\">8<\/td>\n<\/tr>\n<tr>\n<td style=\"text-align: center;\"><strong>33<\/strong><\/td>\n<td style=\"text-align: center;\">21.1<\/td>\n<td style=\"text-align: center;\">8.1<\/td>\n<\/tr>\n<tr>\n<td style=\"text-align: center;\"><strong>34<\/strong><\/td>\n<td style=\"text-align: center;\">21.8<\/td>\n<td style=\"text-align: center;\">8.2<\/td>\n<\/tr>\n<tr>\n<td style=\"text-align: center;\"><strong>35<\/strong><\/td>\n<td style=\"text-align: center;\">22.2<\/td>\n<td style=\"text-align: center;\">8.3<\/td>\n<\/tr>\n<tr>\n<td style=\"text-align: center;\"><strong>36<\/strong><\/td>\n<td style=\"text-align: center;\">22.5<\/td>\n<td style=\"text-align: center;\">8.4<\/td>\n<\/tr>\n<tr>\n<td style=\"text-align: center;\"><strong>37<\/strong><\/td>\n<td style=\"text-align: center;\">23.4<\/td>\n<td style=\"text-align: center;\">8.5<\/td>\n<\/tr>\n<tr>\n<td style=\"text-align: center;\"><strong>38<\/strong><\/td>\n<td style=\"text-align: center;\">24.5<\/td>\n<td style=\"text-align: center;\">8.6<\/td>\n<\/tr>\n<\/tbody>\n<\/table>","protected":false},"excerpt":{"rendered":"<p>Nahast tennised lastele ja noortele.<\/p>","protected":false},"featured_media":17917,"comment_status":"open","ping_status":"closed","template":"","meta":{"_monsterinsights_skip_tracking":false,"_monsterinsights_sitenote_active":false,"_monsterinsights_sitenote_note":"","_monsterinsights_sitenote_category":0,"neve_meta_sidebar":"","neve_meta_container":"","neve_meta_enable_content_width":"off","neve_meta_content_width":70,"neve_meta_title_alignment":"","neve_meta_author_avatar":"","neve_post_elements_order":"","neve_meta_disable_header":"","neve_meta_disable_footer":"","neve_meta_disable_title":""},"product_cat":[20,21],"product_tag":[],"yoast_head":"<!-- This site is optimized with the Yoast SEO plugin v22.4 - https:\/\/yoast.com\/wordpress\/plugins\/seo\/ -->\n<title>Camper Twins - Minimalist.ee<\/title>\n<meta name=\"description\" content=\"Paljajalujaltsid, barefoot jalatsid, jalatsid lastele, jalatsid t\u00e4iskasvanutele, kogu pere barefoot jalatsite pood\" \/>\n<meta name=\"robots\" content=\"index, follow, max-snippet:-1, max-image-preview:large, max-video-preview:-1\" \/>\n<link rel=\"canonical\" href=\"https:\/\/minimalist.ee\/en\/product\/camper-twins\/\" \/>\n<meta property=\"og:locale\" content=\"en_US\" \/>\n<meta property=\"og:type\" content=\"article\" \/>\n<meta property=\"og:title\" content=\"Camper Twins - Minimalist.ee\" \/>\n<meta property=\"og:description\" content=\"Paljajalujaltsid, barefoot jalatsid, jalatsid lastele, jalatsid t\u00e4iskasvanutele, kogu pere barefoot jalatsite pood\" \/>\n<meta property=\"og:url\" content=\"https:\/\/minimalist.ee\/en\/product\/camper-twins\/\" \/>\n<meta property=\"og:site_name\" content=\"Minimalist.ee\" \/>\n<meta property=\"article:publisher\" content=\"https:\/\/www.facebook.com\/www.minimalist.ee\" \/>\n<meta property=\"article:modified_time\" content=\"2026-03-14T10:54:13+00:00\" \/>\n<meta property=\"og:image\" content=\"https:\/\/minimalist.ee\/wp-content\/uploads\/2020\/10\/Original.png\" \/>\n\t<meta property=\"og:image:width\" content=\"2048\" \/>\n\t<meta property=\"og:image:height\" content=\"2000\" \/>\n\t<meta property=\"og:image:type\" content=\"image\/png\" \/>\n<meta name=\"twitter:card\" content=\"summary_large_image\" \/>\n<meta name=\"twitter:label1\" content=\"Est. reading time\" \/>\n\t<meta name=\"twitter:data1\" content=\"1 minute\" \/>\n<script type=\"application\/ld+json\" class=\"yoast-schema-graph\">{\"@context\":\"https:\/\/schema.org\",\"@graph\":[{\"@type\":\"WebPage\",\"@id\":\"https:\/\/minimalist.ee\/toode\/camper-twins\/\",\"url\":\"https:\/\/minimalist.ee\/toode\/camper-twins\/\",\"name\":\"Camper Twins - Minimalist.ee\",\"isPartOf\":{\"@id\":\"https:\/\/minimalist.ee\/#website\"},\"primaryImageOfPage\":{\"@id\":\"https:\/\/minimalist.ee\/toode\/camper-twins\/#primaryimage\"},\"image\":{\"@id\":\"https:\/\/minimalist.ee\/toode\/camper-twins\/#primaryimage\"},\"thumbnailUrl\":\"https:\/\/minimalist.ee\/wp-content\/uploads\/2025\/05\/80003-150_DF.avif\",\"datePublished\":\"2025-05-08T09:33:11+00:00\",\"dateModified\":\"2026-03-14T10:54:13+00:00\",\"description\":\"Paljajalujaltsid, barefoot jalatsid, jalatsid lastele, jalatsid t\u00e4iskasvanutele, kogu pere barefoot jalatsite pood\",\"breadcrumb\":{\"@id\":\"https:\/\/minimalist.ee\/toode\/camper-twins\/#breadcrumb\"},\"inLanguage\":\"en-US\",\"potentialAction\":[{\"@type\":\"ReadAction\",\"target\":[\"https:\/\/minimalist.ee\/toode\/camper-twins\/\"]}]},{\"@type\":\"ImageObject\",\"inLanguage\":\"en-US\",\"@id\":\"https:\/\/minimalist.ee\/toode\/camper-twins\/#primaryimage\",\"url\":\"https:\/\/minimalist.ee\/wp-content\/uploads\/2025\/05\/80003-150_DF.avif\",\"contentUrl\":\"https:\/\/minimalist.ee\/wp-content\/uploads\/2025\/05\/80003-150_DF.avif\",\"width\":1024,\"height\":1536},{\"@type\":\"BreadcrumbList\",\"@id\":\"https:\/\/minimalist.ee\/toode\/camper-twins\/#breadcrumb\",\"itemListElement\":[{\"@type\":\"ListItem\",\"position\":1,\"name\":\"Home\",\"item\":\"https:\/\/minimalist.ee\/\"},{\"@type\":\"ListItem\",\"position\":2,\"name\":\"Pood\",\"item\":\"https:\/\/minimalist.ee\/pood\/\"},{\"@type\":\"ListItem\",\"position\":3,\"name\":\"Camper Twins\"}]},{\"@type\":\"WebSite\",\"@id\":\"https:\/\/minimalist.ee\/#website\",\"url\":\"https:\/\/minimalist.ee\/\",\"name\":\"Minimalist.ee\",\"description\":\"Barefoot jalatsid\",\"publisher\":{\"@id\":\"https:\/\/minimalist.ee\/#organization\"},\"potentialAction\":[{\"@type\":\"SearchAction\",\"target\":{\"@type\":\"EntryPoint\",\"urlTemplate\":\"https:\/\/minimalist.ee\/?s={search_term_string}\"},\"query-input\":\"required name=search_term_string\"}],\"inLanguage\":\"en-US\"},{\"@type\":\"Organization\",\"@id\":\"https:\/\/minimalist.ee\/#organization\",\"name\":\"Minimalist Shoes O\u00dc\",\"url\":\"https:\/\/minimalist.ee\/\",\"logo\":{\"@type\":\"ImageObject\",\"inLanguage\":\"en-US\",\"@id\":\"https:\/\/minimalist.ee\/#\/schema\/logo\/image\/\",\"url\":\"https:\/\/minimalist.ee\/wp-content\/uploads\/2020\/10\/Original.png\",\"contentUrl\":\"https:\/\/minimalist.ee\/wp-content\/uploads\/2020\/10\/Original.png\",\"width\":2048,\"height\":2000,\"caption\":\"Minimalist Shoes O\u00dc\"},\"image\":{\"@id\":\"https:\/\/minimalist.ee\/#\/schema\/logo\/image\/\"},\"sameAs\":[\"https:\/\/www.facebook.com\/www.minimalist.ee\",\"https:\/\/www.instagram.com\/minimalistshoesest\/\"]}]}<\/script>\n<!-- \/ Yoast SEO plugin. -->","yoast_head_json":{"title":"Camper Twins - Minimalist.ee","description":"Paljajalujaltsid, barefoot jalatsid, jalatsid lastele, jalatsid t\u00e4iskasvanutele, kogu pere barefoot jalatsite pood","robots":{"index":"index","follow":"follow","max-snippet":"max-snippet:-1","max-image-preview":"max-image-preview:large","max-video-preview":"max-video-preview:-1"},"canonical":"https:\/\/minimalist.ee\/en\/product\/camper-twins\/","og_locale":"en_US","og_type":"article","og_title":"Camper Twins - Minimalist.ee","og_description":"Paljajalujaltsid, barefoot jalatsid, jalatsid lastele, jalatsid t\u00e4iskasvanutele, kogu pere barefoot jalatsite pood","og_url":"https:\/\/minimalist.ee\/en\/product\/camper-twins\/","og_site_name":"Minimalist.ee","article_publisher":"https:\/\/www.facebook.com\/www.minimalist.ee","article_modified_time":"2026-03-14T10:54:13+00:00","og_image":[{"width":2048,"height":2000,"url":"https:\/\/minimalist.ee\/wp-content\/uploads\/2020\/10\/Original.png","type":"image\/png"}],"twitter_card":"summary_large_image","twitter_misc":{"Est. reading time":"1 minute"},"schema":{"@context":"https:\/\/schema.org","@graph":[{"@type":"WebPage","@id":"https:\/\/minimalist.ee\/toode\/camper-twins\/","url":"https:\/\/minimalist.ee\/toode\/camper-twins\/","name":"Camper Twins - Minimalist.ee","isPartOf":{"@id":"https:\/\/minimalist.ee\/#website"},"primaryImageOfPage":{"@id":"https:\/\/minimalist.ee\/toode\/camper-twins\/#primaryimage"},"image":{"@id":"https:\/\/minimalist.ee\/toode\/camper-twins\/#primaryimage"},"thumbnailUrl":"https:\/\/minimalist.ee\/wp-content\/uploads\/2025\/05\/80003-150_DF.avif","datePublished":"2025-05-08T09:33:11+00:00","dateModified":"2026-03-14T10:54:13+00:00","description":"Paljajalujaltsid, barefoot jalatsid, jalatsid lastele, jalatsid t\u00e4iskasvanutele, kogu pere barefoot jalatsite pood","breadcrumb":{"@id":"https:\/\/minimalist.ee\/toode\/camper-twins\/#breadcrumb"},"inLanguage":"en-US","potentialAction":[{"@type":"ReadAction","target":["https:\/\/minimalist.ee\/toode\/camper-twins\/"]}]},{"@type":"ImageObject","inLanguage":"en-US","@id":"https:\/\/minimalist.ee\/toode\/camper-twins\/#primaryimage","url":"https:\/\/minimalist.ee\/wp-content\/uploads\/2025\/05\/80003-150_DF.avif","contentUrl":"https:\/\/minimalist.ee\/wp-content\/uploads\/2025\/05\/80003-150_DF.avif","width":1024,"height":1536},{"@type":"BreadcrumbList","@id":"https:\/\/minimalist.ee\/toode\/camper-twins\/#breadcrumb","itemListElement":[{"@type":"ListItem","position":1,"name":"Home","item":"https:\/\/minimalist.ee\/"},{"@type":"ListItem","position":2,"name":"Pood","item":"https:\/\/minimalist.ee\/pood\/"},{"@type":"ListItem","position":3,"name":"Camper Twins"}]},{"@type":"WebSite","@id":"https:\/\/minimalist.ee\/#website","url":"https:\/\/minimalist.ee\/","name":"Minimalist.ee","description":"Barefoot jalatsid","publisher":{"@id":"https:\/\/minimalist.ee\/#organization"},"potentialAction":[{"@type":"SearchAction","target":{"@type":"EntryPoint","urlTemplate":"https:\/\/minimalist.ee\/?s={search_term_string}"},"query-input":"required name=search_term_string"}],"inLanguage":"en-US"},{"@type":"Organization","@id":"https:\/\/minimalist.ee\/#organization","name":"Minimalist Shoes O\u00dc","url":"https:\/\/minimalist.ee\/","logo":{"@type":"ImageObject","inLanguage":"en-US","@id":"https:\/\/minimalist.ee\/#\/schema\/logo\/image\/","url":"https:\/\/minimalist.ee\/wp-content\/uploads\/2020\/10\/Original.png","contentUrl":"https:\/\/minimalist.ee\/wp-content\/uploads\/2020\/10\/Original.png","width":2048,"height":2000,"caption":"Minimalist Shoes O\u00dc"},"image":{"@id":"https:\/\/minimalist.ee\/#\/schema\/logo\/image\/"},"sameAs":["https:\/\/www.facebook.com\/www.minimalist.ee","https:\/\/www.instagram.com\/minimalistshoesest\/"]}]}},"jetpack_sharing_enabled":true,"_links":{"self":[{"href":"https:\/\/minimalist.ee\/en\/wp-json\/wp\/v2\/product\/17914"}],"collection":[{"href":"https:\/\/minimalist.ee\/en\/wp-json\/wp\/v2\/product"}],"about":[{"href":"https:\/\/minimalist.ee\/en\/wp-json\/wp\/v2\/types\/product"}],"replies":[{"embeddable":true,"href":"https:\/\/minimalist.ee\/en\/wp-json\/wp\/v2\/comments?post=17914"}],"wp:featuredmedia":[{"embeddable":true,"href":"https:\/\/minimalist.ee\/en\/wp-json\/wp\/v2\/media\/17917"}],"wp:attachment":[{"href":"https:\/\/minimalist.ee\/en\/wp-json\/wp\/v2\/media?parent=17914"}],"wp:term":[{"taxonomy":"product_cat","embeddable":true,"href":"https:\/\/minimalist.ee\/en\/wp-json\/wp\/v2\/product_cat?post=17914"},{"taxonomy":"product_tag","embeddable":true,"href":"https:\/\/minimalist.ee\/en\/wp-json\/wp\/v2\/product_tag?post=17914"}],"curies":[{"name":"wp","href":"https:\/\/api.w.org\/{rel}","templated":true}]}}