{"id":17016,"date":"2024-11-10T14:46:23","date_gmt":"2024-11-10T14:46:23","guid":{"rendered":"https:\/\/minimalist.ee\/?post_type=product&#038;p=17016"},"modified":"2026-01-07T16:32:16","modified_gmt":"2026-01-07T16:32:16","slug":"froddo-zeru-tex-winter","status":"publish","type":"product","link":"https:\/\/minimalist.ee\/en\/product\/froddo-zeru-tex-winter\/","title":{"rendered":"Froddo Zeru Tex Winter"},"content":{"rendered":"<p><span data-sheets-root=\"1\">Froddo Barefoot Zeru Tex Winter on veekindla membraaniga ja k\u00f5rge s\u00e4\u00e4rega talvesaapad, mis sobivad h\u00e4sti ka paksemas lumes m\u00e4ngimiseks. Jalan\u00f5ude pealmine osa valmistatud nahast, sees on eemaldatav antibakteriaalne sisetald. Sobivad kitsa laiuse ja keskmise k\u00f5rgusega jalale.<\/span><\/p>\n<p>Fixation: crisps<br \/>\nPealmine osa: vetth\u00fclgav nubuk<br \/>\nVooder: naturaalne vill<br \/>\nSisetald: lambanahk<br \/>\nTald: TR &#8211; kumm<br \/>\nMade in Croatia<\/p>\n<p>Soovitame jalan\u00f5usid hooldada nahale m\u00f5eldud vahendiga, n\u00e4iteks <a href=\"https:\/\/minimalist.ee\/en\/product\/gogonano-protect\/\">GoGoNano Protect<\/a>, <a href=\"https:\/\/minimalist.ee\/en\/product\/goldenmix-jalatsikaitse\/\">Goldenmix Shoe protection<\/a> or <a href=\"https:\/\/minimalist.ee\/en\/product\/topi-natural-repel\/\">Topi Natural Repel<\/a>. They make the shoes repel water and dirt, and the shoes are easier to clean later.<\/p>\n<p>M\u00f5\u00f5dud Zeru Tex Winter mudelile<\/p>\n<table dir=\"ltr\" border=\"1\" cellspacing=\"0\" cellpadding=\"0\" data-sheets-root=\"1\" data-sheets-baot=\"1\">\n<colgroup>\n<col width=\"100\" \/>\n<col width=\"100\" \/>\n<col width=\"100\" \/><\/colgroup>\n<tbody>\n<tr>\n<td style=\"text-align: center;\"><strong>Size<\/strong><\/td>\n<td style=\"text-align: center;\"><strong>Inside length<\/strong><\/td>\n<td style=\"text-align: center;\"><strong>Width<\/strong><\/td>\n<\/tr>\n<tr>\n<td style=\"text-align: center;\"><strong>24<\/strong><\/td>\n<td style=\"text-align: center;\">15.4<\/td>\n<td style=\"text-align: center;\">6.6<\/td>\n<\/tr>\n<tr>\n<td style=\"text-align: center;\"><strong>25<\/strong><\/td>\n<td style=\"text-align: center;\">16<\/td>\n<td style=\"text-align: center;\">6.7<\/td>\n<\/tr>\n<tr>\n<td style=\"text-align: center;\"><strong>26<\/strong><\/td>\n<td style=\"text-align: center;\">16.6<\/td>\n<td style=\"text-align: center;\">6.8<\/td>\n<\/tr>\n<tr>\n<td style=\"text-align: center;\"><strong>27<\/strong><\/td>\n<td style=\"text-align: center;\">17.3<\/td>\n<td style=\"text-align: center;\">7<\/td>\n<\/tr>\n<tr>\n<td style=\"text-align: center;\"><strong>28<\/strong><\/td>\n<td style=\"text-align: center;\">18<\/td>\n<td style=\"text-align: center;\">7.1<\/td>\n<\/tr>\n<tr>\n<td style=\"text-align: center;\"><strong>29<\/strong><\/td>\n<td style=\"text-align: center;\">18.5<\/td>\n<td style=\"text-align: center;\">7.3<\/td>\n<\/tr>\n<tr>\n<td style=\"text-align: center;\"><strong>30<\/strong><\/td>\n<td style=\"text-align: center;\">19.2<\/td>\n<td style=\"text-align: center;\">7.4<\/td>\n<\/tr>\n<tr>\n<td style=\"text-align: center;\"><strong>31<\/strong><\/td>\n<td style=\"text-align: center;\">19.6<\/td>\n<td style=\"text-align: center;\">7.6<\/td>\n<\/tr>\n<tr>\n<td style=\"text-align: center;\"><strong>32<\/strong><\/td>\n<td style=\"text-align: center;\">20.6<\/td>\n<td style=\"text-align: center;\">7.7<\/td>\n<\/tr>\n<tr>\n<td style=\"text-align: center;\"><strong>33<\/strong><\/td>\n<td style=\"text-align: center;\">21.3<\/td>\n<td style=\"text-align: center;\">7.9<\/td>\n<\/tr>\n<tr>\n<td style=\"text-align: center;\"><strong>34<\/strong><\/td>\n<td style=\"text-align: center;\">21.6<\/td>\n<td style=\"text-align: center;\">8.1<\/td>\n<\/tr>\n<tr>\n<td style=\"text-align: center;\"><strong>35<\/strong><\/td>\n<td style=\"text-align: center;\">22.4<\/td>\n<td style=\"text-align: center;\">8.3<\/td>\n<\/tr>\n<tr>\n<td style=\"text-align: center;\"><strong>36<\/strong><\/td>\n<td style=\"text-align: center;\">23.2<\/td>\n<td style=\"text-align: center;\">&#8211;<\/td>\n<\/tr>\n<tr>\n<td style=\"text-align: center;\"><strong>37<\/strong><\/td>\n<td style=\"text-align: center;\">24<\/td>\n<td style=\"text-align: center;\">&#8211;<\/td>\n<\/tr>\n<tr>\n<td style=\"text-align: center;\"><strong>38<\/strong><\/td>\n<td style=\"text-align: center;\">24.8<\/td>\n<\/tr>\n<\/tbody>\n<\/table>","protected":false},"excerpt":{"rendered":"<p>Laste membraaniga talvesaapad.<\/p>","protected":false},"featured_media":17114,"comment_status":"open","ping_status":"closed","template":"","meta":{"_monsterinsights_skip_tracking":false,"_monsterinsights_sitenote_active":false,"_monsterinsights_sitenote_note":"","_monsterinsights_sitenote_category":0,"neve_meta_sidebar":"","neve_meta_container":"","neve_meta_enable_content_width":"off","neve_meta_content_width":70,"neve_meta_title_alignment":"","neve_meta_author_avatar":"","neve_post_elements_order":"","neve_meta_disable_header":"","neve_meta_disable_footer":"","neve_meta_disable_title":""},"product_cat":[20,22],"product_tag":[],"yoast_head":"<!-- This site is optimized with the Yoast SEO plugin v22.4 - https:\/\/yoast.com\/wordpress\/plugins\/seo\/ -->\n<title>Froddo Zeru Tex Winter - Minimalist.ee<\/title>\n<meta name=\"description\" content=\"Paljajalujaltsid, barefoot jalatsid, jalatsid lastele, jalatsid t\u00e4iskasvanutele, kogu pere barefoot jalatsite pood\" \/>\n<meta name=\"robots\" content=\"index, follow, max-snippet:-1, max-image-preview:large, max-video-preview:-1\" \/>\n<link rel=\"canonical\" href=\"https:\/\/minimalist.ee\/en\/product\/froddo-zeru-tex-winter\/\" \/>\n<meta property=\"og:locale\" content=\"en_US\" \/>\n<meta property=\"og:type\" content=\"article\" \/>\n<meta property=\"og:title\" content=\"Froddo Zeru Tex Winter - Minimalist.ee\" \/>\n<meta property=\"og:description\" content=\"Paljajalujaltsid, barefoot jalatsid, jalatsid lastele, jalatsid t\u00e4iskasvanutele, kogu pere barefoot jalatsite pood\" \/>\n<meta property=\"og:url\" content=\"https:\/\/minimalist.ee\/en\/product\/froddo-zeru-tex-winter\/\" \/>\n<meta property=\"og:site_name\" content=\"Minimalist.ee\" \/>\n<meta property=\"article:publisher\" content=\"https:\/\/www.facebook.com\/www.minimalist.ee\" \/>\n<meta property=\"article:modified_time\" content=\"2026-01-07T16:32:16+00:00\" \/>\n<meta property=\"og:image\" content=\"https:\/\/minimalist.ee\/wp-content\/uploads\/2024\/11\/G3160240-7.jpg\" \/>\n\t<meta property=\"og:image:width\" content=\"1000\" \/>\n\t<meta property=\"og:image:height\" content=\"1000\" \/>\n\t<meta property=\"og:image:type\" content=\"image\/jpeg\" \/>\n<meta name=\"twitter:card\" content=\"summary_large_image\" \/>\n<meta name=\"twitter:label1\" content=\"Est. reading time\" \/>\n\t<meta name=\"twitter:data1\" content=\"1 minute\" \/>\n<script type=\"application\/ld+json\" class=\"yoast-schema-graph\">{\"@context\":\"https:\/\/schema.org\",\"@graph\":[{\"@type\":\"WebPage\",\"@id\":\"https:\/\/minimalist.ee\/toode\/froddo-zeru-tex-winter\/\",\"url\":\"https:\/\/minimalist.ee\/toode\/froddo-zeru-tex-winter\/\",\"name\":\"Froddo Zeru Tex Winter - Minimalist.ee\",\"isPartOf\":{\"@id\":\"https:\/\/minimalist.ee\/#website\"},\"primaryImageOfPage\":{\"@id\":\"https:\/\/minimalist.ee\/toode\/froddo-zeru-tex-winter\/#primaryimage\"},\"image\":{\"@id\":\"https:\/\/minimalist.ee\/toode\/froddo-zeru-tex-winter\/#primaryimage\"},\"thumbnailUrl\":\"https:\/\/minimalist.ee\/wp-content\/uploads\/2024\/11\/G3160240-7.jpg\",\"datePublished\":\"2024-11-10T14:46:23+00:00\",\"dateModified\":\"2026-01-07T16:32:16+00:00\",\"description\":\"Paljajalujaltsid, barefoot jalatsid, jalatsid lastele, jalatsid t\u00e4iskasvanutele, kogu pere barefoot jalatsite pood\",\"breadcrumb\":{\"@id\":\"https:\/\/minimalist.ee\/toode\/froddo-zeru-tex-winter\/#breadcrumb\"},\"inLanguage\":\"en-US\",\"potentialAction\":[{\"@type\":\"ReadAction\",\"target\":[\"https:\/\/minimalist.ee\/toode\/froddo-zeru-tex-winter\/\"]}]},{\"@type\":\"ImageObject\",\"inLanguage\":\"en-US\",\"@id\":\"https:\/\/minimalist.ee\/toode\/froddo-zeru-tex-winter\/#primaryimage\",\"url\":\"https:\/\/minimalist.ee\/wp-content\/uploads\/2024\/11\/G3160240-7.jpg\",\"contentUrl\":\"https:\/\/minimalist.ee\/wp-content\/uploads\/2024\/11\/G3160240-7.jpg\",\"width\":1000,\"height\":1000},{\"@type\":\"BreadcrumbList\",\"@id\":\"https:\/\/minimalist.ee\/toode\/froddo-zeru-tex-winter\/#breadcrumb\",\"itemListElement\":[{\"@type\":\"ListItem\",\"position\":1,\"name\":\"Home\",\"item\":\"https:\/\/minimalist.ee\/\"},{\"@type\":\"ListItem\",\"position\":2,\"name\":\"Pood\",\"item\":\"https:\/\/minimalist.ee\/pood\/\"},{\"@type\":\"ListItem\",\"position\":3,\"name\":\"Froddo Zeru Tex Winter\"}]},{\"@type\":\"WebSite\",\"@id\":\"https:\/\/minimalist.ee\/#website\",\"url\":\"https:\/\/minimalist.ee\/\",\"name\":\"Minimalist.ee\",\"description\":\"Barefoot jalatsid\",\"publisher\":{\"@id\":\"https:\/\/minimalist.ee\/#organization\"},\"potentialAction\":[{\"@type\":\"SearchAction\",\"target\":{\"@type\":\"EntryPoint\",\"urlTemplate\":\"https:\/\/minimalist.ee\/?s={search_term_string}\"},\"query-input\":\"required name=search_term_string\"}],\"inLanguage\":\"en-US\"},{\"@type\":\"Organization\",\"@id\":\"https:\/\/minimalist.ee\/#organization\",\"name\":\"Minimalist Shoes O\u00dc\",\"url\":\"https:\/\/minimalist.ee\/\",\"logo\":{\"@type\":\"ImageObject\",\"inLanguage\":\"en-US\",\"@id\":\"https:\/\/minimalist.ee\/#\/schema\/logo\/image\/\",\"url\":\"https:\/\/minimalist.ee\/wp-content\/uploads\/2020\/10\/Original.png\",\"contentUrl\":\"https:\/\/minimalist.ee\/wp-content\/uploads\/2020\/10\/Original.png\",\"width\":2048,\"height\":2000,\"caption\":\"Minimalist Shoes O\u00dc\"},\"image\":{\"@id\":\"https:\/\/minimalist.ee\/#\/schema\/logo\/image\/\"},\"sameAs\":[\"https:\/\/www.facebook.com\/www.minimalist.ee\",\"https:\/\/www.instagram.com\/minimalistshoesest\/\"]}]}<\/script>\n<!-- \/ Yoast SEO plugin. -->","yoast_head_json":{"title":"Froddo Zeru Tex Winter - Minimalist.ee","description":"Paljajalujaltsid, barefoot jalatsid, jalatsid lastele, jalatsid t\u00e4iskasvanutele, kogu pere barefoot jalatsite pood","robots":{"index":"index","follow":"follow","max-snippet":"max-snippet:-1","max-image-preview":"max-image-preview:large","max-video-preview":"max-video-preview:-1"},"canonical":"https:\/\/minimalist.ee\/en\/product\/froddo-zeru-tex-winter\/","og_locale":"en_US","og_type":"article","og_title":"Froddo Zeru Tex Winter - Minimalist.ee","og_description":"Paljajalujaltsid, barefoot jalatsid, jalatsid lastele, jalatsid t\u00e4iskasvanutele, kogu pere barefoot jalatsite pood","og_url":"https:\/\/minimalist.ee\/en\/product\/froddo-zeru-tex-winter\/","og_site_name":"Minimalist.ee","article_publisher":"https:\/\/www.facebook.com\/www.minimalist.ee","article_modified_time":"2026-01-07T16:32:16+00:00","og_image":[{"width":1000,"height":1000,"url":"https:\/\/minimalist.ee\/wp-content\/uploads\/2024\/11\/G3160240-7.jpg","type":"image\/jpeg"}],"twitter_card":"summary_large_image","twitter_misc":{"Est. reading time":"1 minute"},"schema":{"@context":"https:\/\/schema.org","@graph":[{"@type":"WebPage","@id":"https:\/\/minimalist.ee\/toode\/froddo-zeru-tex-winter\/","url":"https:\/\/minimalist.ee\/toode\/froddo-zeru-tex-winter\/","name":"Froddo Zeru Tex Winter - Minimalist.ee","isPartOf":{"@id":"https:\/\/minimalist.ee\/#website"},"primaryImageOfPage":{"@id":"https:\/\/minimalist.ee\/toode\/froddo-zeru-tex-winter\/#primaryimage"},"image":{"@id":"https:\/\/minimalist.ee\/toode\/froddo-zeru-tex-winter\/#primaryimage"},"thumbnailUrl":"https:\/\/minimalist.ee\/wp-content\/uploads\/2024\/11\/G3160240-7.jpg","datePublished":"2024-11-10T14:46:23+00:00","dateModified":"2026-01-07T16:32:16+00:00","description":"Paljajalujaltsid, barefoot jalatsid, jalatsid lastele, jalatsid t\u00e4iskasvanutele, kogu pere barefoot jalatsite pood","breadcrumb":{"@id":"https:\/\/minimalist.ee\/toode\/froddo-zeru-tex-winter\/#breadcrumb"},"inLanguage":"en-US","potentialAction":[{"@type":"ReadAction","target":["https:\/\/minimalist.ee\/toode\/froddo-zeru-tex-winter\/"]}]},{"@type":"ImageObject","inLanguage":"en-US","@id":"https:\/\/minimalist.ee\/toode\/froddo-zeru-tex-winter\/#primaryimage","url":"https:\/\/minimalist.ee\/wp-content\/uploads\/2024\/11\/G3160240-7.jpg","contentUrl":"https:\/\/minimalist.ee\/wp-content\/uploads\/2024\/11\/G3160240-7.jpg","width":1000,"height":1000},{"@type":"BreadcrumbList","@id":"https:\/\/minimalist.ee\/toode\/froddo-zeru-tex-winter\/#breadcrumb","itemListElement":[{"@type":"ListItem","position":1,"name":"Home","item":"https:\/\/minimalist.ee\/"},{"@type":"ListItem","position":2,"name":"Pood","item":"https:\/\/minimalist.ee\/pood\/"},{"@type":"ListItem","position":3,"name":"Froddo Zeru Tex Winter"}]},{"@type":"WebSite","@id":"https:\/\/minimalist.ee\/#website","url":"https:\/\/minimalist.ee\/","name":"Minimalist.ee","description":"Barefoot jalatsid","publisher":{"@id":"https:\/\/minimalist.ee\/#organization"},"potentialAction":[{"@type":"SearchAction","target":{"@type":"EntryPoint","urlTemplate":"https:\/\/minimalist.ee\/?s={search_term_string}"},"query-input":"required name=search_term_string"}],"inLanguage":"en-US"},{"@type":"Organization","@id":"https:\/\/minimalist.ee\/#organization","name":"Minimalist Shoes O\u00dc","url":"https:\/\/minimalist.ee\/","logo":{"@type":"ImageObject","inLanguage":"en-US","@id":"https:\/\/minimalist.ee\/#\/schema\/logo\/image\/","url":"https:\/\/minimalist.ee\/wp-content\/uploads\/2020\/10\/Original.png","contentUrl":"https:\/\/minimalist.ee\/wp-content\/uploads\/2020\/10\/Original.png","width":2048,"height":2000,"caption":"Minimalist Shoes O\u00dc"},"image":{"@id":"https:\/\/minimalist.ee\/#\/schema\/logo\/image\/"},"sameAs":["https:\/\/www.facebook.com\/www.minimalist.ee","https:\/\/www.instagram.com\/minimalistshoesest\/"]}]}},"jetpack_sharing_enabled":true,"_links":{"self":[{"href":"https:\/\/minimalist.ee\/en\/wp-json\/wp\/v2\/product\/17016"}],"collection":[{"href":"https:\/\/minimalist.ee\/en\/wp-json\/wp\/v2\/product"}],"about":[{"href":"https:\/\/minimalist.ee\/en\/wp-json\/wp\/v2\/types\/product"}],"replies":[{"embeddable":true,"href":"https:\/\/minimalist.ee\/en\/wp-json\/wp\/v2\/comments?post=17016"}],"wp:featuredmedia":[{"embeddable":true,"href":"https:\/\/minimalist.ee\/en\/wp-json\/wp\/v2\/media\/17114"}],"wp:attachment":[{"href":"https:\/\/minimalist.ee\/en\/wp-json\/wp\/v2\/media?parent=17016"}],"wp:term":[{"taxonomy":"product_cat","embeddable":true,"href":"https:\/\/minimalist.ee\/en\/wp-json\/wp\/v2\/product_cat?post=17016"},{"taxonomy":"product_tag","embeddable":true,"href":"https:\/\/minimalist.ee\/en\/wp-json\/wp\/v2\/product_tag?post=17016"}],"curies":[{"name":"wp","href":"https:\/\/api.w.org\/{rel}","templated":true}]}}