{"id":16742,"date":"2024-10-07T12:12:44","date_gmt":"2024-10-07T12:12:44","guid":{"rendered":"https:\/\/minimalist.ee\/?post_type=product&#038;p=16742"},"modified":"2026-03-15T08:55:04","modified_gmt":"2026-03-15T08:55:04","slug":"bundgaard-charly-high-warm-24-25","status":"publish","type":"product","link":"https:\/\/minimalist.ee\/en\/product\/bundgaard-charly-high-warm-24-25\/","title":{"rendered":"Bundgaard Charly Warm"},"content":{"rendered":"<p><span data-sheets-root=\"1\">Bundgaard Chaly High Warm sooja villavoodriga kummikud.<\/span><\/p>\n<p>Sobivad keskmisele ja laiale jalale, keskmise k\u00f5rgusega ja veidi k\u00f5rgemale jalale. V\u00e4ga hea ninakujuga. Kummikutel on uus eemaldatav termotald, mis on pehme ja painduv. Kui jalg on k\u00f5rge ja lai siis saab kummikuid kasutada ka ilma sisetallata. Soe villasisaldusega vooder on ka sisetalla all.\u00a0Kummikute tagak\u00fcljel on pikk helkurriba. Sobivad kandmiseks vahemikus +5 kuni -15 kraadi.<\/p>\n<p>Charly High Warm kummikud on suurustelt suuremad, seega soovitame osta\u00a0\u00fche numbri v\u00f5rra v\u00e4iksemad kui teiste jalan\u00f5ude puhul, vaata kindlasti ka allolevat m\u00f5\u00f5dutabelit!<\/p>\n<p>Upper: natural rubber<br \/>\nVooder: vill<br \/>\nInsole: removable thermal insole<br \/>\nTald: painduv ja libisemisvastane kumm<\/p>\n<p>Charly High Warm on t\u00e4ielikult vaba PVC-st, PFAS-ist ja muudest kahjulikest kemikaalidest, tagades ohutu valiku sinu lapsele.<\/p>\n<p>Minimalisti m\u00f5\u00f5dud Charly High Warm mudelile<\/p>\n<table dir=\"ltr\" border=\"1\" cellspacing=\"0\" cellpadding=\"0\" data-sheets-root=\"1\" data-sheets-baot=\"1\">\n<colgroup>\n<col width=\"70\" \/>\n<col width=\"70\" \/>\n<col width=\"70\" \/><\/colgroup>\n<tbody>\n<tr>\n<td style=\"text-align: center;\"><strong>Size<\/strong><\/td>\n<td style=\"text-align: center;\"><strong>\u00a0Inside length\u00a0<\/strong><\/td>\n<td style=\"text-align: center;\"><strong>Width<\/strong><\/td>\n<\/tr>\n<tr>\n<td style=\"text-align: center;\"><strong>21<\/strong><\/td>\n<td style=\"text-align: center;\">14<\/td>\n<td style=\"text-align: center;\">6.3<\/td>\n<\/tr>\n<tr>\n<td style=\"text-align: center;\"><strong>22<\/strong><\/td>\n<td style=\"text-align: center;\">14.8<\/td>\n<td style=\"text-align: center;\">6.4<\/td>\n<\/tr>\n<tr>\n<td style=\"text-align: center;\"><strong>23<\/strong><\/td>\n<td style=\"text-align: center;\">15.4<\/td>\n<td style=\"text-align: center;\">6.6<\/td>\n<\/tr>\n<tr>\n<td style=\"text-align: center;\"><strong>24<\/strong><\/td>\n<td style=\"text-align: center;\">16<\/td>\n<td style=\"text-align: center;\">6.6<\/td>\n<\/tr>\n<tr>\n<td style=\"text-align: center;\"><strong>25<\/strong><\/td>\n<td style=\"text-align: center;\">16.9<\/td>\n<td style=\"text-align: center;\">6.8<\/td>\n<\/tr>\n<tr>\n<td style=\"text-align: center;\"><strong>26<\/strong><\/td>\n<td style=\"text-align: center;\">17.4<\/td>\n<td style=\"text-align: center;\">7.2<\/td>\n<\/tr>\n<tr>\n<td style=\"text-align: center;\"><strong>27<\/strong><\/td>\n<td style=\"text-align: center;\">18<\/td>\n<td style=\"text-align: center;\">7.3<\/td>\n<\/tr>\n<tr>\n<td style=\"text-align: center;\"><strong>28<\/strong><\/td>\n<td style=\"text-align: center;\">18.7<\/td>\n<td style=\"text-align: center;\">7.4<\/td>\n<\/tr>\n<tr>\n<td style=\"text-align: center;\"><strong>29<\/strong><\/td>\n<td style=\"text-align: center;\">19.6<\/td>\n<td style=\"text-align: center;\">7.5<\/td>\n<\/tr>\n<tr>\n<td style=\"text-align: center;\"><strong>30<\/strong><\/td>\n<td style=\"text-align: center;\">20.4<\/td>\n<td style=\"text-align: center;\">7.6<\/td>\n<\/tr>\n<tr>\n<td style=\"text-align: center;\"><strong>31<\/strong><\/td>\n<td style=\"text-align: center;\">20.9<\/td>\n<td style=\"text-align: center;\">7.9<\/td>\n<\/tr>\n<tr>\n<td style=\"text-align: center;\"><strong>32<\/strong><\/td>\n<td style=\"text-align: center;\">21.8<\/td>\n<td style=\"text-align: center;\">8<\/td>\n<\/tr>\n<tr>\n<td style=\"text-align: center;\"><strong>33<\/strong><\/td>\n<td style=\"text-align: center;\">22.3<\/td>\n<td style=\"text-align: center;\">8.1<\/td>\n<\/tr>\n<tr>\n<td style=\"text-align: center;\"><strong>34<\/strong><\/td>\n<td style=\"text-align: center;\">22.8<\/td>\n<td style=\"text-align: center;\">8.2<\/td>\n<\/tr>\n<tr>\n<td style=\"text-align: center;\"><strong>35<\/strong><\/td>\n<td style=\"text-align: center;\">23.5<\/td>\n<td style=\"text-align: center;\">8.3<\/td>\n<\/tr>\n<tr>\n<td style=\"text-align: center;\"><strong>36<\/strong><\/td>\n<td style=\"text-align: center;\">24.2<\/td>\n<td style=\"text-align: center;\">&#8211;<\/td>\n<\/tr>\n<tr>\n<td style=\"text-align: center;\"><strong>37<\/strong><\/td>\n<td style=\"text-align: center;\">25<\/td>\n<td style=\"text-align: center;\">&#8211;<\/td>\n<\/tr>\n<tr>\n<td style=\"text-align: center;\"><strong>38<\/strong><\/td>\n<td style=\"text-align: center;\">25.8<\/td>\n<td style=\"text-align: center;\">&#8211;<\/td>\n<\/tr>\n<\/tbody>\n<\/table>\n<p>&nbsp;<\/p>","protected":false},"excerpt":{"rendered":"<p><span data-sheets-root=\"1\">Villase voodriga kummikud.<\/span><\/p>","protected":false},"featured_media":16746,"comment_status":"open","ping_status":"closed","template":"","meta":{"_monsterinsights_skip_tracking":false,"_monsterinsights_sitenote_active":false,"_monsterinsights_sitenote_note":"","_monsterinsights_sitenote_category":0,"neve_meta_sidebar":"","neve_meta_container":"","neve_meta_enable_content_width":"off","neve_meta_content_width":70,"neve_meta_title_alignment":"","neve_meta_author_avatar":"","neve_post_elements_order":"","neve_meta_disable_header":"","neve_meta_disable_footer":"","neve_meta_disable_title":""},"product_cat":[20,22],"product_tag":[],"yoast_head":"<!-- This site is optimized with the Yoast SEO plugin v22.4 - https:\/\/yoast.com\/wordpress\/plugins\/seo\/ -->\n<title>Bundgaard Charly Warm - Minimalist.ee<\/title>\n<meta name=\"description\" content=\"Paljajalujaltsid, barefoot jalatsid, jalatsid lastele, jalatsid t\u00e4iskasvanutele, kogu pere barefoot jalatsite pood\" \/>\n<meta name=\"robots\" content=\"index, follow, max-snippet:-1, max-image-preview:large, max-video-preview:-1\" \/>\n<link rel=\"canonical\" href=\"https:\/\/minimalist.ee\/en\/product\/bundgaard-charly-high-warm-24-25\/\" \/>\n<meta property=\"og:locale\" content=\"en_US\" \/>\n<meta property=\"og:type\" content=\"article\" \/>\n<meta property=\"og:title\" content=\"Bundgaard Charly Warm - Minimalist.ee\" \/>\n<meta property=\"og:description\" content=\"Paljajalujaltsid, barefoot jalatsid, jalatsid lastele, jalatsid t\u00e4iskasvanutele, kogu pere barefoot jalatsite pood\" \/>\n<meta property=\"og:url\" content=\"https:\/\/minimalist.ee\/en\/product\/bundgaard-charly-high-warm-24-25\/\" \/>\n<meta property=\"og:site_name\" content=\"Minimalist.ee\" \/>\n<meta property=\"article:publisher\" content=\"https:\/\/www.facebook.com\/www.minimalist.ee\" \/>\n<meta property=\"article:modified_time\" content=\"2026-03-15T08:55:04+00:00\" \/>\n<meta property=\"og:image\" content=\"https:\/\/minimalist.ee\/wp-content\/uploads\/2024\/10\/cxdjkbw0fnzydv2oir9o.jpg\" \/>\n\t<meta property=\"og:image:width\" content=\"1800\" \/>\n\t<meta property=\"og:image:height\" content=\"2250\" \/>\n\t<meta property=\"og:image:type\" content=\"image\/jpeg\" \/>\n<meta name=\"twitter:card\" content=\"summary_large_image\" \/>\n<meta name=\"twitter:label1\" content=\"Est. reading time\" \/>\n\t<meta name=\"twitter:data1\" content=\"1 minute\" \/>\n<script type=\"application\/ld+json\" class=\"yoast-schema-graph\">{\"@context\":\"https:\/\/schema.org\",\"@graph\":[{\"@type\":\"WebPage\",\"@id\":\"https:\/\/minimalist.ee\/toode\/bundgaard-charly-high-warm-24-25\/\",\"url\":\"https:\/\/minimalist.ee\/toode\/bundgaard-charly-high-warm-24-25\/\",\"name\":\"Bundgaard Charly Warm - Minimalist.ee\",\"isPartOf\":{\"@id\":\"https:\/\/minimalist.ee\/#website\"},\"primaryImageOfPage\":{\"@id\":\"https:\/\/minimalist.ee\/toode\/bundgaard-charly-high-warm-24-25\/#primaryimage\"},\"image\":{\"@id\":\"https:\/\/minimalist.ee\/toode\/bundgaard-charly-high-warm-24-25\/#primaryimage\"},\"thumbnailUrl\":\"https:\/\/minimalist.ee\/wp-content\/uploads\/2024\/10\/cxdjkbw0fnzydv2oir9o.jpg\",\"datePublished\":\"2024-10-07T12:12:44+00:00\",\"dateModified\":\"2026-03-15T08:55:04+00:00\",\"description\":\"Paljajalujaltsid, barefoot jalatsid, jalatsid lastele, jalatsid t\u00e4iskasvanutele, kogu pere barefoot jalatsite pood\",\"breadcrumb\":{\"@id\":\"https:\/\/minimalist.ee\/toode\/bundgaard-charly-high-warm-24-25\/#breadcrumb\"},\"inLanguage\":\"en-US\",\"potentialAction\":[{\"@type\":\"ReadAction\",\"target\":[\"https:\/\/minimalist.ee\/toode\/bundgaard-charly-high-warm-24-25\/\"]}]},{\"@type\":\"ImageObject\",\"inLanguage\":\"en-US\",\"@id\":\"https:\/\/minimalist.ee\/toode\/bundgaard-charly-high-warm-24-25\/#primaryimage\",\"url\":\"https:\/\/minimalist.ee\/wp-content\/uploads\/2024\/10\/cxdjkbw0fnzydv2oir9o.jpg\",\"contentUrl\":\"https:\/\/minimalist.ee\/wp-content\/uploads\/2024\/10\/cxdjkbw0fnzydv2oir9o.jpg\",\"width\":1800,\"height\":2250},{\"@type\":\"BreadcrumbList\",\"@id\":\"https:\/\/minimalist.ee\/toode\/bundgaard-charly-high-warm-24-25\/#breadcrumb\",\"itemListElement\":[{\"@type\":\"ListItem\",\"position\":1,\"name\":\"Home\",\"item\":\"https:\/\/minimalist.ee\/\"},{\"@type\":\"ListItem\",\"position\":2,\"name\":\"Pood\",\"item\":\"https:\/\/minimalist.ee\/pood\/\"},{\"@type\":\"ListItem\",\"position\":3,\"name\":\"Bundgaard Charly Warm\"}]},{\"@type\":\"WebSite\",\"@id\":\"https:\/\/minimalist.ee\/#website\",\"url\":\"https:\/\/minimalist.ee\/\",\"name\":\"Minimalist.ee\",\"description\":\"Barefoot jalatsid\",\"publisher\":{\"@id\":\"https:\/\/minimalist.ee\/#organization\"},\"potentialAction\":[{\"@type\":\"SearchAction\",\"target\":{\"@type\":\"EntryPoint\",\"urlTemplate\":\"https:\/\/minimalist.ee\/?s={search_term_string}\"},\"query-input\":\"required name=search_term_string\"}],\"inLanguage\":\"en-US\"},{\"@type\":\"Organization\",\"@id\":\"https:\/\/minimalist.ee\/#organization\",\"name\":\"Minimalist Shoes O\u00dc\",\"url\":\"https:\/\/minimalist.ee\/\",\"logo\":{\"@type\":\"ImageObject\",\"inLanguage\":\"en-US\",\"@id\":\"https:\/\/minimalist.ee\/#\/schema\/logo\/image\/\",\"url\":\"https:\/\/minimalist.ee\/wp-content\/uploads\/2020\/10\/Original.png\",\"contentUrl\":\"https:\/\/minimalist.ee\/wp-content\/uploads\/2020\/10\/Original.png\",\"width\":2048,\"height\":2000,\"caption\":\"Minimalist Shoes O\u00dc\"},\"image\":{\"@id\":\"https:\/\/minimalist.ee\/#\/schema\/logo\/image\/\"},\"sameAs\":[\"https:\/\/www.facebook.com\/www.minimalist.ee\",\"https:\/\/www.instagram.com\/minimalistshoesest\/\"]}]}<\/script>\n<!-- \/ Yoast SEO plugin. -->","yoast_head_json":{"title":"Bundgaard Charly Warm - Minimalist.ee","description":"Paljajalujaltsid, barefoot jalatsid, jalatsid lastele, jalatsid t\u00e4iskasvanutele, kogu pere barefoot jalatsite pood","robots":{"index":"index","follow":"follow","max-snippet":"max-snippet:-1","max-image-preview":"max-image-preview:large","max-video-preview":"max-video-preview:-1"},"canonical":"https:\/\/minimalist.ee\/en\/product\/bundgaard-charly-high-warm-24-25\/","og_locale":"en_US","og_type":"article","og_title":"Bundgaard Charly Warm - Minimalist.ee","og_description":"Paljajalujaltsid, barefoot jalatsid, jalatsid lastele, jalatsid t\u00e4iskasvanutele, kogu pere barefoot jalatsite pood","og_url":"https:\/\/minimalist.ee\/en\/product\/bundgaard-charly-high-warm-24-25\/","og_site_name":"Minimalist.ee","article_publisher":"https:\/\/www.facebook.com\/www.minimalist.ee","article_modified_time":"2026-03-15T08:55:04+00:00","og_image":[{"width":1800,"height":2250,"url":"https:\/\/minimalist.ee\/wp-content\/uploads\/2024\/10\/cxdjkbw0fnzydv2oir9o.jpg","type":"image\/jpeg"}],"twitter_card":"summary_large_image","twitter_misc":{"Est. reading time":"1 minute"},"schema":{"@context":"https:\/\/schema.org","@graph":[{"@type":"WebPage","@id":"https:\/\/minimalist.ee\/toode\/bundgaard-charly-high-warm-24-25\/","url":"https:\/\/minimalist.ee\/toode\/bundgaard-charly-high-warm-24-25\/","name":"Bundgaard Charly Warm - Minimalist.ee","isPartOf":{"@id":"https:\/\/minimalist.ee\/#website"},"primaryImageOfPage":{"@id":"https:\/\/minimalist.ee\/toode\/bundgaard-charly-high-warm-24-25\/#primaryimage"},"image":{"@id":"https:\/\/minimalist.ee\/toode\/bundgaard-charly-high-warm-24-25\/#primaryimage"},"thumbnailUrl":"https:\/\/minimalist.ee\/wp-content\/uploads\/2024\/10\/cxdjkbw0fnzydv2oir9o.jpg","datePublished":"2024-10-07T12:12:44+00:00","dateModified":"2026-03-15T08:55:04+00:00","description":"Paljajalujaltsid, barefoot jalatsid, jalatsid lastele, jalatsid t\u00e4iskasvanutele, kogu pere barefoot jalatsite pood","breadcrumb":{"@id":"https:\/\/minimalist.ee\/toode\/bundgaard-charly-high-warm-24-25\/#breadcrumb"},"inLanguage":"en-US","potentialAction":[{"@type":"ReadAction","target":["https:\/\/minimalist.ee\/toode\/bundgaard-charly-high-warm-24-25\/"]}]},{"@type":"ImageObject","inLanguage":"en-US","@id":"https:\/\/minimalist.ee\/toode\/bundgaard-charly-high-warm-24-25\/#primaryimage","url":"https:\/\/minimalist.ee\/wp-content\/uploads\/2024\/10\/cxdjkbw0fnzydv2oir9o.jpg","contentUrl":"https:\/\/minimalist.ee\/wp-content\/uploads\/2024\/10\/cxdjkbw0fnzydv2oir9o.jpg","width":1800,"height":2250},{"@type":"BreadcrumbList","@id":"https:\/\/minimalist.ee\/toode\/bundgaard-charly-high-warm-24-25\/#breadcrumb","itemListElement":[{"@type":"ListItem","position":1,"name":"Home","item":"https:\/\/minimalist.ee\/"},{"@type":"ListItem","position":2,"name":"Pood","item":"https:\/\/minimalist.ee\/pood\/"},{"@type":"ListItem","position":3,"name":"Bundgaard Charly Warm"}]},{"@type":"WebSite","@id":"https:\/\/minimalist.ee\/#website","url":"https:\/\/minimalist.ee\/","name":"Minimalist.ee","description":"Barefoot jalatsid","publisher":{"@id":"https:\/\/minimalist.ee\/#organization"},"potentialAction":[{"@type":"SearchAction","target":{"@type":"EntryPoint","urlTemplate":"https:\/\/minimalist.ee\/?s={search_term_string}"},"query-input":"required name=search_term_string"}],"inLanguage":"en-US"},{"@type":"Organization","@id":"https:\/\/minimalist.ee\/#organization","name":"Minimalist Shoes O\u00dc","url":"https:\/\/minimalist.ee\/","logo":{"@type":"ImageObject","inLanguage":"en-US","@id":"https:\/\/minimalist.ee\/#\/schema\/logo\/image\/","url":"https:\/\/minimalist.ee\/wp-content\/uploads\/2020\/10\/Original.png","contentUrl":"https:\/\/minimalist.ee\/wp-content\/uploads\/2020\/10\/Original.png","width":2048,"height":2000,"caption":"Minimalist Shoes O\u00dc"},"image":{"@id":"https:\/\/minimalist.ee\/#\/schema\/logo\/image\/"},"sameAs":["https:\/\/www.facebook.com\/www.minimalist.ee","https:\/\/www.instagram.com\/minimalistshoesest\/"]}]}},"jetpack_sharing_enabled":true,"_links":{"self":[{"href":"https:\/\/minimalist.ee\/en\/wp-json\/wp\/v2\/product\/16742"}],"collection":[{"href":"https:\/\/minimalist.ee\/en\/wp-json\/wp\/v2\/product"}],"about":[{"href":"https:\/\/minimalist.ee\/en\/wp-json\/wp\/v2\/types\/product"}],"replies":[{"embeddable":true,"href":"https:\/\/minimalist.ee\/en\/wp-json\/wp\/v2\/comments?post=16742"}],"wp:featuredmedia":[{"embeddable":true,"href":"https:\/\/minimalist.ee\/en\/wp-json\/wp\/v2\/media\/16746"}],"wp:attachment":[{"href":"https:\/\/minimalist.ee\/en\/wp-json\/wp\/v2\/media?parent=16742"}],"wp:term":[{"taxonomy":"product_cat","embeddable":true,"href":"https:\/\/minimalist.ee\/en\/wp-json\/wp\/v2\/product_cat?post=16742"},{"taxonomy":"product_tag","embeddable":true,"href":"https:\/\/minimalist.ee\/en\/wp-json\/wp\/v2\/product_tag?post=16742"}],"curies":[{"name":"wp","href":"https:\/\/api.w.org\/{rel}","templated":true}]}}