{"id":16678,"date":"2024-09-26T12:07:10","date_gmt":"2024-09-26T12:07:10","guid":{"rendered":"https:\/\/minimalist.ee\/?post_type=product&#038;p=16678"},"modified":"2025-10-23T05:43:16","modified_gmt":"2025-10-23T05:43:16","slug":"vivobarefoot-fulham-ii-winterised-kids-juniors","status":"publish","type":"product","link":"https:\/\/minimalist.ee\/en\/product\/vivobarefoot-fulham-ii-winterised-kids-juniors\/","title":{"rendered":"Vivobarefoot Fulham II Winterised Kids\/Juniors"},"content":{"rendered":"<p>Fulham II Winterised on nutikas, paljajalu Chelsea saabas lastele, kes armastavad aastaringi v\u00e4ljas olla. Selle vastupidav ja paindlik <em>Wild Hide<\/em> nahk on n\u00fc\u00fcd uuendatud sooja voodriga ning eemaldatava termotallaga, et hoida kasvavaid jalgu soojas ja mugavuses isegi k\u00f5ige k\u00fclmematel p\u00e4evadel.<br \/>\n<span data-sheets-root=\"1\">Sobib madalale kuni keskmise k\u00f5rgusega jalale ja keskmisele ja laiale jalale. <\/span><\/p>\n<p><span data-sheets-root=\"1\">Kinnitus: jalga t\u00f5mmatavad, m\u00f5lemal pool elastsed kummid<br \/>\nPealmine osa: vastupidav <em>Wild Hide<\/em> nahk<br \/>\nVooder: 100% taaskasutatud pol\u00fcester<br \/>\nInsole: removable thermal insole<br \/>\nTald: 30% naturaalne kumm, 70% s\u00fcnteetiline kumm<br \/>\n<\/span><\/p>\n<p><span data-sheets-root=\"1\">Valmistatud Vietnamis.<\/span><\/p>\n<p>Minimalisti m\u00f5\u00f5dud \u00a0Vivobarefoot Fulham mudelile<\/p>\n<table dir=\"ltr\" border=\"1\" cellspacing=\"0\" cellpadding=\"0\" data-sheets-root=\"1\" data-sheets-baot=\"1\">\n<colgroup>\n<col width=\"72\" \/>\n<col width=\"83\" \/>\n<col width=\"75\" \/><\/colgroup>\n<tbody>\n<tr>\n<td style=\"text-align: center;\"><strong>Size<\/strong><\/td>\n<td style=\"text-align: center;\"><strong>\u00a0Inside length\u00a0<\/strong><\/td>\n<td style=\"text-align: center;\"><strong>Width*<\/strong><\/td>\n<\/tr>\n<tr>\n<td style=\"text-align: center;\"><strong>32<\/strong><\/td>\n<td style=\"text-align: center;\">20.8<\/td>\n<td style=\"text-align: center;\">7.6<\/td>\n<\/tr>\n<tr>\n<td style=\"text-align: center;\"><strong>33<\/strong><\/td>\n<td style=\"text-align: center;\">21.5<\/td>\n<td style=\"text-align: center;\">7.8<\/td>\n<\/tr>\n<tr>\n<td style=\"text-align: center;\"><strong>34<\/strong><\/td>\n<td style=\"text-align: center;\">21.9<\/td>\n<td style=\"text-align: center;\">7.9<\/td>\n<\/tr>\n<tr>\n<td style=\"text-align: center;\"><strong>35<\/strong><\/td>\n<td style=\"text-align: center;\">22.5<\/td>\n<td style=\"text-align: center;\">8.3<\/td>\n<\/tr>\n<tr>\n<td style=\"text-align: center;\"><strong>36<\/strong><\/td>\n<td style=\"text-align: center;\">23.2<\/td>\n<td style=\"text-align: center;\">8.5<\/td>\n<\/tr>\n<tr>\n<td style=\"text-align: center;\"><strong>37<\/strong><\/td>\n<td style=\"text-align: center;\">23.9<\/td>\n<td style=\"text-align: center;\">8.7<\/td>\n<\/tr>\n<\/tbody>\n<\/table>\n<p>*Laius on m\u00f5\u00f5detud sisetallalt.<\/p>","protected":false},"excerpt":{"rendered":"<p>Voodriga saapad lastele ja noortele.<\/p>","protected":false},"featured_media":16683,"comment_status":"open","ping_status":"closed","template":"","meta":{"_monsterinsights_skip_tracking":false,"_monsterinsights_sitenote_active":false,"_monsterinsights_sitenote_note":"","_monsterinsights_sitenote_category":0,"neve_meta_sidebar":"","neve_meta_container":"","neve_meta_enable_content_width":"off","neve_meta_content_width":70,"neve_meta_title_alignment":"","neve_meta_author_avatar":"","neve_post_elements_order":"","neve_meta_disable_header":"","neve_meta_disable_footer":"","neve_meta_disable_title":""},"product_cat":[20,22],"product_tag":[],"yoast_head":"<!-- This site is optimized with the Yoast SEO plugin v22.4 - https:\/\/yoast.com\/wordpress\/plugins\/seo\/ -->\n<title>Vivobarefoot Fulham II Winterised Kids\/Juniors - Minimalist.ee<\/title>\n<meta name=\"description\" content=\"Paljajalujaltsid, barefoot jalatsid, jalatsid lastele, jalatsid t\u00e4iskasvanutele, kogu pere barefoot jalatsite pood\" \/>\n<meta name=\"robots\" content=\"index, follow, max-snippet:-1, max-image-preview:large, max-video-preview:-1\" \/>\n<link rel=\"canonical\" href=\"https:\/\/minimalist.ee\/en\/product\/vivobarefoot-fulham-ii-winterised-kids-juniors\/\" \/>\n<meta property=\"og:locale\" content=\"en_US\" \/>\n<meta property=\"og:type\" content=\"article\" \/>\n<meta property=\"og:title\" content=\"Vivobarefoot Fulham II Winterised Kids\/Juniors - Minimalist.ee\" \/>\n<meta property=\"og:description\" content=\"Paljajalujaltsid, barefoot jalatsid, jalatsid lastele, jalatsid t\u00e4iskasvanutele, kogu pere barefoot jalatsite pood\" \/>\n<meta property=\"og:url\" content=\"https:\/\/minimalist.ee\/en\/product\/vivobarefoot-fulham-ii-winterised-kids-juniors\/\" \/>\n<meta property=\"og:site_name\" content=\"Minimalist.ee\" \/>\n<meta property=\"article:publisher\" content=\"https:\/\/www.facebook.com\/www.minimalist.ee\" \/>\n<meta property=\"article:modified_time\" content=\"2025-10-23T05:43:16+00:00\" \/>\n<meta property=\"og:image\" content=\"https:\/\/minimalist.ee\/wp-content\/uploads\/2024\/09\/165046-01_pair.jpg.webp\" \/>\n\t<meta property=\"og:image:width\" content=\"794\" \/>\n\t<meta property=\"og:image:height\" content=\"794\" \/>\n\t<meta property=\"og:image:type\" content=\"image\/webp\" \/>\n<meta name=\"twitter:card\" content=\"summary_large_image\" \/>\n<meta name=\"twitter:label1\" content=\"Est. reading time\" \/>\n\t<meta name=\"twitter:data1\" content=\"1 minute\" \/>\n<script type=\"application\/ld+json\" class=\"yoast-schema-graph\">{\"@context\":\"https:\/\/schema.org\",\"@graph\":[{\"@type\":\"WebPage\",\"@id\":\"https:\/\/minimalist.ee\/toode\/vivobarefoot-fulham-ii-winterised-kids-juniors\/\",\"url\":\"https:\/\/minimalist.ee\/toode\/vivobarefoot-fulham-ii-winterised-kids-juniors\/\",\"name\":\"Vivobarefoot Fulham II Winterised Kids\/Juniors - Minimalist.ee\",\"isPartOf\":{\"@id\":\"https:\/\/minimalist.ee\/#website\"},\"primaryImageOfPage\":{\"@id\":\"https:\/\/minimalist.ee\/toode\/vivobarefoot-fulham-ii-winterised-kids-juniors\/#primaryimage\"},\"image\":{\"@id\":\"https:\/\/minimalist.ee\/toode\/vivobarefoot-fulham-ii-winterised-kids-juniors\/#primaryimage\"},\"thumbnailUrl\":\"https:\/\/minimalist.ee\/wp-content\/uploads\/2024\/09\/165046-01_pair.jpg.webp\",\"datePublished\":\"2024-09-26T12:07:10+00:00\",\"dateModified\":\"2025-10-23T05:43:16+00:00\",\"description\":\"Paljajalujaltsid, barefoot jalatsid, jalatsid lastele, jalatsid t\u00e4iskasvanutele, kogu pere barefoot jalatsite pood\",\"breadcrumb\":{\"@id\":\"https:\/\/minimalist.ee\/toode\/vivobarefoot-fulham-ii-winterised-kids-juniors\/#breadcrumb\"},\"inLanguage\":\"en-US\",\"potentialAction\":[{\"@type\":\"ReadAction\",\"target\":[\"https:\/\/minimalist.ee\/toode\/vivobarefoot-fulham-ii-winterised-kids-juniors\/\"]}]},{\"@type\":\"ImageObject\",\"inLanguage\":\"en-US\",\"@id\":\"https:\/\/minimalist.ee\/toode\/vivobarefoot-fulham-ii-winterised-kids-juniors\/#primaryimage\",\"url\":\"https:\/\/minimalist.ee\/wp-content\/uploads\/2024\/09\/165046-01_pair.jpg.webp\",\"contentUrl\":\"https:\/\/minimalist.ee\/wp-content\/uploads\/2024\/09\/165046-01_pair.jpg.webp\",\"width\":794,\"height\":794},{\"@type\":\"BreadcrumbList\",\"@id\":\"https:\/\/minimalist.ee\/toode\/vivobarefoot-fulham-ii-winterised-kids-juniors\/#breadcrumb\",\"itemListElement\":[{\"@type\":\"ListItem\",\"position\":1,\"name\":\"Home\",\"item\":\"https:\/\/minimalist.ee\/\"},{\"@type\":\"ListItem\",\"position\":2,\"name\":\"Pood\",\"item\":\"https:\/\/minimalist.ee\/pood\/\"},{\"@type\":\"ListItem\",\"position\":3,\"name\":\"Vivobarefoot Fulham II Winterised Kids\/Juniors\"}]},{\"@type\":\"WebSite\",\"@id\":\"https:\/\/minimalist.ee\/#website\",\"url\":\"https:\/\/minimalist.ee\/\",\"name\":\"Minimalist.ee\",\"description\":\"Barefoot jalatsid\",\"publisher\":{\"@id\":\"https:\/\/minimalist.ee\/#organization\"},\"potentialAction\":[{\"@type\":\"SearchAction\",\"target\":{\"@type\":\"EntryPoint\",\"urlTemplate\":\"https:\/\/minimalist.ee\/?s={search_term_string}\"},\"query-input\":\"required name=search_term_string\"}],\"inLanguage\":\"en-US\"},{\"@type\":\"Organization\",\"@id\":\"https:\/\/minimalist.ee\/#organization\",\"name\":\"Minimalist Shoes O\u00dc\",\"url\":\"https:\/\/minimalist.ee\/\",\"logo\":{\"@type\":\"ImageObject\",\"inLanguage\":\"en-US\",\"@id\":\"https:\/\/minimalist.ee\/#\/schema\/logo\/image\/\",\"url\":\"https:\/\/minimalist.ee\/wp-content\/uploads\/2020\/10\/Original.png\",\"contentUrl\":\"https:\/\/minimalist.ee\/wp-content\/uploads\/2020\/10\/Original.png\",\"width\":2048,\"height\":2000,\"caption\":\"Minimalist Shoes O\u00dc\"},\"image\":{\"@id\":\"https:\/\/minimalist.ee\/#\/schema\/logo\/image\/\"},\"sameAs\":[\"https:\/\/www.facebook.com\/www.minimalist.ee\",\"https:\/\/www.instagram.com\/minimalistshoesest\/\"]}]}<\/script>\n<!-- \/ Yoast SEO plugin. -->","yoast_head_json":{"title":"Vivobarefoot Fulham II Winterised Kids\/Juniors - Minimalist.ee","description":"Paljajalujaltsid, barefoot jalatsid, jalatsid lastele, jalatsid t\u00e4iskasvanutele, kogu pere barefoot jalatsite pood","robots":{"index":"index","follow":"follow","max-snippet":"max-snippet:-1","max-image-preview":"max-image-preview:large","max-video-preview":"max-video-preview:-1"},"canonical":"https:\/\/minimalist.ee\/en\/product\/vivobarefoot-fulham-ii-winterised-kids-juniors\/","og_locale":"en_US","og_type":"article","og_title":"Vivobarefoot Fulham II Winterised Kids\/Juniors - Minimalist.ee","og_description":"Paljajalujaltsid, barefoot jalatsid, jalatsid lastele, jalatsid t\u00e4iskasvanutele, kogu pere barefoot jalatsite pood","og_url":"https:\/\/minimalist.ee\/en\/product\/vivobarefoot-fulham-ii-winterised-kids-juniors\/","og_site_name":"Minimalist.ee","article_publisher":"https:\/\/www.facebook.com\/www.minimalist.ee","article_modified_time":"2025-10-23T05:43:16+00:00","og_image":[{"width":794,"height":794,"url":"https:\/\/minimalist.ee\/wp-content\/uploads\/2024\/09\/165046-01_pair.jpg.webp","type":"image\/webp"}],"twitter_card":"summary_large_image","twitter_misc":{"Est. reading time":"1 minute"},"schema":{"@context":"https:\/\/schema.org","@graph":[{"@type":"WebPage","@id":"https:\/\/minimalist.ee\/toode\/vivobarefoot-fulham-ii-winterised-kids-juniors\/","url":"https:\/\/minimalist.ee\/toode\/vivobarefoot-fulham-ii-winterised-kids-juniors\/","name":"Vivobarefoot Fulham II Winterised Kids\/Juniors - Minimalist.ee","isPartOf":{"@id":"https:\/\/minimalist.ee\/#website"},"primaryImageOfPage":{"@id":"https:\/\/minimalist.ee\/toode\/vivobarefoot-fulham-ii-winterised-kids-juniors\/#primaryimage"},"image":{"@id":"https:\/\/minimalist.ee\/toode\/vivobarefoot-fulham-ii-winterised-kids-juniors\/#primaryimage"},"thumbnailUrl":"https:\/\/minimalist.ee\/wp-content\/uploads\/2024\/09\/165046-01_pair.jpg.webp","datePublished":"2024-09-26T12:07:10+00:00","dateModified":"2025-10-23T05:43:16+00:00","description":"Paljajalujaltsid, barefoot jalatsid, jalatsid lastele, jalatsid t\u00e4iskasvanutele, kogu pere barefoot jalatsite pood","breadcrumb":{"@id":"https:\/\/minimalist.ee\/toode\/vivobarefoot-fulham-ii-winterised-kids-juniors\/#breadcrumb"},"inLanguage":"en-US","potentialAction":[{"@type":"ReadAction","target":["https:\/\/minimalist.ee\/toode\/vivobarefoot-fulham-ii-winterised-kids-juniors\/"]}]},{"@type":"ImageObject","inLanguage":"en-US","@id":"https:\/\/minimalist.ee\/toode\/vivobarefoot-fulham-ii-winterised-kids-juniors\/#primaryimage","url":"https:\/\/minimalist.ee\/wp-content\/uploads\/2024\/09\/165046-01_pair.jpg.webp","contentUrl":"https:\/\/minimalist.ee\/wp-content\/uploads\/2024\/09\/165046-01_pair.jpg.webp","width":794,"height":794},{"@type":"BreadcrumbList","@id":"https:\/\/minimalist.ee\/toode\/vivobarefoot-fulham-ii-winterised-kids-juniors\/#breadcrumb","itemListElement":[{"@type":"ListItem","position":1,"name":"Home","item":"https:\/\/minimalist.ee\/"},{"@type":"ListItem","position":2,"name":"Pood","item":"https:\/\/minimalist.ee\/pood\/"},{"@type":"ListItem","position":3,"name":"Vivobarefoot Fulham II Winterised Kids\/Juniors"}]},{"@type":"WebSite","@id":"https:\/\/minimalist.ee\/#website","url":"https:\/\/minimalist.ee\/","name":"Minimalist.ee","description":"Barefoot jalatsid","publisher":{"@id":"https:\/\/minimalist.ee\/#organization"},"potentialAction":[{"@type":"SearchAction","target":{"@type":"EntryPoint","urlTemplate":"https:\/\/minimalist.ee\/?s={search_term_string}"},"query-input":"required name=search_term_string"}],"inLanguage":"en-US"},{"@type":"Organization","@id":"https:\/\/minimalist.ee\/#organization","name":"Minimalist Shoes O\u00dc","url":"https:\/\/minimalist.ee\/","logo":{"@type":"ImageObject","inLanguage":"en-US","@id":"https:\/\/minimalist.ee\/#\/schema\/logo\/image\/","url":"https:\/\/minimalist.ee\/wp-content\/uploads\/2020\/10\/Original.png","contentUrl":"https:\/\/minimalist.ee\/wp-content\/uploads\/2020\/10\/Original.png","width":2048,"height":2000,"caption":"Minimalist Shoes O\u00dc"},"image":{"@id":"https:\/\/minimalist.ee\/#\/schema\/logo\/image\/"},"sameAs":["https:\/\/www.facebook.com\/www.minimalist.ee","https:\/\/www.instagram.com\/minimalistshoesest\/"]}]}},"jetpack_sharing_enabled":true,"_links":{"self":[{"href":"https:\/\/minimalist.ee\/en\/wp-json\/wp\/v2\/product\/16678"}],"collection":[{"href":"https:\/\/minimalist.ee\/en\/wp-json\/wp\/v2\/product"}],"about":[{"href":"https:\/\/minimalist.ee\/en\/wp-json\/wp\/v2\/types\/product"}],"replies":[{"embeddable":true,"href":"https:\/\/minimalist.ee\/en\/wp-json\/wp\/v2\/comments?post=16678"}],"wp:featuredmedia":[{"embeddable":true,"href":"https:\/\/minimalist.ee\/en\/wp-json\/wp\/v2\/media\/16683"}],"wp:attachment":[{"href":"https:\/\/minimalist.ee\/en\/wp-json\/wp\/v2\/media?parent=16678"}],"wp:term":[{"taxonomy":"product_cat","embeddable":true,"href":"https:\/\/minimalist.ee\/en\/wp-json\/wp\/v2\/product_cat?post=16678"},{"taxonomy":"product_tag","embeddable":true,"href":"https:\/\/minimalist.ee\/en\/wp-json\/wp\/v2\/product_tag?post=16678"}],"curies":[{"name":"wp","href":"https:\/\/api.w.org\/{rel}","templated":true}]}}