{"id":16158,"date":"2024-06-12T15:20:09","date_gmt":"2024-06-12T15:20:09","guid":{"rendered":"https:\/\/minimalist.ee\/?post_type=product&#038;p=16158"},"modified":"2025-04-04T07:09:05","modified_gmt":"2025-04-04T07:09:05","slug":"vivobarefoot-primus-trail-knit-fg","status":"publish","type":"product","link":"https:\/\/minimalist.ee\/en\/product\/vivobarefoot-primus-trail-knit-fg\/","title":{"rendered":"Vivobarefoot Primus Trail Knit FG W"},"content":{"rendered":"<p><span data-sheets-root=\"1\" data-sheets-value=\"{&quot;1&quot;:2,&quot;2&quot;:&quot;Primus Trail Knit on Vivobarefoot'i originaalne ja enim m\u00fc\u00fcdud maastikujooksu toss. Kootud pealne tagab jala hea hingavuse ja sokitaoline \u00fclaosa takistab t\u00fc\u00fctutel kivikestel ja muul mustusel j\u00f5udmast sinu jalatsisse. Valmistatud taaskasutatud materjalidest. Jalatsil on eemaldatav sisetald. V\u00e4listald on tugev, hea haarduvuse ja suure kulumiskindlusega kummitald.\\nKinnitus: kiirkinnitusega paelad\\nPealmine osa: tekstiil\\nSisetald: Active Ortholite Performance (98% taaskasutatud PU-vahust), eemaldatav\\nV\u00e4listald: Kummisegu\\nValmistatud Vietnamis&quot;}\" data-sheets-userformat=\"{&quot;2&quot;:513,&quot;3&quot;:{&quot;1&quot;:0},&quot;12&quot;:0}\">Primus Trail Knit on Vivobarefoot&#8217;i originaalne ja enim m\u00fc\u00fcdud maastikujooksu toss. Kootud pealne tagab jala hea hingavuse ja sokitaoline \u00fclaosa takistab t\u00fc\u00fctutel kivikestel ja muul mustusel j\u00f5udmast sinu jalatsisse. Valmistatud taaskasutatud materjalidest. Jalatsil on eemaldatav sisetald. V\u00e4listald on tugev, hea haarduvuse ja suure kulumiskindlusega kummitald. <\/span><\/p>\n<p><span data-sheets-root=\"1\" data-sheets-value=\"{&quot;1&quot;:2,&quot;2&quot;:&quot;Primus Trail Knit on Vivobarefoot'i originaalne ja enim m\u00fc\u00fcdud maastikujooksu toss. Kootud pealne tagab jala hea hingavuse ja sokitaoline \u00fclaosa takistab t\u00fc\u00fctutel kivikestel ja muul mustusel j\u00f5udmast sinu jalatsisse. Valmistatud taaskasutatud materjalidest. Jalatsil on eemaldatav sisetald. V\u00e4listald on tugev, hea haarduvuse ja suure kulumiskindlusega kummitald.\\nKinnitus: kiirkinnitusega paelad\\nPealmine osa: tekstiil\\nSisetald: Active Ortholite Performance (98% taaskasutatud PU-vahust), eemaldatav\\nV\u00e4listald: Kummisegu\\nValmistatud Vietnamis&quot;}\" data-sheets-userformat=\"{&quot;2&quot;:513,&quot;3&quot;:{&quot;1&quot;:0},&quot;12&quot;:0}\">Sobib keskmise k\u00f5rguse ja kekmise laiusega jalale.<br \/>\n<\/span><\/p>\n<p><span data-sheets-root=\"1\" data-sheets-value=\"{&quot;1&quot;:2,&quot;2&quot;:&quot;Primus Trail Knit on Vivobarefoot'i originaalne ja enim m\u00fc\u00fcdud maastikujooksu toss. Kootud pealne tagab jala hea hingavuse ja sokitaoline \u00fclaosa takistab t\u00fc\u00fctutel kivikestel ja muul mustusel j\u00f5udmast sinu jalatsisse. Valmistatud taaskasutatud materjalidest. Jalatsil on eemaldatav sisetald. V\u00e4listald on tugev, hea haarduvuse ja suure kulumiskindlusega kummitald.\\nKinnitus: kiirkinnitusega paelad\\nPealmine osa: tekstiil\\nSisetald: Active Ortholite Performance (98% taaskasutatud PU-vahust), eemaldatav\\nV\u00e4listald: Kummisegu\\nValmistatud Vietnamis&quot;}\" data-sheets-userformat=\"{&quot;2&quot;:513,&quot;3&quot;:{&quot;1&quot;:0},&quot;12&quot;:0}\">Fastening: quick release laces<br \/>\nUpper: Textile<br \/>\nSisetald: Active Ortholite Performance (98% taaskasutatud PU-vahust), eemaldatav<br \/>\nV\u00e4listald: Kummisegu<br \/>\n<\/span><\/p>\n<p><span data-sheets-root=\"1\" data-sheets-value=\"{&quot;1&quot;:2,&quot;2&quot;:&quot;Primus Trail Knit on Vivobarefoot'i originaalne ja enim m\u00fc\u00fcdud maastikujooksu toss. Kootud pealne tagab jala hea hingavuse ja sokitaoline \u00fclaosa takistab t\u00fc\u00fctutel kivikestel ja muul mustusel j\u00f5udmast sinu jalatsisse. Valmistatud taaskasutatud materjalidest. Jalatsil on eemaldatav sisetald. V\u00e4listald on tugev, hea haarduvuse ja suure kulumiskindlusega kummitald.\\nKinnitus: kiirkinnitusega paelad\\nPealmine osa: tekstiil\\nSisetald: Active Ortholite Performance (98% taaskasutatud PU-vahust), eemaldatav\\nV\u00e4listald: Kummisegu\\nValmistatud Vietnamis&quot;}\" data-sheets-userformat=\"{&quot;2&quot;:513,&quot;3&quot;:{&quot;1&quot;:0},&quot;12&quot;:0}\">Made in Vietnam<\/span><\/p>\n<p>Minimalisti m\u00f5\u00f5dud Vivobarefoot Primus Trail mudelile<\/p>\n<table dir=\"ltr\" border=\"1\" cellspacing=\"0\" cellpadding=\"0\" data-sheets-root=\"1\" data-sheets-baot=\"1\">\n<colgroup>\n<col width=\"76\" \/>\n<col width=\"76\" \/>\n<col width=\"76\" \/><\/colgroup>\n<tbody>\n<tr>\n<td style=\"text-align: center;\"><strong>Size<\/strong><\/td>\n<td style=\"text-align: center;\"><strong>Inside length<\/strong><\/td>\n<td style=\"text-align: center;\"><strong>Width*<\/strong><\/td>\n<\/tr>\n<tr>\n<td style=\"text-align: center;\"><strong>38<\/strong><\/td>\n<td style=\"text-align: center;\">24<\/td>\n<td style=\"text-align: center;\">9.3<\/td>\n<\/tr>\n<tr>\n<td style=\"text-align: center;\"><strong>39<\/strong><\/td>\n<td style=\"text-align: center;\">24.9<\/td>\n<td style=\"text-align: center;\">9.4<\/td>\n<\/tr>\n<tr>\n<td style=\"text-align: center;\"><strong>40<\/strong><\/td>\n<td style=\"text-align: center;\">25.8<\/td>\n<td style=\"text-align: center;\">9.5<\/td>\n<\/tr>\n<tr>\n<td style=\"text-align: center;\"><strong>41<\/strong><\/td>\n<td style=\"text-align: center;\">26.5<\/td>\n<td style=\"text-align: center;\">9.7<\/td>\n<\/tr>\n<tr>\n<td style=\"text-align: center;\"><strong>42<\/strong><\/td>\n<td style=\"text-align: center;\">&#8211;<\/td>\n<td style=\"text-align: center;\">9.9<\/td>\n<\/tr>\n<\/tbody>\n<\/table>\n<p>*Laius m\u00f5\u00f5detud sisetallalt.<\/p>","protected":false},"excerpt":{"rendered":"<p>Shoes suitable for sports and active leisure time.<\/p>","protected":false},"featured_media":16163,"comment_status":"open","ping_status":"closed","template":"","meta":{"_monsterinsights_skip_tracking":false,"_monsterinsights_sitenote_active":false,"_monsterinsights_sitenote_note":"","_monsterinsights_sitenote_category":0,"neve_meta_sidebar":"","neve_meta_container":"","neve_meta_enable_content_width":"off","neve_meta_content_width":70,"neve_meta_title_alignment":"","neve_meta_author_avatar":"","neve_post_elements_order":"","neve_meta_disable_header":"","neve_meta_disable_footer":"","neve_meta_disable_title":""},"product_cat":[30,72,18],"product_tag":[],"yoast_head":"<!-- This site is optimized with the Yoast SEO plugin v22.4 - https:\/\/yoast.com\/wordpress\/plugins\/seo\/ -->\n<title>Vivobarefoot Primus Trail Knit FG W - Minimalist.ee<\/title>\n<meta name=\"description\" content=\"Paljajalujaltsid, barefoot jalatsid, jalatsid lastele, jalatsid t\u00e4iskasvanutele, kogu pere barefoot jalatsite pood\" \/>\n<meta name=\"robots\" content=\"index, follow, max-snippet:-1, max-image-preview:large, max-video-preview:-1\" \/>\n<link rel=\"canonical\" href=\"https:\/\/minimalist.ee\/en\/product\/vivobarefoot-primus-trail-knit-fg\/\" \/>\n<meta property=\"og:locale\" content=\"en_US\" \/>\n<meta property=\"og:type\" content=\"article\" \/>\n<meta property=\"og:title\" content=\"Vivobarefoot Primus Trail Knit FG W - Minimalist.ee\" \/>\n<meta property=\"og:description\" content=\"Paljajalujaltsid, barefoot jalatsid, jalatsid lastele, jalatsid t\u00e4iskasvanutele, kogu pere barefoot jalatsite pood\" \/>\n<meta property=\"og:url\" content=\"https:\/\/minimalist.ee\/en\/product\/vivobarefoot-primus-trail-knit-fg\/\" \/>\n<meta property=\"og:site_name\" content=\"Minimalist.ee\" \/>\n<meta property=\"article:publisher\" content=\"https:\/\/www.facebook.com\/www.minimalist.ee\" \/>\n<meta property=\"article:modified_time\" content=\"2025-04-04T07:09:05+00:00\" \/>\n<meta property=\"og:image\" content=\"https:\/\/minimalist.ee\/wp-content\/uploads\/2024\/06\/209099-16_pair.jpg.webp\" \/>\n\t<meta property=\"og:image:width\" content=\"1080\" \/>\n\t<meta property=\"og:image:height\" content=\"1080\" \/>\n\t<meta property=\"og:image:type\" content=\"image\/webp\" \/>\n<meta name=\"twitter:card\" content=\"summary_large_image\" \/>\n<meta name=\"twitter:label1\" content=\"Est. reading time\" \/>\n\t<meta name=\"twitter:data1\" content=\"1 minute\" \/>\n<script type=\"application\/ld+json\" class=\"yoast-schema-graph\">{\"@context\":\"https:\/\/schema.org\",\"@graph\":[{\"@type\":\"WebPage\",\"@id\":\"https:\/\/minimalist.ee\/toode\/vivobarefoot-primus-trail-knit-fg\/\",\"url\":\"https:\/\/minimalist.ee\/toode\/vivobarefoot-primus-trail-knit-fg\/\",\"name\":\"Vivobarefoot Primus Trail Knit FG W - Minimalist.ee\",\"isPartOf\":{\"@id\":\"https:\/\/minimalist.ee\/#website\"},\"primaryImageOfPage\":{\"@id\":\"https:\/\/minimalist.ee\/toode\/vivobarefoot-primus-trail-knit-fg\/#primaryimage\"},\"image\":{\"@id\":\"https:\/\/minimalist.ee\/toode\/vivobarefoot-primus-trail-knit-fg\/#primaryimage\"},\"thumbnailUrl\":\"https:\/\/minimalist.ee\/wp-content\/uploads\/2024\/06\/209099-16_pair.jpg.webp\",\"datePublished\":\"2024-06-12T15:20:09+00:00\",\"dateModified\":\"2025-04-04T07:09:05+00:00\",\"description\":\"Paljajalujaltsid, barefoot jalatsid, jalatsid lastele, jalatsid t\u00e4iskasvanutele, kogu pere barefoot jalatsite pood\",\"breadcrumb\":{\"@id\":\"https:\/\/minimalist.ee\/toode\/vivobarefoot-primus-trail-knit-fg\/#breadcrumb\"},\"inLanguage\":\"en-US\",\"potentialAction\":[{\"@type\":\"ReadAction\",\"target\":[\"https:\/\/minimalist.ee\/toode\/vivobarefoot-primus-trail-knit-fg\/\"]}]},{\"@type\":\"ImageObject\",\"inLanguage\":\"en-US\",\"@id\":\"https:\/\/minimalist.ee\/toode\/vivobarefoot-primus-trail-knit-fg\/#primaryimage\",\"url\":\"https:\/\/minimalist.ee\/wp-content\/uploads\/2024\/06\/209099-16_pair.jpg.webp\",\"contentUrl\":\"https:\/\/minimalist.ee\/wp-content\/uploads\/2024\/06\/209099-16_pair.jpg.webp\",\"width\":1080,\"height\":1080},{\"@type\":\"BreadcrumbList\",\"@id\":\"https:\/\/minimalist.ee\/toode\/vivobarefoot-primus-trail-knit-fg\/#breadcrumb\",\"itemListElement\":[{\"@type\":\"ListItem\",\"position\":1,\"name\":\"Home\",\"item\":\"https:\/\/minimalist.ee\/\"},{\"@type\":\"ListItem\",\"position\":2,\"name\":\"Pood\",\"item\":\"https:\/\/minimalist.ee\/pood\/\"},{\"@type\":\"ListItem\",\"position\":3,\"name\":\"Vivobarefoot Primus Trail Knit FG W\"}]},{\"@type\":\"WebSite\",\"@id\":\"https:\/\/minimalist.ee\/#website\",\"url\":\"https:\/\/minimalist.ee\/\",\"name\":\"Minimalist.ee\",\"description\":\"Barefoot jalatsid\",\"publisher\":{\"@id\":\"https:\/\/minimalist.ee\/#organization\"},\"potentialAction\":[{\"@type\":\"SearchAction\",\"target\":{\"@type\":\"EntryPoint\",\"urlTemplate\":\"https:\/\/minimalist.ee\/?s={search_term_string}\"},\"query-input\":\"required name=search_term_string\"}],\"inLanguage\":\"en-US\"},{\"@type\":\"Organization\",\"@id\":\"https:\/\/minimalist.ee\/#organization\",\"name\":\"Minimalist Shoes O\u00dc\",\"url\":\"https:\/\/minimalist.ee\/\",\"logo\":{\"@type\":\"ImageObject\",\"inLanguage\":\"en-US\",\"@id\":\"https:\/\/minimalist.ee\/#\/schema\/logo\/image\/\",\"url\":\"https:\/\/minimalist.ee\/wp-content\/uploads\/2020\/10\/Original.png\",\"contentUrl\":\"https:\/\/minimalist.ee\/wp-content\/uploads\/2020\/10\/Original.png\",\"width\":2048,\"height\":2000,\"caption\":\"Minimalist Shoes O\u00dc\"},\"image\":{\"@id\":\"https:\/\/minimalist.ee\/#\/schema\/logo\/image\/\"},\"sameAs\":[\"https:\/\/www.facebook.com\/www.minimalist.ee\",\"https:\/\/www.instagram.com\/minimalistshoesest\/\"]}]}<\/script>\n<!-- \/ Yoast SEO plugin. -->","yoast_head_json":{"title":"Vivobarefoot Primus Trail Knit FG W - Minimalist.ee","description":"Paljajalujaltsid, barefoot jalatsid, jalatsid lastele, jalatsid t\u00e4iskasvanutele, kogu pere barefoot jalatsite pood","robots":{"index":"index","follow":"follow","max-snippet":"max-snippet:-1","max-image-preview":"max-image-preview:large","max-video-preview":"max-video-preview:-1"},"canonical":"https:\/\/minimalist.ee\/en\/product\/vivobarefoot-primus-trail-knit-fg\/","og_locale":"en_US","og_type":"article","og_title":"Vivobarefoot Primus Trail Knit FG W - Minimalist.ee","og_description":"Paljajalujaltsid, barefoot jalatsid, jalatsid lastele, jalatsid t\u00e4iskasvanutele, kogu pere barefoot jalatsite pood","og_url":"https:\/\/minimalist.ee\/en\/product\/vivobarefoot-primus-trail-knit-fg\/","og_site_name":"Minimalist.ee","article_publisher":"https:\/\/www.facebook.com\/www.minimalist.ee","article_modified_time":"2025-04-04T07:09:05+00:00","og_image":[{"width":1080,"height":1080,"url":"https:\/\/minimalist.ee\/wp-content\/uploads\/2024\/06\/209099-16_pair.jpg.webp","type":"image\/webp"}],"twitter_card":"summary_large_image","twitter_misc":{"Est. reading time":"1 minute"},"schema":{"@context":"https:\/\/schema.org","@graph":[{"@type":"WebPage","@id":"https:\/\/minimalist.ee\/toode\/vivobarefoot-primus-trail-knit-fg\/","url":"https:\/\/minimalist.ee\/toode\/vivobarefoot-primus-trail-knit-fg\/","name":"Vivobarefoot Primus Trail Knit FG W - Minimalist.ee","isPartOf":{"@id":"https:\/\/minimalist.ee\/#website"},"primaryImageOfPage":{"@id":"https:\/\/minimalist.ee\/toode\/vivobarefoot-primus-trail-knit-fg\/#primaryimage"},"image":{"@id":"https:\/\/minimalist.ee\/toode\/vivobarefoot-primus-trail-knit-fg\/#primaryimage"},"thumbnailUrl":"https:\/\/minimalist.ee\/wp-content\/uploads\/2024\/06\/209099-16_pair.jpg.webp","datePublished":"2024-06-12T15:20:09+00:00","dateModified":"2025-04-04T07:09:05+00:00","description":"Paljajalujaltsid, barefoot jalatsid, jalatsid lastele, jalatsid t\u00e4iskasvanutele, kogu pere barefoot jalatsite pood","breadcrumb":{"@id":"https:\/\/minimalist.ee\/toode\/vivobarefoot-primus-trail-knit-fg\/#breadcrumb"},"inLanguage":"en-US","potentialAction":[{"@type":"ReadAction","target":["https:\/\/minimalist.ee\/toode\/vivobarefoot-primus-trail-knit-fg\/"]}]},{"@type":"ImageObject","inLanguage":"en-US","@id":"https:\/\/minimalist.ee\/toode\/vivobarefoot-primus-trail-knit-fg\/#primaryimage","url":"https:\/\/minimalist.ee\/wp-content\/uploads\/2024\/06\/209099-16_pair.jpg.webp","contentUrl":"https:\/\/minimalist.ee\/wp-content\/uploads\/2024\/06\/209099-16_pair.jpg.webp","width":1080,"height":1080},{"@type":"BreadcrumbList","@id":"https:\/\/minimalist.ee\/toode\/vivobarefoot-primus-trail-knit-fg\/#breadcrumb","itemListElement":[{"@type":"ListItem","position":1,"name":"Home","item":"https:\/\/minimalist.ee\/"},{"@type":"ListItem","position":2,"name":"Pood","item":"https:\/\/minimalist.ee\/pood\/"},{"@type":"ListItem","position":3,"name":"Vivobarefoot Primus Trail Knit FG W"}]},{"@type":"WebSite","@id":"https:\/\/minimalist.ee\/#website","url":"https:\/\/minimalist.ee\/","name":"Minimalist.ee","description":"Barefoot jalatsid","publisher":{"@id":"https:\/\/minimalist.ee\/#organization"},"potentialAction":[{"@type":"SearchAction","target":{"@type":"EntryPoint","urlTemplate":"https:\/\/minimalist.ee\/?s={search_term_string}"},"query-input":"required name=search_term_string"}],"inLanguage":"en-US"},{"@type":"Organization","@id":"https:\/\/minimalist.ee\/#organization","name":"Minimalist Shoes O\u00dc","url":"https:\/\/minimalist.ee\/","logo":{"@type":"ImageObject","inLanguage":"en-US","@id":"https:\/\/minimalist.ee\/#\/schema\/logo\/image\/","url":"https:\/\/minimalist.ee\/wp-content\/uploads\/2020\/10\/Original.png","contentUrl":"https:\/\/minimalist.ee\/wp-content\/uploads\/2020\/10\/Original.png","width":2048,"height":2000,"caption":"Minimalist Shoes O\u00dc"},"image":{"@id":"https:\/\/minimalist.ee\/#\/schema\/logo\/image\/"},"sameAs":["https:\/\/www.facebook.com\/www.minimalist.ee","https:\/\/www.instagram.com\/minimalistshoesest\/"]}]}},"jetpack_sharing_enabled":true,"_links":{"self":[{"href":"https:\/\/minimalist.ee\/en\/wp-json\/wp\/v2\/product\/16158"}],"collection":[{"href":"https:\/\/minimalist.ee\/en\/wp-json\/wp\/v2\/product"}],"about":[{"href":"https:\/\/minimalist.ee\/en\/wp-json\/wp\/v2\/types\/product"}],"replies":[{"embeddable":true,"href":"https:\/\/minimalist.ee\/en\/wp-json\/wp\/v2\/comments?post=16158"}],"wp:featuredmedia":[{"embeddable":true,"href":"https:\/\/minimalist.ee\/en\/wp-json\/wp\/v2\/media\/16163"}],"wp:attachment":[{"href":"https:\/\/minimalist.ee\/en\/wp-json\/wp\/v2\/media?parent=16158"}],"wp:term":[{"taxonomy":"product_cat","embeddable":true,"href":"https:\/\/minimalist.ee\/en\/wp-json\/wp\/v2\/product_cat?post=16158"},{"taxonomy":"product_tag","embeddable":true,"href":"https:\/\/minimalist.ee\/en\/wp-json\/wp\/v2\/product_tag?post=16158"}],"curies":[{"name":"wp","href":"https:\/\/api.w.org\/{rel}","templated":true}]}}