{"id":15574,"date":"2024-03-26T20:49:58","date_gmt":"2024-03-26T20:49:58","guid":{"rendered":"https:\/\/minimalist.ee\/?post_type=product&#038;p=15574"},"modified":"2026-03-29T13:54:45","modified_gmt":"2026-03-29T13:54:45","slug":"camper-peu-first-walker-3","status":"publish","type":"product","link":"https:\/\/minimalist.ee\/en\/product\/camper-peu-first-walker-3\/","title":{"rendered":"Camper Peu First Walkers"},"content":{"rendered":"<p><span data-sheets-root=\"1\" data-sheets-value=\"{&quot;1&quot;:2,&quot;2&quot;:&quot;Camper peu - ajatu klassika\\n\\nV\u00e4ga armsad suvised barefoot tennised Camperilt. T\u00e4nu kr\u00f5psule ja kummile on neid jalan\u00f5usid v\u00e4ga mugav jalga panna. H\u00e4sti pehme ja painduva kummitallaga, kandmisega (v\u00f5i mudides) muutuvad \u00fclipainduvaks. Tald on jalatsi k\u00fclge \u00f5mmeldud, sees on nahast v\u00f5i tekstiilist? eemaldatav? sisetald. Sobivad laiale ja k\u00f5rgele jalale.\\n\\nPealmine osa: taaskasutatud pol\u00fcester, nahast detailid\\nVooder: taaskasutatud pol\u00fcester\\nSisetald: eemaldatav EVA sisetald\\nTald: kumm (20% taaskasutatud)\\n\\nSoovitame jalan\u00f5usid hooldada tekstiilile ja veluurile m\u00f5eldud vahendiga, n\u00e4iteks GoGoNano Protect v\u00f5i Goldenmix Jalatsikaitse. Need muudavad jalan\u00f5ud vett ja mustust h\u00fclgavaks ning jalatseid on hiljem lihtsam puhastada.&quot;}\" data-sheets-userformat=\"{&quot;2&quot;:513,&quot;3&quot;:{&quot;1&quot;:0},&quot;12&quot;:0}\">Camper Peu tekstiilist tennised v\u00e4ikelastele. T\u00e4nu kr\u00f5psule ja kummile on neid jalan\u00f5usid v\u00e4ga mugav jalga panna. H\u00e4sti pehme ja painduva kummitallaga, kandmisega muutuvad \u00fclipainduvaks. Tald on jalatsi k\u00fclge \u00f5mmeldud, sees on tekstiilist eemaldatav sisetald. Sobivad laiale ja k\u00f5rgele jalale.<\/span><\/p>\n<p>Pealmine osa: taaskasutatud pol\u00fcester, nahast detailid<br \/>\nVooder: taaskasutatud pol\u00fcester<br \/>\nSisetald: eemaldatav EVA sisetald<br \/>\nSole: Rubber (20% Recycled)<\/p>\n<p><span data-sheets-root=\"1\" data-sheets-value=\"{&quot;1&quot;:2,&quot;2&quot;:&quot;Camper peu - ajatu klassika\\n\\nV\u00e4ga armsad suvised barefoot tennised Camperilt. T\u00e4nu kr\u00f5psule ja kummile on neid jalan\u00f5usid v\u00e4ga mugav jalga panna. H\u00e4sti pehme ja painduva kummitallaga, kandmisega (v\u00f5i mudides) muutuvad \u00fclipainduvaks. Tald on jalatsi k\u00fclge \u00f5mmeldud, sees on nahast v\u00f5i tekstiilist? eemaldatav? sisetald. Sobivad laiale ja k\u00f5rgele jalale.\\n\\nPealmine osa: taaskasutatud pol\u00fcester, nahast detailid\\nVooder: taaskasutatud pol\u00fcester\\nSisetald: eemaldatav EVA sisetald\\nTald: kumm (20% taaskasutatud)\\n\\nSoovitame jalan\u00f5usid hooldada tekstiilile ja veluurile m\u00f5eldud vahendiga, n\u00e4iteks GoGoNano Protect v\u00f5i Goldenmix Jalatsikaitse. Need muudavad jalan\u00f5ud vett ja mustust h\u00fclgavaks ning jalatseid on hiljem lihtsam puhastada.&quot;}\" data-sheets-userformat=\"{&quot;2&quot;:513,&quot;3&quot;:{&quot;1&quot;:0},&quot;12&quot;:0}\">We recommend to care for the shoes with a product intended for textiles and velor, for example <strong><a href=\"https:\/\/minimalist.ee\/en\/product\/gogonano-protect\/\">GoGoNano Protect<\/a><\/strong>\u00a0or <strong><a href=\"https:\/\/minimalist.ee\/en\/product\/topi-natural-repel\/\">Topi Natural Repel<\/a><\/strong>. They make the shoes repel water and dirt, and the shoes are easier to clean later.<\/span><\/p>\n<p>Dimensions of the minimalist:<\/p>\n<table dir=\"ltr\" style=\"height: 185px;\" border=\"1\" width=\"228\" cellspacing=\"0\" cellpadding=\"0\" data-sheets-root=\"1\">\n<colgroup>\n<col width=\"73\" \/>\n<col width=\"100\" \/>\n<col width=\"100\" \/><\/colgroup>\n<tbody>\n<tr>\n<td style=\"text-align: center;\" data-sheets-value=\"{&quot;1&quot;:2,&quot;2&quot;:&quot;Suurus&quot;}\"><strong>Size<\/strong><\/td>\n<td style=\"text-align: center;\" data-sheets-value=\"{&quot;1&quot;:2,&quot;2&quot;:&quot;Sisepikkus&quot;}\"><strong>Inside length<\/strong><\/td>\n<td style=\"text-align: center;\" data-sheets-value=\"{&quot;1&quot;:2,&quot;2&quot;:&quot;Laius&quot;}\"><strong>Width<\/strong><\/td>\n<\/tr>\n<tr>\n<td style=\"text-align: center;\" data-sheets-value=\"{&quot;1&quot;:3,&quot;3&quot;:21}\"><strong>21<\/strong><\/td>\n<td style=\"text-align: center;\" data-sheets-value=\"{&quot;1&quot;:3,&quot;3&quot;:13.6}\">13.6<\/td>\n<td style=\"text-align: center;\" data-sheets-value=\"{&quot;1&quot;:3,&quot;3&quot;:6.2}\">6.2<\/td>\n<\/tr>\n<tr>\n<td style=\"text-align: center;\" data-sheets-value=\"{&quot;1&quot;:3,&quot;3&quot;:22}\"><strong>22<\/strong><\/td>\n<td style=\"text-align: center;\" data-sheets-value=\"{&quot;1&quot;:3,&quot;3&quot;:14.2}\">14.2<\/td>\n<td style=\"text-align: center;\" data-sheets-value=\"{&quot;1&quot;:3,&quot;3&quot;:6.3}\">6.3<\/td>\n<\/tr>\n<tr>\n<td style=\"text-align: center;\" data-sheets-value=\"{&quot;1&quot;:3,&quot;3&quot;:23}\"><strong>23<\/strong><\/td>\n<td style=\"text-align: center;\" data-sheets-value=\"{&quot;1&quot;:3,&quot;3&quot;:14.6}\">14.6<\/td>\n<td style=\"text-align: center;\" data-sheets-value=\"{&quot;1&quot;:3,&quot;3&quot;:6.4}\">6.4<\/td>\n<\/tr>\n<tr>\n<td style=\"text-align: center;\" data-sheets-value=\"{&quot;1&quot;:3,&quot;3&quot;:24}\"><strong>24<\/strong><\/td>\n<td style=\"text-align: center;\" data-sheets-value=\"{&quot;1&quot;:3,&quot;3&quot;:15.5}\">15.5<\/td>\n<td style=\"text-align: center;\" data-sheets-value=\"{&quot;1&quot;:3,&quot;3&quot;:6.6}\">6.6<\/td>\n<\/tr>\n<tr>\n<td style=\"text-align: center;\" data-sheets-value=\"{&quot;1&quot;:3,&quot;3&quot;:25}\"><strong>25<\/strong><\/td>\n<td style=\"text-align: center;\" data-sheets-value=\"{&quot;1&quot;:3,&quot;3&quot;:16}\">16<\/td>\n<td style=\"text-align: center;\" data-sheets-value=\"{&quot;1&quot;:3,&quot;3&quot;:6.7}\">6.7<\/td>\n<\/tr>\n<tr>\n<td style=\"text-align: center;\" data-sheets-value=\"{&quot;1&quot;:3,&quot;3&quot;:26}\"><strong>26<\/strong><\/td>\n<td style=\"text-align: center;\" data-sheets-value=\"{&quot;1&quot;:3,&quot;3&quot;:16.8}\">16.8<\/td>\n<td style=\"text-align: center;\" data-sheets-value=\"{&quot;1&quot;:3,&quot;3&quot;:6.8}\">6.8<\/td>\n<\/tr>\n<\/tbody>\n<\/table>\n<p>&nbsp;<\/p>","protected":false},"excerpt":{"rendered":"<p><span data-sheets-root=\"1\" data-sheets-value=\"{&quot;1&quot;:2,&quot;2&quot;:&quot;Camper peu - ajatu klassika\\n\\nV\u00e4ga armsad suvised barefoot tennised Camperilt. T\u00e4nu kr\u00f5psule ja kummile on neid jalan\u00f5usid v\u00e4ga mugav jalga panna. H\u00e4sti pehme ja painduva kummitallaga, kandmisega (v\u00f5i mudides) muutuvad \u00fclipainduvaks. Tald on jalatsi k\u00fclge \u00f5mmeldud, sees on nahast v\u00f5i tekstiilist? eemaldatav? sisetald. Sobivad laiale ja k\u00f5rgele jalale.\\n\\nPealmine osa: taaskasutatud pol\u00fcester, nahast detailid\\nVooder: taaskasutatud pol\u00fcester\\nSisetald: eemaldatav EVA sisetald\\nTald: kumm (20% taaskasutatud)\\n\\nSoovitame jalan\u00f5usid hooldada tekstiilile ja veluurile m\u00f5eldud vahendiga, n\u00e4iteks GoGoNano Protect v\u00f5i Goldenmix Jalatsikaitse. Need muudavad jalan\u00f5ud vett ja mustust h\u00fclgavaks ning jalatseid on hiljem lihtsam puhastada.&quot;}\" data-sheets-userformat=\"{&quot;2&quot;:513,&quot;3&quot;:{&quot;1&quot;:0},&quot;12&quot;:0}\">Stiilsed tekstiilist tennised v\u00e4ikelastele.<\/span><\/p>","protected":false},"featured_media":15580,"comment_status":"open","ping_status":"closed","template":"","meta":{"_monsterinsights_skip_tracking":false,"_monsterinsights_sitenote_active":false,"_monsterinsights_sitenote_note":"","_monsterinsights_sitenote_category":0,"neve_meta_sidebar":"","neve_meta_container":"","neve_meta_enable_content_width":"off","neve_meta_content_width":70,"neve_meta_title_alignment":"","neve_meta_author_avatar":"","neve_post_elements_order":"","neve_meta_disable_header":"","neve_meta_disable_footer":"","neve_meta_disable_title":""},"product_cat":[70,20,21],"product_tag":[],"yoast_head":"<!-- This site is optimized with the Yoast SEO plugin v22.4 - https:\/\/yoast.com\/wordpress\/plugins\/seo\/ -->\n<title>Camper Peu First Walkers - Minimalist.ee<\/title>\n<meta name=\"description\" content=\"Paljajalujaltsid, barefoot jalatsid, jalatsid lastele, jalatsid t\u00e4iskasvanutele, kogu pere barefoot jalatsite pood\" \/>\n<meta name=\"robots\" content=\"index, follow, max-snippet:-1, max-image-preview:large, max-video-preview:-1\" \/>\n<link rel=\"canonical\" href=\"https:\/\/minimalist.ee\/en\/product\/camper-peu-first-walker-3\/\" \/>\n<meta property=\"og:locale\" content=\"en_US\" \/>\n<meta property=\"og:type\" content=\"article\" \/>\n<meta property=\"og:title\" content=\"Camper Peu First Walkers - Minimalist.ee\" \/>\n<meta property=\"og:description\" content=\"Paljajalujaltsid, barefoot jalatsid, jalatsid lastele, jalatsid t\u00e4iskasvanutele, kogu pere barefoot jalatsite pood\" \/>\n<meta property=\"og:url\" content=\"https:\/\/minimalist.ee\/en\/product\/camper-peu-first-walker-3\/\" \/>\n<meta property=\"og:site_name\" content=\"Minimalist.ee\" \/>\n<meta property=\"article:publisher\" content=\"https:\/\/www.facebook.com\/www.minimalist.ee\" \/>\n<meta property=\"article:modified_time\" content=\"2026-03-29T13:54:45+00:00\" \/>\n<meta property=\"og:image\" content=\"https:\/\/minimalist.ee\/wp-content\/uploads\/2024\/03\/K800369-020_DF-1.webp\" \/>\n\t<meta property=\"og:image:width\" content=\"1024\" \/>\n\t<meta property=\"og:image:height\" content=\"1536\" \/>\n\t<meta property=\"og:image:type\" content=\"image\/webp\" \/>\n<meta name=\"twitter:card\" content=\"summary_large_image\" \/>\n<meta name=\"twitter:label1\" content=\"Est. reading time\" \/>\n\t<meta name=\"twitter:data1\" content=\"1 minute\" \/>\n<script type=\"application\/ld+json\" class=\"yoast-schema-graph\">{\"@context\":\"https:\/\/schema.org\",\"@graph\":[{\"@type\":\"WebPage\",\"@id\":\"https:\/\/minimalist.ee\/toode\/camper-peu-first-walker-3\/\",\"url\":\"https:\/\/minimalist.ee\/toode\/camper-peu-first-walker-3\/\",\"name\":\"Camper Peu First Walkers - Minimalist.ee\",\"isPartOf\":{\"@id\":\"https:\/\/minimalist.ee\/#website\"},\"primaryImageOfPage\":{\"@id\":\"https:\/\/minimalist.ee\/toode\/camper-peu-first-walker-3\/#primaryimage\"},\"image\":{\"@id\":\"https:\/\/minimalist.ee\/toode\/camper-peu-first-walker-3\/#primaryimage\"},\"thumbnailUrl\":\"https:\/\/minimalist.ee\/wp-content\/uploads\/2024\/03\/K800369-020_DF-1.webp\",\"datePublished\":\"2024-03-26T20:49:58+00:00\",\"dateModified\":\"2026-03-29T13:54:45+00:00\",\"description\":\"Paljajalujaltsid, barefoot jalatsid, jalatsid lastele, jalatsid t\u00e4iskasvanutele, kogu pere barefoot jalatsite pood\",\"breadcrumb\":{\"@id\":\"https:\/\/minimalist.ee\/toode\/camper-peu-first-walker-3\/#breadcrumb\"},\"inLanguage\":\"en-US\",\"potentialAction\":[{\"@type\":\"ReadAction\",\"target\":[\"https:\/\/minimalist.ee\/toode\/camper-peu-first-walker-3\/\"]}]},{\"@type\":\"ImageObject\",\"inLanguage\":\"en-US\",\"@id\":\"https:\/\/minimalist.ee\/toode\/camper-peu-first-walker-3\/#primaryimage\",\"url\":\"https:\/\/minimalist.ee\/wp-content\/uploads\/2024\/03\/K800369-020_DF-1.webp\",\"contentUrl\":\"https:\/\/minimalist.ee\/wp-content\/uploads\/2024\/03\/K800369-020_DF-1.webp\",\"width\":1024,\"height\":1536},{\"@type\":\"BreadcrumbList\",\"@id\":\"https:\/\/minimalist.ee\/toode\/camper-peu-first-walker-3\/#breadcrumb\",\"itemListElement\":[{\"@type\":\"ListItem\",\"position\":1,\"name\":\"Home\",\"item\":\"https:\/\/minimalist.ee\/\"},{\"@type\":\"ListItem\",\"position\":2,\"name\":\"Pood\",\"item\":\"https:\/\/minimalist.ee\/pood\/\"},{\"@type\":\"ListItem\",\"position\":3,\"name\":\"Camper Peu First Walkers\"}]},{\"@type\":\"WebSite\",\"@id\":\"https:\/\/minimalist.ee\/#website\",\"url\":\"https:\/\/minimalist.ee\/\",\"name\":\"Minimalist.ee\",\"description\":\"Barefoot jalatsid\",\"publisher\":{\"@id\":\"https:\/\/minimalist.ee\/#organization\"},\"potentialAction\":[{\"@type\":\"SearchAction\",\"target\":{\"@type\":\"EntryPoint\",\"urlTemplate\":\"https:\/\/minimalist.ee\/?s={search_term_string}\"},\"query-input\":\"required name=search_term_string\"}],\"inLanguage\":\"en-US\"},{\"@type\":\"Organization\",\"@id\":\"https:\/\/minimalist.ee\/#organization\",\"name\":\"Minimalist Shoes O\u00dc\",\"url\":\"https:\/\/minimalist.ee\/\",\"logo\":{\"@type\":\"ImageObject\",\"inLanguage\":\"en-US\",\"@id\":\"https:\/\/minimalist.ee\/#\/schema\/logo\/image\/\",\"url\":\"https:\/\/minimalist.ee\/wp-content\/uploads\/2020\/10\/Original.png\",\"contentUrl\":\"https:\/\/minimalist.ee\/wp-content\/uploads\/2020\/10\/Original.png\",\"width\":2048,\"height\":2000,\"caption\":\"Minimalist Shoes O\u00dc\"},\"image\":{\"@id\":\"https:\/\/minimalist.ee\/#\/schema\/logo\/image\/\"},\"sameAs\":[\"https:\/\/www.facebook.com\/www.minimalist.ee\",\"https:\/\/www.instagram.com\/minimalistshoesest\/\"]}]}<\/script>\n<!-- \/ Yoast SEO plugin. -->","yoast_head_json":{"title":"Camper Peu First Walkers - Minimalist.ee","description":"Paljajalujaltsid, barefoot jalatsid, jalatsid lastele, jalatsid t\u00e4iskasvanutele, kogu pere barefoot jalatsite pood","robots":{"index":"index","follow":"follow","max-snippet":"max-snippet:-1","max-image-preview":"max-image-preview:large","max-video-preview":"max-video-preview:-1"},"canonical":"https:\/\/minimalist.ee\/en\/product\/camper-peu-first-walker-3\/","og_locale":"en_US","og_type":"article","og_title":"Camper Peu First Walkers - Minimalist.ee","og_description":"Paljajalujaltsid, barefoot jalatsid, jalatsid lastele, jalatsid t\u00e4iskasvanutele, kogu pere barefoot jalatsite pood","og_url":"https:\/\/minimalist.ee\/en\/product\/camper-peu-first-walker-3\/","og_site_name":"Minimalist.ee","article_publisher":"https:\/\/www.facebook.com\/www.minimalist.ee","article_modified_time":"2026-03-29T13:54:45+00:00","og_image":[{"width":1024,"height":1536,"url":"https:\/\/minimalist.ee\/wp-content\/uploads\/2024\/03\/K800369-020_DF-1.webp","type":"image\/webp"}],"twitter_card":"summary_large_image","twitter_misc":{"Est. reading time":"1 minute"},"schema":{"@context":"https:\/\/schema.org","@graph":[{"@type":"WebPage","@id":"https:\/\/minimalist.ee\/toode\/camper-peu-first-walker-3\/","url":"https:\/\/minimalist.ee\/toode\/camper-peu-first-walker-3\/","name":"Camper Peu First Walkers - Minimalist.ee","isPartOf":{"@id":"https:\/\/minimalist.ee\/#website"},"primaryImageOfPage":{"@id":"https:\/\/minimalist.ee\/toode\/camper-peu-first-walker-3\/#primaryimage"},"image":{"@id":"https:\/\/minimalist.ee\/toode\/camper-peu-first-walker-3\/#primaryimage"},"thumbnailUrl":"https:\/\/minimalist.ee\/wp-content\/uploads\/2024\/03\/K800369-020_DF-1.webp","datePublished":"2024-03-26T20:49:58+00:00","dateModified":"2026-03-29T13:54:45+00:00","description":"Paljajalujaltsid, barefoot jalatsid, jalatsid lastele, jalatsid t\u00e4iskasvanutele, kogu pere barefoot jalatsite pood","breadcrumb":{"@id":"https:\/\/minimalist.ee\/toode\/camper-peu-first-walker-3\/#breadcrumb"},"inLanguage":"en-US","potentialAction":[{"@type":"ReadAction","target":["https:\/\/minimalist.ee\/toode\/camper-peu-first-walker-3\/"]}]},{"@type":"ImageObject","inLanguage":"en-US","@id":"https:\/\/minimalist.ee\/toode\/camper-peu-first-walker-3\/#primaryimage","url":"https:\/\/minimalist.ee\/wp-content\/uploads\/2024\/03\/K800369-020_DF-1.webp","contentUrl":"https:\/\/minimalist.ee\/wp-content\/uploads\/2024\/03\/K800369-020_DF-1.webp","width":1024,"height":1536},{"@type":"BreadcrumbList","@id":"https:\/\/minimalist.ee\/toode\/camper-peu-first-walker-3\/#breadcrumb","itemListElement":[{"@type":"ListItem","position":1,"name":"Home","item":"https:\/\/minimalist.ee\/"},{"@type":"ListItem","position":2,"name":"Pood","item":"https:\/\/minimalist.ee\/pood\/"},{"@type":"ListItem","position":3,"name":"Camper Peu First Walkers"}]},{"@type":"WebSite","@id":"https:\/\/minimalist.ee\/#website","url":"https:\/\/minimalist.ee\/","name":"Minimalist.ee","description":"Barefoot jalatsid","publisher":{"@id":"https:\/\/minimalist.ee\/#organization"},"potentialAction":[{"@type":"SearchAction","target":{"@type":"EntryPoint","urlTemplate":"https:\/\/minimalist.ee\/?s={search_term_string}"},"query-input":"required name=search_term_string"}],"inLanguage":"en-US"},{"@type":"Organization","@id":"https:\/\/minimalist.ee\/#organization","name":"Minimalist Shoes O\u00dc","url":"https:\/\/minimalist.ee\/","logo":{"@type":"ImageObject","inLanguage":"en-US","@id":"https:\/\/minimalist.ee\/#\/schema\/logo\/image\/","url":"https:\/\/minimalist.ee\/wp-content\/uploads\/2020\/10\/Original.png","contentUrl":"https:\/\/minimalist.ee\/wp-content\/uploads\/2020\/10\/Original.png","width":2048,"height":2000,"caption":"Minimalist Shoes O\u00dc"},"image":{"@id":"https:\/\/minimalist.ee\/#\/schema\/logo\/image\/"},"sameAs":["https:\/\/www.facebook.com\/www.minimalist.ee","https:\/\/www.instagram.com\/minimalistshoesest\/"]}]}},"jetpack_sharing_enabled":true,"_links":{"self":[{"href":"https:\/\/minimalist.ee\/en\/wp-json\/wp\/v2\/product\/15574"}],"collection":[{"href":"https:\/\/minimalist.ee\/en\/wp-json\/wp\/v2\/product"}],"about":[{"href":"https:\/\/minimalist.ee\/en\/wp-json\/wp\/v2\/types\/product"}],"replies":[{"embeddable":true,"href":"https:\/\/minimalist.ee\/en\/wp-json\/wp\/v2\/comments?post=15574"}],"wp:featuredmedia":[{"embeddable":true,"href":"https:\/\/minimalist.ee\/en\/wp-json\/wp\/v2\/media\/15580"}],"wp:attachment":[{"href":"https:\/\/minimalist.ee\/en\/wp-json\/wp\/v2\/media?parent=15574"}],"wp:term":[{"taxonomy":"product_cat","embeddable":true,"href":"https:\/\/minimalist.ee\/en\/wp-json\/wp\/v2\/product_cat?post=15574"},{"taxonomy":"product_tag","embeddable":true,"href":"https:\/\/minimalist.ee\/en\/wp-json\/wp\/v2\/product_tag?post=15574"}],"curies":[{"name":"wp","href":"https:\/\/api.w.org\/{rel}","templated":true}]}}