{"id":15060,"date":"2023-12-06T15:14:05","date_gmt":"2023-12-06T15:14:05","guid":{"rendered":"https:\/\/minimalist.ee\/?post_type=product&#038;p=15060"},"modified":"2026-03-30T12:46:37","modified_gmt":"2026-03-30T12:46:37","slug":"goldenmix-palsam-75ml","status":"publish","type":"product","link":"https:\/\/minimalist.ee\/en\/product\/goldenmix-palsam-75ml\/","title":{"rendered":"Goldenmix must palsam 150ml"},"content":{"rendered":"<p><span data-sheets-root=\"1\" data-sheets-value=\"{&quot;1&quot;:2,&quot;2&quot;:&quot;Goldenmix k\u00f5rgekvaliteediline must nahktootepalsam on m\u00f5eldud musta v\u00e4rvi nahktoodetele.\\nPalsam puhastab, pehmendab, l\u00e4igestab ja kaitseb nahka. Sobib igat sorti siledapinnalisele nahale (k.a kunstnahk).\\nEfektiivne kaitse t\u00e4navasoola vastu, muutes naha niiskuskindlaks ja pikendades naha eluiga.\\nGoldenmix palsamid sisaldavad looduslikke komponente nagu meevaha, lanoliin ja \u00f5li. Palsam ei sisalda vedeldajaid ega teisi keemilisi \u00fchendeid. S\u00e4ilivusaeg ei ole piiratud.\\nTootega tuleb kaasa pealekandmisvahend.&quot;}\" data-sheets-userformat=\"{&quot;2&quot;:513,&quot;3&quot;:{&quot;1&quot;:0},&quot;12&quot;:0}\">Goldenmix high-quality black leather product conditioner is designed for black leather products.<br \/>\nPalsam puhastab, pehmendab, l\u00e4igestab ja kaitseb nahka. Sobib igat sorti siledapinnalisele nahale (k.a kunstnahk).<br \/>\nEfektiivne kaitse t\u00e4navasoola vastu, muutes naha niiskuskindlaks ja pikendades naha eluiga.<br \/>\n<\/span><\/p>\n<p><span data-sheets-root=\"1\" data-sheets-value=\"{&quot;1&quot;:2,&quot;2&quot;:&quot;Goldenmix k\u00f5rgekvaliteediline must nahktootepalsam on m\u00f5eldud musta v\u00e4rvi nahktoodetele.\\nPalsam puhastab, pehmendab, l\u00e4igestab ja kaitseb nahka. Sobib igat sorti siledapinnalisele nahale (k.a kunstnahk).\\nEfektiivne kaitse t\u00e4navasoola vastu, muutes naha niiskuskindlaks ja pikendades naha eluiga.\\nGoldenmix palsamid sisaldavad looduslikke komponente nagu meevaha, lanoliin ja \u00f5li. Palsam ei sisalda vedeldajaid ega teisi keemilisi \u00fchendeid. S\u00e4ilivusaeg ei ole piiratud.\\nTootega tuleb kaasa pealekandmisvahend.&quot;}\" data-sheets-userformat=\"{&quot;2&quot;:513,&quot;3&quot;:{&quot;1&quot;:0},&quot;12&quot;:0}\">Goldenmix palsamid sisaldavad looduslikke komponente nagu meevaha, lanoliin ja \u00f5li. Palsam ei sisalda vedeldajaid ega teisi keemilisi \u00fchendeid. <\/span><\/p>\n<p><span data-sheets-root=\"1\" data-sheets-value=\"{&quot;1&quot;:2,&quot;2&quot;:&quot;Goldenmix k\u00f5rgekvaliteediline must nahktootepalsam on m\u00f5eldud musta v\u00e4rvi nahktoodetele.\\nPalsam puhastab, pehmendab, l\u00e4igestab ja kaitseb nahka. Sobib igat sorti siledapinnalisele nahale (k.a kunstnahk).\\nEfektiivne kaitse t\u00e4navasoola vastu, muutes naha niiskuskindlaks ja pikendades naha eluiga.\\nGoldenmix palsamid sisaldavad looduslikke komponente nagu meevaha, lanoliin ja \u00f5li. Palsam ei sisalda vedeldajaid ega teisi keemilisi \u00fchendeid. S\u00e4ilivusaeg ei ole piiratud.\\nTootega tuleb kaasa pealekandmisvahend.&quot;}\" data-sheets-userformat=\"{&quot;2&quot;:513,&quot;3&quot;:{&quot;1&quot;:0},&quot;12&quot;:0}\">S\u00e4ilivusaeg ei ole piiratud.<br \/>\n<\/span><\/p>\n<p><span data-sheets-root=\"1\" data-sheets-value=\"{&quot;1&quot;:2,&quot;2&quot;:&quot;Goldenmix k\u00f5rgekvaliteediline must nahktootepalsam on m\u00f5eldud musta v\u00e4rvi nahktoodetele.\\nPalsam puhastab, pehmendab, l\u00e4igestab ja kaitseb nahka. Sobib igat sorti siledapinnalisele nahale (k.a kunstnahk).\\nEfektiivne kaitse t\u00e4navasoola vastu, muutes naha niiskuskindlaks ja pikendades naha eluiga.\\nGoldenmix palsamid sisaldavad looduslikke komponente nagu meevaha, lanoliin ja \u00f5li. Palsam ei sisalda vedeldajaid ega teisi keemilisi \u00fchendeid. S\u00e4ilivusaeg ei ole piiratud.\\nTootega tuleb kaasa pealekandmisvahend.&quot;}\" data-sheets-userformat=\"{&quot;2&quot;:513,&quot;3&quot;:{&quot;1&quot;:0},&quot;12&quot;:0}\">The product comes with an applicator.<\/span><\/p>","protected":false},"excerpt":{"rendered":"<p><span data-sheets-root=\"1\" data-sheets-value=\"{&quot;1&quot;:2,&quot;2&quot;:&quot;Goldenmix k\u00f5rgekvaliteediline must nahktootepalsam on m\u00f5eldud musta v\u00e4rvi nahktoodetele.\\nPalsam puhastab, pehmendab, l\u00e4igestab ja kaitseb nahka. Sobib igat sorti siledapinnalisele nahale (k.a kunstnahk).\\nEfektiivne kaitse t\u00e4navasoola vastu, muutes naha niiskuskindlaks ja pikendades naha eluiga.\\nGoldenmix palsamid sisaldavad minimaalselt 12% mesilasvaha.\\nTootega tuleb kaasa pealekandmisvahend.&quot;}\" data-sheets-userformat=\"{&quot;2&quot;:513,&quot;3&quot;:{&quot;1&quot;:0},&quot;12&quot;:0}\">Goldenmix k\u00f5rgekvaliteediline must nahktootepalsam<\/span><\/p>","protected":false},"featured_media":9284,"comment_status":"open","ping_status":"closed","template":"","meta":{"_monsterinsights_skip_tracking":false,"_monsterinsights_sitenote_active":false,"_monsterinsights_sitenote_note":"","_monsterinsights_sitenote_category":0,"neve_meta_sidebar":"","neve_meta_container":"","neve_meta_enable_content_width":"off","neve_meta_content_width":70,"neve_meta_title_alignment":"","neve_meta_author_avatar":"","neve_post_elements_order":"","neve_meta_disable_header":"","neve_meta_disable_footer":"","neve_meta_disable_title":""},"product_cat":[254],"product_tag":[],"yoast_head":"<!-- This site is optimized with the Yoast SEO plugin v22.4 - https:\/\/yoast.com\/wordpress\/plugins\/seo\/ -->\n<title>Goldenmix must palsam 150ml - Minimalist.ee<\/title>\n<meta name=\"description\" content=\"Paljajalujaltsid, barefoot jalatsid, jalatsid lastele, jalatsid t\u00e4iskasvanutele, kogu pere barefoot jalatsite pood\" \/>\n<meta name=\"robots\" content=\"index, follow, max-snippet:-1, max-image-preview:large, max-video-preview:-1\" \/>\n<link rel=\"canonical\" href=\"https:\/\/minimalist.ee\/en\/product\/goldenmix-palsam-75ml\/\" \/>\n<meta property=\"og:locale\" content=\"en_US\" \/>\n<meta property=\"og:type\" content=\"article\" \/>\n<meta property=\"og:title\" content=\"Goldenmix must palsam 150ml - Minimalist.ee\" \/>\n<meta property=\"og:description\" content=\"Paljajalujaltsid, barefoot jalatsid, jalatsid lastele, jalatsid t\u00e4iskasvanutele, kogu pere barefoot jalatsite pood\" \/>\n<meta property=\"og:url\" content=\"https:\/\/minimalist.ee\/en\/product\/goldenmix-palsam-75ml\/\" \/>\n<meta property=\"og:site_name\" content=\"Minimalist.ee\" \/>\n<meta property=\"article:publisher\" content=\"https:\/\/www.facebook.com\/www.minimalist.ee\" \/>\n<meta property=\"article:modified_time\" content=\"2026-03-30T12:46:37+00:00\" \/>\n<meta property=\"og:image\" content=\"https:\/\/minimalist.ee\/wp-content\/uploads\/2020\/11\/img_2D_0010-scaled-1.jpg\" \/>\n\t<meta property=\"og:image:width\" content=\"2560\" \/>\n\t<meta property=\"og:image:height\" content=\"2560\" \/>\n\t<meta property=\"og:image:type\" content=\"image\/jpeg\" \/>\n<meta name=\"twitter:card\" content=\"summary_large_image\" \/>\n<meta name=\"twitter:label1\" content=\"Est. reading time\" \/>\n\t<meta name=\"twitter:data1\" content=\"1 minute\" \/>\n<script type=\"application\/ld+json\" class=\"yoast-schema-graph\">{\"@context\":\"https:\/\/schema.org\",\"@graph\":[{\"@type\":\"WebPage\",\"@id\":\"https:\/\/minimalist.ee\/toode\/goldenmix-palsam-75ml\/\",\"url\":\"https:\/\/minimalist.ee\/toode\/goldenmix-palsam-75ml\/\",\"name\":\"Goldenmix must palsam 150ml - Minimalist.ee\",\"isPartOf\":{\"@id\":\"https:\/\/minimalist.ee\/#website\"},\"primaryImageOfPage\":{\"@id\":\"https:\/\/minimalist.ee\/toode\/goldenmix-palsam-75ml\/#primaryimage\"},\"image\":{\"@id\":\"https:\/\/minimalist.ee\/toode\/goldenmix-palsam-75ml\/#primaryimage\"},\"thumbnailUrl\":\"https:\/\/minimalist.ee\/wp-content\/uploads\/2020\/11\/img_2D_0010-scaled-1.jpg\",\"datePublished\":\"2023-12-06T15:14:05+00:00\",\"dateModified\":\"2026-03-30T12:46:37+00:00\",\"description\":\"Paljajalujaltsid, barefoot jalatsid, jalatsid lastele, jalatsid t\u00e4iskasvanutele, kogu pere barefoot jalatsite pood\",\"breadcrumb\":{\"@id\":\"https:\/\/minimalist.ee\/toode\/goldenmix-palsam-75ml\/#breadcrumb\"},\"inLanguage\":\"en-US\",\"potentialAction\":[{\"@type\":\"ReadAction\",\"target\":[\"https:\/\/minimalist.ee\/toode\/goldenmix-palsam-75ml\/\"]}]},{\"@type\":\"ImageObject\",\"inLanguage\":\"en-US\",\"@id\":\"https:\/\/minimalist.ee\/toode\/goldenmix-palsam-75ml\/#primaryimage\",\"url\":\"https:\/\/minimalist.ee\/wp-content\/uploads\/2020\/11\/img_2D_0010-scaled-1.jpg\",\"contentUrl\":\"https:\/\/minimalist.ee\/wp-content\/uploads\/2020\/11\/img_2D_0010-scaled-1.jpg\",\"width\":2560,\"height\":2560},{\"@type\":\"BreadcrumbList\",\"@id\":\"https:\/\/minimalist.ee\/toode\/goldenmix-palsam-75ml\/#breadcrumb\",\"itemListElement\":[{\"@type\":\"ListItem\",\"position\":1,\"name\":\"Home\",\"item\":\"https:\/\/minimalist.ee\/\"},{\"@type\":\"ListItem\",\"position\":2,\"name\":\"Pood\",\"item\":\"https:\/\/minimalist.ee\/pood\/\"},{\"@type\":\"ListItem\",\"position\":3,\"name\":\"Goldenmix must palsam 150ml\"}]},{\"@type\":\"WebSite\",\"@id\":\"https:\/\/minimalist.ee\/#website\",\"url\":\"https:\/\/minimalist.ee\/\",\"name\":\"Minimalist.ee\",\"description\":\"Barefoot jalatsid\",\"publisher\":{\"@id\":\"https:\/\/minimalist.ee\/#organization\"},\"potentialAction\":[{\"@type\":\"SearchAction\",\"target\":{\"@type\":\"EntryPoint\",\"urlTemplate\":\"https:\/\/minimalist.ee\/?s={search_term_string}\"},\"query-input\":\"required name=search_term_string\"}],\"inLanguage\":\"en-US\"},{\"@type\":\"Organization\",\"@id\":\"https:\/\/minimalist.ee\/#organization\",\"name\":\"Minimalist Shoes O\u00dc\",\"url\":\"https:\/\/minimalist.ee\/\",\"logo\":{\"@type\":\"ImageObject\",\"inLanguage\":\"en-US\",\"@id\":\"https:\/\/minimalist.ee\/#\/schema\/logo\/image\/\",\"url\":\"https:\/\/minimalist.ee\/wp-content\/uploads\/2020\/10\/Original.png\",\"contentUrl\":\"https:\/\/minimalist.ee\/wp-content\/uploads\/2020\/10\/Original.png\",\"width\":2048,\"height\":2000,\"caption\":\"Minimalist Shoes O\u00dc\"},\"image\":{\"@id\":\"https:\/\/minimalist.ee\/#\/schema\/logo\/image\/\"},\"sameAs\":[\"https:\/\/www.facebook.com\/www.minimalist.ee\",\"https:\/\/www.instagram.com\/minimalistshoesest\/\"]}]}<\/script>\n<!-- \/ Yoast SEO plugin. -->","yoast_head_json":{"title":"Goldenmix must palsam 150ml - Minimalist.ee","description":"Paljajalujaltsid, barefoot jalatsid, jalatsid lastele, jalatsid t\u00e4iskasvanutele, kogu pere barefoot jalatsite pood","robots":{"index":"index","follow":"follow","max-snippet":"max-snippet:-1","max-image-preview":"max-image-preview:large","max-video-preview":"max-video-preview:-1"},"canonical":"https:\/\/minimalist.ee\/en\/product\/goldenmix-palsam-75ml\/","og_locale":"en_US","og_type":"article","og_title":"Goldenmix must palsam 150ml - Minimalist.ee","og_description":"Paljajalujaltsid, barefoot jalatsid, jalatsid lastele, jalatsid t\u00e4iskasvanutele, kogu pere barefoot jalatsite pood","og_url":"https:\/\/minimalist.ee\/en\/product\/goldenmix-palsam-75ml\/","og_site_name":"Minimalist.ee","article_publisher":"https:\/\/www.facebook.com\/www.minimalist.ee","article_modified_time":"2026-03-30T12:46:37+00:00","og_image":[{"width":2560,"height":2560,"url":"https:\/\/minimalist.ee\/wp-content\/uploads\/2020\/11\/img_2D_0010-scaled-1.jpg","type":"image\/jpeg"}],"twitter_card":"summary_large_image","twitter_misc":{"Est. reading time":"1 minute"},"schema":{"@context":"https:\/\/schema.org","@graph":[{"@type":"WebPage","@id":"https:\/\/minimalist.ee\/toode\/goldenmix-palsam-75ml\/","url":"https:\/\/minimalist.ee\/toode\/goldenmix-palsam-75ml\/","name":"Goldenmix must palsam 150ml - Minimalist.ee","isPartOf":{"@id":"https:\/\/minimalist.ee\/#website"},"primaryImageOfPage":{"@id":"https:\/\/minimalist.ee\/toode\/goldenmix-palsam-75ml\/#primaryimage"},"image":{"@id":"https:\/\/minimalist.ee\/toode\/goldenmix-palsam-75ml\/#primaryimage"},"thumbnailUrl":"https:\/\/minimalist.ee\/wp-content\/uploads\/2020\/11\/img_2D_0010-scaled-1.jpg","datePublished":"2023-12-06T15:14:05+00:00","dateModified":"2026-03-30T12:46:37+00:00","description":"Paljajalujaltsid, barefoot jalatsid, jalatsid lastele, jalatsid t\u00e4iskasvanutele, kogu pere barefoot jalatsite pood","breadcrumb":{"@id":"https:\/\/minimalist.ee\/toode\/goldenmix-palsam-75ml\/#breadcrumb"},"inLanguage":"en-US","potentialAction":[{"@type":"ReadAction","target":["https:\/\/minimalist.ee\/toode\/goldenmix-palsam-75ml\/"]}]},{"@type":"ImageObject","inLanguage":"en-US","@id":"https:\/\/minimalist.ee\/toode\/goldenmix-palsam-75ml\/#primaryimage","url":"https:\/\/minimalist.ee\/wp-content\/uploads\/2020\/11\/img_2D_0010-scaled-1.jpg","contentUrl":"https:\/\/minimalist.ee\/wp-content\/uploads\/2020\/11\/img_2D_0010-scaled-1.jpg","width":2560,"height":2560},{"@type":"BreadcrumbList","@id":"https:\/\/minimalist.ee\/toode\/goldenmix-palsam-75ml\/#breadcrumb","itemListElement":[{"@type":"ListItem","position":1,"name":"Home","item":"https:\/\/minimalist.ee\/"},{"@type":"ListItem","position":2,"name":"Pood","item":"https:\/\/minimalist.ee\/pood\/"},{"@type":"ListItem","position":3,"name":"Goldenmix must palsam 150ml"}]},{"@type":"WebSite","@id":"https:\/\/minimalist.ee\/#website","url":"https:\/\/minimalist.ee\/","name":"Minimalist.ee","description":"Barefoot jalatsid","publisher":{"@id":"https:\/\/minimalist.ee\/#organization"},"potentialAction":[{"@type":"SearchAction","target":{"@type":"EntryPoint","urlTemplate":"https:\/\/minimalist.ee\/?s={search_term_string}"},"query-input":"required name=search_term_string"}],"inLanguage":"en-US"},{"@type":"Organization","@id":"https:\/\/minimalist.ee\/#organization","name":"Minimalist Shoes O\u00dc","url":"https:\/\/minimalist.ee\/","logo":{"@type":"ImageObject","inLanguage":"en-US","@id":"https:\/\/minimalist.ee\/#\/schema\/logo\/image\/","url":"https:\/\/minimalist.ee\/wp-content\/uploads\/2020\/10\/Original.png","contentUrl":"https:\/\/minimalist.ee\/wp-content\/uploads\/2020\/10\/Original.png","width":2048,"height":2000,"caption":"Minimalist Shoes O\u00dc"},"image":{"@id":"https:\/\/minimalist.ee\/#\/schema\/logo\/image\/"},"sameAs":["https:\/\/www.facebook.com\/www.minimalist.ee","https:\/\/www.instagram.com\/minimalistshoesest\/"]}]}},"jetpack_sharing_enabled":true,"_links":{"self":[{"href":"https:\/\/minimalist.ee\/en\/wp-json\/wp\/v2\/product\/15060"}],"collection":[{"href":"https:\/\/minimalist.ee\/en\/wp-json\/wp\/v2\/product"}],"about":[{"href":"https:\/\/minimalist.ee\/en\/wp-json\/wp\/v2\/types\/product"}],"replies":[{"embeddable":true,"href":"https:\/\/minimalist.ee\/en\/wp-json\/wp\/v2\/comments?post=15060"}],"wp:featuredmedia":[{"embeddable":true,"href":"https:\/\/minimalist.ee\/en\/wp-json\/wp\/v2\/media\/9284"}],"wp:attachment":[{"href":"https:\/\/minimalist.ee\/en\/wp-json\/wp\/v2\/media?parent=15060"}],"wp:term":[{"taxonomy":"product_cat","embeddable":true,"href":"https:\/\/minimalist.ee\/en\/wp-json\/wp\/v2\/product_cat?post=15060"},{"taxonomy":"product_tag","embeddable":true,"href":"https:\/\/minimalist.ee\/en\/wp-json\/wp\/v2\/product_tag?post=15060"}],"curies":[{"name":"wp","href":"https:\/\/api.w.org\/{rel}","templated":true}]}}