{"id":15024,"date":"2023-11-29T13:56:21","date_gmt":"2023-11-29T13:56:21","guid":{"rendered":"https:\/\/minimalist.ee\/?post_type=product&#038;p=15024"},"modified":"2024-08-26T17:44:52","modified_gmt":"2024-08-26T17:44:52","slug":"3f-voimlemissussid","status":"publish","type":"product","link":"https:\/\/minimalist.ee\/en\/product\/3f-voimlemissussid\/","title":{"rendered":"3F V\u00f5imlemissussid"},"content":{"rendered":"<p><span data-sheets-root=\"1\" data-sheets-value=\"{&quot;1&quot;:2,&quot;2&quot;:&quot;3F v\u00f5imlemissussid on valmistatud kunstnahast, tald \u00f5hukesest vastupidavast kummist. Pealisele on \u00f5mmeldud \u00fcmberringi kumm, mis hoiab susse kindlalt jalas. Sobivad keskmisele jalale.\\n\\nPealmine osa: kunstnahk\\nVooder ja sisetald: tekstiil\\nTald: kumm\\nValmistatud Poolas&quot;}\" data-sheets-userformat=\"{&quot;2&quot;:513,&quot;3&quot;:{&quot;1&quot;:0},&quot;12&quot;:0}\">3F v\u00f5imlemissussid on valmistatud kunstnahast, tald \u00f5hukesest vastupidavast kummist. Pealisele on \u00f5mmeldud \u00fcmberringi kumm, mis hoiab susse kindlalt jalas. Sobivad keskmisele jalale.<\/span><\/p>\n<p>Pealmine osa: kunstnahk<br \/>\nLining and insole: textile<br \/>\nSole: rubber<br \/>\nMade in Poland<\/p>\n<p>Dimensions of the minimalist:<\/p>\n<table dir=\"ltr\" style=\"height: 136px;\" border=\"1\" width=\"177\" cellspacing=\"0\" cellpadding=\"0\" data-sheets-root=\"1\">\n<colgroup>\n<col width=\"100\" \/>\n<col width=\"100\" \/>\n<col width=\"100\" \/><\/colgroup>\n<tbody>\n<tr>\n<td style=\"text-align: center;\" data-sheets-value=\"{&quot;1&quot;:2,&quot;2&quot;:&quot;Suurus&quot;}\"><strong>Size<\/strong><\/td>\n<td style=\"text-align: center;\" data-sheets-value=\"{&quot;1&quot;:2,&quot;2&quot;:&quot;Sisepikkus&quot;}\"><strong>\u00a0Inside length\u00a0<\/strong><\/td>\n<td style=\"text-align: center;\" data-sheets-value=\"{&quot;1&quot;:2,&quot;2&quot;:&quot;Laius&quot;}\"><strong>Width<\/strong><\/td>\n<\/tr>\n<tr>\n<td style=\"text-align: center;\" data-sheets-value=\"{&quot;1&quot;:3,&quot;3&quot;:30}\"><strong>30<\/strong><\/td>\n<td style=\"text-align: center;\" data-sheets-value=\"{&quot;1&quot;:3,&quot;3&quot;:19.4}\">19.4<\/td>\n<td style=\"text-align: center;\" data-sheets-value=\"{&quot;1&quot;:3,&quot;3&quot;:7.5}\">7.5<\/td>\n<\/tr>\n<tr>\n<td style=\"text-align: center;\" data-sheets-value=\"{&quot;1&quot;:3,&quot;3&quot;:31}\"><strong>31<\/strong><\/td>\n<td style=\"text-align: center;\" data-sheets-value=\"{&quot;1&quot;:3,&quot;3&quot;:19.8}\">19.8<\/td>\n<td style=\"text-align: center;\" data-sheets-value=\"{&quot;1&quot;:3,&quot;3&quot;:7.7}\">7.7<\/td>\n<\/tr>\n<tr>\n<td style=\"text-align: center;\" data-sheets-value=\"{&quot;1&quot;:3,&quot;3&quot;:32}\"><strong>32<\/strong><\/td>\n<td style=\"text-align: center;\" data-sheets-value=\"{&quot;1&quot;:3,&quot;3&quot;:20.4}\">20.4<\/td>\n<td style=\"text-align: center;\" data-sheets-value=\"{&quot;1&quot;:3,&quot;3&quot;:8}\">8<\/td>\n<\/tr>\n<tr>\n<td style=\"text-align: center;\" data-sheets-value=\"{&quot;1&quot;:3,&quot;3&quot;:33}\"><strong>33<\/strong><\/td>\n<td style=\"text-align: center;\" data-sheets-value=\"{&quot;1&quot;:3,&quot;3&quot;:21.6}\">21.6<\/td>\n<td style=\"text-align: center;\" data-sheets-value=\"{&quot;1&quot;:3,&quot;3&quot;:8.2}\">8.2<\/td>\n<\/tr>\n<\/tbody>\n<\/table>\n<p>&nbsp;<\/p>","protected":false},"excerpt":{"rendered":"<p><span data-sheets-root=\"1\" data-sheets-value=\"{&quot;1&quot;:2,&quot;2&quot;:&quot;3F v\u00f5imlemissussid on valmistatud kunstnahast, tald \u00f5hukesest vastupidavast kummist. Pealisele on \u00f5mmeldud \u00fcmberringi kumm, mis hoiab susse kindlalt jalas. Sobivad keskmisele jalale.\\n\\nPealmine osa: kunstnahk\\nVooder ja sisetald: tekstiil\\nTald: kumm\\nValmistatud Poolas&quot;}\" data-sheets-userformat=\"{&quot;2&quot;:513,&quot;3&quot;:{&quot;1&quot;:0},&quot;12&quot;:0}\">Kunstnahast v\u00f5imlemissussid.<\/span><\/p>","protected":false},"featured_media":15036,"comment_status":"open","ping_status":"closed","template":"","meta":{"_monsterinsights_skip_tracking":false,"_monsterinsights_sitenote_active":false,"_monsterinsights_sitenote_note":"","_monsterinsights_sitenote_category":0,"neve_meta_sidebar":"","neve_meta_container":"","neve_meta_enable_content_width":"off","neve_meta_content_width":70,"neve_meta_title_alignment":"","neve_meta_author_avatar":"","neve_post_elements_order":"","neve_meta_disable_header":"","neve_meta_disable_footer":"","neve_meta_disable_title":""},"product_cat":[70,20],"product_tag":[],"yoast_head":"<!-- This site is optimized with the Yoast SEO plugin v22.4 - https:\/\/yoast.com\/wordpress\/plugins\/seo\/ -->\n<title>3F V\u00f5imlemissussid - Minimalist.ee<\/title>\n<meta name=\"description\" content=\"Paljajalujaltsid, barefoot jalatsid, jalatsid lastele, jalatsid t\u00e4iskasvanutele, kogu pere barefoot jalatsite pood\" \/>\n<meta name=\"robots\" content=\"index, follow, max-snippet:-1, max-image-preview:large, max-video-preview:-1\" \/>\n<link rel=\"canonical\" href=\"https:\/\/minimalist.ee\/en\/product\/3f-voimlemissussid\/\" \/>\n<meta property=\"og:locale\" content=\"en_US\" \/>\n<meta property=\"og:type\" content=\"article\" \/>\n<meta property=\"og:title\" content=\"3F V\u00f5imlemissussid - Minimalist.ee\" \/>\n<meta property=\"og:description\" content=\"Paljajalujaltsid, barefoot jalatsid, jalatsid lastele, jalatsid t\u00e4iskasvanutele, kogu pere barefoot jalatsite pood\" \/>\n<meta property=\"og:url\" content=\"https:\/\/minimalist.ee\/en\/product\/3f-voimlemissussid\/\" \/>\n<meta property=\"og:site_name\" content=\"Minimalist.ee\" \/>\n<meta property=\"article:publisher\" content=\"https:\/\/www.facebook.com\/www.minimalist.ee\" \/>\n<meta property=\"article:modified_time\" content=\"2024-08-26T17:44:52+00:00\" \/>\n<meta property=\"og:image\" content=\"https:\/\/minimalist.ee\/wp-content\/uploads\/2023\/11\/7257_3ba1-3.jpg\" \/>\n\t<meta property=\"og:image:width\" content=\"1024\" \/>\n\t<meta property=\"og:image:height\" content=\"768\" \/>\n\t<meta property=\"og:image:type\" content=\"image\/jpeg\" \/>\n<meta name=\"twitter:card\" content=\"summary_large_image\" \/>\n<meta name=\"twitter:label1\" content=\"Est. reading time\" \/>\n\t<meta name=\"twitter:data1\" content=\"1 minute\" \/>\n<script type=\"application\/ld+json\" class=\"yoast-schema-graph\">{\"@context\":\"https:\/\/schema.org\",\"@graph\":[{\"@type\":\"WebPage\",\"@id\":\"https:\/\/minimalist.ee\/toode\/3f-voimlemissussid\/\",\"url\":\"https:\/\/minimalist.ee\/toode\/3f-voimlemissussid\/\",\"name\":\"3F V\u00f5imlemissussid - Minimalist.ee\",\"isPartOf\":{\"@id\":\"https:\/\/minimalist.ee\/#website\"},\"primaryImageOfPage\":{\"@id\":\"https:\/\/minimalist.ee\/toode\/3f-voimlemissussid\/#primaryimage\"},\"image\":{\"@id\":\"https:\/\/minimalist.ee\/toode\/3f-voimlemissussid\/#primaryimage\"},\"thumbnailUrl\":\"https:\/\/minimalist.ee\/wp-content\/uploads\/2023\/11\/7257_3ba1-3.jpg\",\"datePublished\":\"2023-11-29T13:56:21+00:00\",\"dateModified\":\"2024-08-26T17:44:52+00:00\",\"description\":\"Paljajalujaltsid, barefoot jalatsid, jalatsid lastele, jalatsid t\u00e4iskasvanutele, kogu pere barefoot jalatsite pood\",\"breadcrumb\":{\"@id\":\"https:\/\/minimalist.ee\/toode\/3f-voimlemissussid\/#breadcrumb\"},\"inLanguage\":\"en-US\",\"potentialAction\":[{\"@type\":\"ReadAction\",\"target\":[\"https:\/\/minimalist.ee\/toode\/3f-voimlemissussid\/\"]}]},{\"@type\":\"ImageObject\",\"inLanguage\":\"en-US\",\"@id\":\"https:\/\/minimalist.ee\/toode\/3f-voimlemissussid\/#primaryimage\",\"url\":\"https:\/\/minimalist.ee\/wp-content\/uploads\/2023\/11\/7257_3ba1-3.jpg\",\"contentUrl\":\"https:\/\/minimalist.ee\/wp-content\/uploads\/2023\/11\/7257_3ba1-3.jpg\",\"width\":1024,\"height\":768},{\"@type\":\"BreadcrumbList\",\"@id\":\"https:\/\/minimalist.ee\/toode\/3f-voimlemissussid\/#breadcrumb\",\"itemListElement\":[{\"@type\":\"ListItem\",\"position\":1,\"name\":\"Home\",\"item\":\"https:\/\/minimalist.ee\/\"},{\"@type\":\"ListItem\",\"position\":2,\"name\":\"Pood\",\"item\":\"https:\/\/minimalist.ee\/pood\/\"},{\"@type\":\"ListItem\",\"position\":3,\"name\":\"3F V\u00f5imlemissussid\"}]},{\"@type\":\"WebSite\",\"@id\":\"https:\/\/minimalist.ee\/#website\",\"url\":\"https:\/\/minimalist.ee\/\",\"name\":\"Minimalist.ee\",\"description\":\"Barefoot jalatsid\",\"publisher\":{\"@id\":\"https:\/\/minimalist.ee\/#organization\"},\"potentialAction\":[{\"@type\":\"SearchAction\",\"target\":{\"@type\":\"EntryPoint\",\"urlTemplate\":\"https:\/\/minimalist.ee\/?s={search_term_string}\"},\"query-input\":\"required name=search_term_string\"}],\"inLanguage\":\"en-US\"},{\"@type\":\"Organization\",\"@id\":\"https:\/\/minimalist.ee\/#organization\",\"name\":\"Minimalist Shoes O\u00dc\",\"url\":\"https:\/\/minimalist.ee\/\",\"logo\":{\"@type\":\"ImageObject\",\"inLanguage\":\"en-US\",\"@id\":\"https:\/\/minimalist.ee\/#\/schema\/logo\/image\/\",\"url\":\"https:\/\/minimalist.ee\/wp-content\/uploads\/2020\/10\/Original.png\",\"contentUrl\":\"https:\/\/minimalist.ee\/wp-content\/uploads\/2020\/10\/Original.png\",\"width\":2048,\"height\":2000,\"caption\":\"Minimalist Shoes O\u00dc\"},\"image\":{\"@id\":\"https:\/\/minimalist.ee\/#\/schema\/logo\/image\/\"},\"sameAs\":[\"https:\/\/www.facebook.com\/www.minimalist.ee\",\"https:\/\/www.instagram.com\/minimalistshoesest\/\"]}]}<\/script>\n<!-- \/ Yoast SEO plugin. -->","yoast_head_json":{"title":"3F V\u00f5imlemissussid - Minimalist.ee","description":"Paljajalujaltsid, barefoot jalatsid, jalatsid lastele, jalatsid t\u00e4iskasvanutele, kogu pere barefoot jalatsite pood","robots":{"index":"index","follow":"follow","max-snippet":"max-snippet:-1","max-image-preview":"max-image-preview:large","max-video-preview":"max-video-preview:-1"},"canonical":"https:\/\/minimalist.ee\/en\/product\/3f-voimlemissussid\/","og_locale":"en_US","og_type":"article","og_title":"3F V\u00f5imlemissussid - Minimalist.ee","og_description":"Paljajalujaltsid, barefoot jalatsid, jalatsid lastele, jalatsid t\u00e4iskasvanutele, kogu pere barefoot jalatsite pood","og_url":"https:\/\/minimalist.ee\/en\/product\/3f-voimlemissussid\/","og_site_name":"Minimalist.ee","article_publisher":"https:\/\/www.facebook.com\/www.minimalist.ee","article_modified_time":"2024-08-26T17:44:52+00:00","og_image":[{"width":1024,"height":768,"url":"https:\/\/minimalist.ee\/wp-content\/uploads\/2023\/11\/7257_3ba1-3.jpg","type":"image\/jpeg"}],"twitter_card":"summary_large_image","twitter_misc":{"Est. reading time":"1 minute"},"schema":{"@context":"https:\/\/schema.org","@graph":[{"@type":"WebPage","@id":"https:\/\/minimalist.ee\/toode\/3f-voimlemissussid\/","url":"https:\/\/minimalist.ee\/toode\/3f-voimlemissussid\/","name":"3F V\u00f5imlemissussid - Minimalist.ee","isPartOf":{"@id":"https:\/\/minimalist.ee\/#website"},"primaryImageOfPage":{"@id":"https:\/\/minimalist.ee\/toode\/3f-voimlemissussid\/#primaryimage"},"image":{"@id":"https:\/\/minimalist.ee\/toode\/3f-voimlemissussid\/#primaryimage"},"thumbnailUrl":"https:\/\/minimalist.ee\/wp-content\/uploads\/2023\/11\/7257_3ba1-3.jpg","datePublished":"2023-11-29T13:56:21+00:00","dateModified":"2024-08-26T17:44:52+00:00","description":"Paljajalujaltsid, barefoot jalatsid, jalatsid lastele, jalatsid t\u00e4iskasvanutele, kogu pere barefoot jalatsite pood","breadcrumb":{"@id":"https:\/\/minimalist.ee\/toode\/3f-voimlemissussid\/#breadcrumb"},"inLanguage":"en-US","potentialAction":[{"@type":"ReadAction","target":["https:\/\/minimalist.ee\/toode\/3f-voimlemissussid\/"]}]},{"@type":"ImageObject","inLanguage":"en-US","@id":"https:\/\/minimalist.ee\/toode\/3f-voimlemissussid\/#primaryimage","url":"https:\/\/minimalist.ee\/wp-content\/uploads\/2023\/11\/7257_3ba1-3.jpg","contentUrl":"https:\/\/minimalist.ee\/wp-content\/uploads\/2023\/11\/7257_3ba1-3.jpg","width":1024,"height":768},{"@type":"BreadcrumbList","@id":"https:\/\/minimalist.ee\/toode\/3f-voimlemissussid\/#breadcrumb","itemListElement":[{"@type":"ListItem","position":1,"name":"Home","item":"https:\/\/minimalist.ee\/"},{"@type":"ListItem","position":2,"name":"Pood","item":"https:\/\/minimalist.ee\/pood\/"},{"@type":"ListItem","position":3,"name":"3F V\u00f5imlemissussid"}]},{"@type":"WebSite","@id":"https:\/\/minimalist.ee\/#website","url":"https:\/\/minimalist.ee\/","name":"Minimalist.ee","description":"Barefoot jalatsid","publisher":{"@id":"https:\/\/minimalist.ee\/#organization"},"potentialAction":[{"@type":"SearchAction","target":{"@type":"EntryPoint","urlTemplate":"https:\/\/minimalist.ee\/?s={search_term_string}"},"query-input":"required name=search_term_string"}],"inLanguage":"en-US"},{"@type":"Organization","@id":"https:\/\/minimalist.ee\/#organization","name":"Minimalist Shoes O\u00dc","url":"https:\/\/minimalist.ee\/","logo":{"@type":"ImageObject","inLanguage":"en-US","@id":"https:\/\/minimalist.ee\/#\/schema\/logo\/image\/","url":"https:\/\/minimalist.ee\/wp-content\/uploads\/2020\/10\/Original.png","contentUrl":"https:\/\/minimalist.ee\/wp-content\/uploads\/2020\/10\/Original.png","width":2048,"height":2000,"caption":"Minimalist Shoes O\u00dc"},"image":{"@id":"https:\/\/minimalist.ee\/#\/schema\/logo\/image\/"},"sameAs":["https:\/\/www.facebook.com\/www.minimalist.ee","https:\/\/www.instagram.com\/minimalistshoesest\/"]}]}},"jetpack_sharing_enabled":true,"_links":{"self":[{"href":"https:\/\/minimalist.ee\/en\/wp-json\/wp\/v2\/product\/15024"}],"collection":[{"href":"https:\/\/minimalist.ee\/en\/wp-json\/wp\/v2\/product"}],"about":[{"href":"https:\/\/minimalist.ee\/en\/wp-json\/wp\/v2\/types\/product"}],"replies":[{"embeddable":true,"href":"https:\/\/minimalist.ee\/en\/wp-json\/wp\/v2\/comments?post=15024"}],"wp:featuredmedia":[{"embeddable":true,"href":"https:\/\/minimalist.ee\/en\/wp-json\/wp\/v2\/media\/15036"}],"wp:attachment":[{"href":"https:\/\/minimalist.ee\/en\/wp-json\/wp\/v2\/media?parent=15024"}],"wp:term":[{"taxonomy":"product_cat","embeddable":true,"href":"https:\/\/minimalist.ee\/en\/wp-json\/wp\/v2\/product_cat?post=15024"},{"taxonomy":"product_tag","embeddable":true,"href":"https:\/\/minimalist.ee\/en\/wp-json\/wp\/v2\/product_tag?post=15024"}],"curies":[{"name":"wp","href":"https:\/\/api.w.org\/{rel}","templated":true}]}}