{"id":14665,"date":"2023-10-22T23:33:46","date_gmt":"2023-10-22T23:33:46","guid":{"rendered":"https:\/\/minimalist.ee\/?post_type=product&#038;p=14665"},"modified":"2024-11-22T09:27:54","modified_gmt":"2024-11-22T09:27:54","slug":"shapen-urbaneer","status":"publish","type":"product","link":"https:\/\/minimalist.ee\/en\/product\/shapen-urbaneer\/","title":{"rendered":"Shapen Urbaneer"},"content":{"rendered":"<p><span data-sheets-value=\"{&quot;1&quot;:2,&quot;2&quot;:&quot;Stiilsed nubuknahast unisex saapad.\\n\\nShapen Urbaneer saapad on valmistatud kvaliteetsest vetth\u00fclgavast nubuknahast. Saabastel on kohev villane vooder ja libisemisvastane kummitald. V\u00e4listald on 3.5mm pkasune, k\u00fclge \u00f5mmeldud, valmistatud h\u00e4sti painduvast ja vastupidavast kummist. Sisetald on villane, ei ole eemaldatav. Sobivad keskmisele ja laiemale ning k\u00f5rgemale jalale.\\nKinnitus: paelad\\nPealmine osa: nubuknahk\\nVooder: villane\\nSisetald: villane, ei ole eemaldatav\\nTald: libisemisvastane kumm 3.5 mm + 2 mm tallamuster\\nValmistatud Euroopas&quot;}\" data-sheets-userformat=\"{&quot;2&quot;:513,&quot;3&quot;:{&quot;1&quot;:0},&quot;12&quot;:0}\">Shapen Urbaneer saapad on valmistatud kvaliteetsest vetth\u00fclgavast nubuknahast. Saabastel on kohev villane vooder ja libisemisvastane kummitald. V\u00e4listald on 3.5mm pkasune, k\u00fclge \u00f5mmeldud, valmistatud h\u00e4sti painduvast ja vastupidavast kummist. Sisetald on villane, ei ole eemaldatav. Sobivad keskmisele ja laiemale ning k\u00f5rgemale jalale.<br \/>\n<\/span><\/p>\n<p><span data-sheets-value=\"{&quot;1&quot;:2,&quot;2&quot;:&quot;Stiilsed nubuknahast unisex saapad.\\n\\nShapen Urbaneer saapad on valmistatud kvaliteetsest vetth\u00fclgavast nubuknahast. Saabastel on kohev villane vooder ja libisemisvastane kummitald. V\u00e4listald on 3.5mm pkasune, k\u00fclge \u00f5mmeldud, valmistatud h\u00e4sti painduvast ja vastupidavast kummist. Sisetald on villane, ei ole eemaldatav. Sobivad keskmisele ja laiemale ning k\u00f5rgemale jalale.\\nKinnitus: paelad\\nPealmine osa: nubuknahk\\nVooder: villane\\nSisetald: villane, ei ole eemaldatav\\nTald: libisemisvastane kumm 3.5 mm + 2 mm tallamuster\\nValmistatud Euroopas&quot;}\" data-sheets-userformat=\"{&quot;2&quot;:513,&quot;3&quot;:{&quot;1&quot;:0},&quot;12&quot;:0}\">Fastening: laces<br \/>\nUpper: Nubuck leather<br \/>\nVooder: villane<br \/>\nSisetald: villane, ei ole eemaldatav<br \/>\nTald: libisemisvastane kumm 3.5 mm + 2 mm tallamuster<br \/>\n<\/span><\/p>\n<p><span data-sheets-value=\"{&quot;1&quot;:2,&quot;2&quot;:&quot;Stiilsed nubuknahast unisex saapad.\\n\\nShapen Urbaneer saapad on valmistatud kvaliteetsest vetth\u00fclgavast nubuknahast. Saabastel on kohev villane vooder ja libisemisvastane kummitald. V\u00e4listald on 3.5mm pkasune, k\u00fclge \u00f5mmeldud, valmistatud h\u00e4sti painduvast ja vastupidavast kummist. Sisetald on villane, ei ole eemaldatav. Sobivad keskmisele ja laiemale ning k\u00f5rgemale jalale.\\nKinnitus: paelad\\nPealmine osa: nubuknahk\\nVooder: villane\\nSisetald: villane, ei ole eemaldatav\\nTald: libisemisvastane kumm 3.5 mm + 2 mm tallamuster\\nValmistatud Euroopas&quot;}\" data-sheets-userformat=\"{&quot;2&quot;:513,&quot;3&quot;:{&quot;1&quot;:0},&quot;12&quot;:0}\">Made in Europe<\/span><\/p>\n<p>Minimalisti m\u00f5\u00f5dud Shapen Urbaneer mudelile<\/p>\n<table dir=\"ltr\" border=\"1\" cellspacing=\"0\" cellpadding=\"0\">\n<colgroup>\n<col width=\"58\" \/>\n<col width=\"77\" \/><\/colgroup>\n<tbody>\n<tr>\n<td style=\"text-align: center;\" data-sheets-value=\"{&quot;1&quot;:2,&quot;2&quot;:&quot;Suurus&quot;}\"><strong>Size<\/strong><\/td>\n<td style=\"text-align: center;\" data-sheets-value=\"{&quot;1&quot;:2,&quot;2&quot;:&quot;Sisepikkus&quot;}\"><strong>Inside length<\/strong><\/td>\n<\/tr>\n<tr>\n<td style=\"text-align: center;\" data-sheets-value=\"{&quot;1&quot;:3,&quot;3&quot;:39}\"><strong>39<\/strong><\/td>\n<td style=\"text-align: center;\" data-sheets-value=\"{&quot;1&quot;:3,&quot;3&quot;:25.5}\">25.5<\/td>\n<\/tr>\n<tr>\n<td style=\"text-align: center;\" data-sheets-value=\"{&quot;1&quot;:3,&quot;3&quot;:40}\"><strong>40<\/strong><\/td>\n<td style=\"text-align: center;\" data-sheets-value=\"{&quot;1&quot;:3,&quot;3&quot;:26.2}\">26.2<\/td>\n<\/tr>\n<tr>\n<td style=\"text-align: center;\" data-sheets-value=\"{&quot;1&quot;:3,&quot;3&quot;:41}\"><strong>41<\/strong><\/td>\n<td style=\"text-align: center;\" data-sheets-value=\"{&quot;1&quot;:3,&quot;3&quot;:27}\">27<\/td>\n<\/tr>\n<tr>\n<td style=\"text-align: center;\" data-sheets-value=\"{&quot;1&quot;:3,&quot;3&quot;:42}\"><strong>42<\/strong><\/td>\n<td style=\"text-align: center;\" data-sheets-value=\"{&quot;1&quot;:3,&quot;3&quot;:27.6}\">27.6<\/td>\n<\/tr>\n<tr>\n<td style=\"text-align: center;\" data-sheets-value=\"{&quot;1&quot;:3,&quot;3&quot;:43}\"><strong>43<\/strong><\/td>\n<td style=\"text-align: center;\" data-sheets-value=\"{&quot;1&quot;:2,&quot;2&quot;:&quot;-&quot;}\">&#8211;<\/td>\n<\/tr>\n<\/tbody>\n<\/table>","protected":false},"excerpt":{"rendered":"<p><span data-sheets-value=\"{&quot;1&quot;:2,&quot;2&quot;:&quot;Stiilsed nubuknahast unisex saapad.\\n\\nShapen Urbaneer saapad on valmistatud kvaliteetsest vetth\u00fclgavast nubuknahast. Saabastel on kohev villane vooder ja libisemisvastane kummitald. V\u00e4listald on 3.5mm pkasune, k\u00fclge \u00f5mmeldud, valmistatud h\u00e4sti painduvast ja vastupidavast kummist. Sisetald on villane, ei ole eemaldatav. Sobivad keskmisele ja laiemale ning k\u00f5rgemale jalale.\\nKinnitus: paelad\\nPealmine osa: nubuknahk\\nVooder: villane\\nSisetald: villane, ei ole eemaldatav\\nTald: libisemisvastane kumm 3.5 mm + 2 mm tallamuster\\nValmistatud Euroopas&quot;}\" data-sheets-userformat=\"{&quot;2&quot;:513,&quot;3&quot;:{&quot;1&quot;:0},&quot;12&quot;:0}\">Stiilsed nubuknahast unisex saapad.<br \/>\n<\/span><\/p>","protected":false},"featured_media":14666,"comment_status":"open","ping_status":"closed","template":"","meta":{"_monsterinsights_skip_tracking":false,"_monsterinsights_sitenote_active":false,"_monsterinsights_sitenote_note":"","_monsterinsights_sitenote_category":0,"neve_meta_sidebar":"","neve_meta_container":"","neve_meta_enable_content_width":"off","neve_meta_content_width":70,"neve_meta_title_alignment":"","neve_meta_author_avatar":"","neve_post_elements_order":"","neve_meta_disable_header":"","neve_meta_disable_footer":"","neve_meta_disable_title":""},"product_cat":[31,18],"product_tag":[],"yoast_head":"<!-- This site is optimized with the Yoast SEO plugin v22.4 - https:\/\/yoast.com\/wordpress\/plugins\/seo\/ -->\n<title>Shapen Urbaneer - Minimalist.ee<\/title>\n<meta name=\"description\" content=\"Paljajalujaltsid, barefoot jalatsid, jalatsid lastele, jalatsid t\u00e4iskasvanutele, kogu pere barefoot jalatsite pood\" \/>\n<meta name=\"robots\" content=\"index, follow, max-snippet:-1, max-image-preview:large, max-video-preview:-1\" \/>\n<link rel=\"canonical\" href=\"https:\/\/minimalist.ee\/en\/product\/shapen-urbaneer\/\" \/>\n<meta property=\"og:locale\" content=\"en_US\" \/>\n<meta property=\"og:type\" content=\"article\" \/>\n<meta property=\"og:title\" content=\"Shapen Urbaneer - Minimalist.ee\" \/>\n<meta property=\"og:description\" content=\"Paljajalujaltsid, barefoot jalatsid, jalatsid lastele, jalatsid t\u00e4iskasvanutele, kogu pere barefoot jalatsite pood\" \/>\n<meta property=\"og:url\" content=\"https:\/\/minimalist.ee\/en\/product\/shapen-urbaneer\/\" \/>\n<meta property=\"og:site_name\" content=\"Minimalist.ee\" \/>\n<meta property=\"article:publisher\" content=\"https:\/\/www.facebook.com\/www.minimalist.ee\" \/>\n<meta property=\"article:modified_time\" content=\"2024-11-22T09:27:54+00:00\" \/>\n<meta property=\"og:image\" content=\"https:\/\/minimalist.ee\/wp-content\/uploads\/2023\/10\/1_1-3.jpg\" \/>\n\t<meta property=\"og:image:width\" content=\"450\" \/>\n\t<meta property=\"og:image:height\" content=\"450\" \/>\n\t<meta property=\"og:image:type\" content=\"image\/jpeg\" \/>\n<meta name=\"twitter:card\" content=\"summary_large_image\" \/>\n<meta name=\"twitter:label1\" content=\"Est. reading time\" \/>\n\t<meta name=\"twitter:data1\" content=\"1 minute\" \/>\n<script type=\"application\/ld+json\" class=\"yoast-schema-graph\">{\"@context\":\"https:\/\/schema.org\",\"@graph\":[{\"@type\":\"WebPage\",\"@id\":\"https:\/\/minimalist.ee\/toode\/shapen-urbaneer\/\",\"url\":\"https:\/\/minimalist.ee\/toode\/shapen-urbaneer\/\",\"name\":\"Shapen Urbaneer - Minimalist.ee\",\"isPartOf\":{\"@id\":\"https:\/\/minimalist.ee\/#website\"},\"primaryImageOfPage\":{\"@id\":\"https:\/\/minimalist.ee\/toode\/shapen-urbaneer\/#primaryimage\"},\"image\":{\"@id\":\"https:\/\/minimalist.ee\/toode\/shapen-urbaneer\/#primaryimage\"},\"thumbnailUrl\":\"https:\/\/minimalist.ee\/wp-content\/uploads\/2023\/10\/1_1-3.jpg\",\"datePublished\":\"2023-10-22T23:33:46+00:00\",\"dateModified\":\"2024-11-22T09:27:54+00:00\",\"description\":\"Paljajalujaltsid, barefoot jalatsid, jalatsid lastele, jalatsid t\u00e4iskasvanutele, kogu pere barefoot jalatsite pood\",\"breadcrumb\":{\"@id\":\"https:\/\/minimalist.ee\/toode\/shapen-urbaneer\/#breadcrumb\"},\"inLanguage\":\"en-US\",\"potentialAction\":[{\"@type\":\"ReadAction\",\"target\":[\"https:\/\/minimalist.ee\/toode\/shapen-urbaneer\/\"]}]},{\"@type\":\"ImageObject\",\"inLanguage\":\"en-US\",\"@id\":\"https:\/\/minimalist.ee\/toode\/shapen-urbaneer\/#primaryimage\",\"url\":\"https:\/\/minimalist.ee\/wp-content\/uploads\/2023\/10\/1_1-3.jpg\",\"contentUrl\":\"https:\/\/minimalist.ee\/wp-content\/uploads\/2023\/10\/1_1-3.jpg\",\"width\":450,\"height\":450},{\"@type\":\"BreadcrumbList\",\"@id\":\"https:\/\/minimalist.ee\/toode\/shapen-urbaneer\/#breadcrumb\",\"itemListElement\":[{\"@type\":\"ListItem\",\"position\":1,\"name\":\"Home\",\"item\":\"https:\/\/minimalist.ee\/\"},{\"@type\":\"ListItem\",\"position\":2,\"name\":\"Pood\",\"item\":\"https:\/\/minimalist.ee\/pood\/\"},{\"@type\":\"ListItem\",\"position\":3,\"name\":\"Shapen Urbaneer\"}]},{\"@type\":\"WebSite\",\"@id\":\"https:\/\/minimalist.ee\/#website\",\"url\":\"https:\/\/minimalist.ee\/\",\"name\":\"Minimalist.ee\",\"description\":\"Barefoot jalatsid\",\"publisher\":{\"@id\":\"https:\/\/minimalist.ee\/#organization\"},\"potentialAction\":[{\"@type\":\"SearchAction\",\"target\":{\"@type\":\"EntryPoint\",\"urlTemplate\":\"https:\/\/minimalist.ee\/?s={search_term_string}\"},\"query-input\":\"required name=search_term_string\"}],\"inLanguage\":\"en-US\"},{\"@type\":\"Organization\",\"@id\":\"https:\/\/minimalist.ee\/#organization\",\"name\":\"Minimalist Shoes O\u00dc\",\"url\":\"https:\/\/minimalist.ee\/\",\"logo\":{\"@type\":\"ImageObject\",\"inLanguage\":\"en-US\",\"@id\":\"https:\/\/minimalist.ee\/#\/schema\/logo\/image\/\",\"url\":\"https:\/\/minimalist.ee\/wp-content\/uploads\/2020\/10\/Original.png\",\"contentUrl\":\"https:\/\/minimalist.ee\/wp-content\/uploads\/2020\/10\/Original.png\",\"width\":2048,\"height\":2000,\"caption\":\"Minimalist Shoes O\u00dc\"},\"image\":{\"@id\":\"https:\/\/minimalist.ee\/#\/schema\/logo\/image\/\"},\"sameAs\":[\"https:\/\/www.facebook.com\/www.minimalist.ee\",\"https:\/\/www.instagram.com\/minimalistshoesest\/\"]}]}<\/script>\n<!-- \/ Yoast SEO plugin. -->","yoast_head_json":{"title":"Shapen Urbaneer - Minimalist.ee","description":"Paljajalujaltsid, barefoot jalatsid, jalatsid lastele, jalatsid t\u00e4iskasvanutele, kogu pere barefoot jalatsite pood","robots":{"index":"index","follow":"follow","max-snippet":"max-snippet:-1","max-image-preview":"max-image-preview:large","max-video-preview":"max-video-preview:-1"},"canonical":"https:\/\/minimalist.ee\/en\/product\/shapen-urbaneer\/","og_locale":"en_US","og_type":"article","og_title":"Shapen Urbaneer - Minimalist.ee","og_description":"Paljajalujaltsid, barefoot jalatsid, jalatsid lastele, jalatsid t\u00e4iskasvanutele, kogu pere barefoot jalatsite pood","og_url":"https:\/\/minimalist.ee\/en\/product\/shapen-urbaneer\/","og_site_name":"Minimalist.ee","article_publisher":"https:\/\/www.facebook.com\/www.minimalist.ee","article_modified_time":"2024-11-22T09:27:54+00:00","og_image":[{"width":450,"height":450,"url":"https:\/\/minimalist.ee\/wp-content\/uploads\/2023\/10\/1_1-3.jpg","type":"image\/jpeg"}],"twitter_card":"summary_large_image","twitter_misc":{"Est. reading time":"1 minute"},"schema":{"@context":"https:\/\/schema.org","@graph":[{"@type":"WebPage","@id":"https:\/\/minimalist.ee\/toode\/shapen-urbaneer\/","url":"https:\/\/minimalist.ee\/toode\/shapen-urbaneer\/","name":"Shapen Urbaneer - Minimalist.ee","isPartOf":{"@id":"https:\/\/minimalist.ee\/#website"},"primaryImageOfPage":{"@id":"https:\/\/minimalist.ee\/toode\/shapen-urbaneer\/#primaryimage"},"image":{"@id":"https:\/\/minimalist.ee\/toode\/shapen-urbaneer\/#primaryimage"},"thumbnailUrl":"https:\/\/minimalist.ee\/wp-content\/uploads\/2023\/10\/1_1-3.jpg","datePublished":"2023-10-22T23:33:46+00:00","dateModified":"2024-11-22T09:27:54+00:00","description":"Paljajalujaltsid, barefoot jalatsid, jalatsid lastele, jalatsid t\u00e4iskasvanutele, kogu pere barefoot jalatsite pood","breadcrumb":{"@id":"https:\/\/minimalist.ee\/toode\/shapen-urbaneer\/#breadcrumb"},"inLanguage":"en-US","potentialAction":[{"@type":"ReadAction","target":["https:\/\/minimalist.ee\/toode\/shapen-urbaneer\/"]}]},{"@type":"ImageObject","inLanguage":"en-US","@id":"https:\/\/minimalist.ee\/toode\/shapen-urbaneer\/#primaryimage","url":"https:\/\/minimalist.ee\/wp-content\/uploads\/2023\/10\/1_1-3.jpg","contentUrl":"https:\/\/minimalist.ee\/wp-content\/uploads\/2023\/10\/1_1-3.jpg","width":450,"height":450},{"@type":"BreadcrumbList","@id":"https:\/\/minimalist.ee\/toode\/shapen-urbaneer\/#breadcrumb","itemListElement":[{"@type":"ListItem","position":1,"name":"Home","item":"https:\/\/minimalist.ee\/"},{"@type":"ListItem","position":2,"name":"Pood","item":"https:\/\/minimalist.ee\/pood\/"},{"@type":"ListItem","position":3,"name":"Shapen Urbaneer"}]},{"@type":"WebSite","@id":"https:\/\/minimalist.ee\/#website","url":"https:\/\/minimalist.ee\/","name":"Minimalist.ee","description":"Barefoot jalatsid","publisher":{"@id":"https:\/\/minimalist.ee\/#organization"},"potentialAction":[{"@type":"SearchAction","target":{"@type":"EntryPoint","urlTemplate":"https:\/\/minimalist.ee\/?s={search_term_string}"},"query-input":"required name=search_term_string"}],"inLanguage":"en-US"},{"@type":"Organization","@id":"https:\/\/minimalist.ee\/#organization","name":"Minimalist Shoes O\u00dc","url":"https:\/\/minimalist.ee\/","logo":{"@type":"ImageObject","inLanguage":"en-US","@id":"https:\/\/minimalist.ee\/#\/schema\/logo\/image\/","url":"https:\/\/minimalist.ee\/wp-content\/uploads\/2020\/10\/Original.png","contentUrl":"https:\/\/minimalist.ee\/wp-content\/uploads\/2020\/10\/Original.png","width":2048,"height":2000,"caption":"Minimalist Shoes O\u00dc"},"image":{"@id":"https:\/\/minimalist.ee\/#\/schema\/logo\/image\/"},"sameAs":["https:\/\/www.facebook.com\/www.minimalist.ee","https:\/\/www.instagram.com\/minimalistshoesest\/"]}]}},"jetpack_sharing_enabled":true,"_links":{"self":[{"href":"https:\/\/minimalist.ee\/en\/wp-json\/wp\/v2\/product\/14665"}],"collection":[{"href":"https:\/\/minimalist.ee\/en\/wp-json\/wp\/v2\/product"}],"about":[{"href":"https:\/\/minimalist.ee\/en\/wp-json\/wp\/v2\/types\/product"}],"replies":[{"embeddable":true,"href":"https:\/\/minimalist.ee\/en\/wp-json\/wp\/v2\/comments?post=14665"}],"wp:featuredmedia":[{"embeddable":true,"href":"https:\/\/minimalist.ee\/en\/wp-json\/wp\/v2\/media\/14666"}],"wp:attachment":[{"href":"https:\/\/minimalist.ee\/en\/wp-json\/wp\/v2\/media?parent=14665"}],"wp:term":[{"taxonomy":"product_cat","embeddable":true,"href":"https:\/\/minimalist.ee\/en\/wp-json\/wp\/v2\/product_cat?post=14665"},{"taxonomy":"product_tag","embeddable":true,"href":"https:\/\/minimalist.ee\/en\/wp-json\/wp\/v2\/product_tag?post=14665"}],"curies":[{"name":"wp","href":"https:\/\/api.w.org\/{rel}","templated":true}]}}