{"id":14606,"date":"2023-10-16T13:08:08","date_gmt":"2023-10-16T13:08:08","guid":{"rendered":"https:\/\/minimalist.ee\/?post_type=product&#038;p=14606"},"modified":"2025-12-03T14:39:47","modified_gmt":"2025-12-03T14:39:47","slug":"froddo-tex-laces","status":"publish","type":"product","link":"https:\/\/minimalist.ee\/en\/product\/froddo-tex-laces\/","title":{"rendered":"Froddo Tex Laces"},"content":{"rendered":"<p><span data-sheets-value=\"{&quot;1&quot;:2,&quot;2&quot;:&quot;Froddo Tex Laces talvesaapad on valmistatud siledast nahast, sees on soe lambavillane vooder ja lambavillaga kaetud termosisetald. Saabastel on veekindel membraan. Mugavaks jalgapanekuks on sisek\u00fcljel lukk. Saabastel on s\u00fcgavama mustriga hea nakkuvusega kummitald. Sobivad keskmise laiusega, madalale ja keskmise k\u00f5rgusega jalale. \\n\\nKinnitus: lukk ja paelad\\nPealmine osa: nahk\\nVooder ja sisetald: villane\\nTald: Extra Grip termokumm\\nValmistatud Horvaatias&quot;}\" data-sheets-userformat=\"{&quot;2&quot;:513,&quot;3&quot;:{&quot;1&quot;:0},&quot;12&quot;:0}\">Froddo Tex Laces talvesaapad on valmistatud siledast nahast, sees on soe lambavillane vooder ja lambavillaga kaetud termosisetald. Saabastel on veekindel membraan. Mugavaks jalgapanekuks on sisek\u00fcljel lukk. Saabastel on s\u00fcgavama mustriga hea nakkuvusega kummitald. Sobivad keskmise laiusega, madalale ja keskmise k\u00f5rgusega jalale.<\/span><\/p>\n<p>Fastening: buckle and laces<br \/>\nUpper: Leather<br \/>\nLining and insole: wool<br \/>\nTald: Extra Grip termokumm<\/p>\n<p><span data-sheets-value=\"{&quot;1&quot;:2,&quot;2&quot;:&quot;Froddo Tex Laces talvesaapad on valmistatud siledast nahast, sees on soe lambavillane vooder ja lambavillaga kaetud termosisetald. Saabastel on veekindel membraan. Mugavaks jalgapanekuks on sisek\u00fcljel lukk. Saabastel on s\u00fcgavama mustriga hea nakkuvusega kummitald. Sobivad keskmise laiusega, madalale ja keskmise k\u00f5rgusega jalale. \\n\\nKinnitus: lukk ja paelad\\nPealmine osa: nahk\\nVooder ja sisetald: villane\\nTald: Extra Grip termokumm\\nValmistatud Horvaatias&quot;}\" data-sheets-userformat=\"{&quot;2&quot;:513,&quot;3&quot;:{&quot;1&quot;:0},&quot;12&quot;:0}\"><br \/>\nMade in Croatia<\/span><\/p>\n<p>Minimalisti m\u00f5\u00f5dud Tex Laces mudelile<\/p>\n<table dir=\"ltr\" border=\"1\" cellspacing=\"0\" cellpadding=\"0\">\n<colgroup>\n<col width=\"69\" \/>\n<col width=\"69\" \/><\/colgroup>\n<tbody>\n<tr>\n<td data-sheets-value=\"{&quot;1&quot;:2,&quot;2&quot;:&quot;Suurus&quot;}\"><strong>Size<\/strong><\/td>\n<td data-sheets-value=\"{&quot;1&quot;:2,&quot;2&quot;:&quot;Sisepikkus&quot;}\"><strong>Inside length<\/strong><\/td>\n<\/tr>\n<tr>\n<td data-sheets-value=\"{&quot;1&quot;:3,&quot;3&quot;:31}\"><strong>31<\/strong><\/td>\n<td data-sheets-value=\"{&quot;1&quot;:3,&quot;3&quot;:20.5}\">20.5<\/td>\n<\/tr>\n<tr>\n<td data-sheets-value=\"{&quot;1&quot;:3,&quot;3&quot;:32}\"><strong>32<\/strong><\/td>\n<td data-sheets-value=\"{&quot;1&quot;:3,&quot;3&quot;:21.1}\">21.1<\/td>\n<\/tr>\n<tr>\n<td data-sheets-value=\"{&quot;1&quot;:3,&quot;3&quot;:33}\"><strong>33<\/strong><\/td>\n<td data-sheets-value=\"{&quot;1&quot;:3,&quot;3&quot;:21.9}\">21.9<\/td>\n<\/tr>\n<tr>\n<td data-sheets-value=\"{&quot;1&quot;:3,&quot;3&quot;:34}\"><strong>34<\/strong><\/td>\n<td data-sheets-value=\"{&quot;1&quot;:3,&quot;3&quot;:22.8}\">22.8<\/td>\n<\/tr>\n<tr>\n<td data-sheets-value=\"{&quot;1&quot;:3,&quot;3&quot;:35}\"><strong>35<\/strong><\/td>\n<td data-sheets-value=\"{&quot;1&quot;:3,&quot;3&quot;:23.4}\">23.4<\/td>\n<\/tr>\n<tr>\n<td data-sheets-value=\"{&quot;1&quot;:3,&quot;3&quot;:36}\"><strong>36<\/strong><\/td>\n<td data-sheets-value=\"{&quot;1&quot;:3,&quot;3&quot;:24}\">24<\/td>\n<\/tr>\n<tr>\n<td data-sheets-value=\"{&quot;1&quot;:3,&quot;3&quot;:37}\"><strong>37<\/strong><\/td>\n<td data-sheets-value=\"{&quot;1&quot;:3,&quot;3&quot;:24.9}\">24.9<\/td>\n<\/tr>\n<tr>\n<td data-sheets-value=\"{&quot;1&quot;:3,&quot;3&quot;:38}\"><strong>38<\/strong><\/td>\n<td data-sheets-value=\"{&quot;1&quot;:3,&quot;3&quot;:25.5}\">25.5<\/td>\n<\/tr>\n<tr>\n<td data-sheets-value=\"{&quot;1&quot;:3,&quot;3&quot;:39}\"><strong>39<\/strong><\/td>\n<td data-sheets-value=\"{&quot;1&quot;:3,&quot;3&quot;:26.1}\">26.1<\/td>\n<\/tr>\n<tr>\n<td data-sheets-value=\"{&quot;1&quot;:3,&quot;3&quot;:40}\"><strong>40<\/strong><\/td>\n<td data-sheets-value=\"{&quot;1&quot;:3,&quot;3&quot;:26.6}\">26.6<\/td>\n<\/tr>\n<\/tbody>\n<\/table>","protected":false},"excerpt":{"rendered":"<p>Froddo Tex Laces talvesaapad.<\/p>","protected":false},"featured_media":14618,"comment_status":"open","ping_status":"closed","template":"","meta":{"_monsterinsights_skip_tracking":false,"_monsterinsights_sitenote_active":false,"_monsterinsights_sitenote_note":"","_monsterinsights_sitenote_category":0,"neve_meta_sidebar":"","neve_meta_container":"","neve_meta_enable_content_width":"off","neve_meta_content_width":70,"neve_meta_title_alignment":"","neve_meta_author_avatar":"","neve_post_elements_order":"","neve_meta_disable_header":"","neve_meta_disable_footer":"","neve_meta_disable_title":""},"product_cat":[31,20,22,18],"product_tag":[],"yoast_head":"<!-- This site is optimized with the Yoast SEO plugin v22.4 - https:\/\/yoast.com\/wordpress\/plugins\/seo\/ -->\n<title>Froddo Tex Laces - Minimalist.ee<\/title>\n<meta name=\"description\" content=\"Paljajalujaltsid, barefoot jalatsid, jalatsid lastele, jalatsid t\u00e4iskasvanutele, kogu pere barefoot jalatsite pood\" \/>\n<meta name=\"robots\" content=\"index, follow, max-snippet:-1, max-image-preview:large, max-video-preview:-1\" \/>\n<link rel=\"canonical\" href=\"https:\/\/minimalist.ee\/en\/product\/froddo-tex-laces\/\" \/>\n<meta property=\"og:locale\" content=\"en_US\" \/>\n<meta property=\"og:type\" content=\"article\" \/>\n<meta property=\"og:title\" content=\"Froddo Tex Laces - Minimalist.ee\" \/>\n<meta property=\"og:description\" content=\"Paljajalujaltsid, barefoot jalatsid, jalatsid lastele, jalatsid t\u00e4iskasvanutele, kogu pere barefoot jalatsite pood\" \/>\n<meta property=\"og:url\" content=\"https:\/\/minimalist.ee\/en\/product\/froddo-tex-laces\/\" \/>\n<meta property=\"og:site_name\" content=\"Minimalist.ee\" \/>\n<meta property=\"article:publisher\" content=\"https:\/\/www.facebook.com\/www.minimalist.ee\" \/>\n<meta property=\"article:modified_time\" content=\"2025-12-03T14:39:47+00:00\" \/>\n<meta property=\"og:image\" content=\"https:\/\/minimalist.ee\/wp-content\/uploads\/2023\/10\/G3160209_2d_0005-scaled.jpeg\" \/>\n\t<meta property=\"og:image:width\" content=\"2560\" \/>\n\t<meta property=\"og:image:height\" content=\"1706\" \/>\n\t<meta property=\"og:image:type\" content=\"image\/jpeg\" \/>\n<meta name=\"twitter:card\" content=\"summary_large_image\" \/>\n<meta name=\"twitter:label1\" content=\"Est. reading time\" \/>\n\t<meta name=\"twitter:data1\" content=\"1 minute\" \/>\n<script type=\"application\/ld+json\" class=\"yoast-schema-graph\">{\"@context\":\"https:\/\/schema.org\",\"@graph\":[{\"@type\":\"WebPage\",\"@id\":\"https:\/\/minimalist.ee\/toode\/froddo-tex-laces\/\",\"url\":\"https:\/\/minimalist.ee\/toode\/froddo-tex-laces\/\",\"name\":\"Froddo Tex Laces - Minimalist.ee\",\"isPartOf\":{\"@id\":\"https:\/\/minimalist.ee\/#website\"},\"primaryImageOfPage\":{\"@id\":\"https:\/\/minimalist.ee\/toode\/froddo-tex-laces\/#primaryimage\"},\"image\":{\"@id\":\"https:\/\/minimalist.ee\/toode\/froddo-tex-laces\/#primaryimage\"},\"thumbnailUrl\":\"https:\/\/minimalist.ee\/wp-content\/uploads\/2023\/10\/G3160209_2d_0005-scaled.jpeg\",\"datePublished\":\"2023-10-16T13:08:08+00:00\",\"dateModified\":\"2025-12-03T14:39:47+00:00\",\"description\":\"Paljajalujaltsid, barefoot jalatsid, jalatsid lastele, jalatsid t\u00e4iskasvanutele, kogu pere barefoot jalatsite pood\",\"breadcrumb\":{\"@id\":\"https:\/\/minimalist.ee\/toode\/froddo-tex-laces\/#breadcrumb\"},\"inLanguage\":\"en-US\",\"potentialAction\":[{\"@type\":\"ReadAction\",\"target\":[\"https:\/\/minimalist.ee\/toode\/froddo-tex-laces\/\"]}]},{\"@type\":\"ImageObject\",\"inLanguage\":\"en-US\",\"@id\":\"https:\/\/minimalist.ee\/toode\/froddo-tex-laces\/#primaryimage\",\"url\":\"https:\/\/minimalist.ee\/wp-content\/uploads\/2023\/10\/G3160209_2d_0005-scaled.jpeg\",\"contentUrl\":\"https:\/\/minimalist.ee\/wp-content\/uploads\/2023\/10\/G3160209_2d_0005-scaled.jpeg\",\"width\":2560,\"height\":1706},{\"@type\":\"BreadcrumbList\",\"@id\":\"https:\/\/minimalist.ee\/toode\/froddo-tex-laces\/#breadcrumb\",\"itemListElement\":[{\"@type\":\"ListItem\",\"position\":1,\"name\":\"Home\",\"item\":\"https:\/\/minimalist.ee\/\"},{\"@type\":\"ListItem\",\"position\":2,\"name\":\"Pood\",\"item\":\"https:\/\/minimalist.ee\/pood\/\"},{\"@type\":\"ListItem\",\"position\":3,\"name\":\"Froddo Tex Laces\"}]},{\"@type\":\"WebSite\",\"@id\":\"https:\/\/minimalist.ee\/#website\",\"url\":\"https:\/\/minimalist.ee\/\",\"name\":\"Minimalist.ee\",\"description\":\"Barefoot jalatsid\",\"publisher\":{\"@id\":\"https:\/\/minimalist.ee\/#organization\"},\"potentialAction\":[{\"@type\":\"SearchAction\",\"target\":{\"@type\":\"EntryPoint\",\"urlTemplate\":\"https:\/\/minimalist.ee\/?s={search_term_string}\"},\"query-input\":\"required name=search_term_string\"}],\"inLanguage\":\"en-US\"},{\"@type\":\"Organization\",\"@id\":\"https:\/\/minimalist.ee\/#organization\",\"name\":\"Minimalist Shoes O\u00dc\",\"url\":\"https:\/\/minimalist.ee\/\",\"logo\":{\"@type\":\"ImageObject\",\"inLanguage\":\"en-US\",\"@id\":\"https:\/\/minimalist.ee\/#\/schema\/logo\/image\/\",\"url\":\"https:\/\/minimalist.ee\/wp-content\/uploads\/2020\/10\/Original.png\",\"contentUrl\":\"https:\/\/minimalist.ee\/wp-content\/uploads\/2020\/10\/Original.png\",\"width\":2048,\"height\":2000,\"caption\":\"Minimalist Shoes O\u00dc\"},\"image\":{\"@id\":\"https:\/\/minimalist.ee\/#\/schema\/logo\/image\/\"},\"sameAs\":[\"https:\/\/www.facebook.com\/www.minimalist.ee\",\"https:\/\/www.instagram.com\/minimalistshoesest\/\"]}]}<\/script>\n<!-- \/ Yoast SEO plugin. -->","yoast_head_json":{"title":"Froddo Tex Laces - Minimalist.ee","description":"Paljajalujaltsid, barefoot jalatsid, jalatsid lastele, jalatsid t\u00e4iskasvanutele, kogu pere barefoot jalatsite pood","robots":{"index":"index","follow":"follow","max-snippet":"max-snippet:-1","max-image-preview":"max-image-preview:large","max-video-preview":"max-video-preview:-1"},"canonical":"https:\/\/minimalist.ee\/en\/product\/froddo-tex-laces\/","og_locale":"en_US","og_type":"article","og_title":"Froddo Tex Laces - Minimalist.ee","og_description":"Paljajalujaltsid, barefoot jalatsid, jalatsid lastele, jalatsid t\u00e4iskasvanutele, kogu pere barefoot jalatsite pood","og_url":"https:\/\/minimalist.ee\/en\/product\/froddo-tex-laces\/","og_site_name":"Minimalist.ee","article_publisher":"https:\/\/www.facebook.com\/www.minimalist.ee","article_modified_time":"2025-12-03T14:39:47+00:00","og_image":[{"width":2560,"height":1706,"url":"https:\/\/minimalist.ee\/wp-content\/uploads\/2023\/10\/G3160209_2d_0005-scaled.jpeg","type":"image\/jpeg"}],"twitter_card":"summary_large_image","twitter_misc":{"Est. reading time":"1 minute"},"schema":{"@context":"https:\/\/schema.org","@graph":[{"@type":"WebPage","@id":"https:\/\/minimalist.ee\/toode\/froddo-tex-laces\/","url":"https:\/\/minimalist.ee\/toode\/froddo-tex-laces\/","name":"Froddo Tex Laces - Minimalist.ee","isPartOf":{"@id":"https:\/\/minimalist.ee\/#website"},"primaryImageOfPage":{"@id":"https:\/\/minimalist.ee\/toode\/froddo-tex-laces\/#primaryimage"},"image":{"@id":"https:\/\/minimalist.ee\/toode\/froddo-tex-laces\/#primaryimage"},"thumbnailUrl":"https:\/\/minimalist.ee\/wp-content\/uploads\/2023\/10\/G3160209_2d_0005-scaled.jpeg","datePublished":"2023-10-16T13:08:08+00:00","dateModified":"2025-12-03T14:39:47+00:00","description":"Paljajalujaltsid, barefoot jalatsid, jalatsid lastele, jalatsid t\u00e4iskasvanutele, kogu pere barefoot jalatsite pood","breadcrumb":{"@id":"https:\/\/minimalist.ee\/toode\/froddo-tex-laces\/#breadcrumb"},"inLanguage":"en-US","potentialAction":[{"@type":"ReadAction","target":["https:\/\/minimalist.ee\/toode\/froddo-tex-laces\/"]}]},{"@type":"ImageObject","inLanguage":"en-US","@id":"https:\/\/minimalist.ee\/toode\/froddo-tex-laces\/#primaryimage","url":"https:\/\/minimalist.ee\/wp-content\/uploads\/2023\/10\/G3160209_2d_0005-scaled.jpeg","contentUrl":"https:\/\/minimalist.ee\/wp-content\/uploads\/2023\/10\/G3160209_2d_0005-scaled.jpeg","width":2560,"height":1706},{"@type":"BreadcrumbList","@id":"https:\/\/minimalist.ee\/toode\/froddo-tex-laces\/#breadcrumb","itemListElement":[{"@type":"ListItem","position":1,"name":"Home","item":"https:\/\/minimalist.ee\/"},{"@type":"ListItem","position":2,"name":"Pood","item":"https:\/\/minimalist.ee\/pood\/"},{"@type":"ListItem","position":3,"name":"Froddo Tex Laces"}]},{"@type":"WebSite","@id":"https:\/\/minimalist.ee\/#website","url":"https:\/\/minimalist.ee\/","name":"Minimalist.ee","description":"Barefoot jalatsid","publisher":{"@id":"https:\/\/minimalist.ee\/#organization"},"potentialAction":[{"@type":"SearchAction","target":{"@type":"EntryPoint","urlTemplate":"https:\/\/minimalist.ee\/?s={search_term_string}"},"query-input":"required name=search_term_string"}],"inLanguage":"en-US"},{"@type":"Organization","@id":"https:\/\/minimalist.ee\/#organization","name":"Minimalist Shoes O\u00dc","url":"https:\/\/minimalist.ee\/","logo":{"@type":"ImageObject","inLanguage":"en-US","@id":"https:\/\/minimalist.ee\/#\/schema\/logo\/image\/","url":"https:\/\/minimalist.ee\/wp-content\/uploads\/2020\/10\/Original.png","contentUrl":"https:\/\/minimalist.ee\/wp-content\/uploads\/2020\/10\/Original.png","width":2048,"height":2000,"caption":"Minimalist Shoes O\u00dc"},"image":{"@id":"https:\/\/minimalist.ee\/#\/schema\/logo\/image\/"},"sameAs":["https:\/\/www.facebook.com\/www.minimalist.ee","https:\/\/www.instagram.com\/minimalistshoesest\/"]}]}},"jetpack_sharing_enabled":true,"_links":{"self":[{"href":"https:\/\/minimalist.ee\/en\/wp-json\/wp\/v2\/product\/14606"}],"collection":[{"href":"https:\/\/minimalist.ee\/en\/wp-json\/wp\/v2\/product"}],"about":[{"href":"https:\/\/minimalist.ee\/en\/wp-json\/wp\/v2\/types\/product"}],"replies":[{"embeddable":true,"href":"https:\/\/minimalist.ee\/en\/wp-json\/wp\/v2\/comments?post=14606"}],"wp:featuredmedia":[{"embeddable":true,"href":"https:\/\/minimalist.ee\/en\/wp-json\/wp\/v2\/media\/14618"}],"wp:attachment":[{"href":"https:\/\/minimalist.ee\/en\/wp-json\/wp\/v2\/media?parent=14606"}],"wp:term":[{"taxonomy":"product_cat","embeddable":true,"href":"https:\/\/minimalist.ee\/en\/wp-json\/wp\/v2\/product_cat?post=14606"},{"taxonomy":"product_tag","embeddable":true,"href":"https:\/\/minimalist.ee\/en\/wp-json\/wp\/v2\/product_tag?post=14606"}],"curies":[{"name":"wp","href":"https:\/\/api.w.org\/{rel}","templated":true}]}}