{"id":13611,"date":"2023-05-10T08:41:22","date_gmt":"2023-05-10T08:41:22","guid":{"rendered":"https:\/\/minimalist.ee\/?post_type=product&#038;p=13611"},"modified":"2024-10-12T18:38:52","modified_gmt":"2024-10-12T18:38:52","slug":"vivobarefoot-primus-school-ii-kids","status":"publish","type":"product","link":"https:\/\/minimalist.ee\/en\/product\/vivobarefoot-primus-school-ii-kids\/","title":{"rendered":"Vivobarefoot Primus School II Kids \/ Junior"},"content":{"rendered":"<p>Vivobarefoot Primus School nahast tennised on ideaalsed koolis k\u00e4imiseks ja aktiivseks ajaveetmiseks. Jalan\u00f5udel puudub sisteald, et oleks v\u00f5imalikult hea maapinna tunnetus. V\u00e4listald on h\u00e4sti painduv, k\u00f5igest 2mm paksune, millele lisandub 2mm paksune tallamuster. Ninaosas on veidi k\u00f5rgemale ulatuv kummi\u00e4\u00e4r, mis kaitseb varbaid. Primus School mudelil on sokiga s\u00e4\u00e4reosa, et jalan\u00f5ud p\u00fcsiks mugavalt ja kindlalt jalas. Nii kanna juures kui keele peal on aasad, millest saab mugavalt ja kiiresti jalatsid jalga t\u00f5mmata. Sobivad keskmise laiusega jalale.<\/p>\n<p>Kinnitus: suurused 25-34 kr\u00f5psuga ja 35-38 paeltega<\/p>\n<p>Upper: Leather<\/p>\n<p>Vooder: mikrofiiber (40% PRET, 60% pol\u00fcuretaan)<\/p>\n<p>Made in Vietnam<\/p>\n<p>&nbsp;<\/p>\n<p>Minimalisti m\u00f5\u00f5dud Vivobarefoot Primus School mudelile:<\/p>\n<table dir=\"ltr\" border=\"1\" cellspacing=\"0\" cellpadding=\"0\">\n<colgroup>\n<col width=\"100\" \/>\n<col width=\"100\" \/><\/colgroup>\n<tbody>\n<tr>\n<td style=\"text-align: center;\" data-sheets-value=\"{&quot;1&quot;:2,&quot;2&quot;:&quot;Suurus&quot;}\"><strong>Size<\/strong><\/td>\n<td style=\"text-align: center;\" data-sheets-value=\"{&quot;1&quot;:2,&quot;2&quot;:&quot;Sisepikkus&quot;}\"><strong>Inside length<\/strong><\/td>\n<\/tr>\n<tr>\n<td style=\"text-align: center;\" data-sheets-value=\"{&quot;1&quot;:3,&quot;3&quot;:30}\"><strong>30<\/strong><\/td>\n<td style=\"text-align: center;\" data-sheets-value=\"{&quot;1&quot;:3,&quot;3&quot;:19.2}\">19.2<\/td>\n<\/tr>\n<tr>\n<td style=\"text-align: center;\" data-sheets-value=\"{&quot;1&quot;:3,&quot;3&quot;:31}\"><strong>31<\/strong><\/td>\n<td style=\"text-align: center;\" data-sheets-value=\"{&quot;1&quot;:3,&quot;3&quot;:20}\">20<\/td>\n<\/tr>\n<tr>\n<td style=\"text-align: center;\" data-sheets-value=\"{&quot;1&quot;:3,&quot;3&quot;:32}\"><strong>32<\/strong><\/td>\n<td style=\"text-align: center;\" data-sheets-value=\"{&quot;1&quot;:3,&quot;3&quot;:20.5}\">20.5<\/td>\n<\/tr>\n<tr>\n<td style=\"text-align: center;\" data-sheets-value=\"{&quot;1&quot;:3,&quot;3&quot;:33}\"><strong>33<\/strong><\/td>\n<td style=\"text-align: center;\" data-sheets-value=\"{&quot;1&quot;:3,&quot;3&quot;:21.2}\">21.2<\/td>\n<\/tr>\n<tr>\n<td style=\"text-align: center;\" data-sheets-value=\"{&quot;1&quot;:3,&quot;3&quot;:34}\"><strong>34<\/strong><\/td>\n<td style=\"text-align: center;\" data-sheets-value=\"{&quot;1&quot;:3,&quot;3&quot;:21.9}\">21.9<\/td>\n<\/tr>\n<tr>\n<td style=\"text-align: center;\" data-sheets-value=\"{&quot;1&quot;:3,&quot;3&quot;:35}\"><strong>35<\/strong><\/td>\n<td style=\"text-align: center;\" data-sheets-value=\"{&quot;1&quot;:3,&quot;3&quot;:22.6}\">22.6<\/td>\n<\/tr>\n<tr>\n<td style=\"text-align: center;\" data-sheets-value=\"{&quot;1&quot;:3,&quot;3&quot;:36}\"><strong>36<\/strong><\/td>\n<td style=\"text-align: center;\" data-sheets-value=\"{&quot;1&quot;:3,&quot;3&quot;:23.1}\">23.1<\/td>\n<\/tr>\n<tr>\n<td style=\"text-align: center;\" data-sheets-value=\"{&quot;1&quot;:3,&quot;3&quot;:37}\"><strong>37<\/strong><\/td>\n<td style=\"text-align: center;\" data-sheets-value=\"{&quot;1&quot;:3,&quot;3&quot;:24}\">24<\/td>\n<\/tr>\n<tr>\n<td style=\"text-align: center;\" data-sheets-value=\"{&quot;1&quot;:3,&quot;3&quot;:38}\"><strong>38<\/strong><\/td>\n<td style=\"text-align: center;\" data-sheets-value=\"{&quot;1&quot;:3,&quot;3&quot;:24.5}\">24.5<\/td>\n<\/tr>\n<\/tbody>\n<\/table>","protected":false},"excerpt":{"rendered":"<p>Laste nahast tennised.<\/p>","protected":false},"featured_media":13619,"comment_status":"open","ping_status":"closed","template":"","meta":{"_monsterinsights_skip_tracking":false,"_monsterinsights_sitenote_active":false,"_monsterinsights_sitenote_note":"","_monsterinsights_sitenote_category":0,"neve_meta_sidebar":"","neve_meta_container":"","neve_meta_enable_content_width":"off","neve_meta_content_width":70,"neve_meta_title_alignment":"","neve_meta_author_avatar":"","neve_post_elements_order":"","neve_meta_disable_header":"","neve_meta_disable_footer":"","neve_meta_disable_title":""},"product_cat":[20,21],"product_tag":[],"yoast_head":"<!-- This site is optimized with the Yoast SEO plugin v22.4 - https:\/\/yoast.com\/wordpress\/plugins\/seo\/ -->\n<title>Vivobarefoot Primus School II Kids \/ Junior - Minimalist.ee<\/title>\n<meta name=\"description\" content=\"Paljajalujaltsid, barefoot jalatsid, jalatsid lastele, jalatsid t\u00e4iskasvanutele, kogu pere barefoot jalatsite pood\" \/>\n<meta name=\"robots\" content=\"index, follow, max-snippet:-1, max-image-preview:large, max-video-preview:-1\" \/>\n<link rel=\"canonical\" href=\"https:\/\/minimalist.ee\/en\/product\/vivobarefoot-primus-school-ii-kids\/\" \/>\n<meta property=\"og:locale\" content=\"en_US\" \/>\n<meta property=\"og:type\" content=\"article\" \/>\n<meta property=\"og:title\" content=\"Vivobarefoot Primus School II Kids \/ Junior - Minimalist.ee\" \/>\n<meta property=\"og:description\" content=\"Paljajalujaltsid, barefoot jalatsid, jalatsid lastele, jalatsid t\u00e4iskasvanutele, kogu pere barefoot jalatsite pood\" \/>\n<meta property=\"og:url\" content=\"https:\/\/minimalist.ee\/en\/product\/vivobarefoot-primus-school-ii-kids\/\" \/>\n<meta property=\"og:site_name\" content=\"Minimalist.ee\" \/>\n<meta property=\"article:publisher\" content=\"https:\/\/www.facebook.com\/www.minimalist.ee\" \/>\n<meta property=\"article:modified_time\" content=\"2024-10-12T18:38:52+00:00\" \/>\n<meta property=\"og:image\" content=\"https:\/\/minimalist.ee\/wp-content\/uploads\/2023\/05\/103098-02_pair.jpg.webp\" \/>\n\t<meta property=\"og:image:width\" content=\"700\" \/>\n\t<meta property=\"og:image:height\" content=\"700\" \/>\n\t<meta property=\"og:image:type\" content=\"image\/webp\" \/>\n<meta name=\"twitter:card\" content=\"summary_large_image\" \/>\n<meta name=\"twitter:label1\" content=\"Est. reading time\" \/>\n\t<meta name=\"twitter:data1\" content=\"1 minute\" \/>\n<script type=\"application\/ld+json\" class=\"yoast-schema-graph\">{\"@context\":\"https:\/\/schema.org\",\"@graph\":[{\"@type\":\"WebPage\",\"@id\":\"https:\/\/minimalist.ee\/toode\/vivobarefoot-primus-school-ii-kids\/\",\"url\":\"https:\/\/minimalist.ee\/toode\/vivobarefoot-primus-school-ii-kids\/\",\"name\":\"Vivobarefoot Primus School II Kids \/ Junior - Minimalist.ee\",\"isPartOf\":{\"@id\":\"https:\/\/minimalist.ee\/#website\"},\"primaryImageOfPage\":{\"@id\":\"https:\/\/minimalist.ee\/toode\/vivobarefoot-primus-school-ii-kids\/#primaryimage\"},\"image\":{\"@id\":\"https:\/\/minimalist.ee\/toode\/vivobarefoot-primus-school-ii-kids\/#primaryimage\"},\"thumbnailUrl\":\"https:\/\/minimalist.ee\/wp-content\/uploads\/2023\/05\/103098-02_pair.jpg.webp\",\"datePublished\":\"2023-05-10T08:41:22+00:00\",\"dateModified\":\"2024-10-12T18:38:52+00:00\",\"description\":\"Paljajalujaltsid, barefoot jalatsid, jalatsid lastele, jalatsid t\u00e4iskasvanutele, kogu pere barefoot jalatsite pood\",\"breadcrumb\":{\"@id\":\"https:\/\/minimalist.ee\/toode\/vivobarefoot-primus-school-ii-kids\/#breadcrumb\"},\"inLanguage\":\"en-US\",\"potentialAction\":[{\"@type\":\"ReadAction\",\"target\":[\"https:\/\/minimalist.ee\/toode\/vivobarefoot-primus-school-ii-kids\/\"]}]},{\"@type\":\"ImageObject\",\"inLanguage\":\"en-US\",\"@id\":\"https:\/\/minimalist.ee\/toode\/vivobarefoot-primus-school-ii-kids\/#primaryimage\",\"url\":\"https:\/\/minimalist.ee\/wp-content\/uploads\/2023\/05\/103098-02_pair.jpg.webp\",\"contentUrl\":\"https:\/\/minimalist.ee\/wp-content\/uploads\/2023\/05\/103098-02_pair.jpg.webp\",\"width\":700,\"height\":700},{\"@type\":\"BreadcrumbList\",\"@id\":\"https:\/\/minimalist.ee\/toode\/vivobarefoot-primus-school-ii-kids\/#breadcrumb\",\"itemListElement\":[{\"@type\":\"ListItem\",\"position\":1,\"name\":\"Home\",\"item\":\"https:\/\/minimalist.ee\/\"},{\"@type\":\"ListItem\",\"position\":2,\"name\":\"Pood\",\"item\":\"https:\/\/minimalist.ee\/pood\/\"},{\"@type\":\"ListItem\",\"position\":3,\"name\":\"Vivobarefoot Primus School II Kids \/ Junior\"}]},{\"@type\":\"WebSite\",\"@id\":\"https:\/\/minimalist.ee\/#website\",\"url\":\"https:\/\/minimalist.ee\/\",\"name\":\"Minimalist.ee\",\"description\":\"Barefoot jalatsid\",\"publisher\":{\"@id\":\"https:\/\/minimalist.ee\/#organization\"},\"potentialAction\":[{\"@type\":\"SearchAction\",\"target\":{\"@type\":\"EntryPoint\",\"urlTemplate\":\"https:\/\/minimalist.ee\/?s={search_term_string}\"},\"query-input\":\"required name=search_term_string\"}],\"inLanguage\":\"en-US\"},{\"@type\":\"Organization\",\"@id\":\"https:\/\/minimalist.ee\/#organization\",\"name\":\"Minimalist Shoes O\u00dc\",\"url\":\"https:\/\/minimalist.ee\/\",\"logo\":{\"@type\":\"ImageObject\",\"inLanguage\":\"en-US\",\"@id\":\"https:\/\/minimalist.ee\/#\/schema\/logo\/image\/\",\"url\":\"https:\/\/minimalist.ee\/wp-content\/uploads\/2020\/10\/Original.png\",\"contentUrl\":\"https:\/\/minimalist.ee\/wp-content\/uploads\/2020\/10\/Original.png\",\"width\":2048,\"height\":2000,\"caption\":\"Minimalist Shoes O\u00dc\"},\"image\":{\"@id\":\"https:\/\/minimalist.ee\/#\/schema\/logo\/image\/\"},\"sameAs\":[\"https:\/\/www.facebook.com\/www.minimalist.ee\",\"https:\/\/www.instagram.com\/minimalistshoesest\/\"]}]}<\/script>\n<!-- \/ Yoast SEO plugin. -->","yoast_head_json":{"title":"Vivobarefoot Primus School II Kids \/ Junior - Minimalist.ee","description":"Paljajalujaltsid, barefoot jalatsid, jalatsid lastele, jalatsid t\u00e4iskasvanutele, kogu pere barefoot jalatsite pood","robots":{"index":"index","follow":"follow","max-snippet":"max-snippet:-1","max-image-preview":"max-image-preview:large","max-video-preview":"max-video-preview:-1"},"canonical":"https:\/\/minimalist.ee\/en\/product\/vivobarefoot-primus-school-ii-kids\/","og_locale":"en_US","og_type":"article","og_title":"Vivobarefoot Primus School II Kids \/ Junior - Minimalist.ee","og_description":"Paljajalujaltsid, barefoot jalatsid, jalatsid lastele, jalatsid t\u00e4iskasvanutele, kogu pere barefoot jalatsite pood","og_url":"https:\/\/minimalist.ee\/en\/product\/vivobarefoot-primus-school-ii-kids\/","og_site_name":"Minimalist.ee","article_publisher":"https:\/\/www.facebook.com\/www.minimalist.ee","article_modified_time":"2024-10-12T18:38:52+00:00","og_image":[{"width":700,"height":700,"url":"https:\/\/minimalist.ee\/wp-content\/uploads\/2023\/05\/103098-02_pair.jpg.webp","type":"image\/webp"}],"twitter_card":"summary_large_image","twitter_misc":{"Est. reading time":"1 minute"},"schema":{"@context":"https:\/\/schema.org","@graph":[{"@type":"WebPage","@id":"https:\/\/minimalist.ee\/toode\/vivobarefoot-primus-school-ii-kids\/","url":"https:\/\/minimalist.ee\/toode\/vivobarefoot-primus-school-ii-kids\/","name":"Vivobarefoot Primus School II Kids \/ Junior - Minimalist.ee","isPartOf":{"@id":"https:\/\/minimalist.ee\/#website"},"primaryImageOfPage":{"@id":"https:\/\/minimalist.ee\/toode\/vivobarefoot-primus-school-ii-kids\/#primaryimage"},"image":{"@id":"https:\/\/minimalist.ee\/toode\/vivobarefoot-primus-school-ii-kids\/#primaryimage"},"thumbnailUrl":"https:\/\/minimalist.ee\/wp-content\/uploads\/2023\/05\/103098-02_pair.jpg.webp","datePublished":"2023-05-10T08:41:22+00:00","dateModified":"2024-10-12T18:38:52+00:00","description":"Paljajalujaltsid, barefoot jalatsid, jalatsid lastele, jalatsid t\u00e4iskasvanutele, kogu pere barefoot jalatsite pood","breadcrumb":{"@id":"https:\/\/minimalist.ee\/toode\/vivobarefoot-primus-school-ii-kids\/#breadcrumb"},"inLanguage":"en-US","potentialAction":[{"@type":"ReadAction","target":["https:\/\/minimalist.ee\/toode\/vivobarefoot-primus-school-ii-kids\/"]}]},{"@type":"ImageObject","inLanguage":"en-US","@id":"https:\/\/minimalist.ee\/toode\/vivobarefoot-primus-school-ii-kids\/#primaryimage","url":"https:\/\/minimalist.ee\/wp-content\/uploads\/2023\/05\/103098-02_pair.jpg.webp","contentUrl":"https:\/\/minimalist.ee\/wp-content\/uploads\/2023\/05\/103098-02_pair.jpg.webp","width":700,"height":700},{"@type":"BreadcrumbList","@id":"https:\/\/minimalist.ee\/toode\/vivobarefoot-primus-school-ii-kids\/#breadcrumb","itemListElement":[{"@type":"ListItem","position":1,"name":"Home","item":"https:\/\/minimalist.ee\/"},{"@type":"ListItem","position":2,"name":"Pood","item":"https:\/\/minimalist.ee\/pood\/"},{"@type":"ListItem","position":3,"name":"Vivobarefoot Primus School II Kids \/ Junior"}]},{"@type":"WebSite","@id":"https:\/\/minimalist.ee\/#website","url":"https:\/\/minimalist.ee\/","name":"Minimalist.ee","description":"Barefoot jalatsid","publisher":{"@id":"https:\/\/minimalist.ee\/#organization"},"potentialAction":[{"@type":"SearchAction","target":{"@type":"EntryPoint","urlTemplate":"https:\/\/minimalist.ee\/?s={search_term_string}"},"query-input":"required name=search_term_string"}],"inLanguage":"en-US"},{"@type":"Organization","@id":"https:\/\/minimalist.ee\/#organization","name":"Minimalist Shoes O\u00dc","url":"https:\/\/minimalist.ee\/","logo":{"@type":"ImageObject","inLanguage":"en-US","@id":"https:\/\/minimalist.ee\/#\/schema\/logo\/image\/","url":"https:\/\/minimalist.ee\/wp-content\/uploads\/2020\/10\/Original.png","contentUrl":"https:\/\/minimalist.ee\/wp-content\/uploads\/2020\/10\/Original.png","width":2048,"height":2000,"caption":"Minimalist Shoes O\u00dc"},"image":{"@id":"https:\/\/minimalist.ee\/#\/schema\/logo\/image\/"},"sameAs":["https:\/\/www.facebook.com\/www.minimalist.ee","https:\/\/www.instagram.com\/minimalistshoesest\/"]}]}},"jetpack_sharing_enabled":true,"_links":{"self":[{"href":"https:\/\/minimalist.ee\/en\/wp-json\/wp\/v2\/product\/13611"}],"collection":[{"href":"https:\/\/minimalist.ee\/en\/wp-json\/wp\/v2\/product"}],"about":[{"href":"https:\/\/minimalist.ee\/en\/wp-json\/wp\/v2\/types\/product"}],"replies":[{"embeddable":true,"href":"https:\/\/minimalist.ee\/en\/wp-json\/wp\/v2\/comments?post=13611"}],"wp:featuredmedia":[{"embeddable":true,"href":"https:\/\/minimalist.ee\/en\/wp-json\/wp\/v2\/media\/13619"}],"wp:attachment":[{"href":"https:\/\/minimalist.ee\/en\/wp-json\/wp\/v2\/media?parent=13611"}],"wp:term":[{"taxonomy":"product_cat","embeddable":true,"href":"https:\/\/minimalist.ee\/en\/wp-json\/wp\/v2\/product_cat?post=13611"},{"taxonomy":"product_tag","embeddable":true,"href":"https:\/\/minimalist.ee\/en\/wp-json\/wp\/v2\/product_tag?post=13611"}],"curies":[{"name":"wp","href":"https:\/\/api.w.org\/{rel}","templated":true}]}}