{"id":13285,"date":"2023-03-31T13:15:49","date_gmt":"2023-03-31T13:15:49","guid":{"rendered":"https:\/\/minimalist.ee\/?post_type=product&#038;p=13285"},"modified":"2024-05-19T07:21:31","modified_gmt":"2024-05-19T07:21:31","slug":"xero-shoes-hfs-m","status":"publish","type":"product","link":"https:\/\/minimalist.ee\/en\/product\/xero-shoes-hfs-m\/","title":{"rendered":"Xero Shoes HFS M"},"content":{"rendered":"<p><span data-sheets-value=\"{&quot;1&quot;:2,&quot;2&quot;:&quot;M\u00f5nusalt kerged ja painduvad barefoot jalatsid sportimiseks.nXero HFS jalan\u00f5ud on eriti kerged, h\u00e4sti painduva tallaga ja hingavad, sobides h\u00e4sti sportimiseks. Jalan\u00f5ude sees on niiskust eemale juhtiv tekstiilvooder ja eemaldatav 3.5 mm paksune sisetald. Sobivad keskmisele ja laiemale jalale, k\u00f5rgusest v\u00e4ga h\u00e4sti reguleeritavad. nPealmine osa: hingav tekstiilnSisetald: 3.5 mm, eemaldatavnTald: 2 mm FeelTrue\u00ae Sole + 2.5 mm vahetald + 3 mm tallamusternValmistatud HiinasnVegan&quot;}\" data-sheets-userformat=\"{&quot;2&quot;:513,&quot;3&quot;:{&quot;1&quot;:0},&quot;12&quot;:0}\">Xero HFS shoes are particularly light, have a flexible sole and are breathable, well suited for sports. The inside of the shoes has a moisture-wicking textile lining and a removable 3.5 mm thick insole. <\/span><\/p>\n<p><span data-sheets-value=\"{&quot;1&quot;:2,&quot;2&quot;:&quot;M\u00f5nusalt kerged ja painduvad barefoot jalatsid sportimiseks.nXero HFS jalan\u00f5ud on eriti kerged, h\u00e4sti painduva tallaga ja hingavad, sobides h\u00e4sti sportimiseks. Jalan\u00f5ude sees on niiskust eemale juhtiv tekstiilvooder ja eemaldatav 3.5 mm paksune sisetald. Sobivad keskmisele ja laiemale jalale, k\u00f5rgusest v\u00e4ga h\u00e4sti reguleeritavad. nPealmine osa: hingav tekstiilnSisetald: 3.5 mm, eemaldatavnTald: 2 mm FeelTrue\u00ae Sole + 2.5 mm vahetald + 3 mm tallamusternValmistatud HiinasnVegan&quot;}\" data-sheets-userformat=\"{&quot;2&quot;:513,&quot;3&quot;:{&quot;1&quot;:0},&quot;12&quot;:0}\">Suitable for medium and wider feet, very well adjustable in height.<br \/>\n<\/span><\/p>\n<p><span data-sheets-value=\"{&quot;1&quot;:2,&quot;2&quot;:&quot;M\u00f5nusalt kerged ja painduvad barefoot jalatsid sportimiseks.nXero HFS jalan\u00f5ud on eriti kerged, h\u00e4sti painduva tallaga ja hingavad, sobides h\u00e4sti sportimiseks. Jalan\u00f5ude sees on niiskust eemale juhtiv tekstiilvooder ja eemaldatav 3.5 mm paksune sisetald. Sobivad keskmisele ja laiemale jalale, k\u00f5rgusest v\u00e4ga h\u00e4sti reguleeritavad. nPealmine osa: hingav tekstiilnSisetald: 3.5 mm, eemaldatavnTald: 2 mm FeelTrue\u00ae Sole + 2.5 mm vahetald + 3 mm tallamusternValmistatud HiinasnVegan&quot;}\" data-sheets-userformat=\"{&quot;2&quot;:513,&quot;3&quot;:{&quot;1&quot;:0},&quot;12&quot;:0}\">Upper: breathable textile<br \/>\nInsole: 3.5 mm, removable<br \/>\nSole: 2 mm FeelTrue\u00ae Sole + 2.5 mm midsole + 3 mm sole pattern<br \/>\n<\/span><\/p>\n<p><span data-sheets-value=\"{&quot;1&quot;:2,&quot;2&quot;:&quot;M\u00f5nusalt kerged ja painduvad barefoot jalatsid sportimiseks.nXero HFS jalan\u00f5ud on eriti kerged, h\u00e4sti painduva tallaga ja hingavad, sobides h\u00e4sti sportimiseks. Jalan\u00f5ude sees on niiskust eemale juhtiv tekstiilvooder ja eemaldatav 3.5 mm paksune sisetald. Sobivad keskmisele ja laiemale jalale, k\u00f5rgusest v\u00e4ga h\u00e4sti reguleeritavad. nPealmine osa: hingav tekstiilnSisetald: 3.5 mm, eemaldatavnTald: 2 mm FeelTrue\u00ae Sole + 2.5 mm vahetald + 3 mm tallamusternValmistatud HiinasnVegan&quot;}\" data-sheets-userformat=\"{&quot;2&quot;:513,&quot;3&quot;:{&quot;1&quot;:0},&quot;12&quot;:0}\">Made in China<br \/>\nVegan<\/span><\/p>\n<p>Minimalist dimensions for the Xero HFS model<\/p>\n<table dir=\"ltr\" border=\"1\" cellspacing=\"0\" cellpadding=\"0\">\n<colgroup>\n<col width=\"74\" \/>\n<col width=\"83\" \/>\n<col width=\"73\" \/><\/colgroup>\n<tbody>\n<tr>\n<td style=\"text-align: center;\" data-sheets-value=\"{&quot;1&quot;:2,&quot;2&quot;:&quot;EU Suurus&quot;}\"><strong>EU Size<\/strong><\/td>\n<td style=\"text-align: center;\" data-sheets-value=\"{&quot;1&quot;:2,&quot;2&quot;:&quot;US Suurus&quot;}\"><strong>US Size<\/strong><\/td>\n<td style=\"text-align: center;\" data-sheets-value=\"{&quot;1&quot;:2,&quot;2&quot;:&quot;Sisepikkus&quot;}\"><strong>\u00a0Inside length\u00a0<\/strong><\/td>\n<\/tr>\n<tr>\n<td style=\"text-align: center;\" data-sheets-value=\"{&quot;1&quot;:3,&quot;3&quot;:41}\"><strong>41<\/strong><\/td>\n<td style=\"text-align: center;\" data-sheets-value=\"{&quot;1&quot;:3,&quot;3&quot;:8}\">8<\/td>\n<td style=\"text-align: center;\" data-sheets-value=\"{&quot;1&quot;:3,&quot;3&quot;:26}\">26<\/td>\n<\/tr>\n<tr>\n<td style=\"text-align: center;\" data-sheets-value=\"{&quot;1&quot;:3,&quot;3&quot;:42}\"><strong>42<\/strong><\/td>\n<td style=\"text-align: center;\" data-sheets-value=\"{&quot;1&quot;:3,&quot;3&quot;:9}\">9<\/td>\n<td style=\"text-align: center;\" data-sheets-value=\"{&quot;1&quot;:3,&quot;3&quot;:27}\">27<\/td>\n<\/tr>\n<tr>\n<td style=\"text-align: center;\" data-sheets-value=\"{&quot;1&quot;:3,&quot;3&quot;:43}\"><strong>43<\/strong><\/td>\n<td style=\"text-align: center;\" data-sheets-value=\"{&quot;1&quot;:3,&quot;3&quot;:10}\">10<\/td>\n<td style=\"text-align: center;\" data-sheets-value=\"{&quot;1&quot;:3,&quot;3&quot;:27.7}\">27.7<\/td>\n<\/tr>\n<tr>\n<td style=\"text-align: center;\" data-sheets-value=\"{&quot;1&quot;:3,&quot;3&quot;:44}\"><strong>44<\/strong><\/td>\n<td style=\"text-align: center;\" data-sheets-value=\"{&quot;1&quot;:3,&quot;3&quot;:11}\">11<\/td>\n<td style=\"text-align: center;\" data-sheets-value=\"{&quot;1&quot;:3,&quot;3&quot;:28.5}\">28.5<\/td>\n<\/tr>\n<tr>\n<td style=\"text-align: center;\" data-sheets-value=\"{&quot;1&quot;:3,&quot;3&quot;:45}\"><strong>45<\/strong><\/td>\n<td style=\"text-align: center;\" data-sheets-value=\"{&quot;1&quot;:3,&quot;3&quot;:12}\">12<\/td>\n<td style=\"text-align: center;\" data-sheets-value=\"{&quot;1&quot;:3,&quot;3&quot;:29}\">29<\/td>\n<\/tr>\n<tr>\n<td style=\"text-align: center;\" data-sheets-value=\"{&quot;1&quot;:3,&quot;3&quot;:46}\"><strong>46<\/strong><\/td>\n<td style=\"text-align: center;\" data-sheets-value=\"{&quot;1&quot;:3,&quot;3&quot;:13}\">13<\/td>\n<td style=\"text-align: center;\" data-sheets-value=\"{&quot;1&quot;:3,&quot;3&quot;:30.2}\">30.2<\/td>\n<\/tr>\n<tr>\n<td style=\"text-align: center;\" data-sheets-value=\"{&quot;1&quot;:3,&quot;3&quot;:47}\"><strong>47<\/strong><\/td>\n<td style=\"text-align: center;\" data-sheets-value=\"{&quot;1&quot;:3,&quot;3&quot;:14}\">14<\/td>\n<td style=\"text-align: center;\" data-sheets-value=\"{&quot;1&quot;:3,&quot;3&quot;:30.7}\">30.7<\/td>\n<\/tr>\n<\/tbody>\n<\/table>","protected":false},"excerpt":{"rendered":"<p><span data-sheets-value=\"{&quot;1&quot;:2,&quot;2&quot;:&quot;M\u00f5nusalt kerged ja painduvad barefoot jalatsid sportimiseks.nXero HFS jalan\u00f5ud on eriti kerged, h\u00e4sti painduva tallaga ja hingavad, sobides h\u00e4sti sportimiseks. Jalan\u00f5ude sees on niiskust eemale juhtiv tekstiilvooder ja eemaldatav 3.5 mm paksune sisetald. Sobivad keskmisele ja laiemale jalale, k\u00f5rgusest v\u00e4ga h\u00e4sti reguleeritavad. nPealmine osa: hingav tekstiilnSisetald: 3.5 mm, eemaldatavnTald: 2 mm FeelTrue\u00ae Sole + 2.5 mm vahetald + 3 mm tallamusternValmistatud HiinasnVegan&quot;}\" data-sheets-userformat=\"{&quot;2&quot;:513,&quot;3&quot;:{&quot;1&quot;:0},&quot;12&quot;:0}\">Pleasantly light and flexible barefoot shoes for sports.<\/span><\/p>","protected":false},"featured_media":13297,"comment_status":"open","ping_status":"closed","template":"","meta":{"_monsterinsights_skip_tracking":false,"_monsterinsights_sitenote_active":false,"_monsterinsights_sitenote_note":"","_monsterinsights_sitenote_category":0,"neve_meta_sidebar":"","neve_meta_container":"","neve_meta_enable_content_width":"off","neve_meta_content_width":70,"neve_meta_title_alignment":"","neve_meta_author_avatar":"","neve_post_elements_order":"","neve_meta_disable_header":"","neve_meta_disable_footer":"","neve_meta_disable_title":""},"product_cat":[71,19,23],"product_tag":[],"yoast_head":"<!-- This site is optimized with the Yoast SEO plugin v22.4 - https:\/\/yoast.com\/wordpress\/plugins\/seo\/ -->\n<title>Xero Shoes HFS M - Minimalist.ee<\/title>\n<meta name=\"description\" content=\"Paljajalujaltsid, barefoot jalatsid, jalatsid lastele, jalatsid t\u00e4iskasvanutele, kogu pere barefoot jalatsite pood\" \/>\n<meta name=\"robots\" content=\"index, follow, max-snippet:-1, max-image-preview:large, max-video-preview:-1\" \/>\n<link rel=\"canonical\" href=\"https:\/\/minimalist.ee\/en\/product\/xero-shoes-hfs-m\/\" \/>\n<meta property=\"og:locale\" content=\"en_US\" \/>\n<meta property=\"og:type\" content=\"article\" \/>\n<meta property=\"og:title\" content=\"Xero Shoes HFS M - Minimalist.ee\" \/>\n<meta property=\"og:description\" content=\"Paljajalujaltsid, barefoot jalatsid, jalatsid lastele, jalatsid t\u00e4iskasvanutele, kogu pere barefoot jalatsite pood\" \/>\n<meta property=\"og:url\" content=\"https:\/\/minimalist.ee\/en\/product\/xero-shoes-hfs-m\/\" \/>\n<meta property=\"og:site_name\" content=\"Minimalist.ee\" \/>\n<meta property=\"article:publisher\" content=\"https:\/\/www.facebook.com\/www.minimalist.ee\" \/>\n<meta property=\"article:modified_time\" content=\"2024-05-19T07:21:31+00:00\" \/>\n<meta property=\"og:image\" content=\"https:\/\/minimalist.ee\/wp-content\/uploads\/2023\/03\/HFM-NSB_HFS_Navy-Scuba-Blue_Pair2_900_WEB-770x500-1.jpg\" \/>\n\t<meta property=\"og:image:width\" content=\"770\" \/>\n\t<meta property=\"og:image:height\" content=\"500\" \/>\n\t<meta property=\"og:image:type\" content=\"image\/jpeg\" \/>\n<meta name=\"twitter:card\" content=\"summary_large_image\" \/>\n<meta name=\"twitter:label1\" content=\"Est. reading time\" \/>\n\t<meta name=\"twitter:data1\" content=\"1 minute\" \/>\n<script type=\"application\/ld+json\" class=\"yoast-schema-graph\">{\"@context\":\"https:\/\/schema.org\",\"@graph\":[{\"@type\":\"WebPage\",\"@id\":\"https:\/\/minimalist.ee\/toode\/xero-shoes-hfs-m\/\",\"url\":\"https:\/\/minimalist.ee\/toode\/xero-shoes-hfs-m\/\",\"name\":\"Xero Shoes HFS M - Minimalist.ee\",\"isPartOf\":{\"@id\":\"https:\/\/minimalist.ee\/#website\"},\"primaryImageOfPage\":{\"@id\":\"https:\/\/minimalist.ee\/toode\/xero-shoes-hfs-m\/#primaryimage\"},\"image\":{\"@id\":\"https:\/\/minimalist.ee\/toode\/xero-shoes-hfs-m\/#primaryimage\"},\"thumbnailUrl\":\"https:\/\/minimalist.ee\/wp-content\/uploads\/2023\/03\/HFM-NSB_HFS_Navy-Scuba-Blue_Pair2_900_WEB-770x500-1.jpg\",\"datePublished\":\"2023-03-31T13:15:49+00:00\",\"dateModified\":\"2024-05-19T07:21:31+00:00\",\"description\":\"Paljajalujaltsid, barefoot jalatsid, jalatsid lastele, jalatsid t\u00e4iskasvanutele, kogu pere barefoot jalatsite pood\",\"breadcrumb\":{\"@id\":\"https:\/\/minimalist.ee\/toode\/xero-shoes-hfs-m\/#breadcrumb\"},\"inLanguage\":\"en-US\",\"potentialAction\":[{\"@type\":\"ReadAction\",\"target\":[\"https:\/\/minimalist.ee\/toode\/xero-shoes-hfs-m\/\"]}]},{\"@type\":\"ImageObject\",\"inLanguage\":\"en-US\",\"@id\":\"https:\/\/minimalist.ee\/toode\/xero-shoes-hfs-m\/#primaryimage\",\"url\":\"https:\/\/minimalist.ee\/wp-content\/uploads\/2023\/03\/HFM-NSB_HFS_Navy-Scuba-Blue_Pair2_900_WEB-770x500-1.jpg\",\"contentUrl\":\"https:\/\/minimalist.ee\/wp-content\/uploads\/2023\/03\/HFM-NSB_HFS_Navy-Scuba-Blue_Pair2_900_WEB-770x500-1.jpg\",\"width\":770,\"height\":500},{\"@type\":\"BreadcrumbList\",\"@id\":\"https:\/\/minimalist.ee\/toode\/xero-shoes-hfs-m\/#breadcrumb\",\"itemListElement\":[{\"@type\":\"ListItem\",\"position\":1,\"name\":\"Home\",\"item\":\"https:\/\/minimalist.ee\/\"},{\"@type\":\"ListItem\",\"position\":2,\"name\":\"Pood\",\"item\":\"https:\/\/minimalist.ee\/pood\/\"},{\"@type\":\"ListItem\",\"position\":3,\"name\":\"Xero Shoes HFS M\"}]},{\"@type\":\"WebSite\",\"@id\":\"https:\/\/minimalist.ee\/#website\",\"url\":\"https:\/\/minimalist.ee\/\",\"name\":\"Minimalist.ee\",\"description\":\"Barefoot jalatsid\",\"publisher\":{\"@id\":\"https:\/\/minimalist.ee\/#organization\"},\"potentialAction\":[{\"@type\":\"SearchAction\",\"target\":{\"@type\":\"EntryPoint\",\"urlTemplate\":\"https:\/\/minimalist.ee\/?s={search_term_string}\"},\"query-input\":\"required name=search_term_string\"}],\"inLanguage\":\"en-US\"},{\"@type\":\"Organization\",\"@id\":\"https:\/\/minimalist.ee\/#organization\",\"name\":\"Minimalist Shoes O\u00dc\",\"url\":\"https:\/\/minimalist.ee\/\",\"logo\":{\"@type\":\"ImageObject\",\"inLanguage\":\"en-US\",\"@id\":\"https:\/\/minimalist.ee\/#\/schema\/logo\/image\/\",\"url\":\"https:\/\/minimalist.ee\/wp-content\/uploads\/2020\/10\/Original.png\",\"contentUrl\":\"https:\/\/minimalist.ee\/wp-content\/uploads\/2020\/10\/Original.png\",\"width\":2048,\"height\":2000,\"caption\":\"Minimalist Shoes O\u00dc\"},\"image\":{\"@id\":\"https:\/\/minimalist.ee\/#\/schema\/logo\/image\/\"},\"sameAs\":[\"https:\/\/www.facebook.com\/www.minimalist.ee\",\"https:\/\/www.instagram.com\/minimalistshoesest\/\"]}]}<\/script>\n<!-- \/ Yoast SEO plugin. -->","yoast_head_json":{"title":"Xero Shoes HFS M - Minimalist.ee","description":"Paljajalujaltsid, barefoot jalatsid, jalatsid lastele, jalatsid t\u00e4iskasvanutele, kogu pere barefoot jalatsite pood","robots":{"index":"index","follow":"follow","max-snippet":"max-snippet:-1","max-image-preview":"max-image-preview:large","max-video-preview":"max-video-preview:-1"},"canonical":"https:\/\/minimalist.ee\/en\/product\/xero-shoes-hfs-m\/","og_locale":"en_US","og_type":"article","og_title":"Xero Shoes HFS M - Minimalist.ee","og_description":"Paljajalujaltsid, barefoot jalatsid, jalatsid lastele, jalatsid t\u00e4iskasvanutele, kogu pere barefoot jalatsite pood","og_url":"https:\/\/minimalist.ee\/en\/product\/xero-shoes-hfs-m\/","og_site_name":"Minimalist.ee","article_publisher":"https:\/\/www.facebook.com\/www.minimalist.ee","article_modified_time":"2024-05-19T07:21:31+00:00","og_image":[{"width":770,"height":500,"url":"https:\/\/minimalist.ee\/wp-content\/uploads\/2023\/03\/HFM-NSB_HFS_Navy-Scuba-Blue_Pair2_900_WEB-770x500-1.jpg","type":"image\/jpeg"}],"twitter_card":"summary_large_image","twitter_misc":{"Est. reading time":"1 minute"},"schema":{"@context":"https:\/\/schema.org","@graph":[{"@type":"WebPage","@id":"https:\/\/minimalist.ee\/toode\/xero-shoes-hfs-m\/","url":"https:\/\/minimalist.ee\/toode\/xero-shoes-hfs-m\/","name":"Xero Shoes HFS M - Minimalist.ee","isPartOf":{"@id":"https:\/\/minimalist.ee\/#website"},"primaryImageOfPage":{"@id":"https:\/\/minimalist.ee\/toode\/xero-shoes-hfs-m\/#primaryimage"},"image":{"@id":"https:\/\/minimalist.ee\/toode\/xero-shoes-hfs-m\/#primaryimage"},"thumbnailUrl":"https:\/\/minimalist.ee\/wp-content\/uploads\/2023\/03\/HFM-NSB_HFS_Navy-Scuba-Blue_Pair2_900_WEB-770x500-1.jpg","datePublished":"2023-03-31T13:15:49+00:00","dateModified":"2024-05-19T07:21:31+00:00","description":"Paljajalujaltsid, barefoot jalatsid, jalatsid lastele, jalatsid t\u00e4iskasvanutele, kogu pere barefoot jalatsite pood","breadcrumb":{"@id":"https:\/\/minimalist.ee\/toode\/xero-shoes-hfs-m\/#breadcrumb"},"inLanguage":"en-US","potentialAction":[{"@type":"ReadAction","target":["https:\/\/minimalist.ee\/toode\/xero-shoes-hfs-m\/"]}]},{"@type":"ImageObject","inLanguage":"en-US","@id":"https:\/\/minimalist.ee\/toode\/xero-shoes-hfs-m\/#primaryimage","url":"https:\/\/minimalist.ee\/wp-content\/uploads\/2023\/03\/HFM-NSB_HFS_Navy-Scuba-Blue_Pair2_900_WEB-770x500-1.jpg","contentUrl":"https:\/\/minimalist.ee\/wp-content\/uploads\/2023\/03\/HFM-NSB_HFS_Navy-Scuba-Blue_Pair2_900_WEB-770x500-1.jpg","width":770,"height":500},{"@type":"BreadcrumbList","@id":"https:\/\/minimalist.ee\/toode\/xero-shoes-hfs-m\/#breadcrumb","itemListElement":[{"@type":"ListItem","position":1,"name":"Home","item":"https:\/\/minimalist.ee\/"},{"@type":"ListItem","position":2,"name":"Pood","item":"https:\/\/minimalist.ee\/pood\/"},{"@type":"ListItem","position":3,"name":"Xero Shoes HFS M"}]},{"@type":"WebSite","@id":"https:\/\/minimalist.ee\/#website","url":"https:\/\/minimalist.ee\/","name":"Minimalist.ee","description":"Barefoot jalatsid","publisher":{"@id":"https:\/\/minimalist.ee\/#organization"},"potentialAction":[{"@type":"SearchAction","target":{"@type":"EntryPoint","urlTemplate":"https:\/\/minimalist.ee\/?s={search_term_string}"},"query-input":"required name=search_term_string"}],"inLanguage":"en-US"},{"@type":"Organization","@id":"https:\/\/minimalist.ee\/#organization","name":"Minimalist Shoes O\u00dc","url":"https:\/\/minimalist.ee\/","logo":{"@type":"ImageObject","inLanguage":"en-US","@id":"https:\/\/minimalist.ee\/#\/schema\/logo\/image\/","url":"https:\/\/minimalist.ee\/wp-content\/uploads\/2020\/10\/Original.png","contentUrl":"https:\/\/minimalist.ee\/wp-content\/uploads\/2020\/10\/Original.png","width":2048,"height":2000,"caption":"Minimalist Shoes O\u00dc"},"image":{"@id":"https:\/\/minimalist.ee\/#\/schema\/logo\/image\/"},"sameAs":["https:\/\/www.facebook.com\/www.minimalist.ee","https:\/\/www.instagram.com\/minimalistshoesest\/"]}]}},"jetpack_sharing_enabled":true,"_links":{"self":[{"href":"https:\/\/minimalist.ee\/en\/wp-json\/wp\/v2\/product\/13285"}],"collection":[{"href":"https:\/\/minimalist.ee\/en\/wp-json\/wp\/v2\/product"}],"about":[{"href":"https:\/\/minimalist.ee\/en\/wp-json\/wp\/v2\/types\/product"}],"replies":[{"embeddable":true,"href":"https:\/\/minimalist.ee\/en\/wp-json\/wp\/v2\/comments?post=13285"}],"wp:featuredmedia":[{"embeddable":true,"href":"https:\/\/minimalist.ee\/en\/wp-json\/wp\/v2\/media\/13297"}],"wp:attachment":[{"href":"https:\/\/minimalist.ee\/en\/wp-json\/wp\/v2\/media?parent=13285"}],"wp:term":[{"taxonomy":"product_cat","embeddable":true,"href":"https:\/\/minimalist.ee\/en\/wp-json\/wp\/v2\/product_cat?post=13285"},{"taxonomy":"product_tag","embeddable":true,"href":"https:\/\/minimalist.ee\/en\/wp-json\/wp\/v2\/product_tag?post=13285"}],"curies":[{"name":"wp","href":"https:\/\/api.w.org\/{rel}","templated":true}]}}