{"id":13016,"date":"2023-03-11T09:08:11","date_gmt":"2023-03-11T09:08:11","guid":{"rendered":"https:\/\/minimalist.ee\/?post_type=product&#038;p=13016"},"modified":"2025-07-30T13:26:26","modified_gmt":"2025-07-30T13:26:26","slug":"bundgaard-cover-kummikud","status":"publish","type":"product","link":"https:\/\/minimalist.ee\/en\/product\/bundgaard-cover-kummikud\/","title":{"rendered":"Bundgaard Cover rubber boots"},"content":{"rendered":"<p><span data-sheets-value=\"{&quot;1&quot;:2,&quot;2&quot;:&quot;Bundgaard Cover kummikud\\n\\nV\u00e4ga kerged ja h\u00e4sti painduvad kummikud pisikestele.\\nSobivad keskmisele ja laiale jalale, keskmise k\u00f5rgusega ja veidi k\u00f5rgemale jalale. V\u00e4ga hea ninakujuga. Kummikute sees olev sisetald on eemaldatav. Kummikute tagak\u00fcljel on pikk helkurriba.\\nPealmine osa: naturaalne kumm \\nVooder ja sisetald: 65% puuvill, 35% dakron \\nTald: kumm\\nValmistatud Hiinas&quot;}\" data-sheets-userformat=\"{&quot;2&quot;:513,&quot;3&quot;:{&quot;1&quot;:0},&quot;12&quot;:0}\">Very light and flexible rubber bands for little ones.<br \/>\n<\/span><\/p>\n<p><span data-sheets-value=\"{&quot;1&quot;:2,&quot;2&quot;:&quot;Bundgaard Cover kummikud\\n\\nV\u00e4ga kerged ja h\u00e4sti painduvad kummikud pisikestele.\\nSobivad keskmisele ja laiale jalale, keskmise k\u00f5rgusega ja veidi k\u00f5rgemale jalale. V\u00e4ga hea ninakujuga. Kummikute sees olev sisetald on eemaldatav. Kummikute tagak\u00fcljel on pikk helkurriba.\\nPealmine osa: naturaalne kumm \\nVooder ja sisetald: 65% puuvill, 35% dakron \\nTald: kumm\\nValmistatud Hiinas&quot;}\" data-sheets-userformat=\"{&quot;2&quot;:513,&quot;3&quot;:{&quot;1&quot;:0},&quot;12&quot;:0}\">Suitable for medium and wide feet, medium height and slightly taller feet. With a very good nose shape. The boots have a removable insole, a long reflective strip on the back.<br \/>\n<\/span><\/p>\n<p><span data-sheets-value=\"{&quot;1&quot;:2,&quot;2&quot;:&quot;Bundgaard Cover kummikud\\n\\nV\u00e4ga kerged ja h\u00e4sti painduvad kummikud pisikestele.\\nSobivad keskmisele ja laiale jalale, keskmise k\u00f5rgusega ja veidi k\u00f5rgemale jalale. V\u00e4ga hea ninakujuga. Kummikute sees olev sisetald on eemaldatav. Kummikute tagak\u00fcljel on pikk helkurriba.\\nPealmine osa: naturaalne kumm \\nVooder ja sisetald: 65% puuvill, 35% dakron \\nTald: kumm\\nValmistatud Hiinas&quot;}\" data-sheets-userformat=\"{&quot;2&quot;:513,&quot;3&quot;:{&quot;1&quot;:0},&quot;12&quot;:0}\">Upper: natural rubber<br \/>\nLining and insole: 65% cotton, 35% dacron<br \/>\nSole: rubber<br \/>\n<\/span><\/p>\n<p><span data-sheets-value=\"{&quot;1&quot;:2,&quot;2&quot;:&quot;Bundgaard Cover kummikud\\n\\nV\u00e4ga kerged ja h\u00e4sti painduvad kummikud pisikestele.\\nSobivad keskmisele ja laiale jalale, keskmise k\u00f5rgusega ja veidi k\u00f5rgemale jalale. V\u00e4ga hea ninakujuga. Kummikute sees olev sisetald on eemaldatav. Kummikute tagak\u00fcljel on pikk helkurriba.\\nPealmine osa: naturaalne kumm \\nVooder ja sisetald: 65% puuvill, 35% dakron \\nTald: kumm\\nValmistatud Hiinas&quot;}\" data-sheets-userformat=\"{&quot;2&quot;:513,&quot;3&quot;:{&quot;1&quot;:0},&quot;12&quot;:0}\">Made in China<\/span><\/p>\n<p>The minimalist dimensions of the Bundgaard Cover rubber blanket<\/p>\n<table dir=\"ltr\" border=\"1\" cellspacing=\"0\" cellpadding=\"0\" data-sheets-root=\"1\" data-sheets-baot=\"1\">\n<colgroup>\n<col width=\"70\" \/>\n<col width=\"70\" \/>\n<col width=\"70\" \/><\/colgroup>\n<tbody>\n<tr>\n<td style=\"text-align: center;\"><strong>Size<\/strong><\/td>\n<td style=\"text-align: center;\"><strong>Inside length<\/strong><\/td>\n<td style=\"text-align: center;\"><strong>Width<\/strong><\/td>\n<\/tr>\n<tr>\n<td style=\"text-align: center;\"><strong>19<\/strong><\/td>\n<td style=\"text-align: center;\">13.1<\/td>\n<td style=\"text-align: center;\">5.7<\/td>\n<\/tr>\n<tr>\n<td style=\"text-align: center;\"><strong>20<\/strong><\/td>\n<td style=\"text-align: center;\">13.7<\/td>\n<td style=\"text-align: center;\">5.8<\/td>\n<\/tr>\n<tr>\n<td style=\"text-align: center;\"><strong>21<\/strong><\/td>\n<td style=\"text-align: center;\">14.2<\/td>\n<td style=\"text-align: center;\">6<\/td>\n<\/tr>\n<tr>\n<td style=\"text-align: center;\"><strong>22<\/strong><\/td>\n<td style=\"text-align: center;\">14.9<\/td>\n<td style=\"text-align: center;\">6.1<\/td>\n<\/tr>\n<tr>\n<td style=\"text-align: center;\"><strong>23<\/strong><\/td>\n<td style=\"text-align: center;\">15.6<\/td>\n<td style=\"text-align: center;\">6.3<\/td>\n<\/tr>\n<\/tbody>\n<\/table>\n<p>*Width measured from the insole<\/p>","protected":false},"excerpt":{"rendered":"<p><span data-sheets-value=\"{&quot;1&quot;:2,&quot;2&quot;:&quot;Bundgaard Cover kummikud\\n\\nV\u00e4ga kerged ja h\u00e4sti painduvad kummikud pisikestele.\\nSobivad keskmisele ja laiale jalale, keskmise k\u00f5rgusega ja veidi k\u00f5rgemale jalale. V\u00e4ga hea ninakujuga. Kummikute sees olev sisetald on eemaldatav. Kummikute tagak\u00fcljel on pikk helkurriba.\\nPealmine osa: naturaalne kumm \\nVooder ja sisetald: 65% puuvill, 35% dakron \\nTald: kumm\\nValmistatud Hiinas&quot;}\" data-sheets-userformat=\"{&quot;2&quot;:513,&quot;3&quot;:{&quot;1&quot;:0},&quot;12&quot;:0}\">Very light and flexible rubber bands for little ones.<\/span><\/p>","protected":false},"featured_media":16757,"comment_status":"open","ping_status":"closed","template":"","meta":{"_monsterinsights_skip_tracking":false,"_monsterinsights_sitenote_active":false,"_monsterinsights_sitenote_note":"","_monsterinsights_sitenote_category":0,"neve_meta_sidebar":"","neve_meta_container":"","neve_meta_enable_content_width":"off","neve_meta_content_width":70,"neve_meta_title_alignment":"","neve_meta_author_avatar":"","neve_post_elements_order":"","neve_meta_disable_header":"","neve_meta_disable_footer":"","neve_meta_disable_title":""},"product_cat":[20,21],"product_tag":[],"yoast_head":"<!-- This site is optimized with the Yoast SEO plugin v22.4 - https:\/\/yoast.com\/wordpress\/plugins\/seo\/ -->\n<title>Bundgaard Cover kummikud - Minimalist.ee<\/title>\n<meta name=\"description\" content=\"Paljajalujaltsid, barefoot jalatsid, jalatsid lastele, jalatsid t\u00e4iskasvanutele, kogu pere barefoot jalatsite pood\" \/>\n<meta name=\"robots\" content=\"index, follow, max-snippet:-1, max-image-preview:large, max-video-preview:-1\" \/>\n<link rel=\"canonical\" href=\"https:\/\/minimalist.ee\/en\/product\/bundgaard-cover-kummikud\/\" \/>\n<meta property=\"og:locale\" content=\"en_US\" \/>\n<meta property=\"og:type\" content=\"article\" \/>\n<meta property=\"og:title\" content=\"Bundgaard Cover kummikud - Minimalist.ee\" \/>\n<meta property=\"og:description\" content=\"Paljajalujaltsid, barefoot jalatsid, jalatsid lastele, jalatsid t\u00e4iskasvanutele, kogu pere barefoot jalatsite pood\" \/>\n<meta property=\"og:url\" content=\"https:\/\/minimalist.ee\/en\/product\/bundgaard-cover-kummikud\/\" \/>\n<meta property=\"og:site_name\" content=\"Minimalist.ee\" \/>\n<meta property=\"article:publisher\" content=\"https:\/\/www.facebook.com\/www.minimalist.ee\" \/>\n<meta property=\"article:modified_time\" content=\"2025-07-30T13:26:26+00:00\" \/>\n<meta property=\"og:image\" content=\"https:\/\/minimalist.ee\/wp-content\/uploads\/2024\/10\/zgicj78jabyacphysg0b.jpg\" \/>\n\t<meta property=\"og:image:width\" content=\"1800\" \/>\n\t<meta property=\"og:image:height\" content=\"2250\" \/>\n\t<meta property=\"og:image:type\" content=\"image\/jpeg\" \/>\n<meta name=\"twitter:card\" content=\"summary_large_image\" \/>\n<meta name=\"twitter:label1\" content=\"Est. reading time\" \/>\n\t<meta name=\"twitter:data1\" content=\"1 minute\" \/>\n<script type=\"application\/ld+json\" class=\"yoast-schema-graph\">{\"@context\":\"https:\/\/schema.org\",\"@graph\":[{\"@type\":\"WebPage\",\"@id\":\"https:\/\/minimalist.ee\/toode\/bundgaard-cover-kummikud\/\",\"url\":\"https:\/\/minimalist.ee\/toode\/bundgaard-cover-kummikud\/\",\"name\":\"Bundgaard Cover kummikud - Minimalist.ee\",\"isPartOf\":{\"@id\":\"https:\/\/minimalist.ee\/#website\"},\"primaryImageOfPage\":{\"@id\":\"https:\/\/minimalist.ee\/toode\/bundgaard-cover-kummikud\/#primaryimage\"},\"image\":{\"@id\":\"https:\/\/minimalist.ee\/toode\/bundgaard-cover-kummikud\/#primaryimage\"},\"thumbnailUrl\":\"https:\/\/minimalist.ee\/wp-content\/uploads\/2024\/10\/zgicj78jabyacphysg0b.jpg\",\"datePublished\":\"2023-03-11T09:08:11+00:00\",\"dateModified\":\"2025-07-30T13:26:26+00:00\",\"description\":\"Paljajalujaltsid, barefoot jalatsid, jalatsid lastele, jalatsid t\u00e4iskasvanutele, kogu pere barefoot jalatsite pood\",\"breadcrumb\":{\"@id\":\"https:\/\/minimalist.ee\/toode\/bundgaard-cover-kummikud\/#breadcrumb\"},\"inLanguage\":\"en-US\",\"potentialAction\":[{\"@type\":\"ReadAction\",\"target\":[\"https:\/\/minimalist.ee\/toode\/bundgaard-cover-kummikud\/\"]}]},{\"@type\":\"ImageObject\",\"inLanguage\":\"en-US\",\"@id\":\"https:\/\/minimalist.ee\/toode\/bundgaard-cover-kummikud\/#primaryimage\",\"url\":\"https:\/\/minimalist.ee\/wp-content\/uploads\/2024\/10\/zgicj78jabyacphysg0b.jpg\",\"contentUrl\":\"https:\/\/minimalist.ee\/wp-content\/uploads\/2024\/10\/zgicj78jabyacphysg0b.jpg\",\"width\":1800,\"height\":2250},{\"@type\":\"BreadcrumbList\",\"@id\":\"https:\/\/minimalist.ee\/toode\/bundgaard-cover-kummikud\/#breadcrumb\",\"itemListElement\":[{\"@type\":\"ListItem\",\"position\":1,\"name\":\"Home\",\"item\":\"https:\/\/minimalist.ee\/\"},{\"@type\":\"ListItem\",\"position\":2,\"name\":\"Pood\",\"item\":\"https:\/\/minimalist.ee\/pood\/\"},{\"@type\":\"ListItem\",\"position\":3,\"name\":\"Bundgaard Cover kummikud\"}]},{\"@type\":\"WebSite\",\"@id\":\"https:\/\/minimalist.ee\/#website\",\"url\":\"https:\/\/minimalist.ee\/\",\"name\":\"Minimalist.ee\",\"description\":\"Barefoot jalatsid\",\"publisher\":{\"@id\":\"https:\/\/minimalist.ee\/#organization\"},\"potentialAction\":[{\"@type\":\"SearchAction\",\"target\":{\"@type\":\"EntryPoint\",\"urlTemplate\":\"https:\/\/minimalist.ee\/?s={search_term_string}\"},\"query-input\":\"required name=search_term_string\"}],\"inLanguage\":\"en-US\"},{\"@type\":\"Organization\",\"@id\":\"https:\/\/minimalist.ee\/#organization\",\"name\":\"Minimalist Shoes O\u00dc\",\"url\":\"https:\/\/minimalist.ee\/\",\"logo\":{\"@type\":\"ImageObject\",\"inLanguage\":\"en-US\",\"@id\":\"https:\/\/minimalist.ee\/#\/schema\/logo\/image\/\",\"url\":\"https:\/\/minimalist.ee\/wp-content\/uploads\/2020\/10\/Original.png\",\"contentUrl\":\"https:\/\/minimalist.ee\/wp-content\/uploads\/2020\/10\/Original.png\",\"width\":2048,\"height\":2000,\"caption\":\"Minimalist Shoes O\u00dc\"},\"image\":{\"@id\":\"https:\/\/minimalist.ee\/#\/schema\/logo\/image\/\"},\"sameAs\":[\"https:\/\/www.facebook.com\/www.minimalist.ee\",\"https:\/\/www.instagram.com\/minimalistshoesest\/\"]}]}<\/script>\n<!-- \/ Yoast SEO plugin. -->","yoast_head_json":{"title":"Bundgaard Cover kummikud - Minimalist.ee","description":"Paljajalujaltsid, barefoot jalatsid, jalatsid lastele, jalatsid t\u00e4iskasvanutele, kogu pere barefoot jalatsite pood","robots":{"index":"index","follow":"follow","max-snippet":"max-snippet:-1","max-image-preview":"max-image-preview:large","max-video-preview":"max-video-preview:-1"},"canonical":"https:\/\/minimalist.ee\/en\/product\/bundgaard-cover-kummikud\/","og_locale":"en_US","og_type":"article","og_title":"Bundgaard Cover kummikud - Minimalist.ee","og_description":"Paljajalujaltsid, barefoot jalatsid, jalatsid lastele, jalatsid t\u00e4iskasvanutele, kogu pere barefoot jalatsite pood","og_url":"https:\/\/minimalist.ee\/en\/product\/bundgaard-cover-kummikud\/","og_site_name":"Minimalist.ee","article_publisher":"https:\/\/www.facebook.com\/www.minimalist.ee","article_modified_time":"2025-07-30T13:26:26+00:00","og_image":[{"width":1800,"height":2250,"url":"https:\/\/minimalist.ee\/wp-content\/uploads\/2024\/10\/zgicj78jabyacphysg0b.jpg","type":"image\/jpeg"}],"twitter_card":"summary_large_image","twitter_misc":{"Est. reading time":"1 minute"},"schema":{"@context":"https:\/\/schema.org","@graph":[{"@type":"WebPage","@id":"https:\/\/minimalist.ee\/toode\/bundgaard-cover-kummikud\/","url":"https:\/\/minimalist.ee\/toode\/bundgaard-cover-kummikud\/","name":"Bundgaard Cover kummikud - Minimalist.ee","isPartOf":{"@id":"https:\/\/minimalist.ee\/#website"},"primaryImageOfPage":{"@id":"https:\/\/minimalist.ee\/toode\/bundgaard-cover-kummikud\/#primaryimage"},"image":{"@id":"https:\/\/minimalist.ee\/toode\/bundgaard-cover-kummikud\/#primaryimage"},"thumbnailUrl":"https:\/\/minimalist.ee\/wp-content\/uploads\/2024\/10\/zgicj78jabyacphysg0b.jpg","datePublished":"2023-03-11T09:08:11+00:00","dateModified":"2025-07-30T13:26:26+00:00","description":"Paljajalujaltsid, barefoot jalatsid, jalatsid lastele, jalatsid t\u00e4iskasvanutele, kogu pere barefoot jalatsite pood","breadcrumb":{"@id":"https:\/\/minimalist.ee\/toode\/bundgaard-cover-kummikud\/#breadcrumb"},"inLanguage":"en-US","potentialAction":[{"@type":"ReadAction","target":["https:\/\/minimalist.ee\/toode\/bundgaard-cover-kummikud\/"]}]},{"@type":"ImageObject","inLanguage":"en-US","@id":"https:\/\/minimalist.ee\/toode\/bundgaard-cover-kummikud\/#primaryimage","url":"https:\/\/minimalist.ee\/wp-content\/uploads\/2024\/10\/zgicj78jabyacphysg0b.jpg","contentUrl":"https:\/\/minimalist.ee\/wp-content\/uploads\/2024\/10\/zgicj78jabyacphysg0b.jpg","width":1800,"height":2250},{"@type":"BreadcrumbList","@id":"https:\/\/minimalist.ee\/toode\/bundgaard-cover-kummikud\/#breadcrumb","itemListElement":[{"@type":"ListItem","position":1,"name":"Home","item":"https:\/\/minimalist.ee\/"},{"@type":"ListItem","position":2,"name":"Pood","item":"https:\/\/minimalist.ee\/pood\/"},{"@type":"ListItem","position":3,"name":"Bundgaard Cover kummikud"}]},{"@type":"WebSite","@id":"https:\/\/minimalist.ee\/#website","url":"https:\/\/minimalist.ee\/","name":"Minimalist.ee","description":"Barefoot jalatsid","publisher":{"@id":"https:\/\/minimalist.ee\/#organization"},"potentialAction":[{"@type":"SearchAction","target":{"@type":"EntryPoint","urlTemplate":"https:\/\/minimalist.ee\/?s={search_term_string}"},"query-input":"required name=search_term_string"}],"inLanguage":"en-US"},{"@type":"Organization","@id":"https:\/\/minimalist.ee\/#organization","name":"Minimalist Shoes O\u00dc","url":"https:\/\/minimalist.ee\/","logo":{"@type":"ImageObject","inLanguage":"en-US","@id":"https:\/\/minimalist.ee\/#\/schema\/logo\/image\/","url":"https:\/\/minimalist.ee\/wp-content\/uploads\/2020\/10\/Original.png","contentUrl":"https:\/\/minimalist.ee\/wp-content\/uploads\/2020\/10\/Original.png","width":2048,"height":2000,"caption":"Minimalist Shoes O\u00dc"},"image":{"@id":"https:\/\/minimalist.ee\/#\/schema\/logo\/image\/"},"sameAs":["https:\/\/www.facebook.com\/www.minimalist.ee","https:\/\/www.instagram.com\/minimalistshoesest\/"]}]}},"jetpack_sharing_enabled":true,"_links":{"self":[{"href":"https:\/\/minimalist.ee\/en\/wp-json\/wp\/v2\/product\/13016"}],"collection":[{"href":"https:\/\/minimalist.ee\/en\/wp-json\/wp\/v2\/product"}],"about":[{"href":"https:\/\/minimalist.ee\/en\/wp-json\/wp\/v2\/types\/product"}],"replies":[{"embeddable":true,"href":"https:\/\/minimalist.ee\/en\/wp-json\/wp\/v2\/comments?post=13016"}],"wp:featuredmedia":[{"embeddable":true,"href":"https:\/\/minimalist.ee\/en\/wp-json\/wp\/v2\/media\/16757"}],"wp:attachment":[{"href":"https:\/\/minimalist.ee\/en\/wp-json\/wp\/v2\/media?parent=13016"}],"wp:term":[{"taxonomy":"product_cat","embeddable":true,"href":"https:\/\/minimalist.ee\/en\/wp-json\/wp\/v2\/product_cat?post=13016"},{"taxonomy":"product_tag","embeddable":true,"href":"https:\/\/minimalist.ee\/en\/wp-json\/wp\/v2\/product_tag?post=13016"}],"curies":[{"name":"wp","href":"https:\/\/api.w.org\/{rel}","templated":true}]}}