{"id":12832,"date":"2023-02-11T10:17:05","date_gmt":"2023-02-11T10:17:05","guid":{"rendered":"https:\/\/minimalist.ee\/?post_type=product&#038;p=12832"},"modified":"2026-01-14T14:12:35","modified_gmt":"2026-01-14T14:12:35","slug":"bundgaard-petit-mid-winter-lace","status":"publish","type":"product","link":"https:\/\/minimalist.ee\/en\/product\/bundgaard-petit-mid-winter-lace\/","title":{"rendered":"Bundgaard Petit Mid Winter Lace"},"content":{"rendered":"<p><span data-sheets-formula-bar-text-style=\"font-size:13px;color:#000000;font-weight:normal;text-decoration:none;font-family:'Arial';font-style:normal;text-decoration-skip-ink:none;\">Bundgraard Petit Mid Winter Lace talvesaapad on m\u00f5nusalt pehmed ja painduvad, sobides h\u00e4sti ka algajale k\u00f5ndijale. Need on naturaalse villase voodriga ja eemaldatava termotallaga. Jalan\u00f5udel on lai ninakuju ja libisemisvastane kummitald. Kummist ninaosa kaitseb jalan\u00f5ud kulumise eest. T\u00e4nu kr\u00f5pskinnitusele saab jalan\u00f5ud kiiresti ja mugavalt jalga panna. Sobivad keskmise laiusega ja kitsamale jalale. <\/span><\/p>\n<p><span data-sheets-formula-bar-text-style=\"font-size:13px;color:#000000;font-weight:normal;text-decoration:none;font-family:'Arial';font-style:normal;text-decoration-skip-ink:none;\">Upper: Leather <\/span><\/p>\n<p><span data-sheets-formula-bar-text-style=\"font-size:13px;color:#000000;font-weight:normal;text-decoration:none;font-family:'Arial';font-style:normal;text-decoration-skip-ink:none;\">Lining: 100% wool<\/span><\/p>\n<p><span data-sheets-formula-bar-text-style=\"font-size:13px;color:#000000;font-weight:normal;text-decoration:none;font-family:'Arial';font-style:normal;text-decoration-skip-ink:none;\">Insole: removable thermal insole <\/span><\/p>\n<p><span data-sheets-formula-bar-text-style=\"font-size:13px;color:#000000;font-weight:normal;text-decoration:none;font-family:'Arial';font-style:normal;text-decoration-skip-ink:none;\">Sole: TPR rubber<br \/>\n<\/span><\/p>\n<p>Valmistatud Indoneesias<\/p>\n<p>We recommend taking care of smooth leather boots <a href=\"https:\/\/minimalist.ee\/en\/product\/topi-natural-wax\/\">Topi Natural Wax<\/a> or <a href=\"https:\/\/minimalist.ee\/en\/product\/goldenmix-palsam-150ml\/\">with Goldenmix conditioner<\/a>, which cares for and protects the leather and makes the shoes more moisture-resistant.<\/p>\n<p>Minimalisti m\u00f5\u00f5dud Petit Mid Winter Lace mudelile<\/p>\n<table dir=\"ltr\" border=\"1\" cellspacing=\"0\" cellpadding=\"0\">\n<colgroup>\n<col width=\"70\" \/>\n<col width=\"70\" \/>\n<col width=\"70\" \/><\/colgroup>\n<tbody>\n<tr>\n<td style=\"text-align: center;\" data-sheets-value=\"{&quot;1&quot;:2,&quot;2&quot;:&quot;Suurus&quot;}\"><strong>Size<\/strong><\/td>\n<td style=\"text-align: center;\" data-sheets-value=\"{&quot;1&quot;:2,&quot;2&quot;:&quot;Sisepikkus&quot;}\"><strong>Inside length<\/strong><\/td>\n<td style=\"text-align: center;\" data-sheets-value=\"{&quot;1&quot;:2,&quot;2&quot;:&quot;Laius&quot;}\"><strong>Width<\/strong><\/td>\n<\/tr>\n<tr>\n<td style=\"text-align: center;\" data-sheets-value=\"{&quot;1&quot;:3,&quot;3&quot;:22}\"><strong>22<\/strong><\/td>\n<td style=\"text-align: center;\" data-sheets-value=\"{&quot;1&quot;:3,&quot;3&quot;:13.4}\">13.4<\/td>\n<td style=\"text-align: center;\" data-sheets-value=\"{&quot;1&quot;:3,&quot;3&quot;:6}\">6<\/td>\n<\/tr>\n<tr>\n<td style=\"text-align: center;\" data-sheets-value=\"{&quot;1&quot;:3,&quot;3&quot;:23}\"><strong>23<\/strong><\/td>\n<td style=\"text-align: center;\" data-sheets-value=\"{&quot;1&quot;:3,&quot;3&quot;:14.1}\">14.1<\/td>\n<td style=\"text-align: center;\" data-sheets-value=\"{&quot;1&quot;:3,&quot;3&quot;:6.3}\">6.3<\/td>\n<\/tr>\n<tr>\n<td style=\"text-align: center;\" data-sheets-value=\"{&quot;1&quot;:3,&quot;3&quot;:24}\"><strong>24<\/strong><\/td>\n<td style=\"text-align: center;\" data-sheets-value=\"{&quot;1&quot;:3,&quot;3&quot;:14.8}\">14.8<\/td>\n<td style=\"text-align: center;\" data-sheets-value=\"{&quot;1&quot;:3,&quot;3&quot;:6.4}\">6.4<\/td>\n<\/tr>\n<tr>\n<td style=\"text-align: center;\" data-sheets-value=\"{&quot;1&quot;:3,&quot;3&quot;:25}\"><strong>25<\/strong><\/td>\n<td style=\"text-align: center;\" data-sheets-value=\"{&quot;1&quot;:3,&quot;3&quot;:15.3}\">15.3<\/td>\n<td style=\"text-align: center;\" data-sheets-value=\"{&quot;1&quot;:3,&quot;3&quot;:6.7}\">6.7<\/td>\n<\/tr>\n<tr>\n<td style=\"text-align: center;\" data-sheets-value=\"{&quot;1&quot;:3,&quot;3&quot;:26}\"><strong>26<\/strong><\/td>\n<td style=\"text-align: center;\" data-sheets-value=\"{&quot;1&quot;:3,&quot;3&quot;:15.9}\">15.9<\/td>\n<td style=\"text-align: center;\" data-sheets-value=\"{&quot;1&quot;:3,&quot;3&quot;:7}\">7<\/td>\n<\/tr>\n<tr>\n<td style=\"text-align: center;\" data-sheets-value=\"{&quot;1&quot;:3,&quot;3&quot;:27}\"><strong>27<\/strong><\/td>\n<td style=\"text-align: center;\" data-sheets-value=\"{&quot;1&quot;:3,&quot;3&quot;:16.8}\">16.8<\/td>\n<td style=\"text-align: center;\" data-sheets-value=\"{&quot;1&quot;:3,&quot;3&quot;:7.2}\">7.2<\/td>\n<\/tr>\n<\/tbody>\n<\/table>","protected":false},"excerpt":{"rendered":"<p>Petit Mid Winter Lace light and flexible winter boots with wool lining.<\/p>","protected":false},"featured_media":12841,"comment_status":"open","ping_status":"closed","template":"","meta":{"_monsterinsights_skip_tracking":false,"_monsterinsights_sitenote_active":false,"_monsterinsights_sitenote_note":"","_monsterinsights_sitenote_category":0,"neve_meta_sidebar":"","neve_meta_container":"","neve_meta_enable_content_width":"off","neve_meta_content_width":70,"neve_meta_title_alignment":"","neve_meta_author_avatar":"","neve_post_elements_order":"","neve_meta_disable_header":"","neve_meta_disable_footer":"","neve_meta_disable_title":""},"product_cat":[20,22],"product_tag":[],"yoast_head":"<!-- This site is optimized with the Yoast SEO plugin v22.4 - https:\/\/yoast.com\/wordpress\/plugins\/seo\/ -->\n<title>Bundgaard Petit Mid Winter Lace - Minimalist.ee<\/title>\n<meta name=\"description\" content=\"Paljajalujaltsid, barefoot jalatsid, jalatsid lastele, jalatsid t\u00e4iskasvanutele, kogu pere barefoot jalatsite pood\" \/>\n<meta name=\"robots\" content=\"index, follow, max-snippet:-1, max-image-preview:large, max-video-preview:-1\" \/>\n<link rel=\"canonical\" href=\"https:\/\/minimalist.ee\/en\/product\/bundgaard-petit-mid-winter-lace\/\" \/>\n<meta property=\"og:locale\" content=\"en_US\" \/>\n<meta property=\"og:type\" content=\"article\" \/>\n<meta property=\"og:title\" content=\"Bundgaard Petit Mid Winter Lace - Minimalist.ee\" \/>\n<meta property=\"og:description\" content=\"Paljajalujaltsid, barefoot jalatsid, jalatsid lastele, jalatsid t\u00e4iskasvanutele, kogu pere barefoot jalatsite pood\" \/>\n<meta property=\"og:url\" content=\"https:\/\/minimalist.ee\/en\/product\/bundgaard-petit-mid-winter-lace\/\" \/>\n<meta property=\"og:site_name\" content=\"Minimalist.ee\" \/>\n<meta property=\"article:publisher\" content=\"https:\/\/www.facebook.com\/www.minimalist.ee\" \/>\n<meta property=\"article:modified_time\" content=\"2026-01-14T14:12:35+00:00\" \/>\n<meta property=\"og:image\" content=\"https:\/\/minimalist.ee\/wp-content\/uploads\/2023\/02\/BG303259DG_109-01.jpg\" \/>\n\t<meta property=\"og:image:width\" content=\"1080\" \/>\n\t<meta property=\"og:image:height\" content=\"1080\" \/>\n\t<meta property=\"og:image:type\" content=\"image\/jpeg\" \/>\n<meta name=\"twitter:card\" content=\"summary_large_image\" \/>\n<meta name=\"twitter:label1\" content=\"Est. reading time\" \/>\n\t<meta name=\"twitter:data1\" content=\"1 minute\" \/>\n<script type=\"application\/ld+json\" class=\"yoast-schema-graph\">{\"@context\":\"https:\/\/schema.org\",\"@graph\":[{\"@type\":\"WebPage\",\"@id\":\"https:\/\/minimalist.ee\/toode\/bundgaard-petit-mid-winter-lace\/\",\"url\":\"https:\/\/minimalist.ee\/toode\/bundgaard-petit-mid-winter-lace\/\",\"name\":\"Bundgaard Petit Mid Winter Lace - Minimalist.ee\",\"isPartOf\":{\"@id\":\"https:\/\/minimalist.ee\/#website\"},\"primaryImageOfPage\":{\"@id\":\"https:\/\/minimalist.ee\/toode\/bundgaard-petit-mid-winter-lace\/#primaryimage\"},\"image\":{\"@id\":\"https:\/\/minimalist.ee\/toode\/bundgaard-petit-mid-winter-lace\/#primaryimage\"},\"thumbnailUrl\":\"https:\/\/minimalist.ee\/wp-content\/uploads\/2023\/02\/BG303259DG_109-01.jpg\",\"datePublished\":\"2023-02-11T10:17:05+00:00\",\"dateModified\":\"2026-01-14T14:12:35+00:00\",\"description\":\"Paljajalujaltsid, barefoot jalatsid, jalatsid lastele, jalatsid t\u00e4iskasvanutele, kogu pere barefoot jalatsite pood\",\"breadcrumb\":{\"@id\":\"https:\/\/minimalist.ee\/toode\/bundgaard-petit-mid-winter-lace\/#breadcrumb\"},\"inLanguage\":\"en-US\",\"potentialAction\":[{\"@type\":\"ReadAction\",\"target\":[\"https:\/\/minimalist.ee\/toode\/bundgaard-petit-mid-winter-lace\/\"]}]},{\"@type\":\"ImageObject\",\"inLanguage\":\"en-US\",\"@id\":\"https:\/\/minimalist.ee\/toode\/bundgaard-petit-mid-winter-lace\/#primaryimage\",\"url\":\"https:\/\/minimalist.ee\/wp-content\/uploads\/2023\/02\/BG303259DG_109-01.jpg\",\"contentUrl\":\"https:\/\/minimalist.ee\/wp-content\/uploads\/2023\/02\/BG303259DG_109-01.jpg\",\"width\":1080,\"height\":1080},{\"@type\":\"BreadcrumbList\",\"@id\":\"https:\/\/minimalist.ee\/toode\/bundgaard-petit-mid-winter-lace\/#breadcrumb\",\"itemListElement\":[{\"@type\":\"ListItem\",\"position\":1,\"name\":\"Home\",\"item\":\"https:\/\/minimalist.ee\/\"},{\"@type\":\"ListItem\",\"position\":2,\"name\":\"Pood\",\"item\":\"https:\/\/minimalist.ee\/pood\/\"},{\"@type\":\"ListItem\",\"position\":3,\"name\":\"Bundgaard Petit Mid Winter Lace\"}]},{\"@type\":\"WebSite\",\"@id\":\"https:\/\/minimalist.ee\/#website\",\"url\":\"https:\/\/minimalist.ee\/\",\"name\":\"Minimalist.ee\",\"description\":\"Barefoot jalatsid\",\"publisher\":{\"@id\":\"https:\/\/minimalist.ee\/#organization\"},\"potentialAction\":[{\"@type\":\"SearchAction\",\"target\":{\"@type\":\"EntryPoint\",\"urlTemplate\":\"https:\/\/minimalist.ee\/?s={search_term_string}\"},\"query-input\":\"required name=search_term_string\"}],\"inLanguage\":\"en-US\"},{\"@type\":\"Organization\",\"@id\":\"https:\/\/minimalist.ee\/#organization\",\"name\":\"Minimalist Shoes O\u00dc\",\"url\":\"https:\/\/minimalist.ee\/\",\"logo\":{\"@type\":\"ImageObject\",\"inLanguage\":\"en-US\",\"@id\":\"https:\/\/minimalist.ee\/#\/schema\/logo\/image\/\",\"url\":\"https:\/\/minimalist.ee\/wp-content\/uploads\/2020\/10\/Original.png\",\"contentUrl\":\"https:\/\/minimalist.ee\/wp-content\/uploads\/2020\/10\/Original.png\",\"width\":2048,\"height\":2000,\"caption\":\"Minimalist Shoes O\u00dc\"},\"image\":{\"@id\":\"https:\/\/minimalist.ee\/#\/schema\/logo\/image\/\"},\"sameAs\":[\"https:\/\/www.facebook.com\/www.minimalist.ee\",\"https:\/\/www.instagram.com\/minimalistshoesest\/\"]}]}<\/script>\n<!-- \/ Yoast SEO plugin. -->","yoast_head_json":{"title":"Bundgaard Petit Mid Winter Lace - Minimalist.ee","description":"Paljajalujaltsid, barefoot jalatsid, jalatsid lastele, jalatsid t\u00e4iskasvanutele, kogu pere barefoot jalatsite pood","robots":{"index":"index","follow":"follow","max-snippet":"max-snippet:-1","max-image-preview":"max-image-preview:large","max-video-preview":"max-video-preview:-1"},"canonical":"https:\/\/minimalist.ee\/en\/product\/bundgaard-petit-mid-winter-lace\/","og_locale":"en_US","og_type":"article","og_title":"Bundgaard Petit Mid Winter Lace - Minimalist.ee","og_description":"Paljajalujaltsid, barefoot jalatsid, jalatsid lastele, jalatsid t\u00e4iskasvanutele, kogu pere barefoot jalatsite pood","og_url":"https:\/\/minimalist.ee\/en\/product\/bundgaard-petit-mid-winter-lace\/","og_site_name":"Minimalist.ee","article_publisher":"https:\/\/www.facebook.com\/www.minimalist.ee","article_modified_time":"2026-01-14T14:12:35+00:00","og_image":[{"width":1080,"height":1080,"url":"https:\/\/minimalist.ee\/wp-content\/uploads\/2023\/02\/BG303259DG_109-01.jpg","type":"image\/jpeg"}],"twitter_card":"summary_large_image","twitter_misc":{"Est. reading time":"1 minute"},"schema":{"@context":"https:\/\/schema.org","@graph":[{"@type":"WebPage","@id":"https:\/\/minimalist.ee\/toode\/bundgaard-petit-mid-winter-lace\/","url":"https:\/\/minimalist.ee\/toode\/bundgaard-petit-mid-winter-lace\/","name":"Bundgaard Petit Mid Winter Lace - Minimalist.ee","isPartOf":{"@id":"https:\/\/minimalist.ee\/#website"},"primaryImageOfPage":{"@id":"https:\/\/minimalist.ee\/toode\/bundgaard-petit-mid-winter-lace\/#primaryimage"},"image":{"@id":"https:\/\/minimalist.ee\/toode\/bundgaard-petit-mid-winter-lace\/#primaryimage"},"thumbnailUrl":"https:\/\/minimalist.ee\/wp-content\/uploads\/2023\/02\/BG303259DG_109-01.jpg","datePublished":"2023-02-11T10:17:05+00:00","dateModified":"2026-01-14T14:12:35+00:00","description":"Paljajalujaltsid, barefoot jalatsid, jalatsid lastele, jalatsid t\u00e4iskasvanutele, kogu pere barefoot jalatsite pood","breadcrumb":{"@id":"https:\/\/minimalist.ee\/toode\/bundgaard-petit-mid-winter-lace\/#breadcrumb"},"inLanguage":"en-US","potentialAction":[{"@type":"ReadAction","target":["https:\/\/minimalist.ee\/toode\/bundgaard-petit-mid-winter-lace\/"]}]},{"@type":"ImageObject","inLanguage":"en-US","@id":"https:\/\/minimalist.ee\/toode\/bundgaard-petit-mid-winter-lace\/#primaryimage","url":"https:\/\/minimalist.ee\/wp-content\/uploads\/2023\/02\/BG303259DG_109-01.jpg","contentUrl":"https:\/\/minimalist.ee\/wp-content\/uploads\/2023\/02\/BG303259DG_109-01.jpg","width":1080,"height":1080},{"@type":"BreadcrumbList","@id":"https:\/\/minimalist.ee\/toode\/bundgaard-petit-mid-winter-lace\/#breadcrumb","itemListElement":[{"@type":"ListItem","position":1,"name":"Home","item":"https:\/\/minimalist.ee\/"},{"@type":"ListItem","position":2,"name":"Pood","item":"https:\/\/minimalist.ee\/pood\/"},{"@type":"ListItem","position":3,"name":"Bundgaard Petit Mid Winter Lace"}]},{"@type":"WebSite","@id":"https:\/\/minimalist.ee\/#website","url":"https:\/\/minimalist.ee\/","name":"Minimalist.ee","description":"Barefoot jalatsid","publisher":{"@id":"https:\/\/minimalist.ee\/#organization"},"potentialAction":[{"@type":"SearchAction","target":{"@type":"EntryPoint","urlTemplate":"https:\/\/minimalist.ee\/?s={search_term_string}"},"query-input":"required name=search_term_string"}],"inLanguage":"en-US"},{"@type":"Organization","@id":"https:\/\/minimalist.ee\/#organization","name":"Minimalist Shoes O\u00dc","url":"https:\/\/minimalist.ee\/","logo":{"@type":"ImageObject","inLanguage":"en-US","@id":"https:\/\/minimalist.ee\/#\/schema\/logo\/image\/","url":"https:\/\/minimalist.ee\/wp-content\/uploads\/2020\/10\/Original.png","contentUrl":"https:\/\/minimalist.ee\/wp-content\/uploads\/2020\/10\/Original.png","width":2048,"height":2000,"caption":"Minimalist Shoes O\u00dc"},"image":{"@id":"https:\/\/minimalist.ee\/#\/schema\/logo\/image\/"},"sameAs":["https:\/\/www.facebook.com\/www.minimalist.ee","https:\/\/www.instagram.com\/minimalistshoesest\/"]}]}},"jetpack_sharing_enabled":true,"_links":{"self":[{"href":"https:\/\/minimalist.ee\/en\/wp-json\/wp\/v2\/product\/12832"}],"collection":[{"href":"https:\/\/minimalist.ee\/en\/wp-json\/wp\/v2\/product"}],"about":[{"href":"https:\/\/minimalist.ee\/en\/wp-json\/wp\/v2\/types\/product"}],"replies":[{"embeddable":true,"href":"https:\/\/minimalist.ee\/en\/wp-json\/wp\/v2\/comments?post=12832"}],"wp:featuredmedia":[{"embeddable":true,"href":"https:\/\/minimalist.ee\/en\/wp-json\/wp\/v2\/media\/12841"}],"wp:attachment":[{"href":"https:\/\/minimalist.ee\/en\/wp-json\/wp\/v2\/media?parent=12832"}],"wp:term":[{"taxonomy":"product_cat","embeddable":true,"href":"https:\/\/minimalist.ee\/en\/wp-json\/wp\/v2\/product_cat?post=12832"},{"taxonomy":"product_tag","embeddable":true,"href":"https:\/\/minimalist.ee\/en\/wp-json\/wp\/v2\/product_tag?post=12832"}],"curies":[{"name":"wp","href":"https:\/\/api.w.org\/{rel}","templated":true}]}}