{"id":12185,"date":"2022-10-05T09:03:14","date_gmt":"2022-10-05T09:03:14","guid":{"rendered":"https:\/\/minimalist.ee\/?post_type=product&#038;p=12185"},"modified":"2025-04-04T11:58:58","modified_gmt":"2025-04-04T11:58:58","slug":"xero-shoes-xcursion-fusion","status":"publish","type":"product","link":"https:\/\/minimalist.ee\/en\/product\/xero-shoes-xcursion-fusion\/","title":{"rendered":"Xero Shoes Xcursion Fusion"},"content":{"rendered":"<p><span data-sheets-value=\"{&quot;1&quot;:2,&quot;2&quot;:&quot;Veekindlad matkasaapad\\nXero Shoes Xcursion Fusion matkasaapad on kerged ja veekindlad, painduvad ning hea haakuvusega. Tugevdatud ninaosa kaitseb kulumise eest. Saabaste keel on kinni \u00f5mmeldud, et vesi ei p\u00e4\u00e4seks keele vahelt sisse. Sobivad keskmisele ja laiemale jalale.\\nKinnitus: pealad\\nPealmine osa: mesh kangas ja membraan\\nTald: 6mm FeelTrue\u00ae + 4mm s\u00fcgav tallamuster\\nSisetald: 3.5mm eemaldatav\\nVegan\\nValmistatud USAs&quot;}\" data-sheets-userformat=\"{&quot;2&quot;:513,&quot;3&quot;:{&quot;1&quot;:0},&quot;12&quot;:0}\">Xero Shoes Xcursion Fusion hiking boots are light and waterproof, flexible and have a good grip. The reinforced nose protects against wear. The tongue of the boots is sewn shut to prevent water from getting in between the tongue. Suitable for medium and wider feet.<br \/>\n<\/span><\/p>\n<p><span data-sheets-value=\"{&quot;1&quot;:2,&quot;2&quot;:&quot;Veekindlad matkasaapad\\nXero Shoes Xcursion Fusion matkasaapad on kerged ja veekindlad, painduvad ning hea haakuvusega. Tugevdatud ninaosa kaitseb kulumise eest. Saabaste keel on kinni \u00f5mmeldud, et vesi ei p\u00e4\u00e4seks keele vahelt sisse. Sobivad keskmisele ja laiemale jalale.\\nKinnitus: pealad\\nPealmine osa: mesh kangas ja membraan\\nTald: 6mm FeelTrue\u00ae + 4mm s\u00fcgav tallamuster\\nSisetald: 3.5mm eemaldatav\\nVegan\\nValmistatud USAs&quot;}\" data-sheets-userformat=\"{&quot;2&quot;:513,&quot;3&quot;:{&quot;1&quot;:0},&quot;12&quot;:0}\">Attachment: heads<br \/>\nUpper: mesh fabric and membrane<br \/>\nSole: 6mm FeelTrue\u00ae + 4mm deep sole pattern<br \/>\nInsole: 3.5mm removable<br \/>\n<\/span><\/p>\n<p><span data-sheets-value=\"{&quot;1&quot;:2,&quot;2&quot;:&quot;Veekindlad matkasaapad\\nXero Shoes Xcursion Fusion matkasaapad on kerged ja veekindlad, painduvad ning hea haakuvusega. Tugevdatud ninaosa kaitseb kulumise eest. Saabaste keel on kinni \u00f5mmeldud, et vesi ei p\u00e4\u00e4seks keele vahelt sisse. Sobivad keskmisele ja laiemale jalale.\\nKinnitus: pealad\\nPealmine osa: mesh kangas ja membraan\\nTald: 6mm FeelTrue\u00ae + 4mm s\u00fcgav tallamuster\\nSisetald: 3.5mm eemaldatav\\nVegan\\nValmistatud USAs&quot;}\" data-sheets-userformat=\"{&quot;2&quot;:513,&quot;3&quot;:{&quot;1&quot;:0},&quot;12&quot;:0}\">Vegan<br \/>\n<\/span><\/p>\n<p><span data-sheets-value=\"{&quot;1&quot;:2,&quot;2&quot;:&quot;Veekindlad matkasaapad\\nXero Shoes Xcursion Fusion matkasaapad on kerged ja veekindlad, painduvad ning hea haakuvusega. Tugevdatud ninaosa kaitseb kulumise eest. Saabaste keel on kinni \u00f5mmeldud, et vesi ei p\u00e4\u00e4seks keele vahelt sisse. Sobivad keskmisele ja laiemale jalale.\\nKinnitus: pealad\\nPealmine osa: mesh kangas ja membraan\\nTald: 6mm FeelTrue\u00ae + 4mm s\u00fcgav tallamuster\\nSisetald: 3.5mm eemaldatav\\nVegan\\nValmistatud USAs&quot;}\" data-sheets-userformat=\"{&quot;2&quot;:513,&quot;3&quot;:{&quot;1&quot;:0},&quot;12&quot;:0}\">Made in USA<\/span><\/p>\n<p>Minimalist dimensions for the Xero Xcursion Fusion model<\/p>\n<table dir=\"ltr\" style=\"height: 203px;\" border=\"1\" width=\"297\" cellspacing=\"0\" cellpadding=\"0\">\n<colgroup>\n<col width=\"74\" \/>\n<col width=\"83\" \/>\n<col width=\"73\" \/>\n<col width=\"69\" \/><\/colgroup>\n<tbody>\n<tr>\n<td style=\"text-align: center;\" data-sheets-value=\"{&quot;1&quot;:2,&quot;2&quot;:&quot;EU Suurus&quot;}\"><strong>EU Size<\/strong><\/td>\n<td style=\"text-align: center;\" data-sheets-value=\"{&quot;1&quot;:2,&quot;2&quot;:&quot;US Suurus&quot;}\"><strong>US <\/strong><strong>Size<\/strong><\/td>\n<td style=\"text-align: center;\" data-sheets-value=\"{&quot;1&quot;:2,&quot;2&quot;:&quot;Sisepikkus&quot;}\"><strong>\u00a0Inside length\u00a0<\/strong><\/td>\n<td style=\"text-align: center;\" data-sheets-value=\"{&quot;1&quot;:2,&quot;2&quot;:&quot;Laius*&quot;}\"><strong>Width*<\/strong><\/td>\n<\/tr>\n<tr>\n<td style=\"text-align: center;\" data-sheets-value=\"{&quot;1&quot;:3,&quot;3&quot;:39}\"><strong>39<\/strong><\/td>\n<td style=\"text-align: center;\" data-sheets-value=\"{&quot;1&quot;:3,&quot;3&quot;:8.5}\">8.5<\/td>\n<td style=\"text-align: center;\" data-sheets-value=\"{&quot;1&quot;:3,&quot;3&quot;:25.4}\">25.4<\/td>\n<td style=\"text-align: center;\" data-sheets-value=\"{&quot;1&quot;:3,&quot;3&quot;:9}\">9<\/td>\n<\/tr>\n<tr>\n<td style=\"text-align: center;\" data-sheets-value=\"{&quot;1&quot;:3,&quot;3&quot;:39.5}\"><strong>39.5<\/strong><\/td>\n<td style=\"text-align: center;\" data-sheets-value=\"{&quot;1&quot;:3,&quot;3&quot;:9}\">9<\/td>\n<td style=\"text-align: center;\" data-sheets-value=\"{&quot;1&quot;:3,&quot;3&quot;:25.6}\">25.6<\/td>\n<td style=\"text-align: center;\" data-sheets-value=\"{&quot;1&quot;:3,&quot;3&quot;:9.1}\">9.1<\/td>\n<\/tr>\n<tr>\n<td style=\"text-align: center;\" data-sheets-value=\"{&quot;1&quot;:3,&quot;3&quot;:40}\"><strong>40<\/strong><\/td>\n<td style=\"text-align: center;\" data-sheets-value=\"{&quot;1&quot;:3,&quot;3&quot;:9.5}\">9.5<\/td>\n<td style=\"text-align: center;\" data-sheets-value=\"{&quot;1&quot;:3,&quot;3&quot;:26}\">26<\/td>\n<td style=\"text-align: center;\" data-sheets-value=\"{&quot;1&quot;:3,&quot;3&quot;:9.2}\">9.2<\/td>\n<\/tr>\n<tr>\n<td style=\"text-align: center;\" data-sheets-value=\"{&quot;1&quot;:3,&quot;3&quot;:40.5}\"><strong>40.5<\/strong><\/td>\n<td style=\"text-align: center;\" data-sheets-value=\"{&quot;1&quot;:3,&quot;3&quot;:10}\">10<\/td>\n<td style=\"text-align: center;\" data-sheets-value=\"{&quot;1&quot;:3,&quot;3&quot;:26.2}\">26.2<\/td>\n<td style=\"text-align: center;\" data-sheets-value=\"{&quot;1&quot;:3,&quot;3&quot;:9.3}\">9.3<\/td>\n<\/tr>\n<tr>\n<td style=\"text-align: center;\" data-sheets-value=\"{&quot;1&quot;:3,&quot;3&quot;:41}\"><strong>41<\/strong><\/td>\n<td style=\"text-align: center;\" data-sheets-value=\"{&quot;1&quot;:3,&quot;3&quot;:10.5}\">10.5<\/td>\n<td style=\"text-align: center;\" data-sheets-value=\"{&quot;1&quot;:3,&quot;3&quot;:26.5}\">26.5<\/td>\n<td style=\"text-align: center;\" data-sheets-value=\"{&quot;1&quot;:3,&quot;3&quot;:9.4}\">9.4<\/td>\n<\/tr>\n<tr>\n<td style=\"text-align: center;\" data-sheets-value=\"{&quot;1&quot;:3,&quot;3&quot;:41.5}\"><strong>41.5<\/strong><\/td>\n<td style=\"text-align: center;\" data-sheets-value=\"{&quot;1&quot;:3,&quot;3&quot;:11}\">11<\/td>\n<td style=\"text-align: center;\" data-sheets-value=\"{&quot;1&quot;:3,&quot;3&quot;:27.5}\">27.5<\/td>\n<td style=\"text-align: center;\" data-sheets-value=\"{&quot;1&quot;:3,&quot;3&quot;:9.5}\">9.5<\/td>\n<\/tr>\n<\/tbody>\n<\/table>\n<p>*Width measured from the insole<\/p>","protected":false},"excerpt":{"rendered":"<p><span data-sheets-value=\"{&quot;1&quot;:2,&quot;2&quot;:&quot;Veekindlad matkasaapad\\nXero Shoes Xcursion Fusion matkasaapad on kerged ja veekindlad, painduvad ning hea haakuvusega. Tugevdatud ninaosa kaitseb kulumise eest. Saabaste keel on kinni \u00f5mmeldud, et vesi ei p\u00e4\u00e4seks keele vahelt sisse. Sobivad keskmisele ja laiemale jalale.\\nKinnitus: pealad\\nPealmine osa: mesh kangas ja membraan\\nTald: 6mm FeelTrue\u00ae + 4mm s\u00fcgav tallamuster\\nSisetald: 3.5mm eemaldatav\\nVegan\\nValmistatud USAs&quot;}\" data-sheets-userformat=\"{&quot;2&quot;:513,&quot;3&quot;:{&quot;1&quot;:0},&quot;12&quot;:0}\">Waterproof hiking boots<br \/>\n<\/span><\/p>","protected":false},"featured_media":12199,"comment_status":"open","ping_status":"closed","template":"","meta":{"_monsterinsights_skip_tracking":false,"_monsterinsights_sitenote_active":false,"_monsterinsights_sitenote_note":"","_monsterinsights_sitenote_category":0,"neve_meta_sidebar":"","neve_meta_container":"","neve_meta_enable_content_width":"off","neve_meta_content_width":70,"neve_meta_title_alignment":"","neve_meta_author_avatar":"","neve_post_elements_order":"","neve_meta_disable_header":"","neve_meta_disable_footer":"","neve_meta_disable_title":""},"product_cat":[30,18],"product_tag":[],"yoast_head":"<!-- This site is optimized with the Yoast SEO plugin v22.4 - https:\/\/yoast.com\/wordpress\/plugins\/seo\/ -->\n<title>Xero Shoes Xcursion Fusion - Minimalist.ee<\/title>\n<meta name=\"description\" content=\"Paljajalujaltsid, barefoot jalatsid, jalatsid lastele, jalatsid t\u00e4iskasvanutele, kogu pere barefoot jalatsite pood\" \/>\n<meta name=\"robots\" content=\"index, follow, max-snippet:-1, max-image-preview:large, max-video-preview:-1\" \/>\n<link rel=\"canonical\" href=\"https:\/\/minimalist.ee\/en\/product\/xero-shoes-xcursion-fusion\/\" \/>\n<meta property=\"og:locale\" content=\"en_US\" \/>\n<meta property=\"og:type\" content=\"article\" \/>\n<meta property=\"og:title\" content=\"Xero Shoes Xcursion Fusion - Minimalist.ee\" \/>\n<meta property=\"og:description\" content=\"Paljajalujaltsid, barefoot jalatsid, jalatsid lastele, jalatsid t\u00e4iskasvanutele, kogu pere barefoot jalatsite pood\" \/>\n<meta property=\"og:url\" content=\"https:\/\/minimalist.ee\/en\/product\/xero-shoes-xcursion-fusion\/\" \/>\n<meta property=\"og:site_name\" content=\"Minimalist.ee\" \/>\n<meta property=\"article:publisher\" content=\"https:\/\/www.facebook.com\/www.minimalist.ee\" \/>\n<meta property=\"article:modified_time\" content=\"2025-04-04T11:58:58+00:00\" \/>\n<meta property=\"og:image\" content=\"https:\/\/minimalist.ee\/wp-content\/uploads\/2022\/10\/xero-womens-xcursion-fusion-boot-spruce.jpg\" \/>\n\t<meta property=\"og:image:width\" content=\"800\" \/>\n\t<meta property=\"og:image:height\" content=\"800\" \/>\n\t<meta property=\"og:image:type\" content=\"image\/jpeg\" \/>\n<meta name=\"twitter:card\" content=\"summary_large_image\" \/>\n<meta name=\"twitter:label1\" content=\"Est. reading time\" \/>\n\t<meta name=\"twitter:data1\" content=\"1 minute\" \/>\n<script type=\"application\/ld+json\" class=\"yoast-schema-graph\">{\"@context\":\"https:\/\/schema.org\",\"@graph\":[{\"@type\":\"WebPage\",\"@id\":\"https:\/\/minimalist.ee\/toode\/xero-shoes-xcursion-fusion\/\",\"url\":\"https:\/\/minimalist.ee\/toode\/xero-shoes-xcursion-fusion\/\",\"name\":\"Xero Shoes Xcursion Fusion - Minimalist.ee\",\"isPartOf\":{\"@id\":\"https:\/\/minimalist.ee\/#website\"},\"primaryImageOfPage\":{\"@id\":\"https:\/\/minimalist.ee\/toode\/xero-shoes-xcursion-fusion\/#primaryimage\"},\"image\":{\"@id\":\"https:\/\/minimalist.ee\/toode\/xero-shoes-xcursion-fusion\/#primaryimage\"},\"thumbnailUrl\":\"https:\/\/minimalist.ee\/wp-content\/uploads\/2022\/10\/xero-womens-xcursion-fusion-boot-spruce.jpg\",\"datePublished\":\"2022-10-05T09:03:14+00:00\",\"dateModified\":\"2025-04-04T11:58:58+00:00\",\"description\":\"Paljajalujaltsid, barefoot jalatsid, jalatsid lastele, jalatsid t\u00e4iskasvanutele, kogu pere barefoot jalatsite pood\",\"breadcrumb\":{\"@id\":\"https:\/\/minimalist.ee\/toode\/xero-shoes-xcursion-fusion\/#breadcrumb\"},\"inLanguage\":\"en-US\",\"potentialAction\":[{\"@type\":\"ReadAction\",\"target\":[\"https:\/\/minimalist.ee\/toode\/xero-shoes-xcursion-fusion\/\"]}]},{\"@type\":\"ImageObject\",\"inLanguage\":\"en-US\",\"@id\":\"https:\/\/minimalist.ee\/toode\/xero-shoes-xcursion-fusion\/#primaryimage\",\"url\":\"https:\/\/minimalist.ee\/wp-content\/uploads\/2022\/10\/xero-womens-xcursion-fusion-boot-spruce.jpg\",\"contentUrl\":\"https:\/\/minimalist.ee\/wp-content\/uploads\/2022\/10\/xero-womens-xcursion-fusion-boot-spruce.jpg\",\"width\":800,\"height\":800},{\"@type\":\"BreadcrumbList\",\"@id\":\"https:\/\/minimalist.ee\/toode\/xero-shoes-xcursion-fusion\/#breadcrumb\",\"itemListElement\":[{\"@type\":\"ListItem\",\"position\":1,\"name\":\"Home\",\"item\":\"https:\/\/minimalist.ee\/\"},{\"@type\":\"ListItem\",\"position\":2,\"name\":\"Pood\",\"item\":\"https:\/\/minimalist.ee\/pood\/\"},{\"@type\":\"ListItem\",\"position\":3,\"name\":\"Xero Shoes Xcursion Fusion\"}]},{\"@type\":\"WebSite\",\"@id\":\"https:\/\/minimalist.ee\/#website\",\"url\":\"https:\/\/minimalist.ee\/\",\"name\":\"Minimalist.ee\",\"description\":\"Barefoot jalatsid\",\"publisher\":{\"@id\":\"https:\/\/minimalist.ee\/#organization\"},\"potentialAction\":[{\"@type\":\"SearchAction\",\"target\":{\"@type\":\"EntryPoint\",\"urlTemplate\":\"https:\/\/minimalist.ee\/?s={search_term_string}\"},\"query-input\":\"required name=search_term_string\"}],\"inLanguage\":\"en-US\"},{\"@type\":\"Organization\",\"@id\":\"https:\/\/minimalist.ee\/#organization\",\"name\":\"Minimalist Shoes O\u00dc\",\"url\":\"https:\/\/minimalist.ee\/\",\"logo\":{\"@type\":\"ImageObject\",\"inLanguage\":\"en-US\",\"@id\":\"https:\/\/minimalist.ee\/#\/schema\/logo\/image\/\",\"url\":\"https:\/\/minimalist.ee\/wp-content\/uploads\/2020\/10\/Original.png\",\"contentUrl\":\"https:\/\/minimalist.ee\/wp-content\/uploads\/2020\/10\/Original.png\",\"width\":2048,\"height\":2000,\"caption\":\"Minimalist Shoes O\u00dc\"},\"image\":{\"@id\":\"https:\/\/minimalist.ee\/#\/schema\/logo\/image\/\"},\"sameAs\":[\"https:\/\/www.facebook.com\/www.minimalist.ee\",\"https:\/\/www.instagram.com\/minimalistshoesest\/\"]}]}<\/script>\n<!-- \/ Yoast SEO plugin. -->","yoast_head_json":{"title":"Xero Shoes Xcursion Fusion - Minimalist.ee","description":"Paljajalujaltsid, barefoot jalatsid, jalatsid lastele, jalatsid t\u00e4iskasvanutele, kogu pere barefoot jalatsite pood","robots":{"index":"index","follow":"follow","max-snippet":"max-snippet:-1","max-image-preview":"max-image-preview:large","max-video-preview":"max-video-preview:-1"},"canonical":"https:\/\/minimalist.ee\/en\/product\/xero-shoes-xcursion-fusion\/","og_locale":"en_US","og_type":"article","og_title":"Xero Shoes Xcursion Fusion - Minimalist.ee","og_description":"Paljajalujaltsid, barefoot jalatsid, jalatsid lastele, jalatsid t\u00e4iskasvanutele, kogu pere barefoot jalatsite pood","og_url":"https:\/\/minimalist.ee\/en\/product\/xero-shoes-xcursion-fusion\/","og_site_name":"Minimalist.ee","article_publisher":"https:\/\/www.facebook.com\/www.minimalist.ee","article_modified_time":"2025-04-04T11:58:58+00:00","og_image":[{"width":800,"height":800,"url":"https:\/\/minimalist.ee\/wp-content\/uploads\/2022\/10\/xero-womens-xcursion-fusion-boot-spruce.jpg","type":"image\/jpeg"}],"twitter_card":"summary_large_image","twitter_misc":{"Est. reading time":"1 minute"},"schema":{"@context":"https:\/\/schema.org","@graph":[{"@type":"WebPage","@id":"https:\/\/minimalist.ee\/toode\/xero-shoes-xcursion-fusion\/","url":"https:\/\/minimalist.ee\/toode\/xero-shoes-xcursion-fusion\/","name":"Xero Shoes Xcursion Fusion - Minimalist.ee","isPartOf":{"@id":"https:\/\/minimalist.ee\/#website"},"primaryImageOfPage":{"@id":"https:\/\/minimalist.ee\/toode\/xero-shoes-xcursion-fusion\/#primaryimage"},"image":{"@id":"https:\/\/minimalist.ee\/toode\/xero-shoes-xcursion-fusion\/#primaryimage"},"thumbnailUrl":"https:\/\/minimalist.ee\/wp-content\/uploads\/2022\/10\/xero-womens-xcursion-fusion-boot-spruce.jpg","datePublished":"2022-10-05T09:03:14+00:00","dateModified":"2025-04-04T11:58:58+00:00","description":"Paljajalujaltsid, barefoot jalatsid, jalatsid lastele, jalatsid t\u00e4iskasvanutele, kogu pere barefoot jalatsite pood","breadcrumb":{"@id":"https:\/\/minimalist.ee\/toode\/xero-shoes-xcursion-fusion\/#breadcrumb"},"inLanguage":"en-US","potentialAction":[{"@type":"ReadAction","target":["https:\/\/minimalist.ee\/toode\/xero-shoes-xcursion-fusion\/"]}]},{"@type":"ImageObject","inLanguage":"en-US","@id":"https:\/\/minimalist.ee\/toode\/xero-shoes-xcursion-fusion\/#primaryimage","url":"https:\/\/minimalist.ee\/wp-content\/uploads\/2022\/10\/xero-womens-xcursion-fusion-boot-spruce.jpg","contentUrl":"https:\/\/minimalist.ee\/wp-content\/uploads\/2022\/10\/xero-womens-xcursion-fusion-boot-spruce.jpg","width":800,"height":800},{"@type":"BreadcrumbList","@id":"https:\/\/minimalist.ee\/toode\/xero-shoes-xcursion-fusion\/#breadcrumb","itemListElement":[{"@type":"ListItem","position":1,"name":"Home","item":"https:\/\/minimalist.ee\/"},{"@type":"ListItem","position":2,"name":"Pood","item":"https:\/\/minimalist.ee\/pood\/"},{"@type":"ListItem","position":3,"name":"Xero Shoes Xcursion Fusion"}]},{"@type":"WebSite","@id":"https:\/\/minimalist.ee\/#website","url":"https:\/\/minimalist.ee\/","name":"Minimalist.ee","description":"Barefoot jalatsid","publisher":{"@id":"https:\/\/minimalist.ee\/#organization"},"potentialAction":[{"@type":"SearchAction","target":{"@type":"EntryPoint","urlTemplate":"https:\/\/minimalist.ee\/?s={search_term_string}"},"query-input":"required name=search_term_string"}],"inLanguage":"en-US"},{"@type":"Organization","@id":"https:\/\/minimalist.ee\/#organization","name":"Minimalist Shoes O\u00dc","url":"https:\/\/minimalist.ee\/","logo":{"@type":"ImageObject","inLanguage":"en-US","@id":"https:\/\/minimalist.ee\/#\/schema\/logo\/image\/","url":"https:\/\/minimalist.ee\/wp-content\/uploads\/2020\/10\/Original.png","contentUrl":"https:\/\/minimalist.ee\/wp-content\/uploads\/2020\/10\/Original.png","width":2048,"height":2000,"caption":"Minimalist Shoes O\u00dc"},"image":{"@id":"https:\/\/minimalist.ee\/#\/schema\/logo\/image\/"},"sameAs":["https:\/\/www.facebook.com\/www.minimalist.ee","https:\/\/www.instagram.com\/minimalistshoesest\/"]}]}},"jetpack_sharing_enabled":true,"_links":{"self":[{"href":"https:\/\/minimalist.ee\/en\/wp-json\/wp\/v2\/product\/12185"}],"collection":[{"href":"https:\/\/minimalist.ee\/en\/wp-json\/wp\/v2\/product"}],"about":[{"href":"https:\/\/minimalist.ee\/en\/wp-json\/wp\/v2\/types\/product"}],"replies":[{"embeddable":true,"href":"https:\/\/minimalist.ee\/en\/wp-json\/wp\/v2\/comments?post=12185"}],"wp:featuredmedia":[{"embeddable":true,"href":"https:\/\/minimalist.ee\/en\/wp-json\/wp\/v2\/media\/12199"}],"wp:attachment":[{"href":"https:\/\/minimalist.ee\/en\/wp-json\/wp\/v2\/media?parent=12185"}],"wp:term":[{"taxonomy":"product_cat","embeddable":true,"href":"https:\/\/minimalist.ee\/en\/wp-json\/wp\/v2\/product_cat?post=12185"},{"taxonomy":"product_tag","embeddable":true,"href":"https:\/\/minimalist.ee\/en\/wp-json\/wp\/v2\/product_tag?post=12185"}],"curies":[{"name":"wp","href":"https:\/\/api.w.org\/{rel}","templated":true}]}}