{"id":11674,"date":"2022-08-13T08:54:13","date_gmt":"2022-08-13T08:54:13","guid":{"rendered":"https:\/\/minimalist.ee\/?post_type=product&#038;p=11674"},"modified":"2026-03-21T11:52:52","modified_gmt":"2026-03-21T11:52:52","slug":"topi-looduslik-jalanoude-deodorant-ja-lohna-eemaldaja","status":"publish","type":"product","link":"https:\/\/minimalist.ee\/en\/product\/topi-looduslik-jalanoude-deodorant-ja-lohna-eemaldaja\/","title":{"rendered":"TOPI natural shoe deodorant and odor remover"},"content":{"rendered":"<p><strong>TOPI natural shoe deodorant and odor remover.<\/strong><\/p>\n<p>Prevents and eliminates odor-causing bacteria. The pro-bacterial formulation works long after the shoes have been refreshed. With regular use, it creates a long-lasting antibacterial environment.<\/p>\n<p><strong>Suitable places of use<\/strong><\/p>\n<p>TOPI natural shoe deodorant effectively removes odors from any type of footwear and materials, from sports shoes and leather sneakers to sandals or boots.<\/p>\n<p><strong>Technical information<\/strong><\/p>\n<p>100% natural product. Contains only natural components and essential oils: lemongrass, peppermint, tea tree, sinrun. An exclusive recipe that is not classified as harmful, flammable or dangerous. Easily biodegradable.<\/p>\n<p>In case of eye contact, rinse with plenty of water. Keep out of the reach of children. Keep away from the sun and freezing.<\/p>\n<p><strong>Maintenance instructions<\/strong><\/p>\n<p>Spray 2-4 times in both shoes.<\/p>\n<p><strong>Advice<\/strong><\/p>\n<p>Refresh your shoes once a week to create an antibacterial environment.<\/p>","protected":false},"excerpt":{"rendered":"<p>TOPI natural shoe deodorant and odor remover<\/p>","protected":false},"featured_media":11675,"comment_status":"open","ping_status":"closed","template":"","meta":{"_monsterinsights_skip_tracking":false,"_monsterinsights_sitenote_active":false,"_monsterinsights_sitenote_note":"","_monsterinsights_sitenote_category":0,"neve_meta_sidebar":"","neve_meta_container":"","neve_meta_enable_content_width":"off","neve_meta_content_width":70,"neve_meta_title_alignment":"","neve_meta_author_avatar":"","neve_post_elements_order":"","neve_meta_disable_header":"","neve_meta_disable_footer":"","neve_meta_disable_title":""},"product_cat":[254],"product_tag":[],"yoast_head":"<!-- This site is optimized with the Yoast SEO plugin v22.4 - https:\/\/yoast.com\/wordpress\/plugins\/seo\/ -->\n<title>TOPI looduslik jalan\u00f5ude deodorant ja l\u00f5hna eemaldaja - Minimalist.ee<\/title>\n<meta name=\"description\" content=\"Paljajalujaltsid, barefoot jalatsid, jalatsid lastele, jalatsid t\u00e4iskasvanutele, kogu pere barefoot jalatsite pood\" \/>\n<meta name=\"robots\" content=\"index, follow, max-snippet:-1, max-image-preview:large, max-video-preview:-1\" \/>\n<link rel=\"canonical\" href=\"https:\/\/minimalist.ee\/en\/product\/topi-looduslik-jalanoude-deodorant-ja-lohna-eemaldaja\/\" \/>\n<meta property=\"og:locale\" content=\"en_US\" \/>\n<meta property=\"og:type\" content=\"article\" \/>\n<meta property=\"og:title\" content=\"TOPI looduslik jalan\u00f5ude deodorant ja l\u00f5hna eemaldaja - Minimalist.ee\" \/>\n<meta property=\"og:description\" content=\"Paljajalujaltsid, barefoot jalatsid, jalatsid lastele, jalatsid t\u00e4iskasvanutele, kogu pere barefoot jalatsite pood\" \/>\n<meta property=\"og:url\" content=\"https:\/\/minimalist.ee\/en\/product\/topi-looduslik-jalanoude-deodorant-ja-lohna-eemaldaja\/\" \/>\n<meta property=\"og:site_name\" content=\"Minimalist.ee\" \/>\n<meta property=\"article:publisher\" content=\"https:\/\/www.facebook.com\/www.minimalist.ee\" \/>\n<meta property=\"article:modified_time\" content=\"2026-03-21T11:52:52+00:00\" \/>\n<meta property=\"og:image\" content=\"https:\/\/minimalist.ee\/wp-content\/uploads\/2022\/08\/topi-natural-deodorizer-698x698_1024x1024@2x.jpg.webp\" \/>\n\t<meta property=\"og:image:width\" content=\"698\" \/>\n\t<meta property=\"og:image:height\" content=\"698\" \/>\n\t<meta property=\"og:image:type\" content=\"image\/webp\" \/>\n<meta name=\"twitter:card\" content=\"summary_large_image\" \/>\n<meta name=\"twitter:label1\" content=\"Est. reading time\" \/>\n\t<meta name=\"twitter:data1\" content=\"1 minute\" \/>\n<script type=\"application\/ld+json\" class=\"yoast-schema-graph\">{\"@context\":\"https:\/\/schema.org\",\"@graph\":[{\"@type\":\"WebPage\",\"@id\":\"https:\/\/minimalist.ee\/toode\/topi-looduslik-jalanoude-deodorant-ja-lohna-eemaldaja\/\",\"url\":\"https:\/\/minimalist.ee\/toode\/topi-looduslik-jalanoude-deodorant-ja-lohna-eemaldaja\/\",\"name\":\"TOPI looduslik jalan\u00f5ude deodorant ja l\u00f5hna eemaldaja - Minimalist.ee\",\"isPartOf\":{\"@id\":\"https:\/\/minimalist.ee\/#website\"},\"primaryImageOfPage\":{\"@id\":\"https:\/\/minimalist.ee\/toode\/topi-looduslik-jalanoude-deodorant-ja-lohna-eemaldaja\/#primaryimage\"},\"image\":{\"@id\":\"https:\/\/minimalist.ee\/toode\/topi-looduslik-jalanoude-deodorant-ja-lohna-eemaldaja\/#primaryimage\"},\"thumbnailUrl\":\"https:\/\/minimalist.ee\/wp-content\/uploads\/2022\/08\/topi-natural-deodorizer-698x698_1024x1024@2x.jpg.webp\",\"datePublished\":\"2022-08-13T08:54:13+00:00\",\"dateModified\":\"2026-03-21T11:52:52+00:00\",\"description\":\"Paljajalujaltsid, barefoot jalatsid, jalatsid lastele, jalatsid t\u00e4iskasvanutele, kogu pere barefoot jalatsite pood\",\"breadcrumb\":{\"@id\":\"https:\/\/minimalist.ee\/toode\/topi-looduslik-jalanoude-deodorant-ja-lohna-eemaldaja\/#breadcrumb\"},\"inLanguage\":\"en-US\",\"potentialAction\":[{\"@type\":\"ReadAction\",\"target\":[\"https:\/\/minimalist.ee\/toode\/topi-looduslik-jalanoude-deodorant-ja-lohna-eemaldaja\/\"]}]},{\"@type\":\"ImageObject\",\"inLanguage\":\"en-US\",\"@id\":\"https:\/\/minimalist.ee\/toode\/topi-looduslik-jalanoude-deodorant-ja-lohna-eemaldaja\/#primaryimage\",\"url\":\"https:\/\/minimalist.ee\/wp-content\/uploads\/2022\/08\/topi-natural-deodorizer-698x698_1024x1024@2x.jpg.webp\",\"contentUrl\":\"https:\/\/minimalist.ee\/wp-content\/uploads\/2022\/08\/topi-natural-deodorizer-698x698_1024x1024@2x.jpg.webp\",\"width\":698,\"height\":698},{\"@type\":\"BreadcrumbList\",\"@id\":\"https:\/\/minimalist.ee\/toode\/topi-looduslik-jalanoude-deodorant-ja-lohna-eemaldaja\/#breadcrumb\",\"itemListElement\":[{\"@type\":\"ListItem\",\"position\":1,\"name\":\"Home\",\"item\":\"https:\/\/minimalist.ee\/\"},{\"@type\":\"ListItem\",\"position\":2,\"name\":\"Pood\",\"item\":\"https:\/\/minimalist.ee\/pood\/\"},{\"@type\":\"ListItem\",\"position\":3,\"name\":\"TOPI looduslik jalan\u00f5ude deodorant ja l\u00f5hna eemaldaja\"}]},{\"@type\":\"WebSite\",\"@id\":\"https:\/\/minimalist.ee\/#website\",\"url\":\"https:\/\/minimalist.ee\/\",\"name\":\"Minimalist.ee\",\"description\":\"Barefoot jalatsid\",\"publisher\":{\"@id\":\"https:\/\/minimalist.ee\/#organization\"},\"potentialAction\":[{\"@type\":\"SearchAction\",\"target\":{\"@type\":\"EntryPoint\",\"urlTemplate\":\"https:\/\/minimalist.ee\/?s={search_term_string}\"},\"query-input\":\"required name=search_term_string\"}],\"inLanguage\":\"en-US\"},{\"@type\":\"Organization\",\"@id\":\"https:\/\/minimalist.ee\/#organization\",\"name\":\"Minimalist Shoes O\u00dc\",\"url\":\"https:\/\/minimalist.ee\/\",\"logo\":{\"@type\":\"ImageObject\",\"inLanguage\":\"en-US\",\"@id\":\"https:\/\/minimalist.ee\/#\/schema\/logo\/image\/\",\"url\":\"https:\/\/minimalist.ee\/wp-content\/uploads\/2020\/10\/Original.png\",\"contentUrl\":\"https:\/\/minimalist.ee\/wp-content\/uploads\/2020\/10\/Original.png\",\"width\":2048,\"height\":2000,\"caption\":\"Minimalist Shoes O\u00dc\"},\"image\":{\"@id\":\"https:\/\/minimalist.ee\/#\/schema\/logo\/image\/\"},\"sameAs\":[\"https:\/\/www.facebook.com\/www.minimalist.ee\",\"https:\/\/www.instagram.com\/minimalistshoesest\/\"]}]}<\/script>\n<!-- \/ Yoast SEO plugin. -->","yoast_head_json":{"title":"TOPI looduslik jalan\u00f5ude deodorant ja l\u00f5hna eemaldaja - Minimalist.ee","description":"Paljajalujaltsid, barefoot jalatsid, jalatsid lastele, jalatsid t\u00e4iskasvanutele, kogu pere barefoot jalatsite pood","robots":{"index":"index","follow":"follow","max-snippet":"max-snippet:-1","max-image-preview":"max-image-preview:large","max-video-preview":"max-video-preview:-1"},"canonical":"https:\/\/minimalist.ee\/en\/product\/topi-looduslik-jalanoude-deodorant-ja-lohna-eemaldaja\/","og_locale":"en_US","og_type":"article","og_title":"TOPI looduslik jalan\u00f5ude deodorant ja l\u00f5hna eemaldaja - Minimalist.ee","og_description":"Paljajalujaltsid, barefoot jalatsid, jalatsid lastele, jalatsid t\u00e4iskasvanutele, kogu pere barefoot jalatsite pood","og_url":"https:\/\/minimalist.ee\/en\/product\/topi-looduslik-jalanoude-deodorant-ja-lohna-eemaldaja\/","og_site_name":"Minimalist.ee","article_publisher":"https:\/\/www.facebook.com\/www.minimalist.ee","article_modified_time":"2026-03-21T11:52:52+00:00","og_image":[{"width":698,"height":698,"url":"https:\/\/minimalist.ee\/wp-content\/uploads\/2022\/08\/topi-natural-deodorizer-698x698_1024x1024@2x.jpg.webp","type":"image\/webp"}],"twitter_card":"summary_large_image","twitter_misc":{"Est. reading time":"1 minute"},"schema":{"@context":"https:\/\/schema.org","@graph":[{"@type":"WebPage","@id":"https:\/\/minimalist.ee\/toode\/topi-looduslik-jalanoude-deodorant-ja-lohna-eemaldaja\/","url":"https:\/\/minimalist.ee\/toode\/topi-looduslik-jalanoude-deodorant-ja-lohna-eemaldaja\/","name":"TOPI looduslik jalan\u00f5ude deodorant ja l\u00f5hna eemaldaja - Minimalist.ee","isPartOf":{"@id":"https:\/\/minimalist.ee\/#website"},"primaryImageOfPage":{"@id":"https:\/\/minimalist.ee\/toode\/topi-looduslik-jalanoude-deodorant-ja-lohna-eemaldaja\/#primaryimage"},"image":{"@id":"https:\/\/minimalist.ee\/toode\/topi-looduslik-jalanoude-deodorant-ja-lohna-eemaldaja\/#primaryimage"},"thumbnailUrl":"https:\/\/minimalist.ee\/wp-content\/uploads\/2022\/08\/topi-natural-deodorizer-698x698_1024x1024@2x.jpg.webp","datePublished":"2022-08-13T08:54:13+00:00","dateModified":"2026-03-21T11:52:52+00:00","description":"Paljajalujaltsid, barefoot jalatsid, jalatsid lastele, jalatsid t\u00e4iskasvanutele, kogu pere barefoot jalatsite pood","breadcrumb":{"@id":"https:\/\/minimalist.ee\/toode\/topi-looduslik-jalanoude-deodorant-ja-lohna-eemaldaja\/#breadcrumb"},"inLanguage":"en-US","potentialAction":[{"@type":"ReadAction","target":["https:\/\/minimalist.ee\/toode\/topi-looduslik-jalanoude-deodorant-ja-lohna-eemaldaja\/"]}]},{"@type":"ImageObject","inLanguage":"en-US","@id":"https:\/\/minimalist.ee\/toode\/topi-looduslik-jalanoude-deodorant-ja-lohna-eemaldaja\/#primaryimage","url":"https:\/\/minimalist.ee\/wp-content\/uploads\/2022\/08\/topi-natural-deodorizer-698x698_1024x1024@2x.jpg.webp","contentUrl":"https:\/\/minimalist.ee\/wp-content\/uploads\/2022\/08\/topi-natural-deodorizer-698x698_1024x1024@2x.jpg.webp","width":698,"height":698},{"@type":"BreadcrumbList","@id":"https:\/\/minimalist.ee\/toode\/topi-looduslik-jalanoude-deodorant-ja-lohna-eemaldaja\/#breadcrumb","itemListElement":[{"@type":"ListItem","position":1,"name":"Home","item":"https:\/\/minimalist.ee\/"},{"@type":"ListItem","position":2,"name":"Pood","item":"https:\/\/minimalist.ee\/pood\/"},{"@type":"ListItem","position":3,"name":"TOPI looduslik jalan\u00f5ude deodorant ja l\u00f5hna eemaldaja"}]},{"@type":"WebSite","@id":"https:\/\/minimalist.ee\/#website","url":"https:\/\/minimalist.ee\/","name":"Minimalist.ee","description":"Barefoot jalatsid","publisher":{"@id":"https:\/\/minimalist.ee\/#organization"},"potentialAction":[{"@type":"SearchAction","target":{"@type":"EntryPoint","urlTemplate":"https:\/\/minimalist.ee\/?s={search_term_string}"},"query-input":"required name=search_term_string"}],"inLanguage":"en-US"},{"@type":"Organization","@id":"https:\/\/minimalist.ee\/#organization","name":"Minimalist Shoes O\u00dc","url":"https:\/\/minimalist.ee\/","logo":{"@type":"ImageObject","inLanguage":"en-US","@id":"https:\/\/minimalist.ee\/#\/schema\/logo\/image\/","url":"https:\/\/minimalist.ee\/wp-content\/uploads\/2020\/10\/Original.png","contentUrl":"https:\/\/minimalist.ee\/wp-content\/uploads\/2020\/10\/Original.png","width":2048,"height":2000,"caption":"Minimalist Shoes O\u00dc"},"image":{"@id":"https:\/\/minimalist.ee\/#\/schema\/logo\/image\/"},"sameAs":["https:\/\/www.facebook.com\/www.minimalist.ee","https:\/\/www.instagram.com\/minimalistshoesest\/"]}]}},"jetpack_sharing_enabled":true,"_links":{"self":[{"href":"https:\/\/minimalist.ee\/en\/wp-json\/wp\/v2\/product\/11674"}],"collection":[{"href":"https:\/\/minimalist.ee\/en\/wp-json\/wp\/v2\/product"}],"about":[{"href":"https:\/\/minimalist.ee\/en\/wp-json\/wp\/v2\/types\/product"}],"replies":[{"embeddable":true,"href":"https:\/\/minimalist.ee\/en\/wp-json\/wp\/v2\/comments?post=11674"}],"wp:featuredmedia":[{"embeddable":true,"href":"https:\/\/minimalist.ee\/en\/wp-json\/wp\/v2\/media\/11675"}],"wp:attachment":[{"href":"https:\/\/minimalist.ee\/en\/wp-json\/wp\/v2\/media?parent=11674"}],"wp:term":[{"taxonomy":"product_cat","embeddable":true,"href":"https:\/\/minimalist.ee\/en\/wp-json\/wp\/v2\/product_cat?post=11674"},{"taxonomy":"product_tag","embeddable":true,"href":"https:\/\/minimalist.ee\/en\/wp-json\/wp\/v2\/product_tag?post=11674"}],"curies":[{"name":"wp","href":"https:\/\/api.w.org\/{rel}","templated":true}]}}