{"id":10616,"date":"2022-04-14T15:50:10","date_gmt":"2022-04-14T15:50:10","guid":{"rendered":"https:\/\/minimalist.ee\/?post_type=product&#038;p=10616"},"modified":"2023-07-28T20:48:07","modified_gmt":"2023-07-28T20:48:07","slug":"peerko-mood","status":"publish","type":"product","link":"https:\/\/minimalist.ee\/en\/product\/peerko-mood\/","title":{"rendered":"Peerko Fashion"},"content":{"rendered":"<p><span data-sheets-value=\"{&quot;1&quot;:2,&quot;2&quot;:&quot;Peerko Mood nahast jalan\u00f5ud on \u00f5hukese nahkvoodri ja nahast sisetallaga. Jalan\u00f5ud on valmistatud k\u00e4sitsi Euroopas, eetilistel tingimustel. K\u00f5ik kasutatud materjalid on Euroopast p\u00e4rit. Jalan\u00f5ude tallad on valmistatud \u00fcmbert\u00f6\u00f6deldavast termoplastilisest kummist, mustri s\u00fcgavus on 1.5mm. Tallad on k\u00fclge liimitud ning \u00f5mmeldud. Peerko jalan\u00f5ud on valminud koost\u00f6\u00f6s f\u00fcsioterapeutidega, et oleks tagatud jalgade piisav ruum ja mugavus.\\n\\nPealmine osa: nahk\\nVooder ja sisetald: nahk\\nTald: 5 mm kumm\\n\\nEnne esimest kandmist soovitame jalan\u00f5usid t\u00f6\u00f6delda veluurile m\u00f5eldud vahendiga, n\u00e4iteks GoGoNano Protect, Goldenmix Jalatsikaitse v\u00f5i Topi Natural Repel. Need muudavad jalan\u00f5ud vett ja mustust h\u00fclgavaks ning jalatseid on hiljem lihtsam puhastada.&quot;}\" data-sheets-userformat=\"{&quot;2&quot;:513,&quot;3&quot;:{&quot;1&quot;:0},&quot;12&quot;:0}\">Peerko Mood leather shoes have a thin leather lining and a leather insole. The shoes are handmade in Europe under ethical conditions. All materials used are from Europe. The soles of the shoes are made of recyclable thermoplastic rubber, the depth of the pattern is 1.5mm. The soles are glued and sewn. Peerko shoes have been made in cooperation with physiotherapists to ensure sufficient space and comfort for the feet.<\/span><\/p>\n<p>Upper: Leather<br \/>\nLining and insole: leather<br \/>\nSole: 5 mm rubber<\/p>\n<p>Before wearing for the first time, we recommend treating the shoes with a product intended for velor, for example <a href=\"https:\/\/minimalist.ee\/en\/product\/gogonano-protect\/\">GoGoNano Protect<\/a>, <a href=\"https:\/\/minimalist.ee\/en\/product\/goldenmix-jalatsikaitse\/\">Goldenmix Shoe protection<\/a> or<a href=\"https:\/\/minimalist.ee\/en\/product\/topi-natural-repel\/\"> Topi Natural Repel<\/a>. They make the shoes repel water and dirt, and the shoes are easier to clean later.<\/p>","protected":false},"excerpt":{"rendered":"<p><span data-sheets-value=\"{&quot;1&quot;:2,&quot;2&quot;:&quot;Peerko Mood nahast jalan\u00f5ud on \u00f5hukese nahkvoodri ja nahast sisetallaga. Jalan\u00f5ud on valmistatud k\u00e4sitsi Euroopas, eetilistel tingimustel. K\u00f5ik kasutatud materjalid on Euroopast p\u00e4rit. Jalan\u00f5ude tallad on valmistatud \u00fcmbert\u00f6\u00f6deldavast termoplastilisest kummist, mustri s\u00fcgavus on 1.5mm. Tallad on k\u00fclge liimitud ning \u00f5mmeldud. Peerko jalan\u00f5ud on valminud koost\u00f6\u00f6s f\u00fcsioterapeutidega, et oleks tagatud jalgade piisav ruum ja mugavus.\\n\\nPealmine osa: nahk\\nVooder ja sisetald: nahk\\nTald: 5 mm kumm\\n\\nEnne esimest kandmist soovitame jalan\u00f5usid t\u00f6\u00f6delda veluurile m\u00f5eldud vahendiga, n\u00e4iteks GoGoNano Protect, Goldenmix Jalatsikaitse v\u00f5i Topi Natural Repel. Need muudavad jalan\u00f5ud vett ja mustust h\u00fclgavaks ning jalatseid on hiljem lihtsam puhastada.&quot;}\" data-sheets-userformat=\"{&quot;2&quot;:513,&quot;3&quot;:{&quot;1&quot;:0},&quot;12&quot;:0}\">Peerko Mood leather sneakers<\/span><\/p>","protected":false},"featured_media":10617,"comment_status":"open","ping_status":"closed","template":"","meta":{"_monsterinsights_skip_tracking":false,"_monsterinsights_sitenote_active":false,"_monsterinsights_sitenote_note":"","_monsterinsights_sitenote_category":0,"neve_meta_sidebar":"","neve_meta_container":"","neve_meta_enable_content_width":"off","neve_meta_content_width":70,"neve_meta_title_alignment":"","neve_meta_author_avatar":"","neve_post_elements_order":"","neve_meta_disable_header":"","neve_meta_disable_footer":"","neve_meta_disable_title":""},"product_cat":[71,19,23],"product_tag":[],"yoast_head":"<!-- This site is optimized with the Yoast SEO plugin v22.4 - https:\/\/yoast.com\/wordpress\/plugins\/seo\/ -->\n<title>Peerko Mood - Minimalist.ee<\/title>\n<meta name=\"description\" content=\"Paljajalujaltsid, barefoot jalatsid, jalatsid lastele, jalatsid t\u00e4iskasvanutele, kogu pere barefoot jalatsite pood\" \/>\n<meta name=\"robots\" content=\"index, follow, max-snippet:-1, max-image-preview:large, max-video-preview:-1\" \/>\n<link rel=\"canonical\" href=\"https:\/\/minimalist.ee\/en\/product\/peerko-mood\/\" \/>\n<meta property=\"og:locale\" content=\"en_US\" \/>\n<meta property=\"og:type\" content=\"article\" \/>\n<meta property=\"og:title\" content=\"Peerko Mood - Minimalist.ee\" \/>\n<meta property=\"og:description\" content=\"Paljajalujaltsid, barefoot jalatsid, jalatsid lastele, jalatsid t\u00e4iskasvanutele, kogu pere barefoot jalatsite pood\" \/>\n<meta property=\"og:url\" content=\"https:\/\/minimalist.ee\/en\/product\/peerko-mood\/\" \/>\n<meta property=\"og:site_name\" content=\"Minimalist.ee\" \/>\n<meta property=\"article:publisher\" content=\"https:\/\/www.facebook.com\/www.minimalist.ee\" \/>\n<meta property=\"article:modified_time\" content=\"2023-07-28T20:48:07+00:00\" \/>\n<meta property=\"og:image\" content=\"https:\/\/minimalist.ee\/wp-content\/uploads\/2022\/04\/d5254a2278994611f7e823e1796648bd.jpg\" \/>\n\t<meta property=\"og:image:width\" content=\"1000\" \/>\n\t<meta property=\"og:image:height\" content=\"1000\" \/>\n\t<meta property=\"og:image:type\" content=\"image\/jpeg\" \/>\n<meta name=\"twitter:card\" content=\"summary_large_image\" \/>\n<meta name=\"twitter:label1\" content=\"Est. reading time\" \/>\n\t<meta name=\"twitter:data1\" content=\"1 minute\" \/>\n<script type=\"application\/ld+json\" class=\"yoast-schema-graph\">{\"@context\":\"https:\/\/schema.org\",\"@graph\":[{\"@type\":\"WebPage\",\"@id\":\"https:\/\/minimalist.ee\/toode\/peerko-mood\/\",\"url\":\"https:\/\/minimalist.ee\/toode\/peerko-mood\/\",\"name\":\"Peerko Mood - Minimalist.ee\",\"isPartOf\":{\"@id\":\"https:\/\/minimalist.ee\/#website\"},\"primaryImageOfPage\":{\"@id\":\"https:\/\/minimalist.ee\/toode\/peerko-mood\/#primaryimage\"},\"image\":{\"@id\":\"https:\/\/minimalist.ee\/toode\/peerko-mood\/#primaryimage\"},\"thumbnailUrl\":\"https:\/\/minimalist.ee\/wp-content\/uploads\/2022\/04\/d5254a2278994611f7e823e1796648bd.jpg\",\"datePublished\":\"2022-04-14T15:50:10+00:00\",\"dateModified\":\"2023-07-28T20:48:07+00:00\",\"description\":\"Paljajalujaltsid, barefoot jalatsid, jalatsid lastele, jalatsid t\u00e4iskasvanutele, kogu pere barefoot jalatsite pood\",\"breadcrumb\":{\"@id\":\"https:\/\/minimalist.ee\/toode\/peerko-mood\/#breadcrumb\"},\"inLanguage\":\"en-US\",\"potentialAction\":[{\"@type\":\"ReadAction\",\"target\":[\"https:\/\/minimalist.ee\/toode\/peerko-mood\/\"]}]},{\"@type\":\"ImageObject\",\"inLanguage\":\"en-US\",\"@id\":\"https:\/\/minimalist.ee\/toode\/peerko-mood\/#primaryimage\",\"url\":\"https:\/\/minimalist.ee\/wp-content\/uploads\/2022\/04\/d5254a2278994611f7e823e1796648bd.jpg\",\"contentUrl\":\"https:\/\/minimalist.ee\/wp-content\/uploads\/2022\/04\/d5254a2278994611f7e823e1796648bd.jpg\",\"width\":1000,\"height\":1000},{\"@type\":\"BreadcrumbList\",\"@id\":\"https:\/\/minimalist.ee\/toode\/peerko-mood\/#breadcrumb\",\"itemListElement\":[{\"@type\":\"ListItem\",\"position\":1,\"name\":\"Home\",\"item\":\"https:\/\/minimalist.ee\/\"},{\"@type\":\"ListItem\",\"position\":2,\"name\":\"Pood\",\"item\":\"https:\/\/minimalist.ee\/pood\/\"},{\"@type\":\"ListItem\",\"position\":3,\"name\":\"Peerko Mood\"}]},{\"@type\":\"WebSite\",\"@id\":\"https:\/\/minimalist.ee\/#website\",\"url\":\"https:\/\/minimalist.ee\/\",\"name\":\"Minimalist.ee\",\"description\":\"Barefoot jalatsid\",\"publisher\":{\"@id\":\"https:\/\/minimalist.ee\/#organization\"},\"potentialAction\":[{\"@type\":\"SearchAction\",\"target\":{\"@type\":\"EntryPoint\",\"urlTemplate\":\"https:\/\/minimalist.ee\/?s={search_term_string}\"},\"query-input\":\"required name=search_term_string\"}],\"inLanguage\":\"en-US\"},{\"@type\":\"Organization\",\"@id\":\"https:\/\/minimalist.ee\/#organization\",\"name\":\"Minimalist Shoes O\u00dc\",\"url\":\"https:\/\/minimalist.ee\/\",\"logo\":{\"@type\":\"ImageObject\",\"inLanguage\":\"en-US\",\"@id\":\"https:\/\/minimalist.ee\/#\/schema\/logo\/image\/\",\"url\":\"https:\/\/minimalist.ee\/wp-content\/uploads\/2020\/10\/Original.png\",\"contentUrl\":\"https:\/\/minimalist.ee\/wp-content\/uploads\/2020\/10\/Original.png\",\"width\":2048,\"height\":2000,\"caption\":\"Minimalist Shoes O\u00dc\"},\"image\":{\"@id\":\"https:\/\/minimalist.ee\/#\/schema\/logo\/image\/\"},\"sameAs\":[\"https:\/\/www.facebook.com\/www.minimalist.ee\",\"https:\/\/www.instagram.com\/minimalistshoesest\/\"]}]}<\/script>\n<!-- \/ Yoast SEO plugin. -->","yoast_head_json":{"title":"Peerko Mood - Minimalist.ee","description":"Paljajalujaltsid, barefoot jalatsid, jalatsid lastele, jalatsid t\u00e4iskasvanutele, kogu pere barefoot jalatsite pood","robots":{"index":"index","follow":"follow","max-snippet":"max-snippet:-1","max-image-preview":"max-image-preview:large","max-video-preview":"max-video-preview:-1"},"canonical":"https:\/\/minimalist.ee\/en\/product\/peerko-mood\/","og_locale":"en_US","og_type":"article","og_title":"Peerko Mood - Minimalist.ee","og_description":"Paljajalujaltsid, barefoot jalatsid, jalatsid lastele, jalatsid t\u00e4iskasvanutele, kogu pere barefoot jalatsite pood","og_url":"https:\/\/minimalist.ee\/en\/product\/peerko-mood\/","og_site_name":"Minimalist.ee","article_publisher":"https:\/\/www.facebook.com\/www.minimalist.ee","article_modified_time":"2023-07-28T20:48:07+00:00","og_image":[{"width":1000,"height":1000,"url":"https:\/\/minimalist.ee\/wp-content\/uploads\/2022\/04\/d5254a2278994611f7e823e1796648bd.jpg","type":"image\/jpeg"}],"twitter_card":"summary_large_image","twitter_misc":{"Est. reading time":"1 minute"},"schema":{"@context":"https:\/\/schema.org","@graph":[{"@type":"WebPage","@id":"https:\/\/minimalist.ee\/toode\/peerko-mood\/","url":"https:\/\/minimalist.ee\/toode\/peerko-mood\/","name":"Peerko Mood - Minimalist.ee","isPartOf":{"@id":"https:\/\/minimalist.ee\/#website"},"primaryImageOfPage":{"@id":"https:\/\/minimalist.ee\/toode\/peerko-mood\/#primaryimage"},"image":{"@id":"https:\/\/minimalist.ee\/toode\/peerko-mood\/#primaryimage"},"thumbnailUrl":"https:\/\/minimalist.ee\/wp-content\/uploads\/2022\/04\/d5254a2278994611f7e823e1796648bd.jpg","datePublished":"2022-04-14T15:50:10+00:00","dateModified":"2023-07-28T20:48:07+00:00","description":"Paljajalujaltsid, barefoot jalatsid, jalatsid lastele, jalatsid t\u00e4iskasvanutele, kogu pere barefoot jalatsite pood","breadcrumb":{"@id":"https:\/\/minimalist.ee\/toode\/peerko-mood\/#breadcrumb"},"inLanguage":"en-US","potentialAction":[{"@type":"ReadAction","target":["https:\/\/minimalist.ee\/toode\/peerko-mood\/"]}]},{"@type":"ImageObject","inLanguage":"en-US","@id":"https:\/\/minimalist.ee\/toode\/peerko-mood\/#primaryimage","url":"https:\/\/minimalist.ee\/wp-content\/uploads\/2022\/04\/d5254a2278994611f7e823e1796648bd.jpg","contentUrl":"https:\/\/minimalist.ee\/wp-content\/uploads\/2022\/04\/d5254a2278994611f7e823e1796648bd.jpg","width":1000,"height":1000},{"@type":"BreadcrumbList","@id":"https:\/\/minimalist.ee\/toode\/peerko-mood\/#breadcrumb","itemListElement":[{"@type":"ListItem","position":1,"name":"Home","item":"https:\/\/minimalist.ee\/"},{"@type":"ListItem","position":2,"name":"Pood","item":"https:\/\/minimalist.ee\/pood\/"},{"@type":"ListItem","position":3,"name":"Peerko Mood"}]},{"@type":"WebSite","@id":"https:\/\/minimalist.ee\/#website","url":"https:\/\/minimalist.ee\/","name":"Minimalist.ee","description":"Barefoot jalatsid","publisher":{"@id":"https:\/\/minimalist.ee\/#organization"},"potentialAction":[{"@type":"SearchAction","target":{"@type":"EntryPoint","urlTemplate":"https:\/\/minimalist.ee\/?s={search_term_string}"},"query-input":"required name=search_term_string"}],"inLanguage":"en-US"},{"@type":"Organization","@id":"https:\/\/minimalist.ee\/#organization","name":"Minimalist Shoes O\u00dc","url":"https:\/\/minimalist.ee\/","logo":{"@type":"ImageObject","inLanguage":"en-US","@id":"https:\/\/minimalist.ee\/#\/schema\/logo\/image\/","url":"https:\/\/minimalist.ee\/wp-content\/uploads\/2020\/10\/Original.png","contentUrl":"https:\/\/minimalist.ee\/wp-content\/uploads\/2020\/10\/Original.png","width":2048,"height":2000,"caption":"Minimalist Shoes O\u00dc"},"image":{"@id":"https:\/\/minimalist.ee\/#\/schema\/logo\/image\/"},"sameAs":["https:\/\/www.facebook.com\/www.minimalist.ee","https:\/\/www.instagram.com\/minimalistshoesest\/"]}]}},"jetpack_sharing_enabled":true,"_links":{"self":[{"href":"https:\/\/minimalist.ee\/en\/wp-json\/wp\/v2\/product\/10616"}],"collection":[{"href":"https:\/\/minimalist.ee\/en\/wp-json\/wp\/v2\/product"}],"about":[{"href":"https:\/\/minimalist.ee\/en\/wp-json\/wp\/v2\/types\/product"}],"replies":[{"embeddable":true,"href":"https:\/\/minimalist.ee\/en\/wp-json\/wp\/v2\/comments?post=10616"}],"wp:featuredmedia":[{"embeddable":true,"href":"https:\/\/minimalist.ee\/en\/wp-json\/wp\/v2\/media\/10617"}],"wp:attachment":[{"href":"https:\/\/minimalist.ee\/en\/wp-json\/wp\/v2\/media?parent=10616"}],"wp:term":[{"taxonomy":"product_cat","embeddable":true,"href":"https:\/\/minimalist.ee\/en\/wp-json\/wp\/v2\/product_cat?post=10616"},{"taxonomy":"product_tag","embeddable":true,"href":"https:\/\/minimalist.ee\/en\/wp-json\/wp\/v2\/product_tag?post=10616"}],"curies":[{"name":"wp","href":"https:\/\/api.w.org\/{rel}","templated":true}]}}