{"id":10603,"date":"2022-04-14T15:35:04","date_gmt":"2022-04-14T15:35:04","guid":{"rendered":"https:\/\/minimalist.ee\/?post_type=product&#038;p=10603"},"modified":"2025-05-11T09:29:49","modified_gmt":"2025-05-11T09:29:49","slug":"peerko-classic","status":"publish","type":"product","link":"https:\/\/minimalist.ee\/en\/product\/peerko-classic\/","title":{"rendered":"Peerko Classic"},"content":{"rendered":"<p><span data-sheets-value=\"{&quot;1&quot;:2,&quot;2&quot;:&quot;Peerko Classic nahast jalan\u00f5ud on \u00f5hukese nahkvoodri ja nahast sisetallaga. Jalan\u00f5ud on valmistatud k\u00e4sitsi Euroopas, eetilistel tingimustel. K\u00f5ik kasutatud materjalid on Euroopast p\u00e4rit. Jalan\u00f5ude tallad on valmistatud \u00fcmbert\u00f6\u00f6deldavast termoplastilisest kummist, mustri s\u00fcgavus on 1.5mm. Tallad on k\u00fclge liimitud ning \u00f5mmeldud. Peerko jalan\u00f5ud on valminud koost\u00f6\u00f6s f\u00fcsioterapeutidega, et oleks tagatud jalgade piisav ruum ja mugavus.\\n\\nPealmine osa: nahk\\nVooder ja sisetald: nahk\\nTald: 5 mm kumm\\n\\nEnne esimest kandmist soovitame jalan\u00f5usid t\u00f6\u00f6delda veluurile m\u00f5eldud vahendiga, n\u00e4iteks GoGoNano Protect, Goldenmix Jalatsikaitse v\u00f5i Topi Natural Repel. Need muudavad jalan\u00f5ud vett ja mustust h\u00fclgavaks ning jalatseid on hiljem lihtsam puhastada.&quot;}\" data-sheets-userformat=\"{&quot;2&quot;:513,&quot;3&quot;:{&quot;1&quot;:0},&quot;12&quot;:0}\">Peerko Classic leather shoes have a thin leather lining and a leather insole. The shoes are handmade in Europe under ethical conditions. All materials used are from Europe. The soles of the shoes are made of recyclable thermoplastic rubber, the depth of the pattern is 1.5mm. The soles are glued and sewn. Peerko shoes have been made in cooperation with physiotherapists to ensure sufficient space and comfort for the feet.<\/span><\/p>\n<p>Upper: Leather<br \/>\nLining and insole: leather<br \/>\nSole: 5 mm rubber<\/p>\n<p>Before wearing for the first time, we recommend treating the shoes with a product intended for velor, for example <a href=\"https:\/\/minimalist.ee\/en\/product\/gogonano-protect\/\">GoGoNano Protect<\/a>, <a href=\"https:\/\/minimalist.ee\/en\/product\/goldenmix-jalatsikaitse\/\">Goldenmix Shoe protection<\/a> or<a href=\"https:\/\/minimalist.ee\/en\/product\/topi-natural-repel\/\"> Topi Natural Repel<\/a>. They make the shoes repel water and dirt, and the shoes are easier to clean later.<\/p>\n<p>Minimalist measurements for the Peerko Classic model<\/p>\n<table dir=\"ltr\" border=\"1\" cellspacing=\"0\" cellpadding=\"0\">\n<colgroup>\n<col width=\"77\" \/>\n<col width=\"78\" \/><\/colgroup>\n<tbody>\n<tr>\n<td style=\"text-align: center;\" data-sheets-value=\"{&quot;1&quot;:2,&quot;2&quot;:&quot;Suurus&quot;}\"><strong>Size<\/strong><\/td>\n<td style=\"text-align: center;\" data-sheets-value=\"{&quot;1&quot;:2,&quot;2&quot;:&quot;Sisepikkus&quot;}\"><strong>Inside length<\/strong><\/td>\n<\/tr>\n<tr>\n<td style=\"text-align: center;\" data-sheets-value=\"{&quot;1&quot;:3,&quot;3&quot;:38}\"><strong>38<\/strong><\/td>\n<td style=\"text-align: center;\" data-sheets-value=\"{&quot;1&quot;:3,&quot;3&quot;:24.8}\">24.8<\/td>\n<\/tr>\n<tr>\n<td style=\"text-align: center;\" data-sheets-value=\"{&quot;1&quot;:3,&quot;3&quot;:39}\"><strong>39<\/strong><\/td>\n<td style=\"text-align: center;\" data-sheets-value=\"{&quot;1&quot;:3,&quot;3&quot;:25.5}\">25.5<\/td>\n<\/tr>\n<tr>\n<td style=\"text-align: center;\" data-sheets-value=\"{&quot;1&quot;:3,&quot;3&quot;:40}\"><strong>40<\/strong><\/td>\n<td style=\"text-align: center;\" data-sheets-value=\"{&quot;1&quot;:3,&quot;3&quot;:26.4}\">26.4<\/td>\n<\/tr>\n<tr>\n<td style=\"text-align: center;\" data-sheets-value=\"{&quot;1&quot;:3,&quot;3&quot;:41}\"><strong>41<\/strong><\/td>\n<td style=\"text-align: center;\" data-sheets-value=\"{&quot;1&quot;:3,&quot;3&quot;:26.9}\">26.9<\/td>\n<\/tr>\n<tr>\n<td style=\"text-align: center;\" data-sheets-value=\"{&quot;1&quot;:3,&quot;3&quot;:42}\"><strong>42<\/strong><\/td>\n<td style=\"text-align: center;\" data-sheets-value=\"{&quot;1&quot;:3,&quot;3&quot;:27.4}\">27.4<\/td>\n<\/tr>\n<tr>\n<td style=\"text-align: center;\" data-sheets-value=\"{&quot;1&quot;:3,&quot;3&quot;:43}\"><strong>43<\/strong><\/td>\n<td style=\"text-align: center;\" data-sheets-value=\"{&quot;1&quot;:3,&quot;3&quot;:28.4}\">28.4<\/td>\n<\/tr>\n<tr>\n<td style=\"text-align: center;\" data-sheets-value=\"{&quot;1&quot;:3,&quot;3&quot;:44}\"><strong>44<\/strong><\/td>\n<td style=\"text-align: center;\" data-sheets-value=\"{&quot;1&quot;:3,&quot;3&quot;:28.9}\">28.9<\/td>\n<\/tr>\n<tr>\n<td style=\"text-align: center;\" data-sheets-value=\"{&quot;1&quot;:3,&quot;3&quot;:45}\"><strong>45<\/strong><\/td>\n<td style=\"text-align: center;\" data-sheets-value=\"{&quot;1&quot;:3,&quot;3&quot;:29.5}\">29.5<\/td>\n<\/tr>\n<\/tbody>\n<\/table>","protected":false},"excerpt":{"rendered":"<p><span data-sheets-value=\"{&quot;1&quot;:2,&quot;2&quot;:&quot;Peerko Classic nahast jalan\u00f5ud on \u00f5hukese nahkvoodri ja nahast sisetallaga. Jalan\u00f5ud on valmistatud k\u00e4sitsi Euroopas, eetilistel tingimustel. K\u00f5ik kasutatud materjalid on Euroopast p\u00e4rit. Jalan\u00f5ude tallad on valmistatud \u00fcmbert\u00f6\u00f6deldavast termoplastilisest kummist, mustri s\u00fcgavus on 1.5mm. Tallad on k\u00fclge liimitud ning \u00f5mmeldud. Peerko jalan\u00f5ud on valminud koost\u00f6\u00f6s f\u00fcsioterapeutidega, et oleks tagatud jalgade piisav ruum ja mugavus.\\n\\nPealmine osa: nahk\\nVooder ja sisetald: nahk\\nTald: 5 mm kumm\\n\\nEnne esimest kandmist soovitame jalan\u00f5usid t\u00f6\u00f6delda veluurile m\u00f5eldud vahendiga, n\u00e4iteks GoGoNano Protect, Goldenmix Jalatsikaitse v\u00f5i Topi Natural Repel. Need muudavad jalan\u00f5ud vett ja mustust h\u00fclgavaks ning jalatseid on hiljem lihtsam puhastada.&quot;}\" data-sheets-userformat=\"{&quot;2&quot;:513,&quot;3&quot;:{&quot;1&quot;:0},&quot;12&quot;:0}\">Peerko Classic leather sneakers<\/span><\/p>","protected":false},"featured_media":10606,"comment_status":"open","ping_status":"closed","template":"","meta":{"_monsterinsights_skip_tracking":false,"_monsterinsights_sitenote_active":false,"_monsterinsights_sitenote_note":"","_monsterinsights_sitenote_category":0,"neve_meta_sidebar":"","neve_meta_container":"","neve_meta_enable_content_width":"off","neve_meta_content_width":70,"neve_meta_title_alignment":"","neve_meta_author_avatar":"","neve_post_elements_order":"","neve_meta_disable_header":"","neve_meta_disable_footer":"","neve_meta_disable_title":""},"product_cat":[30,19,23,18],"product_tag":[],"yoast_head":"<!-- This site is optimized with the Yoast SEO plugin v22.4 - https:\/\/yoast.com\/wordpress\/plugins\/seo\/ -->\n<title>Peerko Classic - Minimalist.ee<\/title>\n<meta name=\"description\" content=\"Paljajalujaltsid, barefoot jalatsid, jalatsid lastele, jalatsid t\u00e4iskasvanutele, kogu pere barefoot jalatsite pood\" \/>\n<meta name=\"robots\" content=\"index, follow, max-snippet:-1, max-image-preview:large, max-video-preview:-1\" \/>\n<link rel=\"canonical\" href=\"https:\/\/minimalist.ee\/en\/product\/peerko-classic\/\" \/>\n<meta property=\"og:locale\" content=\"en_US\" \/>\n<meta property=\"og:type\" content=\"article\" \/>\n<meta property=\"og:title\" content=\"Peerko Classic - Minimalist.ee\" \/>\n<meta property=\"og:description\" content=\"Paljajalujaltsid, barefoot jalatsid, jalatsid lastele, jalatsid t\u00e4iskasvanutele, kogu pere barefoot jalatsite pood\" \/>\n<meta property=\"og:url\" content=\"https:\/\/minimalist.ee\/en\/product\/peerko-classic\/\" \/>\n<meta property=\"og:site_name\" content=\"Minimalist.ee\" \/>\n<meta property=\"article:publisher\" content=\"https:\/\/www.facebook.com\/www.minimalist.ee\" \/>\n<meta property=\"article:modified_time\" content=\"2025-05-11T09:29:49+00:00\" \/>\n<meta property=\"og:image\" content=\"https:\/\/minimalist.ee\/wp-content\/uploads\/2022\/04\/a574f3674a93a627092a5457762a29af.jpg\" \/>\n\t<meta property=\"og:image:width\" content=\"1000\" \/>\n\t<meta property=\"og:image:height\" content=\"1000\" \/>\n\t<meta property=\"og:image:type\" content=\"image\/jpeg\" \/>\n<meta name=\"twitter:card\" content=\"summary_large_image\" \/>\n<meta name=\"twitter:label1\" content=\"Est. reading time\" \/>\n\t<meta name=\"twitter:data1\" content=\"1 minute\" \/>\n<script type=\"application\/ld+json\" class=\"yoast-schema-graph\">{\"@context\":\"https:\/\/schema.org\",\"@graph\":[{\"@type\":\"WebPage\",\"@id\":\"https:\/\/minimalist.ee\/toode\/peerko-classic\/\",\"url\":\"https:\/\/minimalist.ee\/toode\/peerko-classic\/\",\"name\":\"Peerko Classic - Minimalist.ee\",\"isPartOf\":{\"@id\":\"https:\/\/minimalist.ee\/#website\"},\"primaryImageOfPage\":{\"@id\":\"https:\/\/minimalist.ee\/toode\/peerko-classic\/#primaryimage\"},\"image\":{\"@id\":\"https:\/\/minimalist.ee\/toode\/peerko-classic\/#primaryimage\"},\"thumbnailUrl\":\"https:\/\/minimalist.ee\/wp-content\/uploads\/2022\/04\/a574f3674a93a627092a5457762a29af.jpg\",\"datePublished\":\"2022-04-14T15:35:04+00:00\",\"dateModified\":\"2025-05-11T09:29:49+00:00\",\"description\":\"Paljajalujaltsid, barefoot jalatsid, jalatsid lastele, jalatsid t\u00e4iskasvanutele, kogu pere barefoot jalatsite pood\",\"breadcrumb\":{\"@id\":\"https:\/\/minimalist.ee\/toode\/peerko-classic\/#breadcrumb\"},\"inLanguage\":\"en-US\",\"potentialAction\":[{\"@type\":\"ReadAction\",\"target\":[\"https:\/\/minimalist.ee\/toode\/peerko-classic\/\"]}]},{\"@type\":\"ImageObject\",\"inLanguage\":\"en-US\",\"@id\":\"https:\/\/minimalist.ee\/toode\/peerko-classic\/#primaryimage\",\"url\":\"https:\/\/minimalist.ee\/wp-content\/uploads\/2022\/04\/a574f3674a93a627092a5457762a29af.jpg\",\"contentUrl\":\"https:\/\/minimalist.ee\/wp-content\/uploads\/2022\/04\/a574f3674a93a627092a5457762a29af.jpg\",\"width\":1000,\"height\":1000},{\"@type\":\"BreadcrumbList\",\"@id\":\"https:\/\/minimalist.ee\/toode\/peerko-classic\/#breadcrumb\",\"itemListElement\":[{\"@type\":\"ListItem\",\"position\":1,\"name\":\"Home\",\"item\":\"https:\/\/minimalist.ee\/\"},{\"@type\":\"ListItem\",\"position\":2,\"name\":\"Pood\",\"item\":\"https:\/\/minimalist.ee\/pood\/\"},{\"@type\":\"ListItem\",\"position\":3,\"name\":\"Peerko Classic\"}]},{\"@type\":\"WebSite\",\"@id\":\"https:\/\/minimalist.ee\/#website\",\"url\":\"https:\/\/minimalist.ee\/\",\"name\":\"Minimalist.ee\",\"description\":\"Barefoot jalatsid\",\"publisher\":{\"@id\":\"https:\/\/minimalist.ee\/#organization\"},\"potentialAction\":[{\"@type\":\"SearchAction\",\"target\":{\"@type\":\"EntryPoint\",\"urlTemplate\":\"https:\/\/minimalist.ee\/?s={search_term_string}\"},\"query-input\":\"required name=search_term_string\"}],\"inLanguage\":\"en-US\"},{\"@type\":\"Organization\",\"@id\":\"https:\/\/minimalist.ee\/#organization\",\"name\":\"Minimalist Shoes O\u00dc\",\"url\":\"https:\/\/minimalist.ee\/\",\"logo\":{\"@type\":\"ImageObject\",\"inLanguage\":\"en-US\",\"@id\":\"https:\/\/minimalist.ee\/#\/schema\/logo\/image\/\",\"url\":\"https:\/\/minimalist.ee\/wp-content\/uploads\/2020\/10\/Original.png\",\"contentUrl\":\"https:\/\/minimalist.ee\/wp-content\/uploads\/2020\/10\/Original.png\",\"width\":2048,\"height\":2000,\"caption\":\"Minimalist Shoes O\u00dc\"},\"image\":{\"@id\":\"https:\/\/minimalist.ee\/#\/schema\/logo\/image\/\"},\"sameAs\":[\"https:\/\/www.facebook.com\/www.minimalist.ee\",\"https:\/\/www.instagram.com\/minimalistshoesest\/\"]}]}<\/script>\n<!-- \/ Yoast SEO plugin. -->","yoast_head_json":{"title":"Peerko Classic - Minimalist.ee","description":"Paljajalujaltsid, barefoot jalatsid, jalatsid lastele, jalatsid t\u00e4iskasvanutele, kogu pere barefoot jalatsite pood","robots":{"index":"index","follow":"follow","max-snippet":"max-snippet:-1","max-image-preview":"max-image-preview:large","max-video-preview":"max-video-preview:-1"},"canonical":"https:\/\/minimalist.ee\/en\/product\/peerko-classic\/","og_locale":"en_US","og_type":"article","og_title":"Peerko Classic - Minimalist.ee","og_description":"Paljajalujaltsid, barefoot jalatsid, jalatsid lastele, jalatsid t\u00e4iskasvanutele, kogu pere barefoot jalatsite pood","og_url":"https:\/\/minimalist.ee\/en\/product\/peerko-classic\/","og_site_name":"Minimalist.ee","article_publisher":"https:\/\/www.facebook.com\/www.minimalist.ee","article_modified_time":"2025-05-11T09:29:49+00:00","og_image":[{"width":1000,"height":1000,"url":"https:\/\/minimalist.ee\/wp-content\/uploads\/2022\/04\/a574f3674a93a627092a5457762a29af.jpg","type":"image\/jpeg"}],"twitter_card":"summary_large_image","twitter_misc":{"Est. reading time":"1 minute"},"schema":{"@context":"https:\/\/schema.org","@graph":[{"@type":"WebPage","@id":"https:\/\/minimalist.ee\/toode\/peerko-classic\/","url":"https:\/\/minimalist.ee\/toode\/peerko-classic\/","name":"Peerko Classic - Minimalist.ee","isPartOf":{"@id":"https:\/\/minimalist.ee\/#website"},"primaryImageOfPage":{"@id":"https:\/\/minimalist.ee\/toode\/peerko-classic\/#primaryimage"},"image":{"@id":"https:\/\/minimalist.ee\/toode\/peerko-classic\/#primaryimage"},"thumbnailUrl":"https:\/\/minimalist.ee\/wp-content\/uploads\/2022\/04\/a574f3674a93a627092a5457762a29af.jpg","datePublished":"2022-04-14T15:35:04+00:00","dateModified":"2025-05-11T09:29:49+00:00","description":"Paljajalujaltsid, barefoot jalatsid, jalatsid lastele, jalatsid t\u00e4iskasvanutele, kogu pere barefoot jalatsite pood","breadcrumb":{"@id":"https:\/\/minimalist.ee\/toode\/peerko-classic\/#breadcrumb"},"inLanguage":"en-US","potentialAction":[{"@type":"ReadAction","target":["https:\/\/minimalist.ee\/toode\/peerko-classic\/"]}]},{"@type":"ImageObject","inLanguage":"en-US","@id":"https:\/\/minimalist.ee\/toode\/peerko-classic\/#primaryimage","url":"https:\/\/minimalist.ee\/wp-content\/uploads\/2022\/04\/a574f3674a93a627092a5457762a29af.jpg","contentUrl":"https:\/\/minimalist.ee\/wp-content\/uploads\/2022\/04\/a574f3674a93a627092a5457762a29af.jpg","width":1000,"height":1000},{"@type":"BreadcrumbList","@id":"https:\/\/minimalist.ee\/toode\/peerko-classic\/#breadcrumb","itemListElement":[{"@type":"ListItem","position":1,"name":"Home","item":"https:\/\/minimalist.ee\/"},{"@type":"ListItem","position":2,"name":"Pood","item":"https:\/\/minimalist.ee\/pood\/"},{"@type":"ListItem","position":3,"name":"Peerko Classic"}]},{"@type":"WebSite","@id":"https:\/\/minimalist.ee\/#website","url":"https:\/\/minimalist.ee\/","name":"Minimalist.ee","description":"Barefoot jalatsid","publisher":{"@id":"https:\/\/minimalist.ee\/#organization"},"potentialAction":[{"@type":"SearchAction","target":{"@type":"EntryPoint","urlTemplate":"https:\/\/minimalist.ee\/?s={search_term_string}"},"query-input":"required name=search_term_string"}],"inLanguage":"en-US"},{"@type":"Organization","@id":"https:\/\/minimalist.ee\/#organization","name":"Minimalist Shoes O\u00dc","url":"https:\/\/minimalist.ee\/","logo":{"@type":"ImageObject","inLanguage":"en-US","@id":"https:\/\/minimalist.ee\/#\/schema\/logo\/image\/","url":"https:\/\/minimalist.ee\/wp-content\/uploads\/2020\/10\/Original.png","contentUrl":"https:\/\/minimalist.ee\/wp-content\/uploads\/2020\/10\/Original.png","width":2048,"height":2000,"caption":"Minimalist Shoes O\u00dc"},"image":{"@id":"https:\/\/minimalist.ee\/#\/schema\/logo\/image\/"},"sameAs":["https:\/\/www.facebook.com\/www.minimalist.ee","https:\/\/www.instagram.com\/minimalistshoesest\/"]}]}},"jetpack_sharing_enabled":true,"_links":{"self":[{"href":"https:\/\/minimalist.ee\/en\/wp-json\/wp\/v2\/product\/10603"}],"collection":[{"href":"https:\/\/minimalist.ee\/en\/wp-json\/wp\/v2\/product"}],"about":[{"href":"https:\/\/minimalist.ee\/en\/wp-json\/wp\/v2\/types\/product"}],"replies":[{"embeddable":true,"href":"https:\/\/minimalist.ee\/en\/wp-json\/wp\/v2\/comments?post=10603"}],"wp:featuredmedia":[{"embeddable":true,"href":"https:\/\/minimalist.ee\/en\/wp-json\/wp\/v2\/media\/10606"}],"wp:attachment":[{"href":"https:\/\/minimalist.ee\/en\/wp-json\/wp\/v2\/media?parent=10603"}],"wp:term":[{"taxonomy":"product_cat","embeddable":true,"href":"https:\/\/minimalist.ee\/en\/wp-json\/wp\/v2\/product_cat?post=10603"},{"taxonomy":"product_tag","embeddable":true,"href":"https:\/\/minimalist.ee\/en\/wp-json\/wp\/v2\/product_tag?post=10603"}],"curies":[{"name":"wp","href":"https:\/\/api.w.org\/{rel}","templated":true}]}}