{"id":940,"date":"2020-08-06T09:45:58","date_gmt":"2020-08-06T09:45:58","guid":{"rendered":"https:\/\/minimalist.ee\/?page_id=940"},"modified":"2020-12-17T15:26:55","modified_gmt":"2020-12-17T15:26:55","slug":"privaatsuspoliitika-ja-isikuandmete-tootlemine","status":"publish","type":"page","link":"https:\/\/minimalist.ee\/en\/privaatsuspoliitika-ja-isikuandmete-tootlemine\/","title":{"rendered":"Privacy policy and processing of personal data"},"content":{"rendered":"<div data-elementor-type=\"wp-page\" data-elementor-id=\"940\" class=\"elementor elementor-940\">\n\t\t\t\t\t\t<section class=\"elementor-section elementor-top-section elementor-element elementor-element-345caf56 elementor-section-boxed elementor-section-height-default elementor-section-height-default\" data-id=\"345caf56\" data-element_type=\"section\">\n\t\t\t\t\t\t<div class=\"elementor-container elementor-column-gap-default\">\n\t\t\t\t\t<div class=\"elementor-column elementor-col-100 elementor-top-column elementor-element elementor-element-71b6e3eb\" data-id=\"71b6e3eb\" data-element_type=\"column\">\n\t\t\t<div class=\"elementor-widget-wrap elementor-element-populated\">\n\t\t\t\t\t\t<div class=\"elementor-element elementor-element-5fe1209 elementor-widget elementor-widget-spacer\" data-id=\"5fe1209\" data-element_type=\"widget\" data-widget_type=\"spacer.default\">\n\t\t\t\t<div class=\"elementor-widget-container\">\n\t\t\t\t\t<div class=\"elementor-spacer\">\n\t\t\t<div class=\"elementor-spacer-inner\"><\/div>\n\t\t<\/div>\n\t\t\t\t<\/div>\n\t\t\t\t<\/div>\n\t\t\t\t\t<\/div>\n\t\t<\/div>\n\t\t\t\t\t<\/div>\n\t\t<\/section>\n\t\t\t\t<section class=\"elementor-section elementor-top-section elementor-element elementor-element-cec1cc1 elementor-section-boxed elementor-section-height-default elementor-section-height-default\" data-id=\"cec1cc1\" data-element_type=\"section\">\n\t\t\t\t\t\t<div class=\"elementor-container elementor-column-gap-default\">\n\t\t\t\t\t<div class=\"elementor-column elementor-col-100 elementor-top-column elementor-element elementor-element-cf95e13\" data-id=\"cf95e13\" data-element_type=\"column\">\n\t\t\t<div class=\"elementor-widget-wrap elementor-element-populated\">\n\t\t\t\t\t\t<div class=\"elementor-element elementor-element-7bf576f elementor-widget elementor-widget-spacer\" data-id=\"7bf576f\" data-element_type=\"widget\" data-widget_type=\"spacer.default\">\n\t\t\t\t<div class=\"elementor-widget-container\">\n\t\t\t\t\t<div class=\"elementor-spacer\">\n\t\t\t<div class=\"elementor-spacer-inner\"><\/div>\n\t\t<\/div>\n\t\t\t\t<\/div>\n\t\t\t\t<\/div>\n\t\t\t\t<div class=\"elementor-element elementor-element-dd545fa elementor-widget elementor-widget-heading\" data-id=\"dd545fa\" data-element_type=\"widget\" data-widget_type=\"heading.default\">\n\t\t\t\t<div class=\"elementor-widget-container\">\n\t\t\t<h2 class=\"elementor-heading-title elementor-size-default\">PRIVACY POLICY AND PERSONAL DATA PROCESSING<\/h2>\t\t<\/div>\n\t\t\t\t<\/div>\n\t\t\t\t\t<\/div>\n\t\t<\/div>\n\t\t\t\t\t<\/div>\n\t\t<\/section>\n\t\t\t\t<section class=\"elementor-section elementor-top-section elementor-element elementor-element-a36e2a2 elementor-section-boxed elementor-section-height-default elementor-section-height-default\" data-id=\"a36e2a2\" data-element_type=\"section\">\n\t\t\t\t\t\t<div class=\"elementor-container elementor-column-gap-default\">\n\t\t\t\t\t<div class=\"elementor-column elementor-col-100 elementor-top-column elementor-element elementor-element-82daa90\" data-id=\"82daa90\" data-element_type=\"column\">\n\t\t\t<div class=\"elementor-widget-wrap elementor-element-populated\">\n\t\t\t\t\t\t<div class=\"elementor-element elementor-element-97de476 elementor-widget elementor-widget-text-editor\" data-id=\"97de476\" data-element_type=\"widget\" data-widget_type=\"text-editor.default\">\n\t\t\t\t<div class=\"elementor-widget-container\">\n\t\t\t\t\t\t\t<p><!-- wp:paragraph --><\/p>\n<p>Online store <strong>Minimalist.ee<\/strong> (hereinafter Webshop) is owned by Minimalist Shoes O\u00dc (reg. 14937093), located at S\u00e4rje 26, Tallinn<\/p>\n<p><b>Privacy Policy<\/b><\/p>\n<ol>\n<li><b> General settings<\/b><\/li>\n<\/ol>\n<p><span style=\"font-weight: 400;\">1.1. This privacy policy regulates the principles regarding the collection, processing and storage of personal data. Personal data is collected, processed and stored by the personal data controller Minimalist Shoes O\u00dc (hereinafter the data processor).<\/span><\/p>\n<p><span style=\"font-weight: 400;\">1.2. A data subject in the sense of the privacy policy is a customer or other natural person whose personal data is processed by the data processor.<\/span><\/p>\n<p><span style=\"font-weight: 400;\">1.3. A customer in the sense of the privacy policy is anyone who buys goods or services from the website of the data processor.<\/span><\/p>\n<p><span style=\"font-weight: 400;\">1.4. The data processor complies with the principles of data processing stipulated in legislation, among other things, the data processor processes personal data legally, fairly and securely. The data processor is able to confirm that personal data has been processed in accordance with the provisions of legislation.<\/span><\/p>\n<ol start=\"2\">\n<li><b> Collection, processing and storage of personal data<\/b><\/li>\n<\/ol>\n<p><span style=\"font-weight: 400;\">2.1. The personal data that the data processor collects, processes and stores is collected electronically, mainly via the website and e-mail.<\/span><b>\u00a0<\/b><\/p>\n<p><span style=\"font-weight: 400;\">2.2. By sharing his personal data, the data subject gives the data processor the right to collect, organize, use and manage personal data for the purposes specified in the privacy policy, which the data subject directly or indirectly shares with the data processor when purchasing goods or services on the website.<\/span><\/p>\n<p><span style=\"font-weight: 400;\">2.3. The data subject is responsible for ensuring that the data provided by him is accurate, correct and complete. Knowingly providing false information is considered a violation of the Privacy Policy. The data subject is obliged to immediately notify the data processor of changes in the provided data.<\/span><\/p>\n<p><span style=\"font-weight: 400;\">2.4. The data processor is not responsible for damage to the data subject or third parties caused by the data subject providing false information.<\/span><\/p>\n<ol start=\"3\">\n<li><b> Processing of personal data of customers<\/b><\/li>\n<\/ol>\n<p><span style=\"font-weight: 400;\">3.1. The data processor may process the following personal data of the data subject:<\/span><\/p>\n<p><span style=\"font-weight: 400;\">3.1.1. First and last name;<\/span><\/p>\n<p><span style=\"font-weight: 400;\">3.1.2. Date of birth;<\/span><\/p>\n<p><span style=\"font-weight: 400;\">3.1.3. Phone number;<\/span><\/p>\n<p><span style=\"font-weight: 400;\">3.1.4. E-mail address;<\/span><\/p>\n<p><span style=\"font-weight: 400;\">3.1.5. Delivery address;<\/span><\/p>\n<p><span style=\"font-weight: 400;\">3.1.6. Current account number;<\/span><\/p>\n<p><span style=\"font-weight: 400;\">3.1.7. Payment card details.<\/span><\/p>\n<p><span style=\"font-weight: 400;\">3.2. In addition to the above, the data processor has the right to collect data about the customer that are available in public registers.<\/span><\/p>\n<p><span style=\"font-weight: 400;\">3.3. The legal basis for the processing of personal data is Article 6(1)(a), (b), (c) and (f) of the General Regulation on the Protection of Personal Data:<\/span><\/p>\n<p>a) the data subject has given his consent to process his personal data for one or more specific purposes;<\/p>\n<p>b) the processing of personal data is necessary for the performance of a contract concluded with the participation of the data subject or for taking measures prior to the conclusion of the contract in accordance with the request of the data subject;<\/p>\n<p>c) the processing of personal data is necessary to fulfill the legal obligation of the data controller;<\/p>\n<p>f) the processing of personal data is necessary in the case of a legitimate interest of the data controller or a third party, unless such interest is outweighed by the interests of the data subject or the fundamental rights and freedoms for which personal data must be protected, especially if the data subject is a child.<\/p>\n<p><span style=\"font-weight: 400;\">3.4. Processing of personal data according to the purpose of processing:<\/span><\/p>\n<p><span style=\"font-weight: 400;\">3.4.1. Purpose of processing \u2013 security and safety<\/span><\/p>\n<p><span style=\"font-weight: 400;\">The maximum period of storage of personal data - according to the deadlines specified in the law<\/span><\/p>\n<p><span style=\"font-weight: 400;\">3.4.2. Purpose of processing - order processing<\/span><\/p>\n<p><span style=\"font-weight: 400;\">The maximum period of storage of personal data \u2013 1 year<\/span><\/p>\n<p><span style=\"font-weight: 400;\">3.4.3. Purpose of processing \u2013 ensuring the functioning of e-shop services<\/span><\/p>\n<p><span style=\"font-weight: 400;\">The maximum period of storage of personal data \u2013 1 year<\/span><\/p>\n<p><span style=\"font-weight: 400;\">3.4.4. Purpose of processing - customer management<\/span><\/p>\n<p><span style=\"font-weight: 400;\">The maximum period of personal data storage \u2013 3 years\u00a0<\/span><\/p>\n<p><span style=\"font-weight: 400;\">3.4.5. Purpose of processing \u2013 financial activity, accounting<\/span><\/p>\n<p><span style=\"font-weight: 400;\">The maximum period of storage of personal data - according to the deadlines specified in the law<\/span><\/p>\n<p><span style=\"font-weight: 400;\">3.4.6. Purpose of processing - marketing<\/span><\/p>\n<p><span style=\"font-weight: 400;\">The maximum period of personal data storage \u2013 3 years.\u00a0<\/span><\/p>\n<p><span style=\"font-weight: 400;\">3.5. The data processor has the right to share customers&#039; personal data with third parties, such as authorized data processors, accountants, transport and courier companies, companies providing transfer services. The data processor is the responsible processor of personal data. The data processor transmits the personal data necessary for making payments to the authorized processor EveryPay AS.<\/span><\/p>\n<p><span style=\"font-weight: 400;\">3.6. When processing and storing the personal data of the data subject, the data processor implements organizational and technical measures that ensure the protection of personal data against accidental or illegal destruction, modification, disclosure and any other illegal processing.<\/span><\/p>\n<p><span style=\"font-weight: 400;\">3.7. The data processor stores the data of data subjects depending on the purpose of the processing, but not longer than 3 years.<\/span><\/p>\n<ol start=\"4\">\n<li><b> Rights of the data subject<\/b><\/li>\n<\/ol>\n<p><span style=\"font-weight: 400;\">4.1. The data subject has the right to get access to his personal data and to consult them.<\/span><\/p>\n<p><span style=\"font-weight: 400;\">4.2. The data subject has the right to receive information about the processing of his personal data.<\/span><\/p>\n<p><span style=\"font-weight: 400;\">4.3. The data subject has the right to supplement or correct inaccurate data.<\/span><\/p>\n<p><span style=\"font-weight: 400;\">4.4. If the data processor processes the data subject&#039;s personal data on the basis of the data subject&#039;s consent, the data subject has the right to withdraw the consent at any time.<\/span><\/p>\n<p><span style=\"font-weight: 400;\">4.5. To exercise the rights, the data subject can contact the customer support of the e-shop at <\/span><span style=\"font-weight: 400;\">info@minimalist.ee<\/span><span style=\"font-weight: 400;\">.\u00a0<\/span><\/p>\n<p><span style=\"font-weight: 400;\">4.6. The data subject can file a complaint with the Data Protection Inspectorate to protect his rights.<\/span><\/p>\n<ol start=\"5\">\n<li><b> Final provisions<\/b><\/li>\n<\/ol>\n<p><span style=\"font-weight: 400;\">5.1. These data protection conditions have been drawn up in accordance with Regulation (EU) No. 2016\/679 of the European Parliament and of the Council on the protection of natural persons in the processing of personal data and the free movement of such data and on the repeal of Directive 95\/46 \/ EC \/ EC (General Regulation on the Protection of Personal Data), Personal Data Protection of the Republic of Estonia law and legislation of the Republic of Estonia and the European Union.<\/span><\/p>\n<p><span style=\"font-weight: 400;\">5.2. The data processor has the right to partially or completely change the data protection conditions by notifying the data subjects of the changes on the website <\/span><a href=\"https:\/\/minimalist.ee\/en\/\"><span style=\"font-weight: 400;\">www.minimalist.ee<\/span><\/a><span style=\"font-weight: 400;\"> through.<\/span><\/p>\n<p><!-- \/wp:paragraph --><!-- wp:paragraph --><\/p>\n<p><!-- \/wp:paragraph --><\/p>\t\t\t\t\t\t<\/div>\n\t\t\t\t<\/div>\n\t\t\t\t<div class=\"elementor-element elementor-element-138a620 elementor-widget elementor-widget-spacer\" data-id=\"138a620\" data-element_type=\"widget\" data-widget_type=\"spacer.default\">\n\t\t\t\t<div class=\"elementor-widget-container\">\n\t\t\t\t\t<div class=\"elementor-spacer\">\n\t\t\t<div class=\"elementor-spacer-inner\"><\/div>\n\t\t<\/div>\n\t\t\t\t<\/div>\n\t\t\t\t<\/div>\n\t\t\t\t\t<\/div>\n\t\t<\/div>\n\t\t\t\t\t<\/div>\n\t\t<\/section>\n\t\t\t\t<\/div>","protected":false},"excerpt":{"rendered":"<p>PRIVAATSUSPOLIITIKA JA ISIKUANDMETE T\u00d6\u00d6TLEMINE Veebipoe Minimalist.ee (edaspidi Veebipood) omanik on Minimalist Shoes O\u00dc (reg. 14937093), asukohaga Tallinn, S\u00e4rje 26 Privaatsuspoliitika \u00dclds\u00e4tted 1.1. K\u00e4esolev privaatsuspoliitika reguleerib isikuandmete kogumist, t\u00f6\u00f6tlemist ja s\u00e4ilitamist k\u00e4sitlevaid p\u00f5him\u00f5tteid. Isikuandmeid kogub t\u00f6\u00f6tleb ja s\u00e4ilitab isikuandmete vastutav t\u00f6\u00f6tleja Minimalist Shoes O\u00dc (edaspidi andmet\u00f6\u00f6tleja). 1.2. Andmesubjekt privaatsuspoliitika t\u00e4henduses on klient v\u00f5i muu f\u00fc\u00fcsiline isik,&hellip;&nbsp;<a href=\"https:\/\/minimalist.ee\/en\/privaatsuspoliitika-ja-isikuandmete-tootlemine\/\" class=\"\" rel=\"bookmark\">Read More &raquo;<span class=\"screen-reader-text\">Privacy policy and processing of personal data<\/span><\/a><\/p>","protected":false},"author":1,"featured_media":0,"parent":0,"menu_order":0,"comment_status":"closed","ping_status":"closed","template":"","meta":{"_monsterinsights_skip_tracking":false,"_monsterinsights_sitenote_active":false,"_monsterinsights_sitenote_note":"","_monsterinsights_sitenote_category":0,"neve_meta_sidebar":"full-width","neve_meta_container":"","neve_meta_enable_content_width":"on","neve_meta_content_width":100,"neve_meta_title_alignment":"","neve_meta_author_avatar":"","neve_post_elements_order":"","neve_meta_disable_header":"","neve_meta_disable_footer":"","neve_meta_disable_title":"","footnotes":""},"folder":[],"yoast_head":"<!-- This site is optimized with the Yoast SEO plugin v22.4 - https:\/\/yoast.com\/wordpress\/plugins\/seo\/ -->\n<title>Privaatsuspoliitika ja isikuandmete t\u00f6\u00f6tlemine - Minimalist.ee<\/title>\n<meta name=\"description\" content=\"Barefoot jalatsid lastele, barefoot jalatsid t\u00e4iskasvanutele, minimalistlike jalatsite pood lastele ja t\u00e4iskasvanutele\" \/>\n<meta name=\"robots\" content=\"index, follow, max-snippet:-1, max-image-preview:large, max-video-preview:-1\" \/>\n<link rel=\"canonical\" href=\"https:\/\/minimalist.ee\/en\/privaatsuspoliitika-ja-isikuandmete-tootlemine\/\" \/>\n<meta property=\"og:locale\" content=\"en_US\" \/>\n<meta property=\"og:type\" content=\"article\" \/>\n<meta property=\"og:title\" content=\"Privaatsuspoliitika ja isikuandmete t\u00f6\u00f6tlemine - Minimalist.ee\" \/>\n<meta property=\"og:description\" content=\"Barefoot jalatsid lastele, barefoot jalatsid t\u00e4iskasvanutele, minimalistlike jalatsite pood lastele ja t\u00e4iskasvanutele\" \/>\n<meta property=\"og:url\" content=\"https:\/\/minimalist.ee\/en\/privaatsuspoliitika-ja-isikuandmete-tootlemine\/\" \/>\n<meta property=\"og:site_name\" content=\"Minimalist.ee\" \/>\n<meta property=\"article:publisher\" content=\"https:\/\/www.facebook.com\/www.minimalist.ee\" \/>\n<meta property=\"article:modified_time\" content=\"2020-12-17T15:26:55+00:00\" \/>\n<meta property=\"og:image\" content=\"https:\/\/minimalist.ee\/wp-content\/uploads\/2020\/10\/Original.png\" \/>\n\t<meta property=\"og:image:width\" content=\"2048\" \/>\n\t<meta property=\"og:image:height\" content=\"2000\" \/>\n\t<meta property=\"og:image:type\" content=\"image\/png\" \/>\n<meta name=\"twitter:card\" content=\"summary_large_image\" \/>\n<meta name=\"twitter:label1\" content=\"Est. reading time\" \/>\n\t<meta name=\"twitter:data1\" content=\"4 minutes\" \/>\n<script type=\"application\/ld+json\" class=\"yoast-schema-graph\">{\"@context\":\"https:\/\/schema.org\",\"@graph\":[{\"@type\":\"WebPage\",\"@id\":\"https:\/\/minimalist.ee\/en\/privaatsuspoliitika-ja-isikuandmete-tootlemine\/\",\"url\":\"https:\/\/minimalist.ee\/en\/privaatsuspoliitika-ja-isikuandmete-tootlemine\/\",\"name\":\"Privaatsuspoliitika ja isikuandmete t\u00f6\u00f6tlemine - Minimalist.ee\",\"isPartOf\":{\"@id\":\"https:\/\/minimalist.ee\/#website\"},\"datePublished\":\"2020-08-06T09:45:58+00:00\",\"dateModified\":\"2020-12-17T15:26:55+00:00\",\"description\":\"Barefoot jalatsid lastele, barefoot jalatsid t\u00e4iskasvanutele, minimalistlike jalatsite pood lastele ja t\u00e4iskasvanutele\",\"breadcrumb\":{\"@id\":\"https:\/\/minimalist.ee\/en\/privaatsuspoliitika-ja-isikuandmete-tootlemine\/#breadcrumb\"},\"inLanguage\":\"en-US\",\"potentialAction\":[{\"@type\":\"ReadAction\",\"target\":[\"https:\/\/minimalist.ee\/en\/privaatsuspoliitika-ja-isikuandmete-tootlemine\/\"]}]},{\"@type\":\"BreadcrumbList\",\"@id\":\"https:\/\/minimalist.ee\/en\/privaatsuspoliitika-ja-isikuandmete-tootlemine\/#breadcrumb\",\"itemListElement\":[{\"@type\":\"ListItem\",\"position\":1,\"name\":\"Home\",\"item\":\"https:\/\/minimalist.ee\/\"},{\"@type\":\"ListItem\",\"position\":2,\"name\":\"Privaatsuspoliitika ja isikuandmete t\u00f6\u00f6tlemine\"}]},{\"@type\":\"WebSite\",\"@id\":\"https:\/\/minimalist.ee\/#website\",\"url\":\"https:\/\/minimalist.ee\/\",\"name\":\"Minimalist.ee\",\"description\":\"Barefoot jalatsid\",\"publisher\":{\"@id\":\"https:\/\/minimalist.ee\/#organization\"},\"potentialAction\":[{\"@type\":\"SearchAction\",\"target\":{\"@type\":\"EntryPoint\",\"urlTemplate\":\"https:\/\/minimalist.ee\/?s={search_term_string}\"},\"query-input\":\"required name=search_term_string\"}],\"inLanguage\":\"en-US\"},{\"@type\":\"Organization\",\"@id\":\"https:\/\/minimalist.ee\/#organization\",\"name\":\"Minimalist Shoes O\u00dc\",\"url\":\"https:\/\/minimalist.ee\/\",\"logo\":{\"@type\":\"ImageObject\",\"inLanguage\":\"en-US\",\"@id\":\"https:\/\/minimalist.ee\/#\/schema\/logo\/image\/\",\"url\":\"https:\/\/minimalist.ee\/wp-content\/uploads\/2020\/10\/Original.png\",\"contentUrl\":\"https:\/\/minimalist.ee\/wp-content\/uploads\/2020\/10\/Original.png\",\"width\":2048,\"height\":2000,\"caption\":\"Minimalist Shoes O\u00dc\"},\"image\":{\"@id\":\"https:\/\/minimalist.ee\/#\/schema\/logo\/image\/\"},\"sameAs\":[\"https:\/\/www.facebook.com\/www.minimalist.ee\",\"https:\/\/www.instagram.com\/minimalistshoesest\/\"]}]}<\/script>\n<!-- \/ Yoast SEO plugin. -->","yoast_head_json":{"title":"Privaatsuspoliitika ja isikuandmete t\u00f6\u00f6tlemine - Minimalist.ee","description":"Barefoot jalatsid lastele, barefoot jalatsid t\u00e4iskasvanutele, minimalistlike jalatsite pood lastele ja t\u00e4iskasvanutele","robots":{"index":"index","follow":"follow","max-snippet":"max-snippet:-1","max-image-preview":"max-image-preview:large","max-video-preview":"max-video-preview:-1"},"canonical":"https:\/\/minimalist.ee\/en\/privaatsuspoliitika-ja-isikuandmete-tootlemine\/","og_locale":"en_US","og_type":"article","og_title":"Privaatsuspoliitika ja isikuandmete t\u00f6\u00f6tlemine - Minimalist.ee","og_description":"Barefoot jalatsid lastele, barefoot jalatsid t\u00e4iskasvanutele, minimalistlike jalatsite pood lastele ja t\u00e4iskasvanutele","og_url":"https:\/\/minimalist.ee\/en\/privaatsuspoliitika-ja-isikuandmete-tootlemine\/","og_site_name":"Minimalist.ee","article_publisher":"https:\/\/www.facebook.com\/www.minimalist.ee","article_modified_time":"2020-12-17T15:26:55+00:00","og_image":[{"width":2048,"height":2000,"url":"https:\/\/minimalist.ee\/wp-content\/uploads\/2020\/10\/Original.png","type":"image\/png"}],"twitter_card":"summary_large_image","twitter_misc":{"Est. reading time":"4 minutes"},"schema":{"@context":"https:\/\/schema.org","@graph":[{"@type":"WebPage","@id":"https:\/\/minimalist.ee\/en\/privaatsuspoliitika-ja-isikuandmete-tootlemine\/","url":"https:\/\/minimalist.ee\/en\/privaatsuspoliitika-ja-isikuandmete-tootlemine\/","name":"Privaatsuspoliitika ja isikuandmete t\u00f6\u00f6tlemine - Minimalist.ee","isPartOf":{"@id":"https:\/\/minimalist.ee\/#website"},"datePublished":"2020-08-06T09:45:58+00:00","dateModified":"2020-12-17T15:26:55+00:00","description":"Barefoot jalatsid lastele, barefoot jalatsid t\u00e4iskasvanutele, minimalistlike jalatsite pood lastele ja t\u00e4iskasvanutele","breadcrumb":{"@id":"https:\/\/minimalist.ee\/en\/privaatsuspoliitika-ja-isikuandmete-tootlemine\/#breadcrumb"},"inLanguage":"en-US","potentialAction":[{"@type":"ReadAction","target":["https:\/\/minimalist.ee\/en\/privaatsuspoliitika-ja-isikuandmete-tootlemine\/"]}]},{"@type":"BreadcrumbList","@id":"https:\/\/minimalist.ee\/en\/privaatsuspoliitika-ja-isikuandmete-tootlemine\/#breadcrumb","itemListElement":[{"@type":"ListItem","position":1,"name":"Home","item":"https:\/\/minimalist.ee\/"},{"@type":"ListItem","position":2,"name":"Privaatsuspoliitika ja isikuandmete t\u00f6\u00f6tlemine"}]},{"@type":"WebSite","@id":"https:\/\/minimalist.ee\/#website","url":"https:\/\/minimalist.ee\/","name":"Minimalist.ee","description":"Barefoot jalatsid","publisher":{"@id":"https:\/\/minimalist.ee\/#organization"},"potentialAction":[{"@type":"SearchAction","target":{"@type":"EntryPoint","urlTemplate":"https:\/\/minimalist.ee\/?s={search_term_string}"},"query-input":"required name=search_term_string"}],"inLanguage":"en-US"},{"@type":"Organization","@id":"https:\/\/minimalist.ee\/#organization","name":"Minimalist Shoes O\u00dc","url":"https:\/\/minimalist.ee\/","logo":{"@type":"ImageObject","inLanguage":"en-US","@id":"https:\/\/minimalist.ee\/#\/schema\/logo\/image\/","url":"https:\/\/minimalist.ee\/wp-content\/uploads\/2020\/10\/Original.png","contentUrl":"https:\/\/minimalist.ee\/wp-content\/uploads\/2020\/10\/Original.png","width":2048,"height":2000,"caption":"Minimalist Shoes O\u00dc"},"image":{"@id":"https:\/\/minimalist.ee\/#\/schema\/logo\/image\/"},"sameAs":["https:\/\/www.facebook.com\/www.minimalist.ee","https:\/\/www.instagram.com\/minimalistshoesest\/"]}]}},"jetpack_sharing_enabled":true,"_links":{"self":[{"href":"https:\/\/minimalist.ee\/en\/wp-json\/wp\/v2\/pages\/940"}],"collection":[{"href":"https:\/\/minimalist.ee\/en\/wp-json\/wp\/v2\/pages"}],"about":[{"href":"https:\/\/minimalist.ee\/en\/wp-json\/wp\/v2\/types\/page"}],"author":[{"embeddable":true,"href":"https:\/\/minimalist.ee\/en\/wp-json\/wp\/v2\/users\/1"}],"replies":[{"embeddable":true,"href":"https:\/\/minimalist.ee\/en\/wp-json\/wp\/v2\/comments?post=940"}],"version-history":[{"count":5,"href":"https:\/\/minimalist.ee\/en\/wp-json\/wp\/v2\/pages\/940\/revisions"}],"predecessor-version":[{"id":3770,"href":"https:\/\/minimalist.ee\/en\/wp-json\/wp\/v2\/pages\/940\/revisions\/3770"}],"wp:attachment":[{"href":"https:\/\/minimalist.ee\/en\/wp-json\/wp\/v2\/media?parent=940"}],"wp:term":[{"taxonomy":"folder","embeddable":true,"href":"https:\/\/minimalist.ee\/en\/wp-json\/wp\/v2\/folder?post=940"}],"curies":[{"name":"wp","href":"https:\/\/api.w.org\/{rel}","templated":true}]}}