{"id":938,"date":"2020-08-06T09:28:29","date_gmt":"2020-08-06T09:28:29","guid":{"rendered":"https:\/\/minimalist.ee\/?page_id=938"},"modified":"2024-08-02T08:57:55","modified_gmt":"2024-08-02T08:57:55","slug":"transport","status":"publish","type":"page","link":"https:\/\/minimalist.ee\/en\/transport\/","title":{"rendered":"Delivery"},"content":{"rendered":"<div data-elementor-type=\"wp-page\" data-elementor-id=\"938\" class=\"elementor elementor-938\">\n\t\t\t\t\t\t<section class=\"elementor-section elementor-top-section elementor-element elementor-element-b631e0d elementor-section-boxed elementor-section-height-default elementor-section-height-default\" data-id=\"b631e0d\" data-element_type=\"section\">\n\t\t\t\t\t\t<div class=\"elementor-container elementor-column-gap-default\">\n\t\t\t\t\t<div class=\"elementor-column elementor-col-100 elementor-top-column elementor-element elementor-element-f57baf7\" data-id=\"f57baf7\" data-element_type=\"column\">\n\t\t\t<div class=\"elementor-widget-wrap\">\n\t\t\t\t\t\t\t<\/div>\n\t\t<\/div>\n\t\t\t\t\t<\/div>\n\t\t<\/section>\n\t\t\t\t<section class=\"elementor-section elementor-top-section elementor-element elementor-element-82c9923 elementor-section-boxed elementor-section-height-default elementor-section-height-default\" data-id=\"82c9923\" data-element_type=\"section\">\n\t\t\t\t\t\t<div class=\"elementor-container elementor-column-gap-default\">\n\t\t\t\t\t<div class=\"elementor-column elementor-col-100 elementor-top-column elementor-element elementor-element-6d94d9a\" data-id=\"6d94d9a\" data-element_type=\"column\">\n\t\t\t<div class=\"elementor-widget-wrap elementor-element-populated\">\n\t\t\t\t\t\t<div class=\"elementor-element elementor-element-f9d6a42 elementor-widget elementor-widget-spacer\" data-id=\"f9d6a42\" data-element_type=\"widget\" data-widget_type=\"spacer.default\">\n\t\t\t\t<div class=\"elementor-widget-container\">\n\t\t\t\t\t<div class=\"elementor-spacer\">\n\t\t\t<div class=\"elementor-spacer-inner\"><\/div>\n\t\t<\/div>\n\t\t\t\t<\/div>\n\t\t\t\t<\/div>\n\t\t\t\t\t<\/div>\n\t\t<\/div>\n\t\t\t\t\t<\/div>\n\t\t<\/section>\n\t\t\t\t<section class=\"elementor-section elementor-top-section elementor-element elementor-element-377d797 elementor-section-boxed elementor-section-height-default elementor-section-height-default\" data-id=\"377d797\" data-element_type=\"section\">\n\t\t\t\t\t\t<div class=\"elementor-container elementor-column-gap-default\">\n\t\t\t\t\t<div class=\"elementor-column elementor-col-100 elementor-top-column elementor-element elementor-element-d1895bd\" data-id=\"d1895bd\" data-element_type=\"column\">\n\t\t\t<div class=\"elementor-widget-wrap elementor-element-populated\">\n\t\t\t\t\t\t<div class=\"elementor-element elementor-element-2182541 elementor-widget elementor-widget-heading\" data-id=\"2182541\" data-element_type=\"widget\" data-widget_type=\"heading.default\">\n\t\t\t\t<div class=\"elementor-widget-container\">\n\t\t\t<h2 class=\"elementor-heading-title elementor-size-default\">KOHALETOIMETAMINE<\/h2>\t\t<\/div>\n\t\t\t\t<\/div>\n\t\t\t\t\t<\/div>\n\t\t<\/div>\n\t\t\t\t\t<\/div>\n\t\t<\/section>\n\t\t\t\t<section class=\"elementor-section elementor-top-section elementor-element elementor-element-f0e0745 elementor-section-boxed elementor-section-height-default elementor-section-height-default\" data-id=\"f0e0745\" data-element_type=\"section\">\n\t\t\t\t\t\t<div class=\"elementor-container elementor-column-gap-default\">\n\t\t\t\t\t<div class=\"elementor-column elementor-col-100 elementor-top-column elementor-element elementor-element-d597e20\" data-id=\"d597e20\" data-element_type=\"column\">\n\t\t\t<div class=\"elementor-widget-wrap elementor-element-populated\">\n\t\t\t\t\t\t<div class=\"elementor-element elementor-element-eb0ef5b elementor-widget elementor-widget-text-editor\" data-id=\"eb0ef5b\" data-element_type=\"widget\" data-widget_type=\"text-editor.default\">\n\t\t\t\t<div class=\"elementor-widget-container\">\n\t\t\t\t\t\t\t<p>\u00a0<\/p><p>Saadame tellimusi Euroopa Liidu siseselt.<\/p><p>We ship orders within 3 business days after receiving payment confirmation.<\/p><p>NB!\u00a0Kampaaniate ajal toimub postitamine 5 t\u00f6\u00f6p\u00e4eva jooksul.<\/p><p>Transpordi teenuse pakkujateks on Smartpost, Omniva ja DPD. Kaupa saab tellida nii pakiautomaati kui kulleriga soovitud asukohta. T\u00e4pset kohaletoimetamise hinda n\u00e4ed ostukorvis, kui aadress on sisestatud.<\/p><p>\u00a0<\/p><p><strong>Eesti<\/strong><\/p><p>Eesti-siseselt tasuta kohaletoimetamine Omniva pakiautomaati tellimustele alates 50\u20ac.<\/p><p>Omniva pakiautomaat: 4\u20ac<\/p><p>Itella pakiautomaat: 4\u20ac<\/p><p>DPD pakiautomaat: 4\u20ac<\/p><p>Omniva kuller: 6\u20ac<\/p><p>\u00a0<\/p><p><strong>Finland<\/strong><\/p><p>Itella pakiautomaat: 10.16\u20ac<\/p><p>Omniva kuller: 10.16\u20ac<\/p><p>\u00a0<\/p><p><strong>L\u00e4ti ja Leedu<\/strong><\/p><p>Omniva kuller: 12.60\u20ac<\/p><p>\u00a0<\/p><p><strong>Teised Euroopa riigid<\/strong><\/p><p>Hind s\u00f5ltub asukohariigist. T\u00e4pset hinda n\u00e4ed ostukorvis, kui aadress on sisestatud.<\/p>\t\t\t\t\t\t<\/div>\n\t\t\t\t<\/div>\n\t\t\t\t\t<\/div>\n\t\t<\/div>\n\t\t\t\t\t<\/div>\n\t\t<\/section>\n\t\t\t\t<\/div>","protected":false},"excerpt":{"rendered":"<p>KOHALETOIMETAMINE \u00a0 Saadame tellimusi Euroopa Liidu siseselt. Tellimused postitame 3 t\u00f6\u00f6p\u00e4eva jooksul p\u00e4rast maksekinnituse saamist. NB!\u00a0Kampaaniate ajal toimub postitamine 5 t\u00f6\u00f6p\u00e4eva jooksul. Transpordi teenuse pakkujateks on Smartpost, Omniva ja DPD. Kaupa saab tellida nii pakiautomaati kui kulleriga soovitud asukohta. T\u00e4pset kohaletoimetamise hinda n\u00e4ed ostukorvis, kui aadress on sisestatud. \u00a0 Eesti Eesti-siseselt tasuta kohaletoimetamine Omniva pakiautomaati&hellip;&nbsp;<a href=\"https:\/\/minimalist.ee\/en\/transport\/\" class=\"\" rel=\"bookmark\">Read More &raquo;<span class=\"screen-reader-text\">Delivery<\/span><\/a><\/p>","protected":false},"author":1,"featured_media":0,"parent":0,"menu_order":0,"comment_status":"closed","ping_status":"closed","template":"","meta":{"_monsterinsights_skip_tracking":false,"_monsterinsights_sitenote_active":false,"_monsterinsights_sitenote_note":"","_monsterinsights_sitenote_category":0,"neve_meta_sidebar":"full-width","neve_meta_container":"","neve_meta_enable_content_width":"on","neve_meta_content_width":100,"neve_meta_title_alignment":"","neve_meta_author_avatar":"","neve_post_elements_order":"","neve_meta_disable_header":"","neve_meta_disable_footer":"","neve_meta_disable_title":"","footnotes":""},"folder":[],"yoast_head":"<!-- This site is optimized with the Yoast SEO plugin v22.4 - https:\/\/yoast.com\/wordpress\/plugins\/seo\/ -->\n<title>Kohaletoimetamine - Minimalist.ee<\/title>\n<meta name=\"description\" content=\"Barefoot jalatsid lastele, barefoot jalatsid t\u00e4iskasvanutele, minimalistlike jalatsite pood lastele ja t\u00e4iskasvanutele\" \/>\n<meta name=\"robots\" content=\"index, follow, max-snippet:-1, max-image-preview:large, max-video-preview:-1\" \/>\n<link rel=\"canonical\" href=\"https:\/\/minimalist.ee\/en\/transport\/\" \/>\n<meta property=\"og:locale\" content=\"en_US\" \/>\n<meta property=\"og:type\" content=\"article\" \/>\n<meta property=\"og:title\" content=\"Kohaletoimetamine - Minimalist.ee\" \/>\n<meta property=\"og:description\" content=\"Barefoot jalatsid lastele, barefoot jalatsid t\u00e4iskasvanutele, minimalistlike jalatsite pood lastele ja t\u00e4iskasvanutele\" \/>\n<meta property=\"og:url\" content=\"https:\/\/minimalist.ee\/en\/transport\/\" \/>\n<meta property=\"og:site_name\" content=\"Minimalist.ee\" \/>\n<meta property=\"article:publisher\" content=\"https:\/\/www.facebook.com\/www.minimalist.ee\" \/>\n<meta property=\"article:modified_time\" content=\"2024-08-02T08:57:55+00:00\" \/>\n<meta property=\"og:image\" content=\"https:\/\/minimalist.ee\/wp-content\/uploads\/2020\/10\/Original.png\" \/>\n\t<meta property=\"og:image:width\" content=\"2048\" \/>\n\t<meta property=\"og:image:height\" content=\"2000\" \/>\n\t<meta property=\"og:image:type\" content=\"image\/png\" \/>\n<meta name=\"twitter:card\" content=\"summary_large_image\" \/>\n<meta name=\"twitter:label1\" content=\"Est. reading time\" \/>\n\t<meta name=\"twitter:data1\" content=\"1 minute\" \/>\n<script type=\"application\/ld+json\" class=\"yoast-schema-graph\">{\"@context\":\"https:\/\/schema.org\",\"@graph\":[{\"@type\":\"WebPage\",\"@id\":\"https:\/\/minimalist.ee\/transport\/\",\"url\":\"https:\/\/minimalist.ee\/transport\/\",\"name\":\"Kohaletoimetamine - Minimalist.ee\",\"isPartOf\":{\"@id\":\"https:\/\/minimalist.ee\/#website\"},\"datePublished\":\"2020-08-06T09:28:29+00:00\",\"dateModified\":\"2024-08-02T08:57:55+00:00\",\"description\":\"Barefoot jalatsid lastele, barefoot jalatsid t\u00e4iskasvanutele, minimalistlike jalatsite pood lastele ja t\u00e4iskasvanutele\",\"breadcrumb\":{\"@id\":\"https:\/\/minimalist.ee\/transport\/#breadcrumb\"},\"inLanguage\":\"en-US\",\"potentialAction\":[{\"@type\":\"ReadAction\",\"target\":[\"https:\/\/minimalist.ee\/transport\/\"]}]},{\"@type\":\"BreadcrumbList\",\"@id\":\"https:\/\/minimalist.ee\/transport\/#breadcrumb\",\"itemListElement\":[{\"@type\":\"ListItem\",\"position\":1,\"name\":\"Home\",\"item\":\"https:\/\/minimalist.ee\/\"},{\"@type\":\"ListItem\",\"position\":2,\"name\":\"Kohaletoimetamine\"}]},{\"@type\":\"WebSite\",\"@id\":\"https:\/\/minimalist.ee\/#website\",\"url\":\"https:\/\/minimalist.ee\/\",\"name\":\"Minimalist.ee\",\"description\":\"Barefoot jalatsid\",\"publisher\":{\"@id\":\"https:\/\/minimalist.ee\/#organization\"},\"potentialAction\":[{\"@type\":\"SearchAction\",\"target\":{\"@type\":\"EntryPoint\",\"urlTemplate\":\"https:\/\/minimalist.ee\/?s={search_term_string}\"},\"query-input\":\"required name=search_term_string\"}],\"inLanguage\":\"en-US\"},{\"@type\":\"Organization\",\"@id\":\"https:\/\/minimalist.ee\/#organization\",\"name\":\"Minimalist Shoes O\u00dc\",\"url\":\"https:\/\/minimalist.ee\/\",\"logo\":{\"@type\":\"ImageObject\",\"inLanguage\":\"en-US\",\"@id\":\"https:\/\/minimalist.ee\/#\/schema\/logo\/image\/\",\"url\":\"https:\/\/minimalist.ee\/wp-content\/uploads\/2020\/10\/Original.png\",\"contentUrl\":\"https:\/\/minimalist.ee\/wp-content\/uploads\/2020\/10\/Original.png\",\"width\":2048,\"height\":2000,\"caption\":\"Minimalist Shoes O\u00dc\"},\"image\":{\"@id\":\"https:\/\/minimalist.ee\/#\/schema\/logo\/image\/\"},\"sameAs\":[\"https:\/\/www.facebook.com\/www.minimalist.ee\",\"https:\/\/www.instagram.com\/minimalistshoesest\/\"]}]}<\/script>\n<!-- \/ Yoast SEO plugin. -->","yoast_head_json":{"title":"Kohaletoimetamine - Minimalist.ee","description":"Barefoot jalatsid lastele, barefoot jalatsid t\u00e4iskasvanutele, minimalistlike jalatsite pood lastele ja t\u00e4iskasvanutele","robots":{"index":"index","follow":"follow","max-snippet":"max-snippet:-1","max-image-preview":"max-image-preview:large","max-video-preview":"max-video-preview:-1"},"canonical":"https:\/\/minimalist.ee\/en\/transport\/","og_locale":"en_US","og_type":"article","og_title":"Kohaletoimetamine - Minimalist.ee","og_description":"Barefoot jalatsid lastele, barefoot jalatsid t\u00e4iskasvanutele, minimalistlike jalatsite pood lastele ja t\u00e4iskasvanutele","og_url":"https:\/\/minimalist.ee\/en\/transport\/","og_site_name":"Minimalist.ee","article_publisher":"https:\/\/www.facebook.com\/www.minimalist.ee","article_modified_time":"2024-08-02T08:57:55+00:00","og_image":[{"width":2048,"height":2000,"url":"https:\/\/minimalist.ee\/wp-content\/uploads\/2020\/10\/Original.png","type":"image\/png"}],"twitter_card":"summary_large_image","twitter_misc":{"Est. reading time":"1 minute"},"schema":{"@context":"https:\/\/schema.org","@graph":[{"@type":"WebPage","@id":"https:\/\/minimalist.ee\/transport\/","url":"https:\/\/minimalist.ee\/transport\/","name":"Kohaletoimetamine - Minimalist.ee","isPartOf":{"@id":"https:\/\/minimalist.ee\/#website"},"datePublished":"2020-08-06T09:28:29+00:00","dateModified":"2024-08-02T08:57:55+00:00","description":"Barefoot jalatsid lastele, barefoot jalatsid t\u00e4iskasvanutele, minimalistlike jalatsite pood lastele ja t\u00e4iskasvanutele","breadcrumb":{"@id":"https:\/\/minimalist.ee\/transport\/#breadcrumb"},"inLanguage":"en-US","potentialAction":[{"@type":"ReadAction","target":["https:\/\/minimalist.ee\/transport\/"]}]},{"@type":"BreadcrumbList","@id":"https:\/\/minimalist.ee\/transport\/#breadcrumb","itemListElement":[{"@type":"ListItem","position":1,"name":"Home","item":"https:\/\/minimalist.ee\/"},{"@type":"ListItem","position":2,"name":"Kohaletoimetamine"}]},{"@type":"WebSite","@id":"https:\/\/minimalist.ee\/#website","url":"https:\/\/minimalist.ee\/","name":"Minimalist.ee","description":"Barefoot jalatsid","publisher":{"@id":"https:\/\/minimalist.ee\/#organization"},"potentialAction":[{"@type":"SearchAction","target":{"@type":"EntryPoint","urlTemplate":"https:\/\/minimalist.ee\/?s={search_term_string}"},"query-input":"required name=search_term_string"}],"inLanguage":"en-US"},{"@type":"Organization","@id":"https:\/\/minimalist.ee\/#organization","name":"Minimalist Shoes O\u00dc","url":"https:\/\/minimalist.ee\/","logo":{"@type":"ImageObject","inLanguage":"en-US","@id":"https:\/\/minimalist.ee\/#\/schema\/logo\/image\/","url":"https:\/\/minimalist.ee\/wp-content\/uploads\/2020\/10\/Original.png","contentUrl":"https:\/\/minimalist.ee\/wp-content\/uploads\/2020\/10\/Original.png","width":2048,"height":2000,"caption":"Minimalist Shoes O\u00dc"},"image":{"@id":"https:\/\/minimalist.ee\/#\/schema\/logo\/image\/"},"sameAs":["https:\/\/www.facebook.com\/www.minimalist.ee","https:\/\/www.instagram.com\/minimalistshoesest\/"]}]}},"jetpack_sharing_enabled":true,"_links":{"self":[{"href":"https:\/\/minimalist.ee\/en\/wp-json\/wp\/v2\/pages\/938"}],"collection":[{"href":"https:\/\/minimalist.ee\/en\/wp-json\/wp\/v2\/pages"}],"about":[{"href":"https:\/\/minimalist.ee\/en\/wp-json\/wp\/v2\/types\/page"}],"author":[{"embeddable":true,"href":"https:\/\/minimalist.ee\/en\/wp-json\/wp\/v2\/users\/1"}],"replies":[{"embeddable":true,"href":"https:\/\/minimalist.ee\/en\/wp-json\/wp\/v2\/comments?post=938"}],"version-history":[{"count":5,"href":"https:\/\/minimalist.ee\/en\/wp-json\/wp\/v2\/pages\/938\/revisions"}],"predecessor-version":[{"id":16431,"href":"https:\/\/minimalist.ee\/en\/wp-json\/wp\/v2\/pages\/938\/revisions\/16431"}],"wp:attachment":[{"href":"https:\/\/minimalist.ee\/en\/wp-json\/wp\/v2\/media?parent=938"}],"wp:term":[{"taxonomy":"folder","embeddable":true,"href":"https:\/\/minimalist.ee\/en\/wp-json\/wp\/v2\/folder?post=938"}],"curies":[{"name":"wp","href":"https:\/\/api.w.org\/{rel}","templated":true}]}}