{"id":32,"date":"2020-04-10T09:02:35","date_gmt":"2020-04-10T09:02:35","guid":{"rendered":"http:\/\/minimalist.ee\/?page_id=32"},"modified":"2020-09-16T15:06:07","modified_gmt":"2020-09-16T15:06:07","slug":"meist","status":"publish","type":"page","link":"https:\/\/minimalist.ee\/en\/meist\/","title":{"rendered":"Of us"},"content":{"rendered":"<div data-elementor-type=\"wp-page\" data-elementor-id=\"32\" class=\"elementor elementor-32\">\n\t\t\t\t\t\t<section class=\"elementor-section elementor-top-section elementor-element elementor-element-73a683d elementor-section-boxed elementor-section-height-default elementor-section-height-default\" data-id=\"73a683d\" data-element_type=\"section\">\n\t\t\t\t\t\t<div class=\"elementor-container elementor-column-gap-default\">\n\t\t\t\t\t<div class=\"elementor-column elementor-col-100 elementor-top-column elementor-element elementor-element-888c59d\" data-id=\"888c59d\" data-element_type=\"column\">\n\t\t\t<div class=\"elementor-widget-wrap elementor-element-populated\">\n\t\t\t\t\t\t<div class=\"elementor-element elementor-element-1504d1d elementor-widget elementor-widget-spacer\" data-id=\"1504d1d\" data-element_type=\"widget\" data-widget_type=\"spacer.default\">\n\t\t\t\t<div class=\"elementor-widget-container\">\n\t\t\t\t\t<div class=\"elementor-spacer\">\n\t\t\t<div class=\"elementor-spacer-inner\"><\/div>\n\t\t<\/div>\n\t\t\t\t<\/div>\n\t\t\t\t<\/div>\n\t\t\t\t\t<\/div>\n\t\t<\/div>\n\t\t\t\t\t<\/div>\n\t\t<\/section>\n\t\t\t\t<section class=\"elementor-section elementor-top-section elementor-element elementor-element-5e426dd elementor-section-boxed elementor-section-height-default elementor-section-height-default\" data-id=\"5e426dd\" data-element_type=\"section\">\n\t\t\t\t\t\t<div class=\"elementor-container elementor-column-gap-default\">\n\t\t\t\t\t<div class=\"elementor-column elementor-col-100 elementor-top-column elementor-element elementor-element-85820de\" data-id=\"85820de\" data-element_type=\"column\">\n\t\t\t<div class=\"elementor-widget-wrap elementor-element-populated\">\n\t\t\t\t\t\t<div class=\"elementor-element elementor-element-4186a6a elementor-widget elementor-widget-spacer\" data-id=\"4186a6a\" data-element_type=\"widget\" data-widget_type=\"spacer.default\">\n\t\t\t\t<div class=\"elementor-widget-container\">\n\t\t\t\t\t<div class=\"elementor-spacer\">\n\t\t\t<div class=\"elementor-spacer-inner\"><\/div>\n\t\t<\/div>\n\t\t\t\t<\/div>\n\t\t\t\t<\/div>\n\t\t\t\t<div class=\"elementor-element elementor-element-5f5a88d elementor-widget elementor-widget-heading\" data-id=\"5f5a88d\" data-element_type=\"widget\" data-widget_type=\"heading.default\">\n\t\t\t\t<div class=\"elementor-widget-container\">\n\t\t\t<h2 class=\"elementor-heading-title elementor-size-default\"><br><br>OF US<\/h2>\t\t<\/div>\n\t\t\t\t<\/div>\n\t\t\t\t\t<\/div>\n\t\t<\/div>\n\t\t\t\t\t<\/div>\n\t\t<\/section>\n\t\t\t\t<section class=\"elementor-section elementor-top-section elementor-element elementor-element-993b049 elementor-section-boxed elementor-section-height-default elementor-section-height-default\" data-id=\"993b049\" data-element_type=\"section\">\n\t\t\t\t\t\t<div class=\"elementor-container elementor-column-gap-default\">\n\t\t\t\t\t<div class=\"elementor-column elementor-col-33 elementor-top-column elementor-element elementor-element-6a9c36f\" data-id=\"6a9c36f\" data-element_type=\"column\">\n\t\t\t<div class=\"elementor-widget-wrap elementor-element-populated\">\n\t\t\t\t\t\t<div class=\"elementor-element elementor-element-18bfdc7 elementor-widget elementor-widget-text-editor\" data-id=\"18bfdc7\" data-element_type=\"widget\" data-widget_type=\"text-editor.default\">\n\t\t\t\t<div class=\"elementor-widget-container\">\n\t\t\t\t\t\t\t<p>\u00a0<\/p><p>Hello, we are Eva and Marlen. We are sincerely glad that you have found us!\u00a0<\/p><p><span style=\"font-weight: 400;\">We came to minimalist shoes thanks to our children. We wanted to find shoes that would be comfortable for them to move in. We consider it important to support the natural and versatile development of children, and we know how important the correct development of the foot is for a growing child. Principles of which <\/span><i><span style=\"font-weight: 400;\">barefoot <\/span><\/i><span style=\"font-weight: 400;\">are based on the production of shoes, they seem so simple and correct that we decided to try such shoes ourselves and that&#039;s how the ball started rolling.<\/span><\/p><p><span style=\"font-weight: 400;\">Our goal is to offer minimalist footwear wearers the opportunity to purchase footwear for the whole family in one place. We want to offer a wide selection for both children and adults, whether it is daily exercise, sports or a more festive event.\u00a0<\/span><\/p>\t\t\t\t\t\t<\/div>\n\t\t\t\t<\/div>\n\t\t\t\t\t<\/div>\n\t\t<\/div>\n\t\t\t\t<div class=\"elementor-column elementor-col-66 elementor-top-column elementor-element elementor-element-575e174\" data-id=\"575e174\" data-element_type=\"column\">\n\t\t\t<div class=\"elementor-widget-wrap elementor-element-populated\">\n\t\t\t\t\t\t<div class=\"elementor-element elementor-element-0a97626 elementor-widget elementor-widget-image\" data-id=\"0a97626\" data-element_type=\"widget\" data-widget_type=\"image.default\">\n\t\t\t\t<div class=\"elementor-widget-container\">\n\t\t\t\t\t\t\t\t\t\t\t\t\t<img decoding=\"async\" src=\"https:\/\/minimalist.ee\/wp-content\/uploads\/elementor\/thumbs\/Inverse-background-qw9xehym0a02rsgbauim4bpni65g89ite21p1bbuno.png\" title=\"Barefoot shoes\" alt=\"Minimalist\" loading=\"lazy\" \/>\t\t\t\t\t\t\t\t\t\t\t\t\t<\/div>\n\t\t\t\t<\/div>\n\t\t\t\t\t<\/div>\n\t\t<\/div>\n\t\t\t\t\t<\/div>\n\t\t<\/section>\n\t\t\t\t<section class=\"elementor-section elementor-top-section elementor-element elementor-element-4b5d873 elementor-section-boxed elementor-section-height-default elementor-section-height-default\" data-id=\"4b5d873\" data-element_type=\"section\">\n\t\t\t\t\t\t<div class=\"elementor-container elementor-column-gap-default\">\n\t\t\t\t\t<div class=\"elementor-column elementor-col-100 elementor-top-column elementor-element elementor-element-bb09324\" data-id=\"bb09324\" data-element_type=\"column\">\n\t\t\t<div class=\"elementor-widget-wrap elementor-element-populated\">\n\t\t\t\t\t\t<div class=\"elementor-element elementor-element-ed858a3 elementor-widget elementor-widget-spacer\" data-id=\"ed858a3\" data-element_type=\"widget\" data-widget_type=\"spacer.default\">\n\t\t\t\t<div class=\"elementor-widget-container\">\n\t\t\t\t\t<div class=\"elementor-spacer\">\n\t\t\t<div class=\"elementor-spacer-inner\"><\/div>\n\t\t<\/div>\n\t\t\t\t<\/div>\n\t\t\t\t<\/div>\n\t\t\t\t\t<\/div>\n\t\t<\/div>\n\t\t\t\t\t<\/div>\n\t\t<\/section>\n\t\t\t\t<\/div>","protected":false},"excerpt":{"rendered":"<p>MEIST Tere, meie oleme Eva ja Marlen. Meil on siiras r\u00f5\u00f5m, et olete meid \u00fcles leidnud!&nbsp; Minimalistlike jalan\u00f5udeni j\u00f5udsime t\u00e4nu oma lastele. Soovisime leida jalatsid, millega neil oleks mugav liikuda. Peame t\u00e4htsaks toetada laste loomulikku ja mitmek\u00fclgset arengut ja teame, kui oluline on kasvava lapse puhul jala \u00f5ige areng. P\u00f5him\u00f5tted, millest barefoot jalatsite valmistamisel on&hellip;&nbsp;<a href=\"https:\/\/minimalist.ee\/en\/meist\/\" class=\"\" rel=\"bookmark\">Read More &raquo;<span class=\"screen-reader-text\">Of us<\/span><\/a><\/p>","protected":false},"author":1,"featured_media":0,"parent":0,"menu_order":0,"comment_status":"closed","ping_status":"closed","template":"page-templates\/template-pagebuilder-full-width.php","meta":{"_monsterinsights_skip_tracking":false,"_monsterinsights_sitenote_active":false,"_monsterinsights_sitenote_note":"","_monsterinsights_sitenote_category":0,"neve_meta_sidebar":"","neve_meta_container":"","neve_meta_enable_content_width":"off","neve_meta_content_width":0,"neve_meta_title_alignment":"","neve_meta_author_avatar":"","neve_post_elements_order":"","neve_meta_disable_header":"","neve_meta_disable_footer":"","neve_meta_disable_title":"","footnotes":""},"folder":[],"yoast_head":"<!-- This site is optimized with the Yoast SEO plugin v22.4 - https:\/\/yoast.com\/wordpress\/plugins\/seo\/ -->\n<title>Meist - Minimalist.ee<\/title>\n<meta name=\"description\" content=\"Barefoot jalatsid lastele, barefoot jalatsid t\u00e4iskasvanutele, minimalistlike jalatsite pood lastele ja t\u00e4iskasvanutele\" \/>\n<meta name=\"robots\" content=\"index, follow, max-snippet:-1, max-image-preview:large, max-video-preview:-1\" \/>\n<link rel=\"canonical\" href=\"https:\/\/minimalist.ee\/en\/meist\/\" \/>\n<meta property=\"og:locale\" content=\"en_US\" \/>\n<meta property=\"og:type\" content=\"article\" \/>\n<meta property=\"og:title\" content=\"Meist - Minimalist.ee\" \/>\n<meta property=\"og:description\" content=\"Barefoot jalatsid lastele, barefoot jalatsid t\u00e4iskasvanutele, minimalistlike jalatsite pood lastele ja t\u00e4iskasvanutele\" \/>\n<meta property=\"og:url\" content=\"https:\/\/minimalist.ee\/en\/meist\/\" \/>\n<meta property=\"og:site_name\" content=\"Minimalist.ee\" \/>\n<meta property=\"article:publisher\" content=\"https:\/\/www.facebook.com\/www.minimalist.ee\" \/>\n<meta property=\"article:modified_time\" content=\"2020-09-16T15:06:07+00:00\" \/>\n<meta property=\"og:image\" content=\"https:\/\/minimalist.ee\/wp-content\/uploads\/elementor\/thumbs\/Inverse-background-onuqxufcmrvvs3j3g7x90z7e7kzn9nkqyp5q1tgxkk.png\" \/>\n<meta name=\"twitter:card\" content=\"summary_large_image\" \/>\n<meta name=\"twitter:label1\" content=\"Est. reading time\" \/>\n\t<meta name=\"twitter:data1\" content=\"1 minute\" \/>\n<script type=\"application\/ld+json\" class=\"yoast-schema-graph\">{\"@context\":\"https:\/\/schema.org\",\"@graph\":[{\"@type\":\"WebPage\",\"@id\":\"https:\/\/minimalist.ee\/meist\/\",\"url\":\"https:\/\/minimalist.ee\/meist\/\",\"name\":\"Meist - Minimalist.ee\",\"isPartOf\":{\"@id\":\"https:\/\/minimalist.ee\/#website\"},\"primaryImageOfPage\":{\"@id\":\"https:\/\/minimalist.ee\/meist\/#primaryimage\"},\"image\":{\"@id\":\"https:\/\/minimalist.ee\/meist\/#primaryimage\"},\"thumbnailUrl\":\"https:\/\/minimalist.ee\/wp-content\/uploads\/elementor\/thumbs\/Inverse-background-onuqxufcmrvvs3j3g7x90z7e7kzn9nkqyp5q1tgxkk.png\",\"datePublished\":\"2020-04-10T09:02:35+00:00\",\"dateModified\":\"2020-09-16T15:06:07+00:00\",\"description\":\"Barefoot jalatsid lastele, barefoot jalatsid t\u00e4iskasvanutele, minimalistlike jalatsite pood lastele ja t\u00e4iskasvanutele\",\"breadcrumb\":{\"@id\":\"https:\/\/minimalist.ee\/meist\/#breadcrumb\"},\"inLanguage\":\"en-US\",\"potentialAction\":[{\"@type\":\"ReadAction\",\"target\":[\"https:\/\/minimalist.ee\/meist\/\"]}]},{\"@type\":\"ImageObject\",\"inLanguage\":\"en-US\",\"@id\":\"https:\/\/minimalist.ee\/meist\/#primaryimage\",\"url\":\"https:\/\/minimalist.ee\/wp-content\/uploads\/elementor\/thumbs\/Inverse-background-onuqxufcmrvvs3j3g7x90z7e7kzn9nkqyp5q1tgxkk.png\",\"contentUrl\":\"https:\/\/minimalist.ee\/wp-content\/uploads\/elementor\/thumbs\/Inverse-background-onuqxufcmrvvs3j3g7x90z7e7kzn9nkqyp5q1tgxkk.png\"},{\"@type\":\"BreadcrumbList\",\"@id\":\"https:\/\/minimalist.ee\/meist\/#breadcrumb\",\"itemListElement\":[{\"@type\":\"ListItem\",\"position\":1,\"name\":\"Home\",\"item\":\"https:\/\/minimalist.ee\/\"},{\"@type\":\"ListItem\",\"position\":2,\"name\":\"Meist\"}]},{\"@type\":\"WebSite\",\"@id\":\"https:\/\/minimalist.ee\/#website\",\"url\":\"https:\/\/minimalist.ee\/\",\"name\":\"Minimalist.ee\",\"description\":\"Barefoot jalatsid\",\"publisher\":{\"@id\":\"https:\/\/minimalist.ee\/#organization\"},\"potentialAction\":[{\"@type\":\"SearchAction\",\"target\":{\"@type\":\"EntryPoint\",\"urlTemplate\":\"https:\/\/minimalist.ee\/?s={search_term_string}\"},\"query-input\":\"required name=search_term_string\"}],\"inLanguage\":\"en-US\"},{\"@type\":\"Organization\",\"@id\":\"https:\/\/minimalist.ee\/#organization\",\"name\":\"Minimalist Shoes O\u00dc\",\"url\":\"https:\/\/minimalist.ee\/\",\"logo\":{\"@type\":\"ImageObject\",\"inLanguage\":\"en-US\",\"@id\":\"https:\/\/minimalist.ee\/#\/schema\/logo\/image\/\",\"url\":\"https:\/\/minimalist.ee\/wp-content\/uploads\/2020\/10\/Original.png\",\"contentUrl\":\"https:\/\/minimalist.ee\/wp-content\/uploads\/2020\/10\/Original.png\",\"width\":2048,\"height\":2000,\"caption\":\"Minimalist Shoes O\u00dc\"},\"image\":{\"@id\":\"https:\/\/minimalist.ee\/#\/schema\/logo\/image\/\"},\"sameAs\":[\"https:\/\/www.facebook.com\/www.minimalist.ee\",\"https:\/\/www.instagram.com\/minimalistshoesest\/\"]}]}<\/script>\n<!-- \/ Yoast SEO plugin. -->","yoast_head_json":{"title":"Meist - Minimalist.ee","description":"Barefoot jalatsid lastele, barefoot jalatsid t\u00e4iskasvanutele, minimalistlike jalatsite pood lastele ja t\u00e4iskasvanutele","robots":{"index":"index","follow":"follow","max-snippet":"max-snippet:-1","max-image-preview":"max-image-preview:large","max-video-preview":"max-video-preview:-1"},"canonical":"https:\/\/minimalist.ee\/en\/meist\/","og_locale":"en_US","og_type":"article","og_title":"Meist - Minimalist.ee","og_description":"Barefoot jalatsid lastele, barefoot jalatsid t\u00e4iskasvanutele, minimalistlike jalatsite pood lastele ja t\u00e4iskasvanutele","og_url":"https:\/\/minimalist.ee\/en\/meist\/","og_site_name":"Minimalist.ee","article_publisher":"https:\/\/www.facebook.com\/www.minimalist.ee","article_modified_time":"2020-09-16T15:06:07+00:00","og_image":[{"url":"https:\/\/minimalist.ee\/wp-content\/uploads\/elementor\/thumbs\/Inverse-background-onuqxufcmrvvs3j3g7x90z7e7kzn9nkqyp5q1tgxkk.png"}],"twitter_card":"summary_large_image","twitter_misc":{"Est. reading time":"1 minute"},"schema":{"@context":"https:\/\/schema.org","@graph":[{"@type":"WebPage","@id":"https:\/\/minimalist.ee\/meist\/","url":"https:\/\/minimalist.ee\/meist\/","name":"Meist - Minimalist.ee","isPartOf":{"@id":"https:\/\/minimalist.ee\/#website"},"primaryImageOfPage":{"@id":"https:\/\/minimalist.ee\/meist\/#primaryimage"},"image":{"@id":"https:\/\/minimalist.ee\/meist\/#primaryimage"},"thumbnailUrl":"https:\/\/minimalist.ee\/wp-content\/uploads\/elementor\/thumbs\/Inverse-background-onuqxufcmrvvs3j3g7x90z7e7kzn9nkqyp5q1tgxkk.png","datePublished":"2020-04-10T09:02:35+00:00","dateModified":"2020-09-16T15:06:07+00:00","description":"Barefoot jalatsid lastele, barefoot jalatsid t\u00e4iskasvanutele, minimalistlike jalatsite pood lastele ja t\u00e4iskasvanutele","breadcrumb":{"@id":"https:\/\/minimalist.ee\/meist\/#breadcrumb"},"inLanguage":"en-US","potentialAction":[{"@type":"ReadAction","target":["https:\/\/minimalist.ee\/meist\/"]}]},{"@type":"ImageObject","inLanguage":"en-US","@id":"https:\/\/minimalist.ee\/meist\/#primaryimage","url":"https:\/\/minimalist.ee\/wp-content\/uploads\/elementor\/thumbs\/Inverse-background-onuqxufcmrvvs3j3g7x90z7e7kzn9nkqyp5q1tgxkk.png","contentUrl":"https:\/\/minimalist.ee\/wp-content\/uploads\/elementor\/thumbs\/Inverse-background-onuqxufcmrvvs3j3g7x90z7e7kzn9nkqyp5q1tgxkk.png"},{"@type":"BreadcrumbList","@id":"https:\/\/minimalist.ee\/meist\/#breadcrumb","itemListElement":[{"@type":"ListItem","position":1,"name":"Home","item":"https:\/\/minimalist.ee\/"},{"@type":"ListItem","position":2,"name":"Meist"}]},{"@type":"WebSite","@id":"https:\/\/minimalist.ee\/#website","url":"https:\/\/minimalist.ee\/","name":"Minimalist.ee","description":"Barefoot jalatsid","publisher":{"@id":"https:\/\/minimalist.ee\/#organization"},"potentialAction":[{"@type":"SearchAction","target":{"@type":"EntryPoint","urlTemplate":"https:\/\/minimalist.ee\/?s={search_term_string}"},"query-input":"required name=search_term_string"}],"inLanguage":"en-US"},{"@type":"Organization","@id":"https:\/\/minimalist.ee\/#organization","name":"Minimalist Shoes O\u00dc","url":"https:\/\/minimalist.ee\/","logo":{"@type":"ImageObject","inLanguage":"en-US","@id":"https:\/\/minimalist.ee\/#\/schema\/logo\/image\/","url":"https:\/\/minimalist.ee\/wp-content\/uploads\/2020\/10\/Original.png","contentUrl":"https:\/\/minimalist.ee\/wp-content\/uploads\/2020\/10\/Original.png","width":2048,"height":2000,"caption":"Minimalist Shoes O\u00dc"},"image":{"@id":"https:\/\/minimalist.ee\/#\/schema\/logo\/image\/"},"sameAs":["https:\/\/www.facebook.com\/www.minimalist.ee","https:\/\/www.instagram.com\/minimalistshoesest\/"]}]}},"jetpack_sharing_enabled":true,"_links":{"self":[{"href":"https:\/\/minimalist.ee\/en\/wp-json\/wp\/v2\/pages\/32"}],"collection":[{"href":"https:\/\/minimalist.ee\/en\/wp-json\/wp\/v2\/pages"}],"about":[{"href":"https:\/\/minimalist.ee\/en\/wp-json\/wp\/v2\/types\/page"}],"author":[{"embeddable":true,"href":"https:\/\/minimalist.ee\/en\/wp-json\/wp\/v2\/users\/1"}],"replies":[{"embeddable":true,"href":"https:\/\/minimalist.ee\/en\/wp-json\/wp\/v2\/comments?post=32"}],"version-history":[{"count":5,"href":"https:\/\/minimalist.ee\/en\/wp-json\/wp\/v2\/pages\/32\/revisions"}],"predecessor-version":[{"id":2126,"href":"https:\/\/minimalist.ee\/en\/wp-json\/wp\/v2\/pages\/32\/revisions\/2126"}],"wp:attachment":[{"href":"https:\/\/minimalist.ee\/en\/wp-json\/wp\/v2\/media?parent=32"}],"wp:term":[{"taxonomy":"folder","embeddable":true,"href":"https:\/\/minimalist.ee\/en\/wp-json\/wp\/v2\/folder?post=32"}],"curies":[{"name":"wp","href":"https:\/\/api.w.org\/{rel}","templated":true}]}}