{"id":293,"date":"2020-06-15T14:11:09","date_gmt":"2020-06-15T14:11:09","guid":{"rendered":"https:\/\/minimalist.ee\/?page_id=293"},"modified":"2024-08-01T13:04:06","modified_gmt":"2024-08-01T13:04:06","slug":"kauba-tagastamine","status":"publish","type":"page","link":"https:\/\/minimalist.ee\/en\/kauba-tagastamine\/","title":{"rendered":"Returning goods"},"content":{"rendered":"<div data-elementor-type=\"wp-page\" data-elementor-id=\"293\" class=\"elementor elementor-293\">\n\t\t\t\t\t\t<section class=\"elementor-section elementor-top-section elementor-element elementor-element-87bb21b elementor-section-boxed elementor-section-height-default elementor-section-height-default\" data-id=\"87bb21b\" data-element_type=\"section\">\n\t\t\t\t\t\t<div class=\"elementor-container elementor-column-gap-default\">\n\t\t\t\t\t<div class=\"elementor-column elementor-col-100 elementor-top-column elementor-element elementor-element-6a7fdb0\" data-id=\"6a7fdb0\" data-element_type=\"column\">\n\t\t\t<div class=\"elementor-widget-wrap elementor-element-populated\">\n\t\t\t\t\t\t<div class=\"elementor-element elementor-element-9d1394e elementor-widget elementor-widget-spacer\" data-id=\"9d1394e\" data-element_type=\"widget\" data-widget_type=\"spacer.default\">\n\t\t\t\t<div class=\"elementor-widget-container\">\n\t\t\t\t\t<div class=\"elementor-spacer\">\n\t\t\t<div class=\"elementor-spacer-inner\"><\/div>\n\t\t<\/div>\n\t\t\t\t<\/div>\n\t\t\t\t<\/div>\n\t\t\t\t\t<\/div>\n\t\t<\/div>\n\t\t\t\t\t<\/div>\n\t\t<\/section>\n\t\t\t\t<section class=\"elementor-section elementor-top-section elementor-element elementor-element-8f0578f elementor-section-boxed elementor-section-height-default elementor-section-height-default\" data-id=\"8f0578f\" data-element_type=\"section\">\n\t\t\t\t\t\t<div class=\"elementor-container elementor-column-gap-default\">\n\t\t\t\t\t<div class=\"elementor-column elementor-col-100 elementor-top-column elementor-element elementor-element-b82b6a3\" data-id=\"b82b6a3\" data-element_type=\"column\">\n\t\t\t<div class=\"elementor-widget-wrap elementor-element-populated\">\n\t\t\t\t\t\t<div class=\"elementor-element elementor-element-c4b816a elementor-widget elementor-widget-spacer\" data-id=\"c4b816a\" data-element_type=\"widget\" data-widget_type=\"spacer.default\">\n\t\t\t\t<div class=\"elementor-widget-container\">\n\t\t\t\t\t<div class=\"elementor-spacer\">\n\t\t\t<div class=\"elementor-spacer-inner\"><\/div>\n\t\t<\/div>\n\t\t\t\t<\/div>\n\t\t\t\t<\/div>\n\t\t\t\t<div class=\"elementor-element elementor-element-6db94e2 elementor-widget elementor-widget-heading\" data-id=\"6db94e2\" data-element_type=\"widget\" data-widget_type=\"heading.default\">\n\t\t\t\t<div class=\"elementor-widget-container\">\n\t\t\t<h2 class=\"elementor-heading-title elementor-size-default\">RETURN OF GOODS<\/h2>\t\t<\/div>\n\t\t\t\t<\/div>\n\t\t\t\t\t<\/div>\n\t\t<\/div>\n\t\t\t\t\t<\/div>\n\t\t<\/section>\n\t\t\t\t<section class=\"elementor-section elementor-top-section elementor-element elementor-element-12972d8 elementor-section-boxed elementor-section-height-default elementor-section-height-default\" data-id=\"12972d8\" data-element_type=\"section\">\n\t\t\t\t\t\t<div class=\"elementor-container elementor-column-gap-default\">\n\t\t\t\t\t<div class=\"elementor-column elementor-col-100 elementor-top-column elementor-element elementor-element-75aadbe\" data-id=\"75aadbe\" data-element_type=\"column\">\n\t\t\t<div class=\"elementor-widget-wrap elementor-element-populated\">\n\t\t\t\t\t\t<div class=\"elementor-element elementor-element-ebe2b19 elementor-widget elementor-widget-text-editor\" data-id=\"ebe2b19\" data-element_type=\"widget\" data-widget_type=\"text-editor.default\">\n\t\t\t\t<div class=\"elementor-widget-container\">\n\t\t\t\t\t\t\t<p>Kui soovite kauba tagastada, siis palun t\u00e4itke allolev avaldus.<\/p><ul><li>You have the right to return goods purchased from the e-shop within 14 days of receiving the goods.<\/li><li>When returning, please use the Omniva return code (there is a separate return code in the Omniva message) or the Itella Smartpost return code (the same code that you used to open the door at the beginning, Itella does not have a separate return code). <u>The return code is valid for 14 days<\/u>!\u00a0<\/li><li>Be sure to include the order number and the customer&#039;s name with the return.<\/li><li>Jalan\u00f5ud tuleb tagastada uuena ja orginaalpakendis. Kui jalan\u00f5udel on kandmisj\u00e4ljed v\u00f5i jalan\u00f5ude originaalpakend on rikutud (nt m\u00e4\u00e4rdunud tallad, katkine v\u00f5i muul moel rikutud karp) on Minimalist Shoes O\u00dc-l \u00f5igus tagasimaksest keelduda.<\/li><li>Socks, insoles and care products cannot be returned.<\/li><li>Once the returned goods have reached us, we will refund the money within 14 days to the same bank account from which the order was made.<\/li><li>The return is subject to a fee (\u20ac4 within Estonia) and is not subject to return and will be deducted from the amount to be returned.<\/li><li>Teistest riikidest tagastamise tasu on sama, mis on kohaletoimetamise hind.<\/li><\/ul>\t\t\t\t\t\t<\/div>\n\t\t\t\t<\/div>\n\t\t\t\t\t<\/div>\n\t\t<\/div>\n\t\t\t\t\t<\/div>\n\t\t<\/section>\n\t\t\t\t<section class=\"elementor-section elementor-top-section elementor-element elementor-element-5a9a49e elementor-section-boxed elementor-section-height-default elementor-section-height-default\" data-id=\"5a9a49e\" data-element_type=\"section\">\n\t\t\t\t\t\t<div class=\"elementor-container elementor-column-gap-default\">\n\t\t\t\t\t<div class=\"elementor-column elementor-col-100 elementor-top-column elementor-element elementor-element-5bbb0cd\" data-id=\"5bbb0cd\" data-element_type=\"column\">\n\t\t\t<div class=\"elementor-widget-wrap elementor-element-populated\">\n\t\t\t\t\t\t<div class=\"elementor-element elementor-element-a8261f5 elementor-widget elementor-widget-wp-widget-wpforms-widget\" data-id=\"a8261f5\" data-element_type=\"widget\" data-widget_type=\"wp-widget-wpforms-widget.default\">\n\t\t\t\t<div class=\"elementor-widget-container\">\n\t\t\t<div class=\"wpforms-container wpforms-container-full\" id=\"wpforms-295\"><form id=\"wpforms-form-295\" class=\"wpforms-validate wpforms-form\" data-formid=\"295\" method=\"post\" enctype=\"multipart\/form-data\" action=\"\/en\/wp-json\/wp\/v2\/pages\/293\" data-token=\"0037bd6da98ae3be4cae7f84dcd230fa\" data-trp-original-action=\"\/en\/wp-json\/wp\/v2\/pages\/293\"><noscript class=\"wpforms-error-noscript\">Please enable JavaScript in your browser to complete this form.<\/noscript><div class=\"wpforms-field-container\"><div id=\"wpforms-295-field_1-container\" class=\"wpforms-field wpforms-field-name\" data-field-id=\"1\"><label class=\"wpforms-field-label\" for=\"wpforms-295-field_1\">Name <span class=\"wpforms-required-label\">*<\/span><\/label><input type=\"text\" id=\"wpforms-295-field_1\" class=\"wpforms-field-medium wpforms-field-required\" name=\"wpforms[fields][1]\" required><\/div><div id=\"wpforms-295-field_2-container\" class=\"wpforms-field wpforms-field-email\" data-field-id=\"2\"><label class=\"wpforms-field-label\" for=\"wpforms-295-field_2\">Email <span class=\"wpforms-required-label\">*<\/span><\/label><input type=\"email\" id=\"wpforms-295-field_2\" class=\"wpforms-field-medium wpforms-field-required\" name=\"wpforms[fields][2]\" spellcheck=\"false\" required><\/div><div id=\"wpforms-295-field_3-container\" class=\"wpforms-field wpforms-field-number\" data-field-id=\"3\"><label class=\"wpforms-field-label\" for=\"wpforms-295-field_3\">Telephone <span class=\"wpforms-required-label\">*<\/span><\/label><input type=\"number\" pattern=\"\\d*\" id=\"wpforms-295-field_3\" class=\"wpforms-field-medium wpforms-field-required\" name=\"wpforms[fields][3]\" required><\/div><div id=\"wpforms-295-field_4-container\" class=\"wpforms-field wpforms-field-number\" data-field-id=\"4\"><label class=\"wpforms-field-label\" for=\"wpforms-295-field_4\">Order number <span class=\"wpforms-required-label\">*<\/span><\/label><input type=\"number\" pattern=\"\\d*\" id=\"wpforms-295-field_4\" class=\"wpforms-field-medium wpforms-field-required\" name=\"wpforms[fields][4]\" required><\/div><div id=\"wpforms-295-field_5-container\" class=\"wpforms-field wpforms-field-checkbox\" data-field-id=\"5\"><label class=\"wpforms-field-label\" for=\"wpforms-295-field_5\">Reason for return <span class=\"wpforms-required-label\">*<\/span><\/label><ul id=\"wpforms-295-field_5\" class=\"wpforms-field-required\"><li class=\"choice-1 depth-1\"><input type=\"checkbox\" id=\"wpforms-295-field_5_1\" name=\"wpforms[fields][5][]\" value=\"Defektiga toode\" required><label class=\"wpforms-field-label-inline\" for=\"wpforms-295-field_5_1\">Defective product<\/label><\/li><li class=\"choice-2 depth-1\"><input type=\"checkbox\" id=\"wpforms-295-field_5_2\" name=\"wpforms[fields][5][]\" value=\"Vale toode\" required><label class=\"wpforms-field-label-inline\" for=\"wpforms-295-field_5_2\">Wrong product<\/label><\/li><li class=\"choice-3 depth-1\"><input type=\"checkbox\" id=\"wpforms-295-field_5_3\" name=\"wpforms[fields][5][]\" value=\"Vale suurus\" required><label class=\"wpforms-field-label-inline\" for=\"wpforms-295-field_5_3\">Wrong size<\/label><\/li><li class=\"choice-4 depth-1\"><input type=\"checkbox\" id=\"wpforms-295-field_5_4\" name=\"wpforms[fields][5][]\" value=\"Muu (palun t\u00e4psusta)\" required><label class=\"wpforms-field-label-inline\" for=\"wpforms-295-field_5_4\">Other (please specify)<\/label><\/li><\/ul><\/div><div id=\"wpforms-295-field_7-container\" class=\"wpforms-field wpforms-field-textarea\" data-field-id=\"7\"><textarea id=\"wpforms-295-field_7\" class=\"wpforms-field-medium wpforms-limit-words-enabled\" data-form-id=\"295\" data-field-id=\"7\" data-text-limit=\"100\" name=\"wpforms[fields][7]\" ><\/textarea><\/div><div id=\"wpforms-295-field_9-container\" class=\"wpforms-field wpforms-field-radio\" data-field-id=\"9\"><label class=\"wpforms-field-label\" for=\"wpforms-295-field_9\">How do you want to return the goods? <span class=\"wpforms-required-label\">*<\/span><\/label><ul id=\"wpforms-295-field_9\" class=\"wpforms-field-required\"><li class=\"choice-1 depth-1\"><input type=\"radio\" id=\"wpforms-295-field_9_1\" name=\"wpforms[fields][9]\" value=\"Toon ise kohale\" required><label class=\"wpforms-field-label-inline\" for=\"wpforms-295-field_9_1\">I will deliver it myself<\/label><\/li><li class=\"choice-2 depth-1\"><input type=\"radio\" id=\"wpforms-295-field_9_2\" name=\"wpforms[fields][9]\" value=\"Postiga\" required><label class=\"wpforms-field-label-inline\" for=\"wpforms-295-field_9_2\">By mail<\/label><\/li><\/ul><\/div><\/div><!-- .wpforms-field-container --><div class=\"wpforms-field wpforms-field-hp\"><label for=\"wpforms-295-field-hp\" class=\"wpforms-field-label\">Email<\/label><input type=\"text\" name=\"wpforms[hp]\" id=\"wpforms-295-field-hp\" class=\"wpforms-field-medium\"><\/div><div class=\"wpforms-submit-container\" ><input type=\"hidden\" name=\"wpforms[id]\" value=\"295\"><input type=\"hidden\" name=\"wpforms[author]\" value=\"1\"><button type=\"submit\" name=\"wpforms[submit]\" id=\"wpforms-submit-295\" class=\"wpforms-submit\" data-alt-text=\"Saadan...\" data-submit-text=\"Saada\" aria-live=\"assertive\" value=\"wpforms-submit\">Send<\/button><\/div><input type=\"hidden\" name=\"trp-form-language\" value=\"en\"\/><\/form><\/div>  <!-- .wpforms-container -->\t\t<\/div>\n\t\t\t\t<\/div>\n\t\t\t\t\t<\/div>\n\t\t<\/div>\n\t\t\t\t\t<\/div>\n\t\t<\/section>\n\t\t\t\t<section class=\"elementor-section elementor-top-section elementor-element elementor-element-d697387 elementor-section-boxed elementor-section-height-default elementor-section-height-default\" data-id=\"d697387\" data-element_type=\"section\">\n\t\t\t\t\t\t<div class=\"elementor-container elementor-column-gap-default\">\n\t\t\t\t\t<div class=\"elementor-column elementor-col-100 elementor-top-column elementor-element elementor-element-7cd2582\" data-id=\"7cd2582\" data-element_type=\"column\">\n\t\t\t<div class=\"elementor-widget-wrap elementor-element-populated\">\n\t\t\t\t\t\t<div class=\"elementor-element elementor-element-630dd9a elementor-widget elementor-widget-text-editor\" data-id=\"630dd9a\" data-element_type=\"widget\" data-widget_type=\"text-editor.default\">\n\t\t\t\t<div class=\"elementor-widget-container\">\n\t\t\t\t\t\t\t<p>*The cost of returning the goods is borne by the buyer (also with the Omniva return code).<\/p>\t\t\t\t\t\t<\/div>\n\t\t\t\t<\/div>\n\t\t\t\t<div class=\"elementor-element elementor-element-a5f6f21 elementor-widget elementor-widget-spacer\" data-id=\"a5f6f21\" data-element_type=\"widget\" data-widget_type=\"spacer.default\">\n\t\t\t\t<div class=\"elementor-widget-container\">\n\t\t\t\t\t<div class=\"elementor-spacer\">\n\t\t\t<div class=\"elementor-spacer-inner\"><\/div>\n\t\t<\/div>\n\t\t\t\t<\/div>\n\t\t\t\t<\/div>\n\t\t\t\t\t<\/div>\n\t\t<\/div>\n\t\t\t\t\t<\/div>\n\t\t<\/section>\n\t\t\t\t<\/div>","protected":false},"excerpt":{"rendered":"<p>KAUBA TAGASTAMINE Kui soovite kauba tagastada, siis palun t\u00e4itke allolev avaldus. Sul on \u00f5igus e-poest ostetud kaup 14 p\u00e4eva jooksul, alates kauba k\u00e4ttesaamisest, tagastada. Tagastamisel palun kasuta Omniva tagastuskoodi (Omniva s\u00f5numis eraldi olemas tagastuskood) v\u00f5i Itella Smartposti tagastuskoodi (sama kood, millega saite alguses ukse avada, eraldi tagastuskoodi Itellal ei ole). Tagastuskood kehtib 14 p\u00e4eva!\u00a0 Lisa&hellip;&nbsp;<a href=\"https:\/\/minimalist.ee\/en\/kauba-tagastamine\/\" class=\"\" rel=\"bookmark\">Read More &raquo;<span class=\"screen-reader-text\">Returning goods<\/span><\/a><\/p>","protected":false},"author":1,"featured_media":0,"parent":0,"menu_order":0,"comment_status":"closed","ping_status":"closed","template":"page-templates\/template-pagebuilder-full-width.php","meta":{"_monsterinsights_skip_tracking":false,"_monsterinsights_sitenote_active":false,"_monsterinsights_sitenote_note":"","_monsterinsights_sitenote_category":0,"neve_meta_sidebar":"full-width","neve_meta_container":"","neve_meta_enable_content_width":"on","neve_meta_content_width":100,"neve_meta_title_alignment":"","neve_meta_author_avatar":"","neve_post_elements_order":"","neve_meta_disable_header":"","neve_meta_disable_footer":"","neve_meta_disable_title":"","footnotes":""},"folder":[],"yoast_head":"<!-- This site is optimized with the Yoast SEO plugin v22.4 - https:\/\/yoast.com\/wordpress\/plugins\/seo\/ -->\n<title>Kauba tagastamine - Minimalist.ee<\/title>\n<meta name=\"description\" content=\"Barefoot jalatsid lastele, barefoot jalatsid t\u00e4iskasvanutele, minimalistlike jalatsite pood lastele ja t\u00e4iskasvanutele\" \/>\n<meta name=\"robots\" content=\"index, follow, max-snippet:-1, max-image-preview:large, max-video-preview:-1\" \/>\n<link rel=\"canonical\" href=\"https:\/\/minimalist.ee\/en\/kauba-tagastamine\/\" \/>\n<meta property=\"og:locale\" content=\"en_US\" \/>\n<meta property=\"og:type\" content=\"article\" \/>\n<meta property=\"og:title\" content=\"Kauba tagastamine - Minimalist.ee\" \/>\n<meta property=\"og:description\" content=\"Barefoot jalatsid lastele, barefoot jalatsid t\u00e4iskasvanutele, minimalistlike jalatsite pood lastele ja t\u00e4iskasvanutele\" \/>\n<meta property=\"og:url\" content=\"https:\/\/minimalist.ee\/en\/kauba-tagastamine\/\" \/>\n<meta property=\"og:site_name\" content=\"Minimalist.ee\" \/>\n<meta property=\"article:publisher\" content=\"https:\/\/www.facebook.com\/www.minimalist.ee\" \/>\n<meta property=\"article:modified_time\" content=\"2024-08-01T13:04:06+00:00\" \/>\n<meta property=\"og:image\" content=\"https:\/\/minimalist.ee\/wp-content\/uploads\/2020\/10\/Original.png\" \/>\n\t<meta property=\"og:image:width\" content=\"2048\" \/>\n\t<meta property=\"og:image:height\" content=\"2000\" \/>\n\t<meta property=\"og:image:type\" content=\"image\/png\" \/>\n<meta name=\"twitter:card\" content=\"summary_large_image\" \/>\n<meta name=\"twitter:label1\" content=\"Est. reading time\" \/>\n\t<meta name=\"twitter:data1\" content=\"1 minute\" \/>\n<script type=\"application\/ld+json\" class=\"yoast-schema-graph\">{\"@context\":\"https:\/\/schema.org\",\"@graph\":[{\"@type\":\"WebPage\",\"@id\":\"https:\/\/minimalist.ee\/kauba-tagastamine\/\",\"url\":\"https:\/\/minimalist.ee\/kauba-tagastamine\/\",\"name\":\"Kauba tagastamine - Minimalist.ee\",\"isPartOf\":{\"@id\":\"https:\/\/minimalist.ee\/#website\"},\"datePublished\":\"2020-06-15T14:11:09+00:00\",\"dateModified\":\"2024-08-01T13:04:06+00:00\",\"description\":\"Barefoot jalatsid lastele, barefoot jalatsid t\u00e4iskasvanutele, minimalistlike jalatsite pood lastele ja t\u00e4iskasvanutele\",\"breadcrumb\":{\"@id\":\"https:\/\/minimalist.ee\/kauba-tagastamine\/#breadcrumb\"},\"inLanguage\":\"en-US\",\"potentialAction\":[{\"@type\":\"ReadAction\",\"target\":[\"https:\/\/minimalist.ee\/kauba-tagastamine\/\"]}]},{\"@type\":\"BreadcrumbList\",\"@id\":\"https:\/\/minimalist.ee\/kauba-tagastamine\/#breadcrumb\",\"itemListElement\":[{\"@type\":\"ListItem\",\"position\":1,\"name\":\"Home\",\"item\":\"https:\/\/minimalist.ee\/\"},{\"@type\":\"ListItem\",\"position\":2,\"name\":\"Kauba tagastamine\"}]},{\"@type\":\"WebSite\",\"@id\":\"https:\/\/minimalist.ee\/#website\",\"url\":\"https:\/\/minimalist.ee\/\",\"name\":\"Minimalist.ee\",\"description\":\"Barefoot jalatsid\",\"publisher\":{\"@id\":\"https:\/\/minimalist.ee\/#organization\"},\"potentialAction\":[{\"@type\":\"SearchAction\",\"target\":{\"@type\":\"EntryPoint\",\"urlTemplate\":\"https:\/\/minimalist.ee\/?s={search_term_string}\"},\"query-input\":\"required name=search_term_string\"}],\"inLanguage\":\"en-US\"},{\"@type\":\"Organization\",\"@id\":\"https:\/\/minimalist.ee\/#organization\",\"name\":\"Minimalist Shoes O\u00dc\",\"url\":\"https:\/\/minimalist.ee\/\",\"logo\":{\"@type\":\"ImageObject\",\"inLanguage\":\"en-US\",\"@id\":\"https:\/\/minimalist.ee\/#\/schema\/logo\/image\/\",\"url\":\"https:\/\/minimalist.ee\/wp-content\/uploads\/2020\/10\/Original.png\",\"contentUrl\":\"https:\/\/minimalist.ee\/wp-content\/uploads\/2020\/10\/Original.png\",\"width\":2048,\"height\":2000,\"caption\":\"Minimalist Shoes O\u00dc\"},\"image\":{\"@id\":\"https:\/\/minimalist.ee\/#\/schema\/logo\/image\/\"},\"sameAs\":[\"https:\/\/www.facebook.com\/www.minimalist.ee\",\"https:\/\/www.instagram.com\/minimalistshoesest\/\"]}]}<\/script>\n<!-- \/ Yoast SEO plugin. -->","yoast_head_json":{"title":"Kauba tagastamine - Minimalist.ee","description":"Barefoot jalatsid lastele, barefoot jalatsid t\u00e4iskasvanutele, minimalistlike jalatsite pood lastele ja t\u00e4iskasvanutele","robots":{"index":"index","follow":"follow","max-snippet":"max-snippet:-1","max-image-preview":"max-image-preview:large","max-video-preview":"max-video-preview:-1"},"canonical":"https:\/\/minimalist.ee\/en\/kauba-tagastamine\/","og_locale":"en_US","og_type":"article","og_title":"Kauba tagastamine - Minimalist.ee","og_description":"Barefoot jalatsid lastele, barefoot jalatsid t\u00e4iskasvanutele, minimalistlike jalatsite pood lastele ja t\u00e4iskasvanutele","og_url":"https:\/\/minimalist.ee\/en\/kauba-tagastamine\/","og_site_name":"Minimalist.ee","article_publisher":"https:\/\/www.facebook.com\/www.minimalist.ee","article_modified_time":"2024-08-01T13:04:06+00:00","og_image":[{"width":2048,"height":2000,"url":"https:\/\/minimalist.ee\/wp-content\/uploads\/2020\/10\/Original.png","type":"image\/png"}],"twitter_card":"summary_large_image","twitter_misc":{"Est. reading time":"1 minute"},"schema":{"@context":"https:\/\/schema.org","@graph":[{"@type":"WebPage","@id":"https:\/\/minimalist.ee\/kauba-tagastamine\/","url":"https:\/\/minimalist.ee\/kauba-tagastamine\/","name":"Kauba tagastamine - Minimalist.ee","isPartOf":{"@id":"https:\/\/minimalist.ee\/#website"},"datePublished":"2020-06-15T14:11:09+00:00","dateModified":"2024-08-01T13:04:06+00:00","description":"Barefoot jalatsid lastele, barefoot jalatsid t\u00e4iskasvanutele, minimalistlike jalatsite pood lastele ja t\u00e4iskasvanutele","breadcrumb":{"@id":"https:\/\/minimalist.ee\/kauba-tagastamine\/#breadcrumb"},"inLanguage":"en-US","potentialAction":[{"@type":"ReadAction","target":["https:\/\/minimalist.ee\/kauba-tagastamine\/"]}]},{"@type":"BreadcrumbList","@id":"https:\/\/minimalist.ee\/kauba-tagastamine\/#breadcrumb","itemListElement":[{"@type":"ListItem","position":1,"name":"Home","item":"https:\/\/minimalist.ee\/"},{"@type":"ListItem","position":2,"name":"Kauba tagastamine"}]},{"@type":"WebSite","@id":"https:\/\/minimalist.ee\/#website","url":"https:\/\/minimalist.ee\/","name":"Minimalist.ee","description":"Barefoot jalatsid","publisher":{"@id":"https:\/\/minimalist.ee\/#organization"},"potentialAction":[{"@type":"SearchAction","target":{"@type":"EntryPoint","urlTemplate":"https:\/\/minimalist.ee\/?s={search_term_string}"},"query-input":"required name=search_term_string"}],"inLanguage":"en-US"},{"@type":"Organization","@id":"https:\/\/minimalist.ee\/#organization","name":"Minimalist Shoes O\u00dc","url":"https:\/\/minimalist.ee\/","logo":{"@type":"ImageObject","inLanguage":"en-US","@id":"https:\/\/minimalist.ee\/#\/schema\/logo\/image\/","url":"https:\/\/minimalist.ee\/wp-content\/uploads\/2020\/10\/Original.png","contentUrl":"https:\/\/minimalist.ee\/wp-content\/uploads\/2020\/10\/Original.png","width":2048,"height":2000,"caption":"Minimalist Shoes O\u00dc"},"image":{"@id":"https:\/\/minimalist.ee\/#\/schema\/logo\/image\/"},"sameAs":["https:\/\/www.facebook.com\/www.minimalist.ee","https:\/\/www.instagram.com\/minimalistshoesest\/"]}]}},"jetpack_sharing_enabled":true,"_links":{"self":[{"href":"https:\/\/minimalist.ee\/en\/wp-json\/wp\/v2\/pages\/293"}],"collection":[{"href":"https:\/\/minimalist.ee\/en\/wp-json\/wp\/v2\/pages"}],"about":[{"href":"https:\/\/minimalist.ee\/en\/wp-json\/wp\/v2\/types\/page"}],"author":[{"embeddable":true,"href":"https:\/\/minimalist.ee\/en\/wp-json\/wp\/v2\/users\/1"}],"replies":[{"embeddable":true,"href":"https:\/\/minimalist.ee\/en\/wp-json\/wp\/v2\/comments?post=293"}],"version-history":[{"count":5,"href":"https:\/\/minimalist.ee\/en\/wp-json\/wp\/v2\/pages\/293\/revisions"}],"predecessor-version":[{"id":16424,"href":"https:\/\/minimalist.ee\/en\/wp-json\/wp\/v2\/pages\/293\/revisions\/16424"}],"wp:attachment":[{"href":"https:\/\/minimalist.ee\/en\/wp-json\/wp\/v2\/media?parent=293"}],"wp:term":[{"taxonomy":"folder","embeddable":true,"href":"https:\/\/minimalist.ee\/en\/wp-json\/wp\/v2\/folder?post=293"}],"curies":[{"name":"wp","href":"https:\/\/api.w.org\/{rel}","templated":true}]}}