{"id":240,"date":"2020-06-15T08:07:58","date_gmt":"2020-06-15T08:07:58","guid":{"rendered":"https:\/\/minimalist.ee\/?page_id=240"},"modified":"2021-06-14T10:05:49","modified_gmt":"2021-06-14T10:05:49","slug":"muugitingimused","status":"publish","type":"page","link":"https:\/\/minimalist.ee\/en\/muugitingimused\/","title":{"rendered":"Terms of sale"},"content":{"rendered":"<div data-elementor-type=\"wp-page\" data-elementor-id=\"240\" class=\"elementor elementor-240\">\n\t\t\t\t\t\t<section class=\"elementor-section elementor-top-section elementor-element elementor-element-135efb8e elementor-section-boxed elementor-section-height-default elementor-section-height-default\" data-id=\"135efb8e\" data-element_type=\"section\">\n\t\t\t\t\t\t<div class=\"elementor-container elementor-column-gap-default\">\n\t\t\t\t\t<div class=\"elementor-column elementor-col-100 elementor-top-column elementor-element elementor-element-29fc871c\" data-id=\"29fc871c\" data-element_type=\"column\">\n\t\t\t<div class=\"elementor-widget-wrap elementor-element-populated\">\n\t\t\t\t\t\t<div class=\"elementor-element elementor-element-95691fa elementor-widget elementor-widget-spacer\" data-id=\"95691fa\" data-element_type=\"widget\" data-widget_type=\"spacer.default\">\n\t\t\t\t<div class=\"elementor-widget-container\">\n\t\t\t\t\t<div class=\"elementor-spacer\">\n\t\t\t<div class=\"elementor-spacer-inner\"><\/div>\n\t\t<\/div>\n\t\t\t\t<\/div>\n\t\t\t\t<\/div>\n\t\t\t\t<div class=\"elementor-element elementor-element-aa026df elementor-widget elementor-widget-spacer\" data-id=\"aa026df\" data-element_type=\"widget\" data-widget_type=\"spacer.default\">\n\t\t\t\t<div class=\"elementor-widget-container\">\n\t\t\t\t\t<div class=\"elementor-spacer\">\n\t\t\t<div class=\"elementor-spacer-inner\"><\/div>\n\t\t<\/div>\n\t\t\t\t<\/div>\n\t\t\t\t<\/div>\n\t\t\t\t<div class=\"elementor-element elementor-element-cdb5b12 elementor-widget elementor-widget-heading\" data-id=\"cdb5b12\" data-element_type=\"widget\" data-widget_type=\"heading.default\">\n\t\t\t\t<div class=\"elementor-widget-container\">\n\t\t\t<h2 class=\"elementor-heading-title elementor-size-default\">TERMS OF SALE<\/h2>\t\t<\/div>\n\t\t\t\t<\/div>\n\t\t\t\t<div class=\"elementor-element elementor-element-138e3ff5 elementor-widget elementor-widget-text-editor\" data-id=\"138e3ff5\" data-element_type=\"widget\" data-widget_type=\"text-editor.default\">\n\t\t\t\t<div class=\"elementor-widget-container\">\n\t\t\t\t\t\t\t<p><!-- wp:paragraph --><\/p>\n<p><span style=\"font-weight: 400;\">&nbsp;Online store <\/span><b>Minimalist.ee<\/b><span style=\"font-weight: 400;\"> (hereinafter the Online Store) is owned by Minimalist Shoes O\u00dc (reg. 14937093), located at S\u00e4rje 26, Tallinn.<\/span><\/p>\n<p><span style=\"font-family: Graphik, -apple-system, BlinkMacSystemFont,;\">Validity of the sales contract, product and price information<\/span><\/p>\n<p><span style=\"font-weight: 400;\">1.1 The terms of sale apply to the purchase of goods from the Online Store.<\/span><\/p>\n<p><span style=\"font-weight: 400;\">1.2 The prices of the products sold in the online store are indicated next to the products. The price includes a fee for delivering the goods. <\/span><span style=\"font-weight: 400;\">All prices of goods sold in the online store are in euros.<\/span><\/p>\n<p><span style=\"font-weight: 400;\">1.3 The fee for the delivery of the goods depends on the location of the buyer and the method of delivery. The delivery fee is displayed to the buyer when completing the order.<\/span><\/p>\n<p><span style=\"font-weight: 400;\">1.4 Information about the goods is provided in the Webshop directly next to the goods.<\/span><\/p>\n<p><span style=\"font-family: Graphik, -apple-system, BlinkMacSystemFont,;\">Forming the order<\/span><\/p>\n<p><span style=\"font-weight: 400;\">2.1 Kau<\/span><span style=\"font-weight: 400;\">To order ba, you must add the desired products to the shopping cart. To complete the order, you must fill in the required data fields and choose the appropriate method of product delivery. The amount of the fee is then displayed on the screen, which can be paid via a bank link or using another payment solution.<\/span><\/p>\n<p><span style=\"font-weight: 400;\">2.2 To order the goods, you must add the desired products to the shopping cart. To complete the order, you must fill in the required data fields and choose the appropriate method of product delivery. The amount of the fee is then displayed on the screen, which can be paid securely through the following payment methods:<\/span><\/p>\n<ul>\n<li style=\"font-weight: 400;\"><span style=\"font-weight: 400;\">Estonian bank links: Swedbank, SEB, Luminor, LHV<\/span><\/li>\n<li style=\"font-weight: 400;\"><span style=\"font-weight: 400;\">Visa\/Mastercard card payments<\/span><\/li>\n<\/ul>\n<p><span style=\"font-weight: 400;\">NB! When paying with a bank link, be sure to press the &quot;Back to the merchant&quot; button on the bank&#039;s page.<\/span><\/p>\n<p><span style=\"font-weight: 400;\">2.3 <\/span><span style=\"font-weight: 400;\">The owner of the online store is the responsible processor of personal data and forwards the personal data necessary for making payments to the authorized processor EveryPay AS.<\/span><\/p>\n<p><span style=\"font-weight: 400;\">2.3 The contract enters into force from the receipt of the amount to be paid to the current account of the Online Store.<\/span><\/p>\n<p><span style=\"font-weight: 400;\">2.4 Payments are mediated&nbsp;<\/span><a href=\"https:\/\/every-pay.com\" target=\"_blank\" rel=\"noopener\">EveryPay AS<\/a><span style=\"font-weight: 400;\">. Payment is made outside the Online Store in a secure environment - when paying with a bank link in the secure environment of the respective bank and when paying with a credit card in the secure environment of EveryPay AS. The seller does not have access to the customer&#039;s bank and credit card data. The contract enters into force from the receipt of the amount to be paid to the online store&#039;s current account.<\/span><\/p>\n<p><span style=\"font-weight: 400;\">2.5 If it is not possible to deliver the ordered goods due to the end of the goods or for some other reason, the buyer will be informed of this as soon as possible and the money paid will be returned (including when the goods are delivered<\/span><span style=\"font-weight: 400;\">ud) immediately, but no later than within 14 days of sending the notice.<\/span><\/p>\n<p><span style=\"font-family: Graphik, -apple-system, BlinkMacSystemFont,;\">Delivery<\/span><\/p>\n<p><span style=\"font-weight: 400;\">3.1 Goods are sent across Europe.<\/span><\/p>\n<p><span style=\"font-weight: 400;\">3.1.1 Delivery methods: parcel machine, courier, post office.<\/span><\/p>\n<p><span style=\"font-weight: 400;\">3.1.2&nbsp;<\/span><span style=\"font-weight: 400;\">To receive the goods, the buyer has the following options: Omniva, Smartpost and I will pick it up myself.<\/span><\/p>\n<p><span style=\"font-weight: 400;\">3.2 The shipping costs of the goods are borne by the buyer, and the corresponding price information is displayed next to the shipping method.<\/span><\/p>\n<p><span style=\"font-weight: 400;\">3.3 Shipments within Estonia generally arrive at the destination specified by the buyer within 3-7 working days from the entry into force of the sales contract. Delivery outside Estonia takes place within 14 calendar days.<\/span><\/p>\n<p><span style=\"font-weight: 400;\">3.4 In exceptional cases, you have the right to deliver the goods within 45 calendar days.<\/span><\/p>\n<p><span style=\"font-weight: 400;\">3.5 During the promotional period, the delivery time may be extended.<\/span><\/p>\n<p><span style=\"font-family: Graphik, -apple-system, BlinkMacSystemFont,;\">Right of withdrawal<\/span><\/p>\n<p><span style=\"font-weight: 400;\">4.1 After receiving the order, the buyer has the right to withdraw from the contract concluded in the e-shop within 14 days&nbsp;&nbsp;<\/span><\/p>\n<p><span style=\"font-weight: 400;\">4.2 The right of withdrawal does not apply if the buyer is a legal entity.<\/span><\/p>\n<p><span style=\"font-weight: 400;\">4.3 In order to use the 14-day right of return, the ordered goods may not be used in any other way than is necessary to make sure of the nature, characteristics and functioning of the goods in a way that is allowed for testing the goods in a physical store. The returned product must be in the original packaging and with tags.<\/span><\/p>\n<p><span style=\"font-weight: 400;\">4.4 If the goods have been used for purposes other than what is necessary to verify the nature, characteristics and functioning of the goods, or if they show signs of use or wear, the Online Store has the right to reduce the refundable fee according to the decrease in the value of the goods.<\/span><\/p>\n<p><span style=\"font-weight: 400;\">4.5 In order to return the goods, a statement of withdrawal from the purchase of the goods must be submitted within 14 days of receiving the goods at the latest.<\/span><\/p>\n<p><span style=\"font-weight: 400;\">4.6 The costs of returning the goods are borne by the buyer, unless the reason for the return lies in the fact that the item to be returned does not correspond to what was ordered (e.g. a wrong or defective item).<\/span><\/p>\n<p><span style=\"font-weight: 400;\">4.7 The buyer must return the goods within 14 days following the submission of the application or provide proof that he has handed over the goods to the carrier of the goods within the aforementioned period.<\/span><\/p>\n<p><span style=\"font-weight: 400;\">4.8 Upon receipt of the returned goods, the online store shall return to the buyer immediately, but no later than 14 days after receiving the withdrawal, all fees received from the buyer under the contract.<\/span><\/p>\n<p><span style=\"font-weight: 400;\">4.9 The online store may refuse to make refunds until it has received the item that is the subject of the contract or until the buyer has provided evidence that he has returned the item, whichever occurs first.<\/span><\/p>\n<p><span style=\"font-weight: 400;\">4.10 If the buyer has explicitly chosen a delivery method other than the cheapest usual delivery method offered by the Online Store, the Online Store does not have to refund the cost to the consumer that exceeds the cost associated with the usual delivery method.<\/span><\/p>\n<p><span style=\"font-weight: 400;\">4.11 The online store has the right to withdraw from the sales transaction and demand the goods back from the buyer, if the price of the goods in the online store is marked significantly below the market price of the goods due to an error.<\/span><\/p>\n<p><span style=\"font-family: Graphik, -apple-system, BlinkMacSystemFont,;\">The right to file a claim<\/span><\/p>\n<p><span style=\"font-weight: 400;\">5.1 The online store is responsible for the non-compliance of the goods sold to the buyer with the contract conditions or a defect that already existed at the time of handing over the item and that appears within two years from the handing over of the goods to the buyer. within the first six months from the delivery of the item to the buyer, it is assumed that the defect was already present at the time of delivery of the item. It is the Webshop&#039;s responsibility to refute the corresponding assumption.<\/span><\/p>\n<p><span style=\"font-weight: 400;\">5.2 In the event of a defect, the buyer has the right to contact the online store within two months by sending an e-mail to info@minimalist.ee&nbsp;<\/span><\/p>\n<p><span style=\"font-weight: 400;\">5.3 The online store is not responsible for defects that have occurred after the goods have been handed over to the buyer.<\/span><\/p>\n<p><span style=\"font-weight: 400;\">5.4 If the goods purchased from the Online Store have defects for which the Online Store is responsible, the Online Store will repair or replace the defective goods. If it is not possible to repair or replace the goods, the Webshop will return all fees associated with the sales contract to the buyer.<\/span><\/p>\n<p><span style=\"font-weight: 400;\">5.5 The online store responds to the consumer&#039;s complaint in writing or in a form that enables written reproduction within 15 days.<\/span><\/p>\n<p><span style=\"font-family: Graphik, -apple-system, BlinkMacSystemFont,;\">Direct marketing and personal data processing<\/span><\/p>\n<p><span style=\"font-weight: 400;\">6.1 The online store uses the personal data entered by the buyer (including name, phone number, address, e-mail address, bank details) only to process the order and send the goods to the buyer.&nbsp;<\/span><\/p>\n<p><span style=\"font-weight: 400;\">6.1.1. The online store transmits personal data to companies providing transport services in order to deliver goods.<\/span><\/p>\n<p><span style=\"font-weight: 400;\">6.1.2. The online store transmits personal data to the payment intermediary company in order to pay for the goods.<\/span><\/p>\n<p><span style=\"font-weight: 400;\">6.2 The online store sends newsletters and offers to the buyer&#039;s e-mail address only if the buyer has expressed his wish to do so by entering an e-mail address on the website and has indicated his wish to receive direct mail notifications.<\/span><\/p>\n<p><span style=\"font-weight: 400;\">6.3 The buyer can opt out of offers and newsletters sent to e-mail at any time by notifying us by e-mail or by following the instructions in the e-mail containing the offers.<\/span><\/p>\n<p><span style=\"font-family: Graphik, -apple-system, BlinkMacSystemFont,;\">Solving arguments<\/span><\/p>\n<p><span style=\"font-weight: 400;\">7.1 If the buyer has complaints about the Online Store, they must be sent to the e-mail address <\/span><span style=\"font-weight: 400;\">info@minimalist.ee<\/span><span style=\"font-weight: 400;\">&nbsp;<\/span><\/p>\n<p><span style=\"font-weight: 400;\">7.2 If the buyer and the Online Store cannot resolve the dispute by agreement, the buyer can appeal to the Consumer Disputes Committee. The competence of the Consumer Disputes Committee is to resolve disputes arising from the contract concluded between the buyer and the Online Store.&nbsp;<\/span><\/p>\n<p><span style=\"font-weight: 400;\">The buyer can turn to the platform for resolving consumer disputes of the European Union.<\/span><\/p>\n<p><\/p>\n<p><!-- \/wp:paragraph --><\/p>\t\t\t\t\t\t<\/div>\n\t\t\t\t<\/div>\n\t\t\t\t<div class=\"elementor-element elementor-element-02d16d9 elementor-widget elementor-widget-spacer\" data-id=\"02d16d9\" data-element_type=\"widget\" data-widget_type=\"spacer.default\">\n\t\t\t\t<div class=\"elementor-widget-container\">\n\t\t\t\t\t<div class=\"elementor-spacer\">\n\t\t\t<div class=\"elementor-spacer-inner\"><\/div>\n\t\t<\/div>\n\t\t\t\t<\/div>\n\t\t\t\t<\/div>\n\t\t\t\t\t<\/div>\n\t\t<\/div>\n\t\t\t\t\t<\/div>\n\t\t<\/section>\n\t\t\t\t<section class=\"elementor-section elementor-top-section elementor-element elementor-element-a5ffb26 elementor-section-boxed elementor-section-height-default elementor-section-height-default\" data-id=\"a5ffb26\" data-element_type=\"section\">\n\t\t\t\t\t\t<div class=\"elementor-container elementor-column-gap-default\">\n\t\t\t\t\t<div class=\"elementor-column elementor-col-100 elementor-top-column elementor-element elementor-element-c07f5ca\" data-id=\"c07f5ca\" data-element_type=\"column\">\n\t\t\t<div class=\"elementor-widget-wrap elementor-element-populated\">\n\t\t\t\t\t\t<div class=\"elementor-element elementor-element-6952c61 elementor-widget elementor-widget-spacer\" data-id=\"6952c61\" data-element_type=\"widget\" data-widget_type=\"spacer.default\">\n\t\t\t\t<div class=\"elementor-widget-container\">\n\t\t\t\t\t<div class=\"elementor-spacer\">\n\t\t\t<div class=\"elementor-spacer-inner\"><\/div>\n\t\t<\/div>\n\t\t\t\t<\/div>\n\t\t\t\t<\/div>\n\t\t\t\t\t<\/div>\n\t\t<\/div>\n\t\t\t\t\t<\/div>\n\t\t<\/section>\n\t\t\t\t<\/div>","protected":false},"excerpt":{"rendered":"<p>M\u00dc\u00dcGITINGIMUSED &nbsp;Veebipoe Minimalist.ee (edaspidi Veebipood) omanik on Minimalist Shoes OU\u0308 (reg. 14937093), asukohaga Tallinn, S\u00e4rje 26. Mu\u0308u\u0308gilepingu kehtivus, kauba- ja hinnainfo 1.1 Mu\u0308u\u0308gitingimused kehtivad Veebipoest kaupade ostmisel. 1.2 Veebipoes mu\u0308u\u0308davate toodete hinnad on ma\u0308rgitud toodete juurde. Hinnale lisandub tasu kauba ka\u0308ttetoimetamise eest. Ko\u0303ik veebipoes mu\u0308u\u0308davate kaupade hinnad on eurodes. 1.3 Kauba ka\u0308ttetoimetamise tasu so\u0303ltub ostja&hellip;&nbsp;<a href=\"https:\/\/minimalist.ee\/en\/muugitingimused\/\" class=\"\" rel=\"bookmark\">Read More &raquo;<span class=\"screen-reader-text\">Terms of sale<\/span><\/a><\/p>","protected":false},"author":1,"featured_media":0,"parent":0,"menu_order":0,"comment_status":"closed","ping_status":"closed","template":"","meta":{"_monsterinsights_skip_tracking":false,"_monsterinsights_sitenote_active":false,"_monsterinsights_sitenote_note":"","_monsterinsights_sitenote_category":0,"neve_meta_sidebar":"full-width","neve_meta_container":"","neve_meta_enable_content_width":"on","neve_meta_content_width":100,"neve_meta_title_alignment":"","neve_meta_author_avatar":"","neve_post_elements_order":"","neve_meta_disable_header":"","neve_meta_disable_footer":"","neve_meta_disable_title":"","footnotes":""},"folder":[],"yoast_head":"<!-- This site is optimized with the Yoast SEO plugin v22.4 - https:\/\/yoast.com\/wordpress\/plugins\/seo\/ -->\n<title>M\u00fc\u00fcgitingimused - Minimalist.ee<\/title>\n<meta name=\"description\" content=\"Barefoot jalatsid lastele, barefoot jalatsid t\u00e4iskasvanutele, minimalistlike jalatsite pood lastele ja t\u00e4iskasvanutele\" \/>\n<meta name=\"robots\" content=\"index, follow, max-snippet:-1, max-image-preview:large, max-video-preview:-1\" \/>\n<link rel=\"canonical\" href=\"https:\/\/minimalist.ee\/en\/muugitingimused\/\" \/>\n<meta property=\"og:locale\" content=\"en_US\" \/>\n<meta property=\"og:type\" content=\"article\" \/>\n<meta property=\"og:title\" content=\"M\u00fc\u00fcgitingimused - Minimalist.ee\" \/>\n<meta property=\"og:description\" content=\"Barefoot jalatsid lastele, barefoot jalatsid t\u00e4iskasvanutele, minimalistlike jalatsite pood lastele ja t\u00e4iskasvanutele\" \/>\n<meta property=\"og:url\" content=\"https:\/\/minimalist.ee\/en\/muugitingimused\/\" \/>\n<meta property=\"og:site_name\" content=\"Minimalist.ee\" \/>\n<meta property=\"article:publisher\" content=\"https:\/\/www.facebook.com\/www.minimalist.ee\" \/>\n<meta property=\"article:modified_time\" content=\"2021-06-14T10:05:49+00:00\" \/>\n<meta property=\"og:image\" content=\"https:\/\/minimalist.ee\/wp-content\/uploads\/2020\/10\/Original.png\" \/>\n\t<meta property=\"og:image:width\" content=\"2048\" \/>\n\t<meta property=\"og:image:height\" content=\"2000\" \/>\n\t<meta property=\"og:image:type\" content=\"image\/png\" \/>\n<meta name=\"twitter:card\" content=\"summary_large_image\" \/>\n<meta name=\"twitter:label1\" content=\"Est. reading time\" \/>\n\t<meta name=\"twitter:data1\" content=\"5 minutes\" \/>\n<script type=\"application\/ld+json\" class=\"yoast-schema-graph\">{\"@context\":\"https:\/\/schema.org\",\"@graph\":[{\"@type\":\"WebPage\",\"@id\":\"https:\/\/minimalist.ee\/en\/muugitingimused\/\",\"url\":\"https:\/\/minimalist.ee\/en\/muugitingimused\/\",\"name\":\"M\u00fc\u00fcgitingimused - Minimalist.ee\",\"isPartOf\":{\"@id\":\"https:\/\/minimalist.ee\/#website\"},\"datePublished\":\"2020-06-15T08:07:58+00:00\",\"dateModified\":\"2021-06-14T10:05:49+00:00\",\"description\":\"Barefoot jalatsid lastele, barefoot jalatsid t\u00e4iskasvanutele, minimalistlike jalatsite pood lastele ja t\u00e4iskasvanutele\",\"breadcrumb\":{\"@id\":\"https:\/\/minimalist.ee\/en\/muugitingimused\/#breadcrumb\"},\"inLanguage\":\"en-US\",\"potentialAction\":[{\"@type\":\"ReadAction\",\"target\":[\"https:\/\/minimalist.ee\/en\/muugitingimused\/\"]}]},{\"@type\":\"BreadcrumbList\",\"@id\":\"https:\/\/minimalist.ee\/en\/muugitingimused\/#breadcrumb\",\"itemListElement\":[{\"@type\":\"ListItem\",\"position\":1,\"name\":\"Home\",\"item\":\"https:\/\/minimalist.ee\/\"},{\"@type\":\"ListItem\",\"position\":2,\"name\":\"M\u00fc\u00fcgitingimused\"}]},{\"@type\":\"WebSite\",\"@id\":\"https:\/\/minimalist.ee\/#website\",\"url\":\"https:\/\/minimalist.ee\/\",\"name\":\"Minimalist.ee\",\"description\":\"Barefoot jalatsid\",\"publisher\":{\"@id\":\"https:\/\/minimalist.ee\/#organization\"},\"potentialAction\":[{\"@type\":\"SearchAction\",\"target\":{\"@type\":\"EntryPoint\",\"urlTemplate\":\"https:\/\/minimalist.ee\/?s={search_term_string}\"},\"query-input\":\"required name=search_term_string\"}],\"inLanguage\":\"en-US\"},{\"@type\":\"Organization\",\"@id\":\"https:\/\/minimalist.ee\/#organization\",\"name\":\"Minimalist Shoes O\u00dc\",\"url\":\"https:\/\/minimalist.ee\/\",\"logo\":{\"@type\":\"ImageObject\",\"inLanguage\":\"en-US\",\"@id\":\"https:\/\/minimalist.ee\/#\/schema\/logo\/image\/\",\"url\":\"https:\/\/minimalist.ee\/wp-content\/uploads\/2020\/10\/Original.png\",\"contentUrl\":\"https:\/\/minimalist.ee\/wp-content\/uploads\/2020\/10\/Original.png\",\"width\":2048,\"height\":2000,\"caption\":\"Minimalist Shoes O\u00dc\"},\"image\":{\"@id\":\"https:\/\/minimalist.ee\/#\/schema\/logo\/image\/\"},\"sameAs\":[\"https:\/\/www.facebook.com\/www.minimalist.ee\",\"https:\/\/www.instagram.com\/minimalistshoesest\/\"]}]}<\/script>\n<!-- \/ Yoast SEO plugin. -->","yoast_head_json":{"title":"M\u00fc\u00fcgitingimused - Minimalist.ee","description":"Barefoot jalatsid lastele, barefoot jalatsid t\u00e4iskasvanutele, minimalistlike jalatsite pood lastele ja t\u00e4iskasvanutele","robots":{"index":"index","follow":"follow","max-snippet":"max-snippet:-1","max-image-preview":"max-image-preview:large","max-video-preview":"max-video-preview:-1"},"canonical":"https:\/\/minimalist.ee\/en\/muugitingimused\/","og_locale":"en_US","og_type":"article","og_title":"M\u00fc\u00fcgitingimused - Minimalist.ee","og_description":"Barefoot jalatsid lastele, barefoot jalatsid t\u00e4iskasvanutele, minimalistlike jalatsite pood lastele ja t\u00e4iskasvanutele","og_url":"https:\/\/minimalist.ee\/en\/muugitingimused\/","og_site_name":"Minimalist.ee","article_publisher":"https:\/\/www.facebook.com\/www.minimalist.ee","article_modified_time":"2021-06-14T10:05:49+00:00","og_image":[{"width":2048,"height":2000,"url":"https:\/\/minimalist.ee\/wp-content\/uploads\/2020\/10\/Original.png","type":"image\/png"}],"twitter_card":"summary_large_image","twitter_misc":{"Est. reading time":"5 minutes"},"schema":{"@context":"https:\/\/schema.org","@graph":[{"@type":"WebPage","@id":"https:\/\/minimalist.ee\/en\/muugitingimused\/","url":"https:\/\/minimalist.ee\/en\/muugitingimused\/","name":"M\u00fc\u00fcgitingimused - Minimalist.ee","isPartOf":{"@id":"https:\/\/minimalist.ee\/#website"},"datePublished":"2020-06-15T08:07:58+00:00","dateModified":"2021-06-14T10:05:49+00:00","description":"Barefoot jalatsid lastele, barefoot jalatsid t\u00e4iskasvanutele, minimalistlike jalatsite pood lastele ja t\u00e4iskasvanutele","breadcrumb":{"@id":"https:\/\/minimalist.ee\/en\/muugitingimused\/#breadcrumb"},"inLanguage":"en-US","potentialAction":[{"@type":"ReadAction","target":["https:\/\/minimalist.ee\/en\/muugitingimused\/"]}]},{"@type":"BreadcrumbList","@id":"https:\/\/minimalist.ee\/en\/muugitingimused\/#breadcrumb","itemListElement":[{"@type":"ListItem","position":1,"name":"Home","item":"https:\/\/minimalist.ee\/"},{"@type":"ListItem","position":2,"name":"M\u00fc\u00fcgitingimused"}]},{"@type":"WebSite","@id":"https:\/\/minimalist.ee\/#website","url":"https:\/\/minimalist.ee\/","name":"Minimalist.ee","description":"Barefoot jalatsid","publisher":{"@id":"https:\/\/minimalist.ee\/#organization"},"potentialAction":[{"@type":"SearchAction","target":{"@type":"EntryPoint","urlTemplate":"https:\/\/minimalist.ee\/?s={search_term_string}"},"query-input":"required name=search_term_string"}],"inLanguage":"en-US"},{"@type":"Organization","@id":"https:\/\/minimalist.ee\/#organization","name":"Minimalist Shoes O\u00dc","url":"https:\/\/minimalist.ee\/","logo":{"@type":"ImageObject","inLanguage":"en-US","@id":"https:\/\/minimalist.ee\/#\/schema\/logo\/image\/","url":"https:\/\/minimalist.ee\/wp-content\/uploads\/2020\/10\/Original.png","contentUrl":"https:\/\/minimalist.ee\/wp-content\/uploads\/2020\/10\/Original.png","width":2048,"height":2000,"caption":"Minimalist Shoes O\u00dc"},"image":{"@id":"https:\/\/minimalist.ee\/#\/schema\/logo\/image\/"},"sameAs":["https:\/\/www.facebook.com\/www.minimalist.ee","https:\/\/www.instagram.com\/minimalistshoesest\/"]}]}},"jetpack_sharing_enabled":true,"_links":{"self":[{"href":"https:\/\/minimalist.ee\/en\/wp-json\/wp\/v2\/pages\/240"}],"collection":[{"href":"https:\/\/minimalist.ee\/en\/wp-json\/wp\/v2\/pages"}],"about":[{"href":"https:\/\/minimalist.ee\/en\/wp-json\/wp\/v2\/types\/page"}],"author":[{"embeddable":true,"href":"https:\/\/minimalist.ee\/en\/wp-json\/wp\/v2\/users\/1"}],"replies":[{"embeddable":true,"href":"https:\/\/minimalist.ee\/en\/wp-json\/wp\/v2\/comments?post=240"}],"version-history":[{"count":5,"href":"https:\/\/minimalist.ee\/en\/wp-json\/wp\/v2\/pages\/240\/revisions"}],"predecessor-version":[{"id":6908,"href":"https:\/\/minimalist.ee\/en\/wp-json\/wp\/v2\/pages\/240\/revisions\/6908"}],"wp:attachment":[{"href":"https:\/\/minimalist.ee\/en\/wp-json\/wp\/v2\/media?parent=240"}],"wp:term":[{"taxonomy":"folder","embeddable":true,"href":"https:\/\/minimalist.ee\/en\/wp-json\/wp\/v2\/folder?post=240"}],"curies":[{"name":"wp","href":"https:\/\/api.w.org\/{rel}","templated":true}]}}